{"id":49,"date":"2015-03-13T08:47:05","date_gmt":"2015-03-13T08:47:05","guid":{"rendered":"http:\/\/blogsaverroes.juntadeandalucia.es\/pre\/ceip\/?page_id=49"},"modified":"2025-11-28T12:53:38","modified_gmt":"2025-11-28T12:53:38","slug":"proyecto-educativo","status":"publish","type":"page","link":"https:\/\/blogsaverroes.juntadeandalucia.es\/ceipblasinfanteps\/proyecto-educativo\/","title":{"rendered":"DOCUMENTOS DEL PLAN DE CENTRO"},"content":{"rendered":"<p>Un centro se define en gran medida por su <em><span style=\"color: #ff0000\"><strong>Proyecto Educativo<\/strong><\/span><\/em>. En \u00e9l se plasma el modelo educativo y la concreci\u00f3n de la normativa que un centro realiza respecto a las ense\u00f1anzas que imparte. Aspectos tales como las finales educativas, objetivos, atenci\u00f3n a la diversidad, etc.<\/p>\n<p>Que la web de un centro informe de los documentos que conforman su Plan de Centro y otros Planes, es una apuesta clara por la <em><span style=\"color: #00ff00\"><strong>transparencia<\/strong><\/span><\/em>.<\/p>\n<figure id=\"attachment_5157\" aria-describedby=\"caption-attachment-5157\" style=\"width: 155px\" class=\"wp-caption aligncenter\"><a href=\"https:\/\/drive.google.com\/file\/d\/1U_Ok3sR6beQpeFP5DkzYsXOHt33zo0Om\/view?usp=sharing\" target=\"_blank\" rel=\"https:\/\/drive.google.com\/file\/d\/1U_Ok3sR6beQpeFP5DkzYsXOHt33zo0Om\/view?usp=sharing noopener\"><img decoding=\"async\" class=\"wp-image-5157\" src=\"https:\/\/blogsaverroes.juntadeandalucia.es\/ceipblasinfanteps\/files\/2025\/11\/Gif-P.E.C.jpg\" alt=\"\" width=\"155\" height=\"115\" srcset=\"https:\/\/blogsaverroes.juntadeandalucia.es\/ceipblasinfanteps\/files\/2025\/11\/Gif-P.E.C.jpg 933w, https:\/\/blogsaverroes.juntadeandalucia.es\/ceipblasinfanteps\/files\/2025\/11\/Gif-P.E.C-300x222.jpg 300w, https:\/\/blogsaverroes.juntadeandalucia.es\/ceipblasinfanteps\/files\/2025\/11\/Gif-P.E.C-768x567.jpg 768w\" sizes=\"(max-width: 155px) 100vw, 155px\" \/><\/a><figcaption id=\"caption-attachment-5157\" class=\"wp-caption-text\">PROYECTO EDUCATIVO DE CENTRO<\/figcaption><\/figure>\n<figure id=\"attachment_1662\" aria-describedby=\"caption-attachment-1662\" style=\"width: 155px\" class=\"wp-caption alignright\"><a href=\"https:\/\/drive.google.com\/file\/d\/12gCOJPF8yQzJyJ9JnAchr6cUuLtCRfOh\/view?usp=sharing\"><img decoding=\"async\" class=\"wp-image-1662\" src=\"https:\/\/blogsaverroes.juntadeandalucia.es\/ceipblasinfanteps\/files\/2015\/03\/proyecto-300x266.png\" alt=\"\" width=\"155\" height=\"138\" srcset=\"https:\/\/blogsaverroes.juntadeandalucia.es\/ceipblasinfanteps\/files\/2015\/03\/proyecto-300x266.png 300w, https:\/\/blogsaverroes.juntadeandalucia.es\/ceipblasinfanteps\/files\/2015\/03\/proyecto-332x295.png 332w, https:\/\/blogsaverroes.juntadeandalucia.es\/ceipblasinfanteps\/files\/2015\/03\/proyecto.png 640w\" sizes=\"(max-width: 155px) 100vw, 155px\" \/><\/a><figcaption id=\"caption-attachment-1662\" class=\"wp-caption-text\">ROF<\/figcaption><\/figure>\n<p>Dentro de la autonom\u00eda pedag\u00f3gica y organizativa que nos permite la ley de educaci\u00f3n debemos concretar, para que forme parte de nuestro Plan de Centro, la normativa de funcionamiento de las diferentes estructuras de la Comunidad, los recursos humanos y materiales de manera que nos indique:<br \/>\n&nbsp; &nbsp; &nbsp; &nbsp; &nbsp; &nbsp; &nbsp;&#8211; C\u00f3mo organizar mejor el trabajo y la coordinaci\u00f3n entre las estructuras organizativas del&nbsp; Centro para una mayor eficacia en su labor.<br \/>\n&nbsp; &nbsp; &nbsp; &nbsp; &nbsp; &nbsp; &nbsp;&#8211; C\u00f3mo articular mejor una participaci\u00f3n real de todos los elementos de la Comunidad en la vida del centro.<br \/>\nPara ello, elaboramos el <strong><em><span style=\"color: #ff0000\">Reglamento de Organizaci\u00f3n y Funcionamiento (ROF)<\/span><\/em><\/strong>, es decir, el instrumento que debe facilitar la consecuci\u00f3n del clima organizativo y funcional adecuado para alcanzar el desarrollo del Proyecto Educativo.<\/p>\n<p>&nbsp;<\/p>\n<figure id=\"attachment_3218\" aria-describedby=\"caption-attachment-3218\" style=\"width: 132px\" class=\"wp-caption alignleft\"><a href=\"https:\/\/drive.google.com\/file\/d\/15r8rw2e5vc_rXsXPyMZF7IQbtrDeK0YG\/view?usp=sharing\"><img decoding=\"async\" class=\"wp-image-3218\" src=\"https:\/\/blogsaverroes.juntadeandalucia.es\/ceipblasinfanteps\/files\/2020\/11\/P.-G.-Econ\u00f3mica.png\" alt=\"\" width=\"132\" height=\"132\" srcset=\"https:\/\/blogsaverroes.juntadeandalucia.es\/ceipblasinfanteps\/files\/2020\/11\/P.-G.-Econ\u00f3mica.png 256w, https:\/\/blogsaverroes.juntadeandalucia.es\/ceipblasinfanteps\/files\/2020\/11\/P.-G.-Econ\u00f3mica-150x150.png 150w, https:\/\/blogsaverroes.juntadeandalucia.es\/ceipblasinfanteps\/files\/2020\/11\/P.-G.-Econ\u00f3mica-100x100.png 100w, https:\/\/blogsaverroes.juntadeandalucia.es\/ceipblasinfanteps\/files\/2020\/11\/P.-G.-Econ\u00f3mica-24x24.png 24w, https:\/\/blogsaverroes.juntadeandalucia.es\/ceipblasinfanteps\/files\/2020\/11\/P.-G.-Econ\u00f3mica-36x36.png 36w, https:\/\/blogsaverroes.juntadeandalucia.es\/ceipblasinfanteps\/files\/2020\/11\/P.-G.-Econ\u00f3mica-48x48.png 48w\" sizes=\"(max-width: 132px) 100vw, 132px\" \/><\/a><figcaption id=\"caption-attachment-3218\" class=\"wp-caption-text\">P. DE GESTI\u00d3N<\/figcaption><\/figure>\n<p>&nbsp;<\/p>\n<p>El&nbsp;<em><span style=\"color: #ff0000\"><b>Proyecto de Gesti\u00f3n<\/b><\/span><\/em>, como parte del Plan de Centro, es el instrumento que debe establecer los criterios a seguir en las decisiones relativas a la&nbsp;<b>gesti\u00f3n<\/b>&nbsp;de los recursos humanos, materiales y econ\u00f3micos del Centro, favoreciendo el uso responsable de los mismos.<\/p>\n<p>&nbsp;<\/p>\n<p>&nbsp;<\/p>\n<p>En el presente curso tambi\u00e9n se a\u00f1ade al Plan de Centro el <em><strong><span style=\"color: #008000\">PLAN COVID-19<\/span>, <\/strong><\/em>cuya finalidad es ofrecer un entorno lo m\u00e1s seguro posible para que los procesos de ense\u00f1anza-aprendizaje se realicen con la mayor \u00abnormalidad\u00bb posible.<\/p>\n<figure id=\"attachment_3219\" aria-describedby=\"caption-attachment-3219\" style=\"width: 143px\" class=\"wp-caption aligncenter\"><a href=\"https:\/\/drive.google.com\/file\/d\/1Ahbuo1B6BE8vaJs6svKlSp4hxiOQg4c3\/view?usp=share_link\"><img loading=\"lazy\" decoding=\"async\" class=\"wp-image-3219\" src=\"https:\/\/blogsaverroes.juntadeandalucia.es\/ceipblasinfanteps\/files\/2020\/11\/Plan-COVID-19.png\" alt=\"\" width=\"143\" height=\"143\" srcset=\"https:\/\/blogsaverroes.juntadeandalucia.es\/ceipblasinfanteps\/files\/2020\/11\/Plan-COVID-19.png 256w, https:\/\/blogsaverroes.juntadeandalucia.es\/ceipblasinfanteps\/files\/2020\/11\/Plan-COVID-19-150x150.png 150w, https:\/\/blogsaverroes.juntadeandalucia.es\/ceipblasinfanteps\/files\/2020\/11\/Plan-COVID-19-100x100.png 100w, https:\/\/blogsaverroes.juntadeandalucia.es\/ceipblasinfanteps\/files\/2020\/11\/Plan-COVID-19-24x24.png 24w, https:\/\/blogsaverroes.juntadeandalucia.es\/ceipblasinfanteps\/files\/2020\/11\/Plan-COVID-19-36x36.png 36w, https:\/\/blogsaverroes.juntadeandalucia.es\/ceipblasinfanteps\/files\/2020\/11\/Plan-COVID-19-48x48.png 48w\" sizes=\"(max-width: 143px) 100vw, 143px\" \/><\/a><figcaption id=\"caption-attachment-3219\" class=\"wp-caption-text\">PLAN COVID-19<\/figcaption><\/figure>\n<p>Por \u00faltimo se incluyen las <span style=\"color: #ff9900\"><strong><em>PROPUESTAS PEDAG\u00d3GICAS<\/em><\/strong><\/span> de Educaci\u00f3n Infantil y las <em><strong><span style=\"color: #3366ff\">PROGRAMACIONES DID\u00c1CTICAS<\/span><\/strong><\/em> de los tres Ciclos de la Educaci\u00f3n Primaria.<\/p>\n<table style=\"border-collapse: collapse;width: 72.7273%;height: 164px\">\n<tbody>\n<tr style=\"height: 164px\">\n<td style=\"width: 22.4057%;height: 164px\">\n<div class=\"mceTemp\">&nbsp;<\/div>\n<p><a href=\"https:\/\/drive.google.com\/file\/d\/185a4MCRh99KrPOCZk-2NhB_9k_VJ5tws\/view?usp=sharing\">P. PEDAG\u00d3GICAS<img loading=\"lazy\" decoding=\"async\" class=\"wp-image-3231\" src=\"https:\/\/blogsaverroes.juntadeandalucia.es\/ceipblasinfanteps\/files\/2020\/11\/P.-Pedag\u00f3gicas.png\" alt=\"\" width=\"126\" height=\"126\" srcset=\"https:\/\/blogsaverroes.juntadeandalucia.es\/ceipblasinfanteps\/files\/2020\/11\/P.-Pedag\u00f3gicas.png 256w, https:\/\/blogsaverroes.juntadeandalucia.es\/ceipblasinfanteps\/files\/2020\/11\/P.-Pedag\u00f3gicas-150x150.png 150w, https:\/\/blogsaverroes.juntadeandalucia.es\/ceipblasinfanteps\/files\/2020\/11\/P.-Pedag\u00f3gicas-100x100.png 100w, https:\/\/blogsaverroes.juntadeandalucia.es\/ceipblasinfanteps\/files\/2020\/11\/P.-Pedag\u00f3gicas-24x24.png 24w, https:\/\/blogsaverroes.juntadeandalucia.es\/ceipblasinfanteps\/files\/2020\/11\/P.-Pedag\u00f3gicas-36x36.png 36w, https:\/\/blogsaverroes.juntadeandalucia.es\/ceipblasinfanteps\/files\/2020\/11\/P.-Pedag\u00f3gicas-48x48.png 48w\" sizes=\"(max-width: 126px) 100vw, 126px\" \/><\/a><\/td>\n<td style=\"width: 22.5722%;height: 164px\">\n<div class=\"mceTemp\">&nbsp;<\/div>\n<\/td>\n<td style=\"width: 38.9292%;height: 164px\">\n<div class=\"mceTemp\"><a href=\"https:\/\/drive.google.com\/file\/d\/185a4MCRh99KrPOCZk-2NhB_9k_VJ5tws\/view?usp=sharing\">PROGRAMACIONES E. PRIMARIA<img loading=\"lazy\" decoding=\"async\" class=\"wp-image-3229 aligncenter\" src=\"https:\/\/blogsaverroes.juntadeandalucia.es\/ceipblasinfanteps\/files\/2020\/11\/1\u00ba-Ciclo.png\" alt=\"\" width=\"109\" height=\"109\" srcset=\"https:\/\/blogsaverroes.juntadeandalucia.es\/ceipblasinfanteps\/files\/2020\/11\/1\u00ba-Ciclo.png 128w, https:\/\/blogsaverroes.juntadeandalucia.es\/ceipblasinfanteps\/files\/2020\/11\/1\u00ba-Ciclo-100x100.png 100w, https:\/\/blogsaverroes.juntadeandalucia.es\/ceipblasinfanteps\/files\/2020\/11\/1\u00ba-Ciclo-24x24.png 24w, https:\/\/blogsaverroes.juntadeandalucia.es\/ceipblasinfanteps\/files\/2020\/11\/1\u00ba-Ciclo-36x36.png 36w, https:\/\/blogsaverroes.juntadeandalucia.es\/ceipblasinfanteps\/files\/2020\/11\/1\u00ba-Ciclo-48x48.png 48w\" sizes=\"(max-width: 109px) 100vw, 109px\" \/><\/a><\/div>\n<\/td>\n<\/tr>\n<\/tbody>\n<\/table>\n","protected":false},"excerpt":{"rendered":"<p>Un centro se define en gran medida por su Proyecto Educativo. En \u00e9l se plasma el modelo educativo y la concreci\u00f3n de la normativa que un centro realiza respecto a las ense\u00f1anzas que imparte. Aspectos tales como las finales educativas, objetivos, atenci\u00f3n a la diversidad, etc. Que la web de un centro informe de los [&hellip;]<\/p>\n","protected":false},"author":1,"featured_media":0,"parent":0,"menu_order":0,"comment_status":"closed","ping_status":"open","template":"","meta":{"ngg_post_thumbnail":0,"footnotes":"","_mc_calendar":[]},"aioseo_notices":[],"post_mailing_queue_ids":[],"_links":{"self":[{"href":"https:\/\/blogsaverroes.juntadeandalucia.es\/ceipblasinfanteps\/wp-json\/wp\/v2\/pages\/49"}],"collection":[{"href":"https:\/\/blogsaverroes.juntadeandalucia.es\/ceipblasinfanteps\/wp-json\/wp\/v2\/pages"}],"about":[{"href":"https:\/\/blogsaverroes.juntadeandalucia.es\/ceipblasinfanteps\/wp-json\/wp\/v2\/types\/page"}],"author":[{"embeddable":true,"href":"https:\/\/blogsaverroes.juntadeandalucia.es\/ceipblasinfanteps\/wp-json\/wp\/v2\/users\/1"}],"replies":[{"embeddable":true,"href":"https:\/\/blogsaverroes.juntadeandalucia.es\/ceipblasinfanteps\/wp-json\/wp\/v2\/comments?post=49"}],"version-history":[{"count":44,"href":"https:\/\/blogsaverroes.juntadeandalucia.es\/ceipblasinfanteps\/wp-json\/wp\/v2\/pages\/49\/revisions"}],"predecessor-version":[{"id":5165,"href":"https:\/\/blogsaverroes.juntadeandalucia.es\/ceipblasinfanteps\/wp-json\/wp\/v2\/pages\/49\/revisions\/5165"}],"wp:attachment":[{"href":"https:\/\/blogsaverroes.juntadeandalucia.es\/ceipblasinfanteps\/wp-json\/wp\/v2\/media?parent=49"}],"curies":[{"name":"wp","href":"https:\/\/api.w.org\/{rel}","templated":true}]}}