{"id":200,"date":"2015-03-17T10:04:24","date_gmt":"2015-03-17T10:04:24","guid":{"rendered":"http:\/\/blogsaverroes.juntadeandalucia.es\/pre\/ceip\/?page_id=200"},"modified":"2017-10-28T06:52:57","modified_gmt":"2017-10-28T05:52:57","slug":"quienes-formamos-el-ampa","status":"publish","type":"page","link":"https:\/\/blogsaverroes.juntadeandalucia.es\/ceipborbolla\/quienes-formamos-el-ampa\/","title":{"rendered":"\u00bfQuienes formamos el AMPA?"},"content":{"rendered":"<p>Encontrar\u00e1s toda la informaci\u00f3n sobre la\u00a0<strong> Asociaci\u00f3n de Madres y Padres Oriente<\/strong> en la p\u00e1gina de Facebook:<a href=\"https:\/\/www.facebook.com\/ampaoriente\" target=\"_blank\"> https:\/\/www.facebook.com\/ampaoriente<\/a><\/p>\n<p>Puedes ponerte en contacto con nosotros\/as en el email: <span class=\"text_exposed_show\"><a href=\"mailto:ampaborbolla@gmail.com\">ampaborbolla@gmail.com<\/a><\/span><\/p>\n<p>Para los que no sois todav\u00eda socios, os recordamos que pod\u00e9is apuntaros en el local de la AMPA, dentro de nuestro horario de<span class=\"text_exposed_show\"> apertura.\u00a0<\/span><\/p>\n<p><span class=\"text_exposed_show\"><br \/>\nPod\u00e9is hacer un ingreso o transferencia, indicando claramente el nombre del ni\u00f1o\/a o ni\u00f1os y curso\/s, en la cuenta de La Caixa:\u00a0<strong> IBAN ES97 2100 7914 7122 0006 3276<\/strong><\/span><\/p>\n<p>En estos casos, por favor enviadnos un correo a <a href=\"mailto:ampaborbolla@gmail.com\">ampaborbolla@gmail.com<\/a>, donde figuren los nombres y apellidos de los ni\u00f1os, el curso, un tel\u00e9fono y un correo electr\u00f3nico, de cara a completar la ficha de la familia.<\/p>\n","protected":false},"excerpt":{"rendered":"<p>Encontrar\u00e1s toda la informaci\u00f3n sobre la\u00a0 Asociaci\u00f3n de Madres y Padres Oriente en la p\u00e1gina de Facebook: https:\/\/www.facebook.com\/ampaoriente Puedes ponerte en contacto con nosotros\/as en el email: ampaborbolla@gmail.com Para los que no sois todav\u00eda&#46;&#46;&#46;<\/p>\n","protected":false},"author":1,"featured_media":0,"parent":0,"menu_order":0,"comment_status":"closed","ping_status":"open","template":"page-cs.php","meta":{"ngg_post_thumbnail":0,"footnotes":"","_mc_calendar":[]},"aioseo_notices":[],"_links":{"self":[{"href":"https:\/\/blogsaverroes.juntadeandalucia.es\/ceipborbolla\/wp-json\/wp\/v2\/pages\/200"}],"collection":[{"href":"https:\/\/blogsaverroes.juntadeandalucia.es\/ceipborbolla\/wp-json\/wp\/v2\/pages"}],"about":[{"href":"https:\/\/blogsaverroes.juntadeandalucia.es\/ceipborbolla\/wp-json\/wp\/v2\/types\/page"}],"author":[{"embeddable":true,"href":"https:\/\/blogsaverroes.juntadeandalucia.es\/ceipborbolla\/wp-json\/wp\/v2\/users\/1"}],"replies":[{"embeddable":true,"href":"https:\/\/blogsaverroes.juntadeandalucia.es\/ceipborbolla\/wp-json\/wp\/v2\/comments?post=200"}],"version-history":[{"count":6,"href":"https:\/\/blogsaverroes.juntadeandalucia.es\/ceipborbolla\/wp-json\/wp\/v2\/pages\/200\/revisions"}],"predecessor-version":[{"id":3462,"href":"https:\/\/blogsaverroes.juntadeandalucia.es\/ceipborbolla\/wp-json\/wp\/v2\/pages\/200\/revisions\/3462"}],"wp:attachment":[{"href":"https:\/\/blogsaverroes.juntadeandalucia.es\/ceipborbolla\/wp-json\/wp\/v2\/media?parent=200"}],"curies":[{"name":"wp","href":"https:\/\/api.w.org\/{rel}","templated":true}]}}