{"id":2506,"date":"2016-01-20T22:29:41","date_gmt":"2016-01-20T21:29:41","guid":{"rendered":"http:\/\/blogsaverroes.juntadeandalucia.es\/ceipborbolla\/?page_id=2506"},"modified":"2016-01-20T22:29:41","modified_gmt":"2016-01-20T21:29:41","slug":"galeria-2013-14","status":"publish","type":"page","link":"https:\/\/blogsaverroes.juntadeandalucia.es\/ceipborbolla\/biblioteca\/galeria-fotografica\/galeria-2013-14\/","title":{"rendered":"Galer\u00eda 2013-14"},"content":{"rendered":"<p>Estos son los \u00e1lbumes de fotos correspondientes al curso 2013-2014<\/p>\n<p>\t<div class=\"ngg-albumoverview default-view\">\n\t\t\t\t\t<div class=\"ngg-album-compact\">\n\t\t\t\t<div class=\"ngg-album-compactbox\">\n\t\t\t\t\t<div class=\"ngg-album-link\">\n\t\t\t\t\t\t\t\t\t\t\t\t\t\t\t\t\t\t\t\t\t<a title='D\u00eda de la Paz' href='https:\/\/blogsaverroes.juntadeandalucia.es\/ceipborbolla\/biblioteca\/galeria-fotografica\/galeria-2013-14\/nggallery\/curso-2013-14\/dia-de-la-paz'>\n\t\t\t\t\t\t\t\t\t<img class=\"Thumb\"\n\t\t\t\t\t\t\t\t\t\talt=\"D\u00eda de la Paz\"\n\t\t\t\t\t\t\t\t\t\tsrc=\"https:\/\/blogsaverroes.juntadeandalucia.es\/ceipborbolla\/wp-content\/uploads\/sites\/797\/nggallery\/dia-de-la-paz\/cache\/878.jpg-nggid0264-ngg0dyn-91x68-00f0w010c011r110f110r010t010.jpg\"\/>\n\t\t\t\t\t\t\t\t<\/a>\n\t\t\t\t\t\t\t\t\t\t\t\t\t\t\t\t\t\t<\/div>\n\t\t\t\t<\/div>\n\t\t\t\t\t\t\t\t<h4>\n\t\t\t\t\t<a class='ngg-album-desc' \n\t\t\t\t\ttitle='D\u00eda de la Paz' href='https:\/\/blogsaverroes.juntadeandalucia.es\/ceipborbolla\/biblioteca\/galeria-fotografica\/galeria-2013-14\/nggallery\/curso-2013-14\/dia-de-la-paz'style=\"max-width: 111px\"\t\t\t\t\t>\n\t\t\t\t\t\tD\u00eda de la Paz\t\t\t\t\t<\/a>\n\t\t\t\t<\/h4>\n\t\t\t\t<p class=\"ngg-album-gallery-image-counter\">\n\t\t\t\t\t\t\t\t\t\t\t<strong>10<\/strong>&nbsp;Fotos\t\t\t\t\t\t\t\t\t<\/p>\n\t\t\t<\/div>\n\t\t\t\t\t<div class=\"ngg-album-compact\">\n\t\t\t\t<div class=\"ngg-album-compactbox\">\n\t\t\t\t\t<div class=\"ngg-album-link\">\n\t\t\t\t\t\t\t\t\t\t\t\t\t\t\t\t\t\t\t\t\t<a title='Fiesta del Oto\u00f1o' href='https:\/\/blogsaverroes.juntadeandalucia.es\/ceipborbolla\/biblioteca\/galeria-fotografica\/galeria-2013-14\/nggallery\/curso-2013-14\/fiesta-del-otono-1'>\n\t\t\t\t\t\t\t\t\t<img class=\"Thumb\"\n\t\t\t\t\t\t\t\t\t\talt=\"Fiesta del Oto\u00f1o\"\n\t\t\t\t\t\t\t\t\t\tsrc=\"https:\/\/blogsaverroes.juntadeandalucia.es\/ceipborbolla\/wp-content\/uploads\/sites\/797\/nggallery\/fiesta-del-otono_1\/cache\/816.jpg-nggid0274-ngg0dyn-91x68-00f0w010c011r110f110r010t010.jpg\"\/>\n\t\t\t\t\t\t\t\t<\/a>\n\t\t\t\t\t\t\t\t\t\t\t\t\t\t\t\t\t\t<\/div>\n\t\t\t\t<\/div>\n\t\t\t\t\t\t\t\t<h4>\n\t\t\t\t\t<a class='ngg-album-desc' \n\t\t\t\t\ttitle='Fiesta del Oto\u00f1o' href='https:\/\/blogsaverroes.juntadeandalucia.es\/ceipborbolla\/biblioteca\/galeria-fotografica\/galeria-2013-14\/nggallery\/curso-2013-14\/fiesta-del-otono-1'style=\"max-width: 111px\"\t\t\t\t\t>\n\t\t\t\t\t\tFiesta del Oto\u00f1o\t\t\t\t\t<\/a>\n\t\t\t\t<\/h4>\n\t\t\t\t<p class=\"ngg-album-gallery-image-counter\">\n\t\t\t\t\t\t\t\t\t\t\t<strong>12<\/strong>&nbsp;Fotos\t\t\t\t\t\t\t\t\t<\/p>\n\t\t\t<\/div>\n\t\t\t\t\t<div class=\"ngg-album-compact\">\n\t\t\t\t<div class=\"ngg-album-compactbox\">\n\t\t\t\t\t<div class=\"ngg-album-link\">\n\t\t\t\t\t\t\t\t\t\t\t\t\t\t\t\t\t\t\t\t\t<a title='Policia Local' href='https:\/\/blogsaverroes.juntadeandalucia.es\/ceipborbolla\/biblioteca\/galeria-fotografica\/galeria-2013-14\/nggallery\/curso-2013-14\/policia-local'>\n\t\t\t\t\t\t\t\t\t<img class=\"Thumb\"\n\t\t\t\t\t\t\t\t\t\talt=\"Policia Local\"\n\t\t\t\t\t\t\t\t\t\tsrc=\"https:\/\/blogsaverroes.juntadeandalucia.es\/ceipborbolla\/wp-content\/uploads\/sites\/797\/nggallery\/policia-local\/cache\/830.jpg-nggid0292-ngg0dyn-91x68-00f0w010c011r110f110r010t010.jpg\"\/>\n\t\t\t\t\t\t\t\t<\/a>\n\t\t\t\t\t\t\t\t\t\t\t\t\t\t\t\t\t\t<\/div>\n\t\t\t\t<\/div>\n\t\t\t\t\t\t\t\t<h4>\n\t\t\t\t\t<a class='ngg-album-desc' \n\t\t\t\t\ttitle='Policia Local' href='https:\/\/blogsaverroes.juntadeandalucia.es\/ceipborbolla\/biblioteca\/galeria-fotografica\/galeria-2013-14\/nggallery\/curso-2013-14\/policia-local'style=\"max-width: 111px\"\t\t\t\t\t>\n\t\t\t\t\t\tPolicia Local\t\t\t\t\t<\/a>\n\t\t\t\t<\/h4>\n\t\t\t\t<p class=\"ngg-album-gallery-image-counter\">\n\t\t\t\t\t\t\t\t\t\t\t<strong>5<\/strong>&nbsp;Fotos\t\t\t\t\t\t\t\t\t<\/p>\n\t\t\t<\/div>\n\t\t\t\t\t<div class=\"ngg-album-compact\">\n\t\t\t\t<div class=\"ngg-album-compactbox\">\n\t\t\t\t\t<div class=\"ngg-album-link\">\n\t\t\t\t\t\t\t\t\t\t\t\t\t\t\t\t\t\t\t\t\t<a title='R.C.P.' href='https:\/\/blogsaverroes.juntadeandalucia.es\/ceipborbolla\/biblioteca\/galeria-fotografica\/galeria-2013-14\/nggallery\/curso-2013-14\/r-c-p'>\n\t\t\t\t\t\t\t\t\t<img class=\"Thumb\"\n\t\t\t\t\t\t\t\t\t\talt=\"R.C.P.\"\n\t\t\t\t\t\t\t\t\t\tsrc=\"https:\/\/blogsaverroes.juntadeandalucia.es\/ceipborbolla\/wp-content\/uploads\/sites\/797\/nggallery\/r-c-p\/cache\/848.jpg-nggid0297-ngg0dyn-91x68-00f0w010c011r110f110r010t010.jpg\"\/>\n\t\t\t\t\t\t\t\t<\/a>\n\t\t\t\t\t\t\t\t\t\t\t\t\t\t\t\t\t\t<\/div>\n\t\t\t\t<\/div>\n\t\t\t\t\t\t\t\t<h4>\n\t\t\t\t\t<a class='ngg-album-desc' \n\t\t\t\t\ttitle='R.C.P.' href='https:\/\/blogsaverroes.juntadeandalucia.es\/ceipborbolla\/biblioteca\/galeria-fotografica\/galeria-2013-14\/nggallery\/curso-2013-14\/r-c-p'style=\"max-width: 111px\"\t\t\t\t\t>\n\t\t\t\t\t\tR.C.P.\t\t\t\t\t<\/a>\n\t\t\t\t<\/h4>\n\t\t\t\t<p class=\"ngg-album-gallery-image-counter\">\n\t\t\t\t\t\t\t\t\t\t\t<strong>14<\/strong>&nbsp;Fotos\t\t\t\t\t\t\t\t\t<\/p>\n\t\t\t<\/div>\n\t\t\t\t\t<div class=\"ngg-album-compact\">\n\t\t\t\t<div class=\"ngg-album-compactbox\">\n\t\t\t\t\t<div class=\"ngg-album-link\">\n\t\t\t\t\t\t\t\t\t\t\t\t\t\t\t\t\t\t\t\t\t<a title='Varias 2013-14' href='https:\/\/blogsaverroes.juntadeandalucia.es\/ceipborbolla\/biblioteca\/galeria-fotografica\/galeria-2013-14\/nggallery\/curso-2013-14\/varias-2013-14'>\n\t\t\t\t\t\t\t\t\t<img class=\"Thumb\"\n\t\t\t\t\t\t\t\t\t\talt=\"Varias 2013-14\"\n\t\t\t\t\t\t\t\t\t\tsrc=\"https:\/\/blogsaverroes.juntadeandalucia.es\/ceipborbolla\/wp-content\/uploads\/sites\/797\/nggallery\/varias-2013-14\/cache\/872.jpg-nggid0286-ngg0dyn-91x68-00f0w010c011r110f110r010t010.jpg\"\/>\n\t\t\t\t\t\t\t\t<\/a>\n\t\t\t\t\t\t\t\t\t\t\t\t\t\t\t\t\t\t<\/div>\n\t\t\t\t<\/div>\n\t\t\t\t\t\t\t\t<h4>\n\t\t\t\t\t<a class='ngg-album-desc' \n\t\t\t\t\ttitle='Varias 2013-14' href='https:\/\/blogsaverroes.juntadeandalucia.es\/ceipborbolla\/biblioteca\/galeria-fotografica\/galeria-2013-14\/nggallery\/curso-2013-14\/varias-2013-14'style=\"max-width: 111px\"\t\t\t\t\t>\n\t\t\t\t\t\tVarias 2013-14\t\t\t\t\t<\/a>\n\t\t\t\t<\/h4>\n\t\t\t\t<p class=\"ngg-album-gallery-image-counter\">\n\t\t\t\t\t\t\t\t\t\t\t<strong>6<\/strong>&nbsp;Fotos\t\t\t\t\t\t\t\t\t<\/p>\n\t\t\t<\/div>\n\t\t\t\t\t<div class=\"ngg-album-compact\">\n\t\t\t\t<div class=\"ngg-album-compactbox\">\n\t\t\t\t\t<div class=\"ngg-album-link\">\n\t\t\t\t\t\t\t\t\t\t\t\t\t\t\t\t\t\t\t\t\t<a title='La Banda (Canal Sur Tv)' href='https:\/\/blogsaverroes.juntadeandalucia.es\/ceipborbolla\/biblioteca\/galeria-fotografica\/galeria-2013-14\/nggallery\/curso-2013-14\/la-banda-canal-sur-tv'>\n\t\t\t\t\t\t\t\t\t<img class=\"Thumb\"\n\t\t\t\t\t\t\t\t\t\talt=\"La Banda (Canal Sur Tv)\"\n\t\t\t\t\t\t\t\t\t\tsrc=\"https:\/\/blogsaverroes.juntadeandalucia.es\/ceipborbolla\/wp-content\/uploads\/sites\/797\/nggallery\/la-banda-canal-sur-tv\/cache\/834.jpg-nggid03111-ngg0dyn-91x68-00f0w010c011r110f110r010t010.jpg\"\/>\n\t\t\t\t\t\t\t\t<\/a>\n\t\t\t\t\t\t\t\t\t\t\t\t\t\t\t\t\t\t<\/div>\n\t\t\t\t<\/div>\n\t\t\t\t\t\t\t\t<h4>\n\t\t\t\t\t<a class='ngg-album-desc' \n\t\t\t\t\ttitle='La Banda (Canal Sur Tv)' href='https:\/\/blogsaverroes.juntadeandalucia.es\/ceipborbolla\/biblioteca\/galeria-fotografica\/galeria-2013-14\/nggallery\/curso-2013-14\/la-banda-canal-sur-tv'style=\"max-width: 111px\"\t\t\t\t\t>\n\t\t\t\t\t\tLa Banda (Canal Sur Tv)\t\t\t\t\t<\/a>\n\t\t\t\t<\/h4>\n\t\t\t\t<p class=\"ngg-album-gallery-image-counter\">\n\t\t\t\t\t\t\t\t\t\t\t<strong>12<\/strong>&nbsp;Fotos\t\t\t\t\t\t\t\t\t<\/p>\n\t\t\t<\/div>\n\t\t\t\t\t<div class=\"ngg-album-compact\">\n\t\t\t\t<div class=\"ngg-album-compactbox\">\n\t\t\t\t\t<div class=\"ngg-album-link\">\n\t\t\t\t\t\t\t\t\t\t\t\t\t\t\t\t\t\t\t\t\t<a title='Banco de Alimentos (Operaci\u00f3n Kilo)' href='https:\/\/blogsaverroes.juntadeandalucia.es\/ceipborbolla\/biblioteca\/galeria-fotografica\/galeria-2013-14\/nggallery\/curso-2013-14\/banco-de-alimentos-operacion-kilo'>\n\t\t\t\t\t\t\t\t\t<img class=\"Thumb\"\n\t\t\t\t\t\t\t\t\t\talt=\"Banco de Alimentos (Operaci\u00f3n Kilo)\"\n\t\t\t\t\t\t\t\t\t\tsrc=\"https:\/\/blogsaverroes.juntadeandalucia.es\/ceipborbolla\/wp-content\/uploads\/sites\/797\/nggallery\/banco-de-alimentos-operacion-kilo\/cache\/812.jpg-nggid03123-ngg0dyn-91x68-00f0w010c011r110f110r010t010.jpg\"\/>\n\t\t\t\t\t\t\t\t<\/a>\n\t\t\t\t\t\t\t\t\t\t\t\t\t\t\t\t\t\t<\/div>\n\t\t\t\t<\/div>\n\t\t\t\t\t\t\t\t<h4>\n\t\t\t\t\t<a class='ngg-album-desc' \n\t\t\t\t\ttitle='Banco de Alimentos (Operaci\u00f3n Kilo)' href='https:\/\/blogsaverroes.juntadeandalucia.es\/ceipborbolla\/biblioteca\/galeria-fotografica\/galeria-2013-14\/nggallery\/curso-2013-14\/banco-de-alimentos-operacion-kilo'style=\"max-width: 111px\"\t\t\t\t\t>\n\t\t\t\t\t\tBanco de Alimentos (Operaci\u00f3n Kilo)\t\t\t\t\t<\/a>\n\t\t\t\t<\/h4>\n\t\t\t\t<p class=\"ngg-album-gallery-image-counter\">\n\t\t\t\t\t\t\t\t\t\t\t<strong>4<\/strong>&nbsp;Fotos\t\t\t\t\t\t\t\t\t<\/p>\n\t\t\t<\/div>\n\t\t\t\t<br class=\"ngg-clear\"\/>\n\t\t<div class='ngg-clear'><\/div>\t<\/div>\n<\/p>\n","protected":false},"excerpt":{"rendered":"<p>Estos son los \u00e1lbumes de fotos correspondientes al curso 2013-2014 D\u00eda de la Paz 10&nbsp;Fotos Fiesta del Oto\u00f1o 12&nbsp;Fotos Policia Local 5&nbsp;Fotos R.C.P. 14&nbsp;Fotos Varias 2013-14 6&nbsp;Fotos La Banda (Canal Sur Tv) 12&nbsp;Fotos Banco&#46;&#46;&#46;<\/p>\n","protected":false},"author":2371,"featured_media":0,"parent":2284,"menu_order":0,"comment_status":"closed","ping_status":"open","template":"page-cs.php","meta":{"ngg_post_thumbnail":0,"footnotes":"","_mc_calendar":[]},"aioseo_notices":[],"_links":{"self":[{"href":"https:\/\/blogsaverroes.juntadeandalucia.es\/ceipborbolla\/wp-json\/wp\/v2\/pages\/2506"}],"collection":[{"href":"https:\/\/blogsaverroes.juntadeandalucia.es\/ceipborbolla\/wp-json\/wp\/v2\/pages"}],"about":[{"href":"https:\/\/blogsaverroes.juntadeandalucia.es\/ceipborbolla\/wp-json\/wp\/v2\/types\/page"}],"author":[{"embeddable":true,"href":"https:\/\/blogsaverroes.juntadeandalucia.es\/ceipborbolla\/wp-json\/wp\/v2\/users\/2371"}],"replies":[{"embeddable":true,"href":"https:\/\/blogsaverroes.juntadeandalucia.es\/ceipborbolla\/wp-json\/wp\/v2\/comments?post=2506"}],"version-history":[{"count":1,"href":"https:\/\/blogsaverroes.juntadeandalucia.es\/ceipborbolla\/wp-json\/wp\/v2\/pages\/2506\/revisions"}],"predecessor-version":[{"id":2508,"href":"https:\/\/blogsaverroes.juntadeandalucia.es\/ceipborbolla\/wp-json\/wp\/v2\/pages\/2506\/revisions\/2508"}],"up":[{"embeddable":true,"href":"https:\/\/blogsaverroes.juntadeandalucia.es\/ceipborbolla\/wp-json\/wp\/v2\/pages\/2284"}],"wp:attachment":[{"href":"https:\/\/blogsaverroes.juntadeandalucia.es\/ceipborbolla\/wp-json\/wp\/v2\/media?parent=2506"}],"curies":[{"name":"wp","href":"https:\/\/api.w.org\/{rel}","templated":true}]}}