{"id":330,"date":"2015-03-18T07:11:43","date_gmt":"2015-03-18T07:11:43","guid":{"rendered":"http:\/\/blogsaverroes.juntadeandalucia.es\/pre\/ceip\/?page_id=330"},"modified":"2022-07-17T16:27:58","modified_gmt":"2022-07-17T15:27:58","slug":"bibliop","status":"publish","type":"page","link":"https:\/\/blogsaverroes.juntadeandalucia.es\/ceipborbolla\/biblioteca\/bibliop\/","title":{"rendered":"BiblioWeb"},"content":{"rendered":"<p>BiblioWeb es una aplicaci\u00f3n Web creada por el CGA donde podr\u00e1 realizar consultas del cat\u00e1logo de ejemplares de la biblioteca de nuestro centro.<\/p>\n<p>En el enlace siguiente se muestra una descripci\u00f3n general de esta aplicaci\u00f3n:<\/p>\n<p>&nbsp;<\/p>\n<h1 style=\"text-align: center\"><a href=\"https:\/\/www.juntadeandalucia.es\/educacion\/portals\/web\/lecturas-bibliotecas-escolares\/biblioweb-2\" target=\"_blank\" rel=\"noopener noreferrer\">BiblioWeb<\/a><\/h1>\n<p>&nbsp;<\/p>\n<p>El icono siguiente es el punto de acceso a nuestra BiblioWeb:<\/p>\n<p>&nbsp;<\/p>\n<p><a href=\"https:\/\/www.juntadeandalucia.es\/educacion\/senecav2\/seneca\/biblioweb\/portal\/41004514\" target=\"_blank\" rel=\"noopener noreferrer\"><img loading=\"lazy\" decoding=\"async\" class=\"aligncenter wp-image-3452 size-full\" src=\"https:\/\/blogsaverroes.juntadeandalucia.es\/ceipborbolla\/files\/2015\/03\/250px-Biblioweb.png\" alt=\"\" width=\"250\" height=\"256\" srcset=\"https:\/\/blogsaverroes.juntadeandalucia.es\/ceipborbolla\/files\/2015\/03\/250px-Biblioweb.png 250w, https:\/\/blogsaverroes.juntadeandalucia.es\/ceipborbolla\/files\/2015\/03\/250px-Biblioweb-24x24.png 24w, https:\/\/blogsaverroes.juntadeandalucia.es\/ceipborbolla\/files\/2015\/03\/250px-Biblioweb-36x36.png 36w, https:\/\/blogsaverroes.juntadeandalucia.es\/ceipborbolla\/files\/2015\/03\/250px-Biblioweb-48x48.png 48w\" sizes=\"(max-width: 250px) 100vw, 250px\" \/><\/a><\/p>\n<p>&nbsp;<\/p>\n","protected":false},"excerpt":{"rendered":"<p>BiblioWeb es una aplicaci\u00f3n Web creada por el CGA donde podr\u00e1 realizar consultas del cat\u00e1logo de ejemplares de la biblioteca de nuestro centro. En el enlace siguiente se muestra una descripci\u00f3n general de esta&#46;&#46;&#46;<\/p>\n","protected":false},"author":1,"featured_media":0,"parent":113,"menu_order":0,"comment_status":"closed","ping_status":"open","template":"page-cs.php","meta":{"ngg_post_thumbnail":0,"footnotes":"","_mc_calendar":[]},"aioseo_notices":[],"_links":{"self":[{"href":"https:\/\/blogsaverroes.juntadeandalucia.es\/ceipborbolla\/wp-json\/wp\/v2\/pages\/330"}],"collection":[{"href":"https:\/\/blogsaverroes.juntadeandalucia.es\/ceipborbolla\/wp-json\/wp\/v2\/pages"}],"about":[{"href":"https:\/\/blogsaverroes.juntadeandalucia.es\/ceipborbolla\/wp-json\/wp\/v2\/types\/page"}],"author":[{"embeddable":true,"href":"https:\/\/blogsaverroes.juntadeandalucia.es\/ceipborbolla\/wp-json\/wp\/v2\/users\/1"}],"replies":[{"embeddable":true,"href":"https:\/\/blogsaverroes.juntadeandalucia.es\/ceipborbolla\/wp-json\/wp\/v2\/comments?post=330"}],"version-history":[{"count":8,"href":"https:\/\/blogsaverroes.juntadeandalucia.es\/ceipborbolla\/wp-json\/wp\/v2\/pages\/330\/revisions"}],"predecessor-version":[{"id":8550,"href":"https:\/\/blogsaverroes.juntadeandalucia.es\/ceipborbolla\/wp-json\/wp\/v2\/pages\/330\/revisions\/8550"}],"up":[{"embeddable":true,"href":"https:\/\/blogsaverroes.juntadeandalucia.es\/ceipborbolla\/wp-json\/wp\/v2\/pages\/113"}],"wp:attachment":[{"href":"https:\/\/blogsaverroes.juntadeandalucia.es\/ceipborbolla\/wp-json\/wp\/v2\/media?parent=330"}],"curies":[{"name":"wp","href":"https:\/\/api.w.org\/{rel}","templated":true}]}}