{"id":35,"date":"2015-03-13T08:21:43","date_gmt":"2015-03-13T08:21:43","guid":{"rendered":"http:\/\/blogsaverroes.juntadeandalucia.es\/pre\/ceip\/?page_id=35"},"modified":"2022-07-17T15:54:35","modified_gmt":"2022-07-17T14:54:35","slug":"el-centro-2","status":"publish","type":"page","link":"https:\/\/blogsaverroes.juntadeandalucia.es\/ceipborbolla\/el-centro-2\/","title":{"rendered":"Datos del centro"},"content":{"rendered":"<h4><strong>Datos de contacto<\/strong><\/h4>\n<div id=\"attachment_2249\" style=\"width: 468px\" class=\"wp-caption aligncenter\"><a href=\"http:\/\/blogsaverroes.juntadeandalucia.es\/ceipborbolla\/files\/2015\/03\/inicio_video.jpg\"><img loading=\"lazy\" decoding=\"async\" aria-describedby=\"caption-attachment-2249\" class=\" wp-image-2249\" src=\"http:\/\/blogsaverroes.juntadeandalucia.es\/ceipborbolla\/files\/2015\/03\/inicio_video.jpg\" alt=\"Fachada Borbolla\" width=\"458\" height=\"343\" srcset=\"https:\/\/blogsaverroes.juntadeandalucia.es\/ceipborbolla\/files\/2015\/03\/inicio_video.jpg 1600w, https:\/\/blogsaverroes.juntadeandalucia.es\/ceipborbolla\/files\/2015\/03\/inicio_video-300x225.jpg 300w, https:\/\/blogsaverroes.juntadeandalucia.es\/ceipborbolla\/files\/2015\/03\/inicio_video-1024x768.jpg 1024w\" sizes=\"(max-width: 458px) 100vw, 458px\" \/><\/a><p id=\"caption-attachment-2249\" class=\"wp-caption-text\">Fachada Borbolla<\/p><\/div>\n<p>C.E.I.P. Borbolla<\/p>\n<p><strong>Direcci\u00f3n:<\/strong> &nbsp;Calle Lu\u00eds Montoto 101, 41007 Sevilla<\/p>\n<p><strong>Tel\u00e9fono:&nbsp; 955 622 372<\/strong><br \/>\n<strong>Email: <\/strong><a href=\"mailto:41004514.edu@juntadeandalucia.es\">41004514.edu@juntadeandalucia.es<\/a><\/p>\n<p>&nbsp;<\/p>\n<h4><strong>Instalaciones<\/strong><\/h4>\n<p style=\"text-align: justify\">El CEIP Borbolla es un colegio de Educaci\u00f3n Infantil y Primaria de 2 l\u00edneas completas. Tiene desde Ed. Infantil de 3 a\u00f1os hasta 6\u00ba de Ed. Primaria.<\/p>\n<p style=\"text-align: justify\">Es un centro con una bella arquitectura que tiene sus or\u00edgenes en la d\u00e9cada de los a\u00f1os 20, cuando empez\u00f3 su andadura educativa.<\/p>\n<p style=\"text-align: justify\">Dispone de un edificio central donde se encuentran las aulas de Ed. Infantil de 4 y 5 a\u00f1os en la planta baja; en la primera planta se encuentran las aulas de 2\u00ba, 3\u00ba y 4\u00ba de Ed. Primaria, as\u00ed como el aula de Ingl\u00e9s. En la segunda planta est\u00e1n las aulas correspondientes al tercer ciclo de Ed. Primaria (5\u00ba y 6\u00ba).<\/p>\n<p style=\"text-align: justify\">Asimismo, el colegio dispone de en planta baja exterior de tres zonas diferenciadas: una a la izquierda donde se encuentra el aula de talleres, el aula de M\u00fasica, las aulas del primer ciclo de Ed. Primaria (1\u00ba y 2\u00ba), el Equipo de Orientaci\u00f3n y el Aula Espec\u00edfica. Al fondo est\u00e1 el patio de Ed. Primaria y el pabell\u00f3n de Educaci\u00f3n F\u00edsica. A la derecha se encuentran las zonas comunes, con el Sal\u00f3n de Actos, el aula de Inform\u00e1tica, la Biblioteca, la sala del AMPA, el comedor y el aula matinal.<\/p>\n<p style=\"text-align: justify\">En la entrada del colegio se encuentra el patio de Ed. Infantil.<\/p>\n<p style=\"text-align: justify\">La zona administrativa (Secretar\u00eda y despachos de Direcci\u00f3n y Jefatura de Estudios) se encuentran en el edificio lateral derecho.<\/p>\n<p>&nbsp;<\/p>\n","protected":false},"excerpt":{"rendered":"<p>Datos de contacto C.E.I.P. Borbolla Direcci\u00f3n: &nbsp;Calle Lu\u00eds Montoto 101, 41007 Sevilla Tel\u00e9fono:&nbsp; 955 622 372 Email: 41004514.edu@juntadeandalucia.es &nbsp; Instalaciones El CEIP Borbolla es un colegio de Educaci\u00f3n Infantil y Primaria de 2 l\u00edneas&#46;&#46;&#46;<\/p>\n","protected":false},"author":1,"featured_media":0,"parent":0,"menu_order":0,"comment_status":"closed","ping_status":"open","template":"page-cs.php","meta":{"ngg_post_thumbnail":0,"footnotes":"","_mc_calendar":[]},"aioseo_notices":[],"_links":{"self":[{"href":"https:\/\/blogsaverroes.juntadeandalucia.es\/ceipborbolla\/wp-json\/wp\/v2\/pages\/35"}],"collection":[{"href":"https:\/\/blogsaverroes.juntadeandalucia.es\/ceipborbolla\/wp-json\/wp\/v2\/pages"}],"about":[{"href":"https:\/\/blogsaverroes.juntadeandalucia.es\/ceipborbolla\/wp-json\/wp\/v2\/types\/page"}],"author":[{"embeddable":true,"href":"https:\/\/blogsaverroes.juntadeandalucia.es\/ceipborbolla\/wp-json\/wp\/v2\/users\/1"}],"replies":[{"embeddable":true,"href":"https:\/\/blogsaverroes.juntadeandalucia.es\/ceipborbolla\/wp-json\/wp\/v2\/comments?post=35"}],"version-history":[{"count":39,"href":"https:\/\/blogsaverroes.juntadeandalucia.es\/ceipborbolla\/wp-json\/wp\/v2\/pages\/35\/revisions"}],"predecessor-version":[{"id":8546,"href":"https:\/\/blogsaverroes.juntadeandalucia.es\/ceipborbolla\/wp-json\/wp\/v2\/pages\/35\/revisions\/8546"}],"wp:attachment":[{"href":"https:\/\/blogsaverroes.juntadeandalucia.es\/ceipborbolla\/wp-json\/wp\/v2\/media?parent=35"}],"curies":[{"name":"wp","href":"https:\/\/api.w.org\/{rel}","templated":true}]}}