{"id":4636,"date":"2018-10-30T21:56:53","date_gmt":"2018-10-30T20:56:53","guid":{"rendered":"https:\/\/blogsaverroes.juntadeandalucia.es\/ceipborbolla\/?page_id=4636"},"modified":"2022-10-21T16:45:49","modified_gmt":"2022-10-21T15:45:49","slug":"fiesta-del-otono","status":"publish","type":"page","link":"https:\/\/blogsaverroes.juntadeandalucia.es\/ceipborbolla\/fiesta-del-otono\/","title":{"rendered":"Fiesta del oto\u00f1o"},"content":{"rendered":"<p><a href=\"https:\/\/blogsaverroes.juntadeandalucia.es\/ceipborbolla\/files\/2018\/10\/Fiesta-del-oto\u00f1o.jpg\"><img loading=\"lazy\" decoding=\"async\" class=\"aligncenter wp-image-4644\" src=\"https:\/\/blogsaverroes.juntadeandalucia.es\/ceipborbolla\/files\/2018\/10\/Fiesta-del-oto\u00f1o.jpg\" alt=\"\" width=\"489\" height=\"366\" srcset=\"https:\/\/blogsaverroes.juntadeandalucia.es\/ceipborbolla\/files\/2018\/10\/Fiesta-del-oto\u00f1o.jpg 960w, https:\/\/blogsaverroes.juntadeandalucia.es\/ceipborbolla\/files\/2018\/10\/Fiesta-del-oto\u00f1o-300x225.jpg 300w, https:\/\/blogsaverroes.juntadeandalucia.es\/ceipborbolla\/files\/2018\/10\/Fiesta-del-oto\u00f1o-24x18.jpg 24w, https:\/\/blogsaverroes.juntadeandalucia.es\/ceipborbolla\/files\/2018\/10\/Fiesta-del-oto\u00f1o-36x27.jpg 36w, https:\/\/blogsaverroes.juntadeandalucia.es\/ceipborbolla\/files\/2018\/10\/Fiesta-del-oto\u00f1o-48x36.jpg 48w\" sizes=\"(max-width: 489px) 100vw, 489px\" \/><\/a><\/p>\n<p>&nbsp;<\/p>\n<p style=\"text-align: justify\">En noviembre celebramos en nuestro cole <strong><span style=\"color: #ff6600\">\u00abLa fiesta del Oto\u00f1o\u00bb<\/span><\/strong> realizando diversas actividades en el aula y a nivel de centro, &nbsp;relacionadas con esta estaci\u00f3n y sus tradiciones.<\/p>\n<p style=\"text-align: justify\">Para que sea posible esta actividad contamos con &nbsp;la colaboraci\u00f3n de los tutores\/as y delegados\/as de curso y nuestra Ampa, quienes, con entrega e ilusi\u00f3n, decoran el centro y organizan las diferentes actividades:<\/p>\n<p style=\"text-align: justify\"><strong><span style=\"color: #ff6600\">&#8211; Degustaci\u00f3n de productos t\u00edpicos de oto\u00f1o.<\/span> <\/strong><br \/>\nEl alumnado aporta frutas y productos t\u00edpicos de oto\u00f1o, los cuales son preparados por los padres y madres colaboradores, para ser expuestos en el patio interior y degustados por todos, en un clima de convivencia y colaboraci\u00f3n.<\/p>\n<p style=\"text-align: justify\"><strong><span style=\"color: #ff6600\">&#8211; Visita del casta\u00f1ero con su tradicional&nbsp; carro de casta\u00f1as.<\/span> <\/strong>Se les explica c\u00f3mo se prepara, primero las brasas del fuego, la olla perforada, la sal para que chisporrotee, c\u00f3mo se les da la vuelta para que se asen todas y no las del fondo. Se les explica que las casta\u00f1as tienen que llevar un corte en la c\u00e1scara para que no exploten y como hay que esperar a que se abran y alcance su punto exacto de asado.<\/p>\n<p style=\"text-align: justify\">Una vez asadas se vuelcan en un recipiente abierto y en un cartucho de papel de estraza se van distribuyendo a todos los alumnos\/as.<\/p>\n<p style=\"text-align: justify\"><strong><span style=\"color: #ff6600\">&#8211; Cuentacuentos<\/span><\/strong> en el sal\u00f3n de actos, presentados por padres y madres de Infantil.<\/p>\n<p style=\"text-align: justify\"><strong><span style=\"color: #ff6600\">&#8211; Cuidamos el medio ambiente,&nbsp;<\/span><\/strong><span style=\"color: #ff6600\"><span style=\"color: #000000\">no utilizando materiales de pl\u00e1stico de usar y tirar, sino aportando cada alumno su propio recipiente para tomar la fruta.<\/span><\/span><\/p>\n<p>&nbsp;<\/p>\n<table>\n<tbody>\n<tr>\n<td>\n<h1 style=\"text-align: center\"><a href=\"https:\/\/blogsaverroes.juntadeandalucia.es\/ceipborbolla\/galeria-2018-19\/\" target=\"_blank\" rel=\"noopener noreferrer\">curso 2018-19<\/a><\/h1>\n<h1 style=\"text-align: center\"><a href=\"https:\/\/photos.google.com\/u\/2\/share\/AF1QipPq24yApHm5IaGevbaH7hrzmGezQORUk3IkPHHx1M3Ez1mDEAEuKFPwcXQnz6F2JQ\/photo\/AF1QipORMmbNF6hFV7R3tTGMGkc22cJN-7DYnLyi-evc?key=MGJGYzFRaF9BczZTUFhiN19GcmZjLXQ4cmxTbnJ3\" target=\"_blank\" rel=\"noopener noreferrer\">curso 2018-19<\/a><\/h1>\n<\/td>\n<td style=\"text-align: center\">\n<h1><a href=\"https:\/\/photos.app.goo.gl\/Mt593uNYGnh5Q5TWA\" target=\"_blank\" rel=\"noopener noreferrer\">curso 2019-20<\/a><\/h1>\n<\/td>\n<\/tr>\n<tr>\n<td>\n<h1 style=\"text-align: center\"><a href=\"https:\/\/photos.app.goo.gl\/N8MEGc5R1RmHFhwq9\" target=\"_blank\" rel=\"noopener noreferrer\">curso 2021-22<\/a><\/h1>\n<\/td>\n<td style=\"text-align: center\">\n<h1><a href=\"https:\/\/photos.app.goo.gl\/ZCzurr52LFNXgs4q7\" target=\"_blank\" rel=\"noopener noreferrer\">curso 2022-23<\/a><\/h1>\n<\/td>\n<\/tr>\n<\/tbody>\n<\/table>\n<p>&nbsp;<\/p>\n<p>&nbsp;<\/p>\n","protected":false},"excerpt":{"rendered":"<p>&nbsp; En noviembre celebramos en nuestro cole \u00abLa fiesta del Oto\u00f1o\u00bb realizando diversas actividades en el aula y a nivel de centro, &nbsp;relacionadas con esta estaci\u00f3n y sus tradiciones. Para que sea posible esta&#46;&#46;&#46;<\/p>\n","protected":false},"author":2371,"featured_media":0,"parent":0,"menu_order":0,"comment_status":"closed","ping_status":"closed","template":"","meta":{"ngg_post_thumbnail":0,"footnotes":"","_mc_calendar":[]},"aioseo_notices":[],"_links":{"self":[{"href":"https:\/\/blogsaverroes.juntadeandalucia.es\/ceipborbolla\/wp-json\/wp\/v2\/pages\/4636"}],"collection":[{"href":"https:\/\/blogsaverroes.juntadeandalucia.es\/ceipborbolla\/wp-json\/wp\/v2\/pages"}],"about":[{"href":"https:\/\/blogsaverroes.juntadeandalucia.es\/ceipborbolla\/wp-json\/wp\/v2\/types\/page"}],"author":[{"embeddable":true,"href":"https:\/\/blogsaverroes.juntadeandalucia.es\/ceipborbolla\/wp-json\/wp\/v2\/users\/2371"}],"replies":[{"embeddable":true,"href":"https:\/\/blogsaverroes.juntadeandalucia.es\/ceipborbolla\/wp-json\/wp\/v2\/comments?post=4636"}],"version-history":[{"count":18,"href":"https:\/\/blogsaverroes.juntadeandalucia.es\/ceipborbolla\/wp-json\/wp\/v2\/pages\/4636\/revisions"}],"predecessor-version":[{"id":8720,"href":"https:\/\/blogsaverroes.juntadeandalucia.es\/ceipborbolla\/wp-json\/wp\/v2\/pages\/4636\/revisions\/8720"}],"wp:attachment":[{"href":"https:\/\/blogsaverroes.juntadeandalucia.es\/ceipborbolla\/wp-json\/wp\/v2\/media?parent=4636"}],"curies":[{"name":"wp","href":"https:\/\/api.w.org\/{rel}","templated":true}]}}