{"id":4660,"date":"2018-10-31T20:39:26","date_gmt":"2018-10-31T19:39:26","guid":{"rendered":"https:\/\/blogsaverroes.juntadeandalucia.es\/ceipborbolla\/?page_id=4660"},"modified":"2021-11-27T18:39:51","modified_gmt":"2021-11-27T17:39:51","slug":"semana-de-la-autoproteccion","status":"publish","type":"page","link":"https:\/\/blogsaverroes.juntadeandalucia.es\/ceipborbolla\/semana-de-la-autoproteccion\/","title":{"rendered":"Semana de la Autoprotecci\u00f3n"},"content":{"rendered":"<p style=\"text-align: justify\">Durante esta Semana, la <strong><span style=\"color: #008000\">Coordinadora<\/span> <\/strong>del Plan de Autoprotecci\u00f3n realiza con el alumnado y el profesorado del centro&nbsp;una serie de actividades formativas te\u00f3rico pr\u00e1cticas en materia de actuaci\u00f3n ante situaciones&nbsp;de emergencia y evacuaci\u00f3n:<\/p>\n<ul>\n<li>charlas participativas con los alumnos<\/li>\n<li>reuni\u00f3n informativa con el profesorado y dem\u00e1s personal del centro<\/li>\n<li style=\"text-align: justify\">proyecci\u00f3n de v\u00eddeos explicativos<\/li>\n<li>actualizaci\u00f3n del plan<\/li>\n<li>revisi\u00f3n de instalaciones&nbsp;<\/li>\n<li style=\"text-align: justify\">manejo de extintores&nbsp;<a href=\"https:\/\/blogsaverroes.juntadeandalucia.es\/ceipborbolla\/files\/2018\/10\/Autoproteccion-1.jpg\"><img loading=\"lazy\" decoding=\"async\" class=\"aligncenter wp-image-4670\" src=\"https:\/\/blogsaverroes.juntadeandalucia.es\/ceipborbolla\/files\/2018\/10\/Autoproteccion-1.jpg\" alt=\"\" width=\"316\" height=\"298\" srcset=\"https:\/\/blogsaverroes.juntadeandalucia.es\/ceipborbolla\/files\/2018\/10\/Autoproteccion-1.jpg 602w, https:\/\/blogsaverroes.juntadeandalucia.es\/ceipborbolla\/files\/2018\/10\/Autoproteccion-1-300x283.jpg 300w, https:\/\/blogsaverroes.juntadeandalucia.es\/ceipborbolla\/files\/2018\/10\/Autoproteccion-1-24x24.jpg 24w, https:\/\/blogsaverroes.juntadeandalucia.es\/ceipborbolla\/files\/2018\/10\/Autoproteccion-1-36x34.jpg 36w, https:\/\/blogsaverroes.juntadeandalucia.es\/ceipborbolla\/files\/2018\/10\/Autoproteccion-1-48x45.jpg 48w\" sizes=\"(max-width: 316px) 100vw, 316px\" \/><\/a><\/li>\n<\/ul>\n<p style=\"text-align: justify\">La Semana de la autoprotecci\u00f3n tiene lugar durante el<strong><span style=\"color: #008000\">&nbsp;primer trimestre<\/span><\/strong>, y culmina con el ejercicio&nbsp;de un <strong><span style=\"color: #008000\">simulacro<\/span> <\/strong>de evacuaci\u00f3n, terremoto y confinamiento. De dicho simulacro se informa con suficiente antelaci\u00f3n a la Comunidad educativa y Organismo superiores.<\/p>\n<p style=\"text-align: justify\">El <strong><span style=\"color: #008000\">objetivo principal<\/span><\/strong> es la promoci\u00f3n de buenas pr\u00e1cticas para nuestros alumnos\/as y para toda la comunidad educativa, fomentando entre la comunidad escolar&nbsp;una necesaria cultura de la prevenci\u00f3n. Es necesario saber identificar los riesgos que pueden presentarse en nuestro entorno, as\u00ed como adquirir los conocimientos necesarios para poder actuar en caso de emergencia.<\/p>\n<p style=\"text-align: center\">&nbsp;<\/p>\n<p style=\"text-align: left\"><strong><span style=\"color: #339966\">Pr\u00e1ctica durante la charla con los alumnos\/as<\/span><\/strong><\/p>\n<p><a href=\"https:\/\/photos.google.com\/u\/3\/share\/AF1QipPlC5YdpbGxGxEihjjqAlgj5teIyPXT9ijNEAe6KO-d8U0Y58R5YXEgalp_1mqPZg\/photo\/AF1QipNKB4rVd8itFEtLa1Tipo-k_QBWlE8PvjvgtE4Q?key=ODZpMmZSZDVHTlFUa2c2LW9BZXp3NTk1dHNXTmFR\"><img decoding=\"async\" src=\"https:\/\/lh3.googleusercontent.com\/AwcwJOAJ6syVe5rE4HI4zeOIOd7gLQ6lMNWpjKo0CL5ln89y67Pp1tlQVmsbxJ7mi8yHVJVh0VBjkqQ8v_wQGOGEhP_vXyOWFJfUqkw9sImhFWeHg1Yh_oqPDrEN2Au459_tSAi3Ow=w2400\"><\/a><\/p>\n<p>&nbsp;<\/p>\n<p><strong><span style=\"color: #339966\">Video para los colegios: \u00abAtiza al fuego\u00bb<\/span><\/strong><\/p>\n<p><a href=\"https:\/\/photos.google.com\/u\/3\/share\/AF1QipPlC5YdpbGxGxEihjjqAlgj5teIyPXT9ijNEAe6KO-d8U0Y58R5YXEgalp_1mqPZg\/photo\/AF1QipM0aRiggHHOT3dRAJuMpCd_xTdZwwzcq0_q5_52?key=ODZpMmZSZDVHTlFUa2c2LW9BZXp3NTk1dHNXTmFR\"><img decoding=\"async\" src=\"https:\/\/lh3.googleusercontent.com\/14zn-_8IS_DvE1lB2b2O01OM2uyykJm_2b3S8fWDrEt_PRf_pcpj4QThdKeXjjzT-b2PIZwTV2b-L8PXXxpsJY1-yvFL6C4_ucuqNrrOmwc8v4h4s6dPGgs6DfZLPdS16U6qfQ9P3g=w2400\"><\/a><\/p>\n<p>&nbsp;<\/p>\n<p style=\"text-align: justify\">Con un <strong><span style=\"color: #339966\">aula-bus<\/span><\/strong> que se desplaza por los diferentes centros educativos,&nbsp;se ense\u00f1a a los escolares a identificar los principales riesgos a los que pueden estar expuestos, y c\u00f3mo deben prevenirlos. Tambi\u00e9n se les va concienciando sobre la importancia de la seguridad y la salud en el \u00e1mbito laboral.<\/p>\n<p>&nbsp;<\/p>\n<p><a href=\"https:\/\/photos.google.com\/u\/3\/share\/AF1QipPlC5YdpbGxGxEihjjqAlgj5teIyPXT9ijNEAe6KO-d8U0Y58R5YXEgalp_1mqPZg\/photo\/AF1QipOoimusv-_69JZPiLy6DBu2nsC2zmIVoCkDAvKz?key=ODZpMmZSZDVHTlFUa2c2LW9BZXp3NTk1dHNXTmFR\"><img decoding=\"async\" src=\"https:\/\/lh3.googleusercontent.com\/OHJ5aC6rkVMdrCH0e8iuRIxVumGq_fVoCO0JiCnmUpmR-vNTgsOXGN41dToTth9DBdlbuxe392xWYSRxUAJWM56Flkgzph5iHd7tAUKZ8959nMjSE2-CUVeOMP2w3nKLpSlAU0LmGg=w2400\"><\/a><\/p>\n<p>&nbsp;<\/p>\n<table>\n<tbody>\n<tr>\n<td style=\"text-align: center\">\n<h1><a href=\"https:\/\/blogsaverroes.juntadeandalucia.es\/ceipborbolla\/galeria-2018-19\/\" target=\"_blank\" rel=\"noopener noreferrer\">Curso 2018-19<\/a><\/h1>\n<\/td>\n<td style=\"text-align: center\">\n<h1><a href=\"https:\/\/photos.app.goo.gl\/x8GNk5rDdBYQUHHS6\" target=\"_blank\" rel=\"noopener noreferrer\">Curso 2019-20<\/a><\/h1>\n<\/td>\n<\/tr>\n<tr>\n<td style=\"text-align: center\">\n<h1><a href=\"https:\/\/photos.app.goo.gl\/ecz7TAZtof3WMKfz5\" target=\"_blank\" rel=\"noopener noreferrer\">Curso 2021-22<\/a><\/h1>\n<\/td>\n<td style=\"text-align: center\">\n<h1>&nbsp;<\/h1>\n<\/td>\n<\/tr>\n<\/tbody>\n<\/table>\n<p style=\"text-align: center\">&nbsp;<\/p>\n","protected":false},"excerpt":{"rendered":"<p>Durante esta Semana, la Coordinadora del Plan de Autoprotecci\u00f3n realiza con el alumnado y el profesorado del centro&nbsp;una serie de actividades formativas te\u00f3rico pr\u00e1cticas en materia de actuaci\u00f3n ante situaciones&nbsp;de emergencia y evacuaci\u00f3n: charlas&#46;&#46;&#46;<\/p>\n","protected":false},"author":2371,"featured_media":0,"parent":0,"menu_order":0,"comment_status":"closed","ping_status":"closed","template":"","meta":{"ngg_post_thumbnail":0,"footnotes":"","_mc_calendar":[]},"aioseo_notices":[],"_links":{"self":[{"href":"https:\/\/blogsaverroes.juntadeandalucia.es\/ceipborbolla\/wp-json\/wp\/v2\/pages\/4660"}],"collection":[{"href":"https:\/\/blogsaverroes.juntadeandalucia.es\/ceipborbolla\/wp-json\/wp\/v2\/pages"}],"about":[{"href":"https:\/\/blogsaverroes.juntadeandalucia.es\/ceipborbolla\/wp-json\/wp\/v2\/types\/page"}],"author":[{"embeddable":true,"href":"https:\/\/blogsaverroes.juntadeandalucia.es\/ceipborbolla\/wp-json\/wp\/v2\/users\/2371"}],"replies":[{"embeddable":true,"href":"https:\/\/blogsaverroes.juntadeandalucia.es\/ceipborbolla\/wp-json\/wp\/v2\/comments?post=4660"}],"version-history":[{"count":20,"href":"https:\/\/blogsaverroes.juntadeandalucia.es\/ceipborbolla\/wp-json\/wp\/v2\/pages\/4660\/revisions"}],"predecessor-version":[{"id":8096,"href":"https:\/\/blogsaverroes.juntadeandalucia.es\/ceipborbolla\/wp-json\/wp\/v2\/pages\/4660\/revisions\/8096"}],"wp:attachment":[{"href":"https:\/\/blogsaverroes.juntadeandalucia.es\/ceipborbolla\/wp-json\/wp\/v2\/media?parent=4660"}],"curies":[{"name":"wp","href":"https:\/\/api.w.org\/{rel}","templated":true}]}}