{"id":4674,"date":"2018-10-31T21:56:57","date_gmt":"2018-10-31T20:56:57","guid":{"rendered":"https:\/\/blogsaverroes.juntadeandalucia.es\/ceipborbolla\/?page_id=4674"},"modified":"2022-05-02T09:18:32","modified_gmt":"2022-05-02T08:18:32","slug":"dia-de-la-constitucion","status":"publish","type":"page","link":"https:\/\/blogsaverroes.juntadeandalucia.es\/ceipborbolla\/dia-de-la-constitucion\/","title":{"rendered":"D\u00eda de la Constituci\u00f3n"},"content":{"rendered":"<p><span style=\"font-family: Verdana;font-size: small\">Cada&nbsp;<b>6 de diciembre<\/b>&nbsp;se celebra en Espa\u00f1a el D\u00eda de la Constituci\u00f3n, en memoria de su presentaci\u00f3n a los ciudadanos en refer\u00e9ndum en el a\u00f1o 1978, cuando fue aprobada. Previamente, el 31 de agosto de 1978, se hab\u00eda aceptado en el Congreso de los Diputados.<\/span><\/p>\n<p><span style=\"font-family: Verdana;color: #0000ff\"><b>\u00bfQu\u00e9 es una Constituci\u00f3n?<\/b><\/span><\/p>\n<p><span style=\"font-family: Verdana;font-size: small\">La Constituci\u00f3n es, en primer lugar, una&nbsp;<strong>cosa inmaterial&nbsp;<\/strong>: la ley fundamental por la que se rige el sistema de gobierno de un pa\u00eds; pero es tambi\u00e9n, al mismo tiempo, una&nbsp;<strong>cosa material&nbsp;<\/strong>: el librito donde se contiene el texto articulado de esa ley fundamental.<\/span><\/p>\n<p><span style=\"font-family: Verdana;font-size: small\">La Constituci\u00f3n de 1978 es la primera que se alcanza en Espa\u00f1a por consenso, a esto se suma su larga vigencia, hecho tambi\u00e9n \u00fanico en la historia de Espa\u00f1a.<\/span><\/p>\n<p class=\"heading-font\"><span style=\"color: #0000ff\"><strong>Presentaciones del texto de la Constituci\u00f3n Espa\u00f1ola<\/strong><\/span><\/p>\n<ul>\n<li><a href=\"http:\/\/www.congreso.es\/consti\/constitucion\/indice\/index.htm\" target=\"_blank\" rel=\"noopener noreferrer\"><u><strong>Constituci\u00f3n Espa\u00f1ola<\/strong>&nbsp;<\/u><\/a>. El texto de la Constituci\u00f3n en varios diomas para descargar (PDF\/WORD).<\/li>\n<li><strong><a href=\"http:\/\/www.lasaventurasderuedita.es\/\" target=\"_blank\" rel=\"noopener noreferrer\"><u>Las aventuras de ruedita y la Constituci\u00f3n<\/u><\/a><\/strong>. El texto de la Constituci\u00f3n presentado por un personaje animado infantil.<\/li>\n<li><a href=\"http:\/\/www.congreso.es\/consti\/constitucion\/zonajoven\/index.htm\" target=\"_blank\" rel=\"noopener noreferrer\"><strong><u>Viaje al centro de la Constituci\u00f3n Espa\u00f1ola<\/u><\/strong><\/a>&nbsp;(Roberto L. Blanco Vald\u00e9s). Ocho preguntas sobre la Constituci\u00f3n con sus respuestas razonadas.<\/li>\n<\/ul>\n<p>&nbsp;<\/p>\n<table style=\"width: 499.08px\">\n<tbody>\n<tr>\n<td style=\"width: 233px;text-align: center\"><a href=\"https:\/\/blogsaverroes.juntadeandalucia.es\/ceipborbolla\/biblioteca\/galeria-fotografica\/\" target=\"_blank\" rel=\"noopener noreferrer\">Curso 2018-19<\/a><\/td>\n<td style=\"width: 225.08px;text-align: center\"><a href=\"https:\/\/photos.app.goo.gl\/fJPgchBmMhEaDvku9\" target=\"_blank\" rel=\"noopener noreferrer\">Curso 2019-20<\/a><\/td>\n<\/tr>\n<tr>\n<td style=\"width: 233px;text-align: center\"><a href=\"https:\/\/blogsaverroes.juntadeandalucia.es\/ceipborbolla\/curso-2021-2022\/\" target=\"_blank\" rel=\"noopener noreferrer\">Curso 21-22<\/a><\/td>\n<td style=\"width: 225.08px;text-align: center\">&nbsp;<\/td>\n<\/tr>\n<\/tbody>\n<\/table>\n<p style=\"text-align: center\">&nbsp;<\/p>\n","protected":false},"excerpt":{"rendered":"<p>Cada&nbsp;6 de diciembre&nbsp;se celebra en Espa\u00f1a el D\u00eda de la Constituci\u00f3n, en memoria de su presentaci\u00f3n a los ciudadanos en refer\u00e9ndum en el a\u00f1o 1978, cuando fue aprobada. Previamente, el 31 de agosto de&#46;&#46;&#46;<\/p>\n","protected":false},"author":2371,"featured_media":0,"parent":0,"menu_order":0,"comment_status":"closed","ping_status":"closed","template":"","meta":{"ngg_post_thumbnail":0,"footnotes":"","_mc_calendar":[]},"aioseo_notices":[],"_links":{"self":[{"href":"https:\/\/blogsaverroes.juntadeandalucia.es\/ceipborbolla\/wp-json\/wp\/v2\/pages\/4674"}],"collection":[{"href":"https:\/\/blogsaverroes.juntadeandalucia.es\/ceipborbolla\/wp-json\/wp\/v2\/pages"}],"about":[{"href":"https:\/\/blogsaverroes.juntadeandalucia.es\/ceipborbolla\/wp-json\/wp\/v2\/types\/page"}],"author":[{"embeddable":true,"href":"https:\/\/blogsaverroes.juntadeandalucia.es\/ceipborbolla\/wp-json\/wp\/v2\/users\/2371"}],"replies":[{"embeddable":true,"href":"https:\/\/blogsaverroes.juntadeandalucia.es\/ceipborbolla\/wp-json\/wp\/v2\/comments?post=4674"}],"version-history":[{"count":7,"href":"https:\/\/blogsaverroes.juntadeandalucia.es\/ceipborbolla\/wp-json\/wp\/v2\/pages\/4674\/revisions"}],"predecessor-version":[{"id":8356,"href":"https:\/\/blogsaverroes.juntadeandalucia.es\/ceipborbolla\/wp-json\/wp\/v2\/pages\/4674\/revisions\/8356"}],"wp:attachment":[{"href":"https:\/\/blogsaverroes.juntadeandalucia.es\/ceipborbolla\/wp-json\/wp\/v2\/media?parent=4674"}],"curies":[{"name":"wp","href":"https:\/\/api.w.org\/{rel}","templated":true}]}}