{"id":4675,"date":"2018-10-31T21:56:57","date_gmt":"2018-10-31T20:56:57","guid":{"rendered":"https:\/\/blogsaverroes.juntadeandalucia.es\/ceipborbolla\/?page_id=4675"},"modified":"2022-05-02T09:14:43","modified_gmt":"2022-05-02T08:14:43","slug":"navidad","status":"publish","type":"page","link":"https:\/\/blogsaverroes.juntadeandalucia.es\/ceipborbolla\/navidad\/","title":{"rendered":"Navidad"},"content":{"rendered":"<p>&nbsp;<\/p>\n<p style=\"text-align: justify\">La <strong><span style=\"color: #008000\">Navidad<\/span> <\/strong>es una de las celebraciones m\u00e1s importantes del a\u00f1o y a los ni\u00f1os les encanta. &nbsp;En estas fiestas todo es alegr\u00eda:<\/p>\n<ul style=\"text-align: justify\">\n<li>Se entonan&nbsp;canciones navide\u00f1as.<\/li>\n<li>Se visitan belenes,&nbsp;&nbsp;la decoraci\u00f3n de las calles, alg\u00fan mercadillo t\u00edpico de estas fechas.<\/li>\n<li>Se elabora la felicitaci\u00f3n de Navidad, que se manda a todas las familias e instituciones.<\/li>\n<li>Las familias colaboran en la decoraci\u00f3n del centro y cuentan cuentos acordes a estas fechas..<\/li>\n<li>La Ampa organiza la visita del Paje Real y el \u00c1rbol de los deseos.<\/li>\n<li>La profesora del proyecto Barenboim monta una funci\u00f3n musical, para el disfrute de las familias.<\/li>\n<\/ul>\n<p style=\"text-align: justify\">Es un&nbsp;<strong><span style=\"color: #008000\">trabajo en equipo<\/span>, <\/strong>de&nbsp;&nbsp;<span style=\"color: #008000\"><strong>cooperaci\u00f3n<\/strong><\/span>, donde los ni\u00f1os y los adultos aprenden a ayudarse entre todos para conseguir un objetivo com\u00fan.<\/p>\n<p><a href=\"https:\/\/blogsaverroes.juntadeandalucia.es\/ceipborbolla\/files\/2019\/12\/Felices-Fiestas-Ceip-Borbolla.jpg\"><img loading=\"lazy\" decoding=\"async\" class=\"wp-image-6692 aligncenter\" src=\"https:\/\/blogsaverroes.juntadeandalucia.es\/ceipborbolla\/files\/2019\/12\/Felices-Fiestas-Ceip-Borbolla.jpg\" alt=\"\" width=\"428\" height=\"380\" srcset=\"https:\/\/blogsaverroes.juntadeandalucia.es\/ceipborbolla\/files\/2019\/12\/Felices-Fiestas-Ceip-Borbolla.jpg 720w, https:\/\/blogsaverroes.juntadeandalucia.es\/ceipborbolla\/files\/2019\/12\/Felices-Fiestas-Ceip-Borbolla-300x267.jpg 300w, https:\/\/blogsaverroes.juntadeandalucia.es\/ceipborbolla\/files\/2019\/12\/Felices-Fiestas-Ceip-Borbolla-24x21.jpg 24w, https:\/\/blogsaverroes.juntadeandalucia.es\/ceipborbolla\/files\/2019\/12\/Felices-Fiestas-Ceip-Borbolla-36x32.jpg 36w, https:\/\/blogsaverroes.juntadeandalucia.es\/ceipborbolla\/files\/2019\/12\/Felices-Fiestas-Ceip-Borbolla-48x43.jpg 48w\" sizes=\"(max-width: 428px) 100vw, 428px\" \/><\/a><\/p>\n<table style=\"height: 26px;width: 436.132px\">\n<tbody>\n<tr>\n<td style=\"width: 210px;text-align: center\"><a style=\"font-size: 15px\" href=\"https:\/\/blogsaverroes.juntadeandalucia.es\/ceipborbolla\/galeria-2018-19\/\" target=\"_blank\" rel=\"noopener noreferrer\">Curso 2018-19<\/a><\/p>\n<p><a style=\"font-size: 15px\" href=\"https:\/\/photos.app.goo.gl\/bRALQhDxnbUohxe86\" target=\"_blank\" rel=\"noopener noreferrer\">Visita nuestro \u00e1lbum<\/a><\/td>\n<td style=\"width: 190.132px;text-align: center\"><a href=\"https:\/\/photos.app.goo.gl\/UYT2cHoJzdLkxuYs6\" target=\"_blank\" rel=\"noopener noreferrer\">Curso 2019-20<\/a><\/td>\n<\/tr>\n<tr>\n<td style=\"width: 210px;text-align: center\"><a href=\"https:\/\/photos.app.goo.gl\/n7GC2sEY3v586WhR7\" target=\"_blank\" rel=\"noopener noreferrer\">Curso 2020-21<\/a><\/td>\n<td style=\"width: 190.132px;text-align: center\"><a href=\"https:\/\/blogsaverroes.juntadeandalucia.es\/ceipborbolla\/curso-2021-2022\/\" target=\"_blank\" rel=\"noopener noreferrer\">Curso 21-22<\/a><\/td>\n<\/tr>\n<\/tbody>\n<\/table>\n<p>&nbsp;<\/p>\n<p>&nbsp;<\/p>\n","protected":false},"excerpt":{"rendered":"<p>&nbsp; La Navidad es una de las celebraciones m\u00e1s importantes del a\u00f1o y a los ni\u00f1os les encanta. &nbsp;En estas fiestas todo es alegr\u00eda: Se entonan&nbsp;canciones navide\u00f1as. Se visitan belenes,&nbsp;&nbsp;la decoraci\u00f3n de las calles,&#46;&#46;&#46;<\/p>\n","protected":false},"author":2371,"featured_media":0,"parent":0,"menu_order":0,"comment_status":"closed","ping_status":"closed","template":"","meta":{"ngg_post_thumbnail":0,"footnotes":"","_mc_calendar":[]},"aioseo_notices":[],"_links":{"self":[{"href":"https:\/\/blogsaverroes.juntadeandalucia.es\/ceipborbolla\/wp-json\/wp\/v2\/pages\/4675"}],"collection":[{"href":"https:\/\/blogsaverroes.juntadeandalucia.es\/ceipborbolla\/wp-json\/wp\/v2\/pages"}],"about":[{"href":"https:\/\/blogsaverroes.juntadeandalucia.es\/ceipborbolla\/wp-json\/wp\/v2\/types\/page"}],"author":[{"embeddable":true,"href":"https:\/\/blogsaverroes.juntadeandalucia.es\/ceipborbolla\/wp-json\/wp\/v2\/users\/2371"}],"replies":[{"embeddable":true,"href":"https:\/\/blogsaverroes.juntadeandalucia.es\/ceipborbolla\/wp-json\/wp\/v2\/comments?post=4675"}],"version-history":[{"count":14,"href":"https:\/\/blogsaverroes.juntadeandalucia.es\/ceipborbolla\/wp-json\/wp\/v2\/pages\/4675\/revisions"}],"predecessor-version":[{"id":8353,"href":"https:\/\/blogsaverroes.juntadeandalucia.es\/ceipborbolla\/wp-json\/wp\/v2\/pages\/4675\/revisions\/8353"}],"wp:attachment":[{"href":"https:\/\/blogsaverroes.juntadeandalucia.es\/ceipborbolla\/wp-json\/wp\/v2\/media?parent=4675"}],"curies":[{"name":"wp","href":"https:\/\/api.w.org\/{rel}","templated":true}]}}