{"id":4685,"date":"2018-10-31T21:59:05","date_gmt":"2018-10-31T20:59:05","guid":{"rendered":"https:\/\/blogsaverroes.juntadeandalucia.es\/ceipborbolla\/?page_id=4685"},"modified":"2022-05-02T09:21:25","modified_gmt":"2022-05-02T08:21:25","slug":"dia-del-autismo","status":"publish","type":"page","link":"https:\/\/blogsaverroes.juntadeandalucia.es\/ceipborbolla\/dia-del-autismo\/","title":{"rendered":"D\u00eda del Autismo"},"content":{"rendered":"<p>&nbsp;<\/p>\n<p><a href=\"https:\/\/blogsaverroes.juntadeandalucia.es\/ceipborbolla\/files\/2018\/10\/1.jpg\"><img loading=\"lazy\" decoding=\"async\" class=\"alignleft wp-image-5827\" src=\"https:\/\/blogsaverroes.juntadeandalucia.es\/ceipborbolla\/files\/2018\/10\/1.jpg\" alt=\"\" width=\"297\" height=\"115\"><\/a><\/p>\n<p style=\"text-align: justify\">Durante la&nbsp; semana, se realizan&nbsp; una serie de actividades con motivo del <span style=\"color: #ff0000\">D\u00eda<\/span> <span style=\"color: #0000ff\">Mundial<\/span> <span style=\"color: #800080\">de<\/span> <span style=\"color: #008000\">la<\/span> <span style=\"color: #ff9900\">Concienciaci\u00f3n<\/span> <span style=\"color: #00ccff\">sobre<\/span> <span style=\"color: #ff00ff\">el<\/span> <span style=\"color: #00ff00\">Autismo<\/span>.<\/p>\n<p style=\"text-align: justify\">Estas actividades son las siguientes:<\/p>\n<p style=\"text-align: justify\"><strong><u>Guiones Sociales<\/u><\/strong><\/p>\n<p style=\"text-align: justify\">Se realizar\u00e1n Guiones Sociales por parte de los alumnos de Tercer Ciclo.<\/p>\n<p style=\"text-align: justify\">Ejemplos: Qu\u00e9 se hace para ir al m\u00e9dico, Burguer, cumplea\u00f1os, m\u00e9dico, peluquer\u00eda, dentista\u2026<\/p>\n<p style=\"text-align: justify\">Para ello el profesorado contar\u00e1 con orientaciones dadas por la profesora de TEA y la p\u00e1gina web de ARASAAC.<\/p>\n<p style=\"text-align: justify\">Los guiones realizados en cada curso se exponen en los pasillos del centro.<\/p>\n<p style=\"text-align: justify\"><strong><u>Juegos Adaptados\/ Recreo Inclusivo<\/u><\/strong><\/p>\n<p style=\"text-align: justify\">Se realizan juegos adaptados durante el recreo y los alumnos asisten ese d\u00eda al cole con un distintivo azul (camiseta, lazo&#8230;). Estos juegos son los siguientes:<\/p>\n<ul style=\"text-align: justify\">\n<li>Juegos de relevos en dos modalidades: sobre zancos y sobre pelotas canguros.<\/li>\n<li>F\u00fatbol (Juega el curso que le corresponda el martes).<\/li>\n<li>Tres en raya<\/li>\n<li>Animal, animal (S\u00f3lo Primer Ciclo)<\/li>\n<li>Gallinita ciega<\/li>\n<li>Combas<\/li>\n<\/ul>\n<p style=\"text-align: justify\">Estos juegos tradicionales tienen pictogramas para que los ni\u00f1os aprendan c\u00f3mo&nbsp; ayudan a mejorar la comunicaci\u00f3n de los ni\u00f1os del aula TEA.<\/p>\n<p style=\"text-align: justify\">Todos los alumnos pueden participar y los que no lo hagan deben respetar las zonas donde se realizan los juegos.<\/p>\n<table style=\"width: 383.431px\">\n<tbody>\n<tr>\n<td style=\"width: 190px\">\n<div style=\"text-align: center\"><a href=\"https:\/\/blogsaverroes.juntadeandalucia.es\/ceipborbolla\/galeria-2018-19\/\" target=\"_blank\" rel=\"noopener noreferrer\">Visita nuestra galer\u00eda fotogr\u00e1fica<\/a><\/div>\n<div style=\"text-align: center\">&nbsp;<\/div>\n<div style=\"text-align: center\"><a href=\"https:\/\/photos.app.goo.gl\/utEeAGnhNmtTPhjUA\" target=\"_blank\" rel=\"noopener noreferrer\">Visita nuestro \u00e1lbum<\/a><\/div>\n<\/td>\n<td style=\"width: 155.431px;text-align: center\"><a href=\"https:\/\/photos.app.goo.gl\/ueDKygshFJS8BEzUA\" target=\"_blank\" rel=\"noopener noreferrer\">curso 20-21<\/a><\/p>\n<p><a href=\"https:\/\/blogsaverroes.juntadeandalucia.es\/ceipborbolla\/files\/2021\/04\/2-DE-ABRIL-D%C3%8DA-INTERNACIONAL-DEL-AUTISMO.pdf\" target=\"_blank\" rel=\"noopener noreferrer\">Presentaci\u00f3n<\/a><\/td>\n<\/tr>\n<tr>\n<td style=\"width: 190px\">\n<div style=\"text-align: center\"><a href=\"https:\/\/blogsaverroes.juntadeandalucia.es\/ceipborbolla\/curso-2021-2022\/\" target=\"_blank\" rel=\"noopener noreferrer\">Curso 21-22<\/a><\/div>\n<\/td>\n<td style=\"width: 155.431px;text-align: center\">&nbsp;<\/td>\n<\/tr>\n<\/tbody>\n<\/table>\n<div>&nbsp;<\/div>\n","protected":false},"excerpt":{"rendered":"<p>&nbsp; Durante la&nbsp; semana, se realizan&nbsp; una serie de actividades con motivo del D\u00eda Mundial de la Concienciaci\u00f3n sobre el Autismo. Estas actividades son las siguientes: Guiones Sociales Se realizar\u00e1n Guiones Sociales por parte&#46;&#46;&#46;<\/p>\n","protected":false},"author":2371,"featured_media":0,"parent":0,"menu_order":0,"comment_status":"closed","ping_status":"closed","template":"","meta":{"ngg_post_thumbnail":0,"footnotes":"","_mc_calendar":[]},"aioseo_notices":[],"_links":{"self":[{"href":"https:\/\/blogsaverroes.juntadeandalucia.es\/ceipborbolla\/wp-json\/wp\/v2\/pages\/4685"}],"collection":[{"href":"https:\/\/blogsaverroes.juntadeandalucia.es\/ceipborbolla\/wp-json\/wp\/v2\/pages"}],"about":[{"href":"https:\/\/blogsaverroes.juntadeandalucia.es\/ceipborbolla\/wp-json\/wp\/v2\/types\/page"}],"author":[{"embeddable":true,"href":"https:\/\/blogsaverroes.juntadeandalucia.es\/ceipborbolla\/wp-json\/wp\/v2\/users\/2371"}],"replies":[{"embeddable":true,"href":"https:\/\/blogsaverroes.juntadeandalucia.es\/ceipborbolla\/wp-json\/wp\/v2\/comments?post=4685"}],"version-history":[{"count":7,"href":"https:\/\/blogsaverroes.juntadeandalucia.es\/ceipborbolla\/wp-json\/wp\/v2\/pages\/4685\/revisions"}],"predecessor-version":[{"id":8361,"href":"https:\/\/blogsaverroes.juntadeandalucia.es\/ceipborbolla\/wp-json\/wp\/v2\/pages\/4685\/revisions\/8361"}],"wp:attachment":[{"href":"https:\/\/blogsaverroes.juntadeandalucia.es\/ceipborbolla\/wp-json\/wp\/v2\/media?parent=4685"}],"curies":[{"name":"wp","href":"https:\/\/api.w.org\/{rel}","templated":true}]}}