{"id":4872,"date":"2018-11-10T18:15:19","date_gmt":"2018-11-10T17:15:19","guid":{"rendered":"https:\/\/blogsaverroes.juntadeandalucia.es\/ceipborbolla\/?page_id=4872"},"modified":"2018-11-12T19:38:41","modified_gmt":"2018-11-12T18:38:41","slug":"practica-digital","status":"publish","type":"page","link":"https:\/\/blogsaverroes.juntadeandalucia.es\/ceipborbolla\/practica-digital\/","title":{"rendered":"Cultura y Pr\u00e1ctica digital"},"content":{"rendered":"<p>&nbsp;<\/p>\n<p style=\"text-align: justify\">En esta sociedad asentada en la cultura digital, nuestro centro tienen la responsabilidad de adecuar los procesos educativos, asumiendo que las tecnolog\u00edas de la informaci\u00f3n y de la comunicaci\u00f3n son instrumentos mediadores cuya eficacia depende de la intencionalidad pedag\u00f3gica y de la did\u00e1ctica de su uso.<\/p>\n<p style=\"text-align: justify\">La cultura digital es fruto de nuestra civilizaci\u00f3n tecnol\u00f3gica. El reto es aprender a manejar la incertidumbre, convivir en los distintos espacios y comprender las tecnolog\u00edas de forma cr\u00edtica para hacer un uso activo de las mismas.<\/p>\n<p>&nbsp;<\/p>\n<p style=\"text-align: justify\">Los contenidos del \u00e1rea se han organizado en torno a tres bloques:<br \/>\n<strong><span style=\"color: #0000ff\">Bloque 1: Cultura digital,<\/span><\/strong> que aborda aspectos relevantes de la sociedad de la comunicaci\u00f3n, sus posibilidades, limitaciones, beneficios y peligros. As\u00ed como la seguridad y uso responsable y \u00e9tico de los medos digitales.&nbsp;<\/p>\n<p style=\"text-align: justify\"><strong><span style=\"color: #0000ff\">Bloque 2: Pr\u00e1ctica tecnol\u00f3gica,<\/span><\/strong> donde se incluye el conocimiento y uso de herramientas aplicaciones comunes que el alumnado ya utiliza o que podr\u00eda utilizar en su vida cotidiana y escolar.&nbsp;<br \/>\n<strong><span style=\"color: #0000ff\">Bloque 3: Educaci\u00f3n en l\u00ednea,<\/span><\/strong> orientado a la utilizaci\u00f3n educativa de las posibilidades digitales de la sociedad actual.&nbsp;<\/p>\n<p>&nbsp;<\/p>\n<p style=\"text-align: justify\">El desarrollo did\u00e1ctico de este \u00e1rea viene determinado por la inclusi\u00f3n de metodolog\u00edas basadas en situaciones experienciales, conectadas con la vida real que, a su vez, propicien la construcci\u00f3n activa del conocimiento y, por tanto, de respuestas basadas en el an\u00e1lisis y la reflexi\u00f3n personales y colectivas del alumnado.&nbsp;<\/p>\n<p style=\"text-align: justify\">Una metodolog\u00eda basada en la resoluci\u00f3n de situaciones problem\u00e1ticas, como elemento motivador, constituye una v\u00eda adecuada para abordar el desarrollo curricular del \u00e1rea. Por ello, el centro se encuentra inmerso en el <a href=\"https:\/\/blogsaverroes.juntadeandalucia.es\/ceipborbolla\/files\/2018\/11\/Proyecto-Prodig-2018-2021.pdf\" target=\"_blank\" rel=\"noopener\">programa \u201cProdig\u00bb&nbsp;<\/a>&nbsp;(Programa de digitalizaci\u00f3n de centros), el cual tiene como objetivo fundamental impulsar y apoyar la transformaci\u00f3n de los centros docentes en organizaciones educativas digitalmente competentes.<\/p>\n<p style=\"text-align: center\"><a href=\"https:\/\/blogsaverroes.juntadeandalucia.es\/ceipborbolla\/biblioteca\/galeria-fotografica\/\" target=\"_blank\" rel=\"noopener\">Visita nuestra galer\u00eda fotogr\u00e1fica<\/a><\/p>\n","protected":false},"excerpt":{"rendered":"<p>&nbsp; En esta sociedad asentada en la cultura digital, nuestro centro tienen la responsabilidad de adecuar los procesos educativos, asumiendo que las tecnolog\u00edas de la informaci\u00f3n y de la comunicaci\u00f3n son instrumentos mediadores cuya&#46;&#46;&#46;<\/p>\n","protected":false},"author":2371,"featured_media":0,"parent":0,"menu_order":0,"comment_status":"closed","ping_status":"closed","template":"","meta":{"ngg_post_thumbnail":0,"footnotes":"","_mc_calendar":[]},"aioseo_notices":[],"_links":{"self":[{"href":"https:\/\/blogsaverroes.juntadeandalucia.es\/ceipborbolla\/wp-json\/wp\/v2\/pages\/4872"}],"collection":[{"href":"https:\/\/blogsaverroes.juntadeandalucia.es\/ceipborbolla\/wp-json\/wp\/v2\/pages"}],"about":[{"href":"https:\/\/blogsaverroes.juntadeandalucia.es\/ceipborbolla\/wp-json\/wp\/v2\/types\/page"}],"author":[{"embeddable":true,"href":"https:\/\/blogsaverroes.juntadeandalucia.es\/ceipborbolla\/wp-json\/wp\/v2\/users\/2371"}],"replies":[{"embeddable":true,"href":"https:\/\/blogsaverroes.juntadeandalucia.es\/ceipborbolla\/wp-json\/wp\/v2\/comments?post=4872"}],"version-history":[{"count":5,"href":"https:\/\/blogsaverroes.juntadeandalucia.es\/ceipborbolla\/wp-json\/wp\/v2\/pages\/4872\/revisions"}],"predecessor-version":[{"id":4908,"href":"https:\/\/blogsaverroes.juntadeandalucia.es\/ceipborbolla\/wp-json\/wp\/v2\/pages\/4872\/revisions\/4908"}],"wp:attachment":[{"href":"https:\/\/blogsaverroes.juntadeandalucia.es\/ceipborbolla\/wp-json\/wp\/v2\/media?parent=4872"}],"curies":[{"name":"wp","href":"https:\/\/api.w.org\/{rel}","templated":true}]}}