{"id":5127,"date":"2018-11-27T22:36:14","date_gmt":"2018-11-27T21:36:14","guid":{"rendered":"https:\/\/blogsaverroes.juntadeandalucia.es\/ceipborbolla\/?page_id=5127"},"modified":"2025-11-17T20:18:12","modified_gmt":"2025-11-17T19:18:12","slug":"plan-de-apertura","status":"publish","type":"page","link":"https:\/\/blogsaverroes.juntadeandalucia.es\/ceipborbolla\/plan-de-apertura\/","title":{"rendered":"Plan de Apertura"},"content":{"rendered":"<h1 style=\"text-align: center\">&nbsp;<\/h1>\n<blockquote>\n<h3>\u00bfQu\u00e9 es el Plan de Apertura?<\/h3>\n<p>El Plan de Apertura de Centros Docentes, en el contexto de la educaci\u00f3n p\u00fablica andaluza, es una iniciativa de la Junta de Andaluc\u00eda que tiene por objetivo <strong data-start=\"156\" data-end=\"215\">facilitar la conciliaci\u00f3n de la vida laboral y familiar<\/strong> de los padres\/madres y tutores, al tiempo que <strong data-start=\"262\" data-end=\"294\">completa la oferta educativa<\/strong> del centro m\u00e1s all\u00e1 de la jornada lectiva tradicional.<\/p>\n<p>&nbsp;<\/p><\/blockquote>\n<p class=\"has-light-green-cyan-background-color has-background has-medium-font-size\"><strong>L\u00cdMITES PARA LAS BONIFICACIONES DEL PRECIO P\u00daBLICO PARA EL CURSO 2025\/2026<\/strong><\/p>\n<p><a href=\"https:\/\/blogsaverroes.juntadeandalucia.es\/ceipborbolla\/files\/2025\/11\/LIMITES-PARA-LAS-BONIFICACIONES-DEL-PRECIO-PUBLICO-PARA-EL-CURSO-25-26.png\"><img loading=\"lazy\" decoding=\"async\" class=\"alignnone size-full wp-image-9639\" src=\"https:\/\/blogsaverroes.juntadeandalucia.es\/ceipborbolla\/files\/2025\/11\/LIMITES-PARA-LAS-BONIFICACIONES-DEL-PRECIO-PUBLICO-PARA-EL-CURSO-25-26.png\" alt=\"\" width=\"1516\" height=\"796\" srcset=\"https:\/\/blogsaverroes.juntadeandalucia.es\/ceipborbolla\/files\/2025\/11\/LIMITES-PARA-LAS-BONIFICACIONES-DEL-PRECIO-PUBLICO-PARA-EL-CURSO-25-26.png 1516w, https:\/\/blogsaverroes.juntadeandalucia.es\/ceipborbolla\/files\/2025\/11\/LIMITES-PARA-LAS-BONIFICACIONES-DEL-PRECIO-PUBLICO-PARA-EL-CURSO-25-26-300x158.png 300w, https:\/\/blogsaverroes.juntadeandalucia.es\/ceipborbolla\/files\/2025\/11\/LIMITES-PARA-LAS-BONIFICACIONES-DEL-PRECIO-PUBLICO-PARA-EL-CURSO-25-26-1024x538.png 1024w, https:\/\/blogsaverroes.juntadeandalucia.es\/ceipborbolla\/files\/2025\/11\/LIMITES-PARA-LAS-BONIFICACIONES-DEL-PRECIO-PUBLICO-PARA-EL-CURSO-25-26-768x403.png 768w\" sizes=\"(max-width: 1516px) 100vw, 1516px\" \/><\/a><\/p>\n<p><a href=\"https:\/\/blogsaverroes.juntadeandalucia.es\/ceipborbolla\/files\/2025\/11\/LIMITES-PARA-LAS-BONIFICACIONES-DE-LOS-SERVICIOS-COMPLEMENTARIOS-2025-2026.pdf\">Version PDF<\/a><\/p>\n","protected":false},"excerpt":{"rendered":"<p>&nbsp; \u00bfQu\u00e9 es el Plan de Apertura? El Plan de Apertura de Centros Docentes, en el contexto de la educaci\u00f3n p\u00fablica andaluza, es una iniciativa de la Junta de Andaluc\u00eda que tiene por objetivo&#46;&#46;&#46;<\/p>\n","protected":false},"author":2371,"featured_media":0,"parent":0,"menu_order":0,"comment_status":"closed","ping_status":"closed","template":"","meta":{"ngg_post_thumbnail":0,"footnotes":"","_mc_calendar":[]},"aioseo_notices":[],"_links":{"self":[{"href":"https:\/\/blogsaverroes.juntadeandalucia.es\/ceipborbolla\/wp-json\/wp\/v2\/pages\/5127"}],"collection":[{"href":"https:\/\/blogsaverroes.juntadeandalucia.es\/ceipborbolla\/wp-json\/wp\/v2\/pages"}],"about":[{"href":"https:\/\/blogsaverroes.juntadeandalucia.es\/ceipborbolla\/wp-json\/wp\/v2\/types\/page"}],"author":[{"embeddable":true,"href":"https:\/\/blogsaverroes.juntadeandalucia.es\/ceipborbolla\/wp-json\/wp\/v2\/users\/2371"}],"replies":[{"embeddable":true,"href":"https:\/\/blogsaverroes.juntadeandalucia.es\/ceipborbolla\/wp-json\/wp\/v2\/comments?post=5127"}],"version-history":[{"count":8,"href":"https:\/\/blogsaverroes.juntadeandalucia.es\/ceipborbolla\/wp-json\/wp\/v2\/pages\/5127\/revisions"}],"predecessor-version":[{"id":5132,"href":"https:\/\/blogsaverroes.juntadeandalucia.es\/ceipborbolla\/wp-json\/wp\/v2\/pages\/5127\/revisions\/5132"}],"wp:attachment":[{"href":"https:\/\/blogsaverroes.juntadeandalucia.es\/ceipborbolla\/wp-json\/wp\/v2\/media?parent=5127"}],"curies":[{"name":"wp","href":"https:\/\/api.w.org\/{rel}","templated":true}]}}