{"id":5193,"date":"2018-11-30T14:48:45","date_gmt":"2018-11-30T13:48:45","guid":{"rendered":"https:\/\/blogsaverroes.juntadeandalucia.es\/ceipborbolla\/?page_id=5193"},"modified":"2021-06-11T12:04:22","modified_gmt":"2021-06-11T11:04:22","slug":"programa-de-transito","status":"publish","type":"page","link":"https:\/\/blogsaverroes.juntadeandalucia.es\/ceipborbolla\/programa-de-transito\/","title":{"rendered":"Programa de Tr\u00e1nsito"},"content":{"rendered":"<p><a href=\"https:\/\/blogsaverroes.juntadeandalucia.es\/ceipborbolla\/files\/2018\/12\/Programas-de-tr\u00e1nsito.jpg\"><img loading=\"lazy\" decoding=\"async\" class=\"aligncenter wp-image-5246\" src=\"https:\/\/blogsaverroes.juntadeandalucia.es\/ceipborbolla\/files\/2018\/12\/Programas-de-tr\u00e1nsito.jpg\" alt=\"\" width=\"406\" height=\"304\" srcset=\"https:\/\/blogsaverroes.juntadeandalucia.es\/ceipborbolla\/files\/2018\/12\/Programas-de-tr\u00e1nsito.jpg 960w, https:\/\/blogsaverroes.juntadeandalucia.es\/ceipborbolla\/files\/2018\/12\/Programas-de-tr\u00e1nsito-300x225.jpg 300w, https:\/\/blogsaverroes.juntadeandalucia.es\/ceipborbolla\/files\/2018\/12\/Programas-de-tr\u00e1nsito-24x18.jpg 24w, https:\/\/blogsaverroes.juntadeandalucia.es\/ceipborbolla\/files\/2018\/12\/Programas-de-tr\u00e1nsito-36x27.jpg 36w, https:\/\/blogsaverroes.juntadeandalucia.es\/ceipborbolla\/files\/2018\/12\/Programas-de-tr\u00e1nsito-48x36.jpg 48w\" sizes=\"(max-width: 406px) 100vw, 406px\" \/><\/a><\/p>\n<h1>&nbsp;<\/h1>\n<h1 style=\"text-align: center\"><a href=\"https:\/\/blogsaverroes.juntadeandalucia.es\/ceipborbolla\/files\/2018\/11\/Programa-de-Tr\u00e1nsito-Ceip-Borbolla.pdf\" target=\"_blank\" rel=\"noopener noreferrer\">Programas de Tr\u00e1nsito 2018-2022<\/a><\/h1>\n<p>&nbsp;<\/p>\n<p>&nbsp;<\/p>\n<h1 style=\"text-align: center\"><a href=\"https:\/\/blogsaverroes.juntadeandalucia.es\/ceipborbolla\/files\/2019\/05\/Presentaci\u00f3n-Tr\u00e1nsito-de-Infantil-a-Primaria.pdf\" target=\"_blank\" rel=\"noopener noreferrer\">Presentaci\u00f3n Tr\u00e1nsito de Infantil a Primaria<\/a><\/h1>\n<h1 style=\"text-align: center\"><a href=\"https:\/\/www.powtoon.com\/c\/dMFSzcHB3Dk\/2\/m\" target=\"_blank\" rel=\"noopener noreferrer\">Presentaci\u00f3n Orientadora: Tr\u00e1nsito de Infantil a Primaria 20-21<\/a><\/h1>\n<h1 style=\"text-align: center\"><a href=\"https:\/\/blogsaverroes.juntadeandalucia.es\/ceipborbolla\/files\/2021\/06\/Orientaciones-familias-5-a\u00f1os.pdf\" target=\"_blank\" rel=\"noopener noreferrer\">Orientaciones 20-21 familias 5 a\u00f1os &#8211; Orientadora<\/a><\/h1>\n<p>&nbsp;<\/p>\n<p>&nbsp;<\/p>\n<h1 style=\"text-align: center\"><a href=\"https:\/\/blogsaverroes.juntadeandalucia.es\/ceipborbolla\/files\/2019\/05\/Presentaci\u00f3n-Tr\u00e1nsito-de-Primaria-a-Secundaria.pdf\" target=\"_blank\" rel=\"noopener noreferrer\">Presentaci\u00f3n Tr\u00e1nsito de Primaria a Secundaria<\/a><\/h1>\n<h1 style=\"text-align: center\"><a href=\"https:\/\/blogsaverroes.juntadeandalucia.es\/ceipborbolla\/files\/2021\/06\/Tr\u00edptico-Tr\u00e1nsito-ESO-Borbolla.pdf\" target=\"_blank\" rel=\"noopener noreferrer\">Tr\u00edptico Tr\u00e1nsito 20-21 ESO Borbolla<\/a><\/h1>\n<h1 style=\"text-align: center\">&nbsp;<\/h1>\n","protected":false},"excerpt":{"rendered":"<p>&nbsp; Programas de Tr\u00e1nsito 2018-2022 &nbsp; &nbsp; Presentaci\u00f3n Tr\u00e1nsito de Infantil a Primaria Presentaci\u00f3n Orientadora: Tr\u00e1nsito de Infantil a Primaria 20-21 Orientaciones 20-21 familias 5 a\u00f1os &#8211; Orientadora &nbsp; &nbsp; Presentaci\u00f3n Tr\u00e1nsito de Primaria&#46;&#46;&#46;<\/p>\n","protected":false},"author":2371,"featured_media":0,"parent":0,"menu_order":0,"comment_status":"closed","ping_status":"closed","template":"","meta":{"ngg_post_thumbnail":0,"footnotes":"","_mc_calendar":[]},"aioseo_notices":[],"_links":{"self":[{"href":"https:\/\/blogsaverroes.juntadeandalucia.es\/ceipborbolla\/wp-json\/wp\/v2\/pages\/5193"}],"collection":[{"href":"https:\/\/blogsaverroes.juntadeandalucia.es\/ceipborbolla\/wp-json\/wp\/v2\/pages"}],"about":[{"href":"https:\/\/blogsaverroes.juntadeandalucia.es\/ceipborbolla\/wp-json\/wp\/v2\/types\/page"}],"author":[{"embeddable":true,"href":"https:\/\/blogsaverroes.juntadeandalucia.es\/ceipborbolla\/wp-json\/wp\/v2\/users\/2371"}],"replies":[{"embeddable":true,"href":"https:\/\/blogsaverroes.juntadeandalucia.es\/ceipborbolla\/wp-json\/wp\/v2\/comments?post=5193"}],"version-history":[{"count":10,"href":"https:\/\/blogsaverroes.juntadeandalucia.es\/ceipborbolla\/wp-json\/wp\/v2\/pages\/5193\/revisions"}],"predecessor-version":[{"id":7824,"href":"https:\/\/blogsaverroes.juntadeandalucia.es\/ceipborbolla\/wp-json\/wp\/v2\/pages\/5193\/revisions\/7824"}],"wp:attachment":[{"href":"https:\/\/blogsaverroes.juntadeandalucia.es\/ceipborbolla\/wp-json\/wp\/v2\/media?parent=5193"}],"curies":[{"name":"wp","href":"https:\/\/api.w.org\/{rel}","templated":true}]}}