{"id":5200,"date":"2018-11-30T14:48:45","date_gmt":"2018-11-30T13:48:45","guid":{"rendered":"https:\/\/blogsaverroes.juntadeandalucia.es\/ceipborbolla\/?page_id=5200"},"modified":"2021-11-16T11:38:35","modified_gmt":"2021-11-16T10:38:35","slug":"plan-de-autoproteccion","status":"publish","type":"page","link":"https:\/\/blogsaverroes.juntadeandalucia.es\/ceipborbolla\/plan-de-autoproteccion\/","title":{"rendered":"Plan de Autoprotecci\u00f3n"},"content":{"rendered":"<p>&nbsp;<\/p>\n<p align=\"justify\">El<strong>&nbsp;Plan de Autoprotecci\u00f3n del Centro<\/strong>&nbsp;es el sistema de acciones y medidas, adoptadas por los titulares o responsables de las actividades educativas, con sus propios medios y recursos, dentro de su \u00e1mbito de competencias, encaminadas a prevenir y controlar los riesgos sobre las personas y los bienes, a dar respuestas adecuadas a las posibles situaciones de emergencia y a garantizar la integraci\u00f3n de estas actuaciones en el sistema p\u00fablico de protecci\u00f3n civil.<\/p>\n<p align=\"justify\"><a href=\"https:\/\/blogsaverroes.juntadeandalucia.es\/ceipborbolla\/files\/2018\/11\/plan-de-autoproteccion-melilla.jpg\"><img loading=\"lazy\" decoding=\"async\" class=\"wp-image-5858 alignleft\" src=\"https:\/\/blogsaverroes.juntadeandalucia.es\/ceipborbolla\/files\/2018\/11\/plan-de-autoproteccion-melilla.jpg\" alt=\"\" width=\"106\" height=\"106\" srcset=\"https:\/\/blogsaverroes.juntadeandalucia.es\/ceipborbolla\/files\/2018\/11\/plan-de-autoproteccion-melilla.jpg 224w, https:\/\/blogsaverroes.juntadeandalucia.es\/ceipborbolla\/files\/2018\/11\/plan-de-autoproteccion-melilla-150x150.jpg 150w, https:\/\/blogsaverroes.juntadeandalucia.es\/ceipborbolla\/files\/2018\/11\/plan-de-autoproteccion-melilla-100x100.jpg 100w, https:\/\/blogsaverroes.juntadeandalucia.es\/ceipborbolla\/files\/2018\/11\/plan-de-autoproteccion-melilla-24x24.jpg 24w, https:\/\/blogsaverroes.juntadeandalucia.es\/ceipborbolla\/files\/2018\/11\/plan-de-autoproteccion-melilla-36x36.jpg 36w, https:\/\/blogsaverroes.juntadeandalucia.es\/ceipborbolla\/files\/2018\/11\/plan-de-autoproteccion-melilla-48x48.jpg 48w\" sizes=\"(max-width: 106px) 100vw, 106px\" \/><\/a>Por tanto, debe ser entendido como el conjunto de actuaciones y medidas organizativas que el centro dise\u00f1a, y pone en pr\u00e1ctica, para planificar las actuaciones de seguridad tendentes a neutralizar o minimizar accidentes y sus posibles consecuencias, hasta la llegada de las ayudas externas<\/p>\n<p>Actividades que se llevan a cabo son:<\/p>\n<ol>\n<li>Elaboraci\u00f3n y revisi\u00f3n del Plan de Autoprotecci\u00f3n del Centro.<\/li>\n<li>Dar a conocer al profesorado, al alumnado , personal de administraci\u00f3n y servicios los pasos a seguir en caso de emergencias.<\/li>\n<li>Colocaci\u00f3n de planos de los edificios, con el fin de poder consultar el recorrido a seguir en caso de emergencias.<\/li>\n<li>Realizaci\u00f3n de simulacros de evacuaci\u00f3n o confinamiento de emergencia.<\/li>\n<li>Revisi\u00f3n peri\u00f3dica y mantenimiento de botiquines e instalaciones del centro.<\/li>\n<li>Registro de accidentes e incidentes del profesorado, alumnado y personal de administraci\u00f3n y servicios<\/li>\n<li>Participaci\u00f3n en actividades de formaci\u00f3n en materia de salud laboral y prevenci\u00f3n de riesgos laborales.<\/li>\n<\/ol>\n<p style=\"text-align: center\">&nbsp;<\/p>\n<p style=\"text-align: center\"><a href=\"https:\/\/blogsaverroes.juntadeandalucia.es\/ceipborbolla\/files\/2021\/11\/Autoprotecci\u00f3n-21-22.pdf\" target=\"_blank\" rel=\"noopener noreferrer\">Plan de Autoprotecci\u00f3n <\/a><\/p>\n","protected":false},"excerpt":{"rendered":"<p>&nbsp; El&nbsp;Plan de Autoprotecci\u00f3n del Centro&nbsp;es el sistema de acciones y medidas, adoptadas por los titulares o responsables de las actividades educativas, con sus propios medios y recursos, dentro de su \u00e1mbito de competencias,&#46;&#46;&#46;<\/p>\n","protected":false},"author":2371,"featured_media":0,"parent":0,"menu_order":0,"comment_status":"closed","ping_status":"closed","template":"","meta":{"ngg_post_thumbnail":0,"footnotes":"","_mc_calendar":[]},"aioseo_notices":[],"_links":{"self":[{"href":"https:\/\/blogsaverroes.juntadeandalucia.es\/ceipborbolla\/wp-json\/wp\/v2\/pages\/5200"}],"collection":[{"href":"https:\/\/blogsaverroes.juntadeandalucia.es\/ceipborbolla\/wp-json\/wp\/v2\/pages"}],"about":[{"href":"https:\/\/blogsaverroes.juntadeandalucia.es\/ceipborbolla\/wp-json\/wp\/v2\/types\/page"}],"author":[{"embeddable":true,"href":"https:\/\/blogsaverroes.juntadeandalucia.es\/ceipborbolla\/wp-json\/wp\/v2\/users\/2371"}],"replies":[{"embeddable":true,"href":"https:\/\/blogsaverroes.juntadeandalucia.es\/ceipborbolla\/wp-json\/wp\/v2\/comments?post=5200"}],"version-history":[{"count":15,"href":"https:\/\/blogsaverroes.juntadeandalucia.es\/ceipborbolla\/wp-json\/wp\/v2\/pages\/5200\/revisions"}],"predecessor-version":[{"id":8065,"href":"https:\/\/blogsaverroes.juntadeandalucia.es\/ceipborbolla\/wp-json\/wp\/v2\/pages\/5200\/revisions\/8065"}],"wp:attachment":[{"href":"https:\/\/blogsaverroes.juntadeandalucia.es\/ceipborbolla\/wp-json\/wp\/v2\/media?parent=5200"}],"curies":[{"name":"wp","href":"https:\/\/api.w.org\/{rel}","templated":true}]}}