{"id":5342,"date":"2018-12-19T08:31:27","date_gmt":"2018-12-19T07:31:27","guid":{"rendered":"https:\/\/blogsaverroes.juntadeandalucia.es\/ceipborbolla\/?page_id=5342"},"modified":"2018-12-28T18:09:02","modified_gmt":"2018-12-28T17:09:02","slug":"colaboras-2","status":"publish","type":"page","link":"https:\/\/blogsaverroes.juntadeandalucia.es\/ceipborbolla\/colaboras-2\/","title":{"rendered":"\u00bfColaboras?"},"content":{"rendered":"<p style=\"text-align: justify\"><strong><span style=\"color: #000000\">La educaci\u00f3n es una tarea que nos afecta a todos.<\/span><\/strong> En el equilibrio de las relaciones entre escuela, alumnos y familia, el sistema educativo tiene que contar con esta \u00faltima y confiar en sus decisiones, puesto que las familias son las primeras responsables de la educaci\u00f3n de nuestros alumnos.<\/p>\n<p style=\"text-align: justify\">La participaci\u00f3n e implicaci\u00f3n activa de las familias en la educaci\u00f3n de sus hijos y su colaboraci\u00f3n con los objetivos escolares son dos aspectos determinantes para asegurar un progreso educativo adecuado del alumnado.<\/p>\n<p style=\"text-align: justify\"><strong>Supone&nbsp;conocer las responsabilidades de cada uno<\/strong>, respetarse mutuamente y facilitar los puentes de colaboraci\u00f3n para lograr el \u00e9xito educativo.<\/p>\n<p style=\"text-align: justify\">Nuestro objetivo es ofrecer oportunidades para <strong>colaboraciones voluntarias de los padres en el aula<\/strong>, aprovechando los recursos y posibilidades formativas que ofrecen las familias dentro de los proyectos educativos: hacer que por un lado los alumnos se sientan m\u00e1s motivados a aprender y por otro lado, hacer que las familias est\u00e9n inmersas en el aprendizaje de los ni\u00f1os.<\/p>\n<p>&nbsp;<\/p>\n<p style=\"text-align: justify\">Por todo ello, <strong>si no cumpliment\u00f3 la circular,<\/strong>&nbsp;es su deseo y su horario laboral lo permite, mandenos un correo a:<\/p>\n<p style=\"text-align: center\"><strong>Email:&nbsp;<\/strong><a href=\"mailto:41004514.edu@juntadeandalucia.es\">41004514.edu@juntadeandalucia.es<\/a><\/p>\n<p>con la siguiente informaci\u00f3n:<\/p>\n<p>&nbsp;<\/p>\n<p>Puedo colaborar en el centro:<\/p>\n<ul>\n<li><span style=\"font-size: 14px\">en el aula (por la ma\u00f1ana\/por la tarde)<\/span><\/li>\n<li><span style=\"font-size: 14px\">en la Biblioteca (por la ma\u00f1ana\/por la tarde)<\/span><\/li>\n<li><span style=\"font-size: 14px\">en el huerto escolar&nbsp;(por la ma\u00f1ana\/por la tarde)<\/span><\/li>\n<li>en m<span style=\"font-size: 14px\">antenimiento y decoraci\u00f3n&nbsp;(por la ma\u00f1ana\/por la tarde)<\/span><\/li>\n<li>otros (charlas tem\u00e1ticas, talleres&#8230;)<\/li>\n<\/ul>\n<p>indicando su nombre, el de su hijo\/a y el curso.<\/p>\n<p><strong>&nbsp;<\/strong><\/p>\n<p style=\"text-align: center\"><strong>AGRADECEMOS SU COLABORACI\u00d3N<\/strong><\/p>\n<p>&nbsp;<\/p>\n","protected":false},"excerpt":{"rendered":"<p>La educaci\u00f3n es una tarea que nos afecta a todos. En el equilibrio de las relaciones entre escuela, alumnos y familia, el sistema educativo tiene que contar con esta \u00faltima y confiar en sus&#46;&#46;&#46;<\/p>\n","protected":false},"author":2371,"featured_media":0,"parent":0,"menu_order":0,"comment_status":"closed","ping_status":"closed","template":"","meta":{"ngg_post_thumbnail":0,"footnotes":"","_mc_calendar":[]},"aioseo_notices":[],"_links":{"self":[{"href":"https:\/\/blogsaverroes.juntadeandalucia.es\/ceipborbolla\/wp-json\/wp\/v2\/pages\/5342"}],"collection":[{"href":"https:\/\/blogsaverroes.juntadeandalucia.es\/ceipborbolla\/wp-json\/wp\/v2\/pages"}],"about":[{"href":"https:\/\/blogsaverroes.juntadeandalucia.es\/ceipborbolla\/wp-json\/wp\/v2\/types\/page"}],"author":[{"embeddable":true,"href":"https:\/\/blogsaverroes.juntadeandalucia.es\/ceipborbolla\/wp-json\/wp\/v2\/users\/2371"}],"replies":[{"embeddable":true,"href":"https:\/\/blogsaverroes.juntadeandalucia.es\/ceipborbolla\/wp-json\/wp\/v2\/comments?post=5342"}],"version-history":[{"count":4,"href":"https:\/\/blogsaverroes.juntadeandalucia.es\/ceipborbolla\/wp-json\/wp\/v2\/pages\/5342\/revisions"}],"predecessor-version":[{"id":5414,"href":"https:\/\/blogsaverroes.juntadeandalucia.es\/ceipborbolla\/wp-json\/wp\/v2\/pages\/5342\/revisions\/5414"}],"wp:attachment":[{"href":"https:\/\/blogsaverroes.juntadeandalucia.es\/ceipborbolla\/wp-json\/wp\/v2\/media?parent=5342"}],"curies":[{"name":"wp","href":"https:\/\/api.w.org\/{rel}","templated":true}]}}