{"id":5764,"date":"2019-03-28T21:24:36","date_gmt":"2019-03-28T20:24:36","guid":{"rendered":"https:\/\/blogsaverroes.juntadeandalucia.es\/ceipborbolla\/?page_id=5764"},"modified":"2019-03-28T22:10:43","modified_gmt":"2019-03-28T21:10:43","slug":"061-2","status":"publish","type":"page","link":"https:\/\/blogsaverroes.juntadeandalucia.es\/ceipborbolla\/061-2\/","title":{"rendered":"061 Autoprotecci\u00f3n"},"content":{"rendered":"<p class=\"spip\" style=\"text-align: justify\">Dentro del plan de Autoprotecci\u00f3n, la Coordinadora del Plan de Salud Laboral y Prevenci\u00f3n de Riesgos Laborales, ha organizado una actividad formativa consistente en la visita a nuestro centro del \u201c061\u201d.<\/p>\n<p class=\"spip\" style=\"text-align: justify\">La visita se inicia con una charla sobre la organizaci\u00f3n del \u201c061\u201d y sobre el trabajo que desarrollan las personas que pertenecen a \u00e9l, para continuar con una lluvia de&nbsp; preguntas interesantes que realizaron nuestros alumnos\/as.<\/p>\n<p><a href=\"https:\/\/blogsaverroes.juntadeandalucia.es\/ceipborbolla\/files\/2019\/03\/21032019-P3210416.jpg\"><img loading=\"lazy\" decoding=\"async\" class=\"wp-image-5771 aligncenter\" src=\"https:\/\/blogsaverroes.juntadeandalucia.es\/ceipborbolla\/files\/2019\/03\/21032019-P3210416.jpg\" alt=\"\" width=\"258\" height=\"194\" srcset=\"https:\/\/blogsaverroes.juntadeandalucia.es\/ceipborbolla\/files\/2019\/03\/21032019-P3210416.jpg 1600w, https:\/\/blogsaverroes.juntadeandalucia.es\/ceipborbolla\/files\/2019\/03\/21032019-P3210416-300x225.jpg 300w, https:\/\/blogsaverroes.juntadeandalucia.es\/ceipborbolla\/files\/2019\/03\/21032019-P3210416-1024x768.jpg 1024w, https:\/\/blogsaverroes.juntadeandalucia.es\/ceipborbolla\/files\/2019\/03\/21032019-P3210416-24x18.jpg 24w, https:\/\/blogsaverroes.juntadeandalucia.es\/ceipborbolla\/files\/2019\/03\/21032019-P3210416-36x27.jpg 36w, https:\/\/blogsaverroes.juntadeandalucia.es\/ceipborbolla\/files\/2019\/03\/21032019-P3210416-48x36.jpg 48w\" sizes=\"(max-width: 258px) 100vw, 258px\" \/><\/a><\/p>\n<p class=\"spip\" style=\"text-align: justify\">Seguidamente,&nbsp; el t\u00e9cnico encargado les&nbsp; muestra los diferentes objetos del interior de la ambulancia y sus diferentes funciones, para finalizar con simulacros pr\u00e1cticos de las distintas situaciones que pueden surgir en el d\u00eda a d\u00eda de una unidad m\u00f3vil del 061.&nbsp;<\/p>\n<p class=\"spip\" style=\"text-align: justify\">El objetivo de esta actividad es&nbsp;formar a nuestros alumnos\/as en prevenci\u00f3n de accidentes y en los pasos a seguir para que cualquier persona pueda convertirse en primer interviniente en un caso de emergencia vital.<\/p>\n<p>&nbsp;<\/p>\n<p style=\"text-align: center\"><a href=\"https:\/\/photos.app.goo.gl\/hP8wcxxGXiJu5MmBA\" target=\"_blank\" rel=\"noopener\">Visita nuestra galer\u00eda<\/a><\/p>\n<p>&nbsp;<\/p>\n","protected":false},"excerpt":{"rendered":"<p>Dentro del plan de Autoprotecci\u00f3n, la Coordinadora del Plan de Salud Laboral y Prevenci\u00f3n de Riesgos Laborales, ha organizado una actividad formativa consistente en la visita a nuestro centro del \u201c061\u201d. La visita se&#46;&#46;&#46;<\/p>\n","protected":false},"author":2371,"featured_media":0,"parent":0,"menu_order":0,"comment_status":"closed","ping_status":"closed","template":"","meta":{"ngg_post_thumbnail":0,"footnotes":"","_mc_calendar":[]},"aioseo_notices":[],"_links":{"self":[{"href":"https:\/\/blogsaverroes.juntadeandalucia.es\/ceipborbolla\/wp-json\/wp\/v2\/pages\/5764"}],"collection":[{"href":"https:\/\/blogsaverroes.juntadeandalucia.es\/ceipborbolla\/wp-json\/wp\/v2\/pages"}],"about":[{"href":"https:\/\/blogsaverroes.juntadeandalucia.es\/ceipborbolla\/wp-json\/wp\/v2\/types\/page"}],"author":[{"embeddable":true,"href":"https:\/\/blogsaverroes.juntadeandalucia.es\/ceipborbolla\/wp-json\/wp\/v2\/users\/2371"}],"replies":[{"embeddable":true,"href":"https:\/\/blogsaverroes.juntadeandalucia.es\/ceipborbolla\/wp-json\/wp\/v2\/comments?post=5764"}],"version-history":[{"count":5,"href":"https:\/\/blogsaverroes.juntadeandalucia.es\/ceipborbolla\/wp-json\/wp\/v2\/pages\/5764\/revisions"}],"predecessor-version":[{"id":5773,"href":"https:\/\/blogsaverroes.juntadeandalucia.es\/ceipborbolla\/wp-json\/wp\/v2\/pages\/5764\/revisions\/5773"}],"wp:attachment":[{"href":"https:\/\/blogsaverroes.juntadeandalucia.es\/ceipborbolla\/wp-json\/wp\/v2\/media?parent=5764"}],"curies":[{"name":"wp","href":"https:\/\/api.w.org\/{rel}","templated":true}]}}