{"id":5792,"date":"2019-04-07T06:30:07","date_gmt":"2019-04-07T05:30:07","guid":{"rendered":"https:\/\/blogsaverroes.juntadeandalucia.es\/ceipborbolla\/?page_id=5792"},"modified":"2019-04-07T06:56:09","modified_gmt":"2019-04-07T05:56:09","slug":"dia-del-deporte","status":"publish","type":"page","link":"https:\/\/blogsaverroes.juntadeandalucia.es\/ceipborbolla\/dia-del-deporte\/","title":{"rendered":"D\u00eda del Deporte"},"content":{"rendered":"<p>&nbsp;<\/p>\n<p style=\"text-align: justify\">La AMPA de nuestro colegio organiza la \u00ab<strong><span style=\"color: #008000\">Fiesta del Deporte<\/span><\/strong>\u201d.<\/p>\n<p style=\"text-align: justify\">Esta actividad de convivencia lleva varios a\u00f1os celebr\u00e1ndose y tiene como principal objetivo la realizaci\u00f3n de actividades deportivas en familia. Todas las actividades tienen lugar dentro de las instalaciones del Colegio. Durante la jornada de ma\u00f1ana se organizan diferentes espacios deportivos en donde se desarrollan varias actividades:<\/p>\n<p style=\"text-align: justify\">wipeout, remos,&nbsp; softball, taekwondo, ajedrez, circuito infantil, t\u00f3mbola, castillo hinchable, partido baloncesto&#8230;<\/p>\n<p>Disfrutar de una ma\u00f1ana llena de juegos y deporte con el objetivo de pasar un d\u00eda en familia y bien acompa\u00f1ados entre todos.&nbsp;<\/p>\n<p>&nbsp;<\/p>\n<p><a href=\"https:\/\/blogsaverroes.juntadeandalucia.es\/ceipborbolla\/files\/2019\/04\/Ampa.jpg\"><img loading=\"lazy\" decoding=\"async\" class=\"wp-image-5797 aligncenter\" src=\"https:\/\/blogsaverroes.juntadeandalucia.es\/ceipborbolla\/files\/2019\/04\/Ampa.jpg\" alt=\"\" width=\"162\" height=\"159\" srcset=\"https:\/\/blogsaverroes.juntadeandalucia.es\/ceipborbolla\/files\/2019\/04\/Ampa.jpg 621w, https:\/\/blogsaverroes.juntadeandalucia.es\/ceipborbolla\/files\/2019\/04\/Ampa-300x294.jpg 300w, https:\/\/blogsaverroes.juntadeandalucia.es\/ceipborbolla\/files\/2019\/04\/Ampa-24x24.jpg 24w, https:\/\/blogsaverroes.juntadeandalucia.es\/ceipborbolla\/files\/2019\/04\/Ampa-36x36.jpg 36w, https:\/\/blogsaverroes.juntadeandalucia.es\/ceipborbolla\/files\/2019\/04\/Ampa-48x48.jpg 48w\" sizes=\"(max-width: 162px) 100vw, 162px\" \/><\/a><\/p>\n<p style=\"text-align: center\">https:\/\/www.facebook.com\/ampaoriente\/<\/p>\n<p>&nbsp;<\/p>\n<p>&nbsp;<\/p>\n<p style=\"text-align: center\"><span style=\"color: #ff0000\">(Suspendida por lluvia)<\/span><\/p>\n","protected":false},"excerpt":{"rendered":"<p>&nbsp; La AMPA de nuestro colegio organiza la \u00abFiesta del Deporte\u201d. Esta actividad de convivencia lleva varios a\u00f1os celebr\u00e1ndose y tiene como principal objetivo la realizaci\u00f3n de actividades deportivas en familia. Todas las actividades&#46;&#46;&#46;<\/p>\n","protected":false},"author":2371,"featured_media":0,"parent":0,"menu_order":0,"comment_status":"closed","ping_status":"closed","template":"","meta":{"ngg_post_thumbnail":0,"footnotes":"","_mc_calendar":[]},"aioseo_notices":[],"_links":{"self":[{"href":"https:\/\/blogsaverroes.juntadeandalucia.es\/ceipborbolla\/wp-json\/wp\/v2\/pages\/5792"}],"collection":[{"href":"https:\/\/blogsaverroes.juntadeandalucia.es\/ceipborbolla\/wp-json\/wp\/v2\/pages"}],"about":[{"href":"https:\/\/blogsaverroes.juntadeandalucia.es\/ceipborbolla\/wp-json\/wp\/v2\/types\/page"}],"author":[{"embeddable":true,"href":"https:\/\/blogsaverroes.juntadeandalucia.es\/ceipborbolla\/wp-json\/wp\/v2\/users\/2371"}],"replies":[{"embeddable":true,"href":"https:\/\/blogsaverroes.juntadeandalucia.es\/ceipborbolla\/wp-json\/wp\/v2\/comments?post=5792"}],"version-history":[{"count":4,"href":"https:\/\/blogsaverroes.juntadeandalucia.es\/ceipborbolla\/wp-json\/wp\/v2\/pages\/5792\/revisions"}],"predecessor-version":[{"id":5799,"href":"https:\/\/blogsaverroes.juntadeandalucia.es\/ceipborbolla\/wp-json\/wp\/v2\/pages\/5792\/revisions\/5799"}],"wp:attachment":[{"href":"https:\/\/blogsaverroes.juntadeandalucia.es\/ceipborbolla\/wp-json\/wp\/v2\/media?parent=5792"}],"curies":[{"name":"wp","href":"https:\/\/api.w.org\/{rel}","templated":true}]}}