{"id":5903,"date":"2019-04-27T18:29:55","date_gmt":"2019-04-27T17:29:55","guid":{"rendered":"https:\/\/blogsaverroes.juntadeandalucia.es\/ceipborbolla\/?page_id=5903"},"modified":"2022-07-18T10:43:11","modified_gmt":"2022-07-18T09:43:11","slug":"educacion-primaria","status":"publish","type":"page","link":"https:\/\/blogsaverroes.juntadeandalucia.es\/ceipborbolla\/educacion-primaria\/","title":{"rendered":"Educaci\u00f3n Primaria"},"content":{"rendered":"<p>&nbsp;<\/p>\n<p style=\"text-align: justify\">En Educaci\u00f3n Primaria es obligatorio impartir como ANL en la L2 las \u00e1reas de <span style=\"color: #008000\">Ciencias de la Naturaleza y Ciencias Sociales.<\/span><br \/>\nSe pueden impartir tambi\u00e9n las \u00e1reas de Educaci\u00f3n para la Ciudadan\u00eda y los Derechos Humanos, Cultura y Pr\u00e1ctica Digital, Educaci\u00f3n F\u00edsica y Educaci\u00f3n Art\u00edstica, si el centro cuenta con recursos para ello.<\/p>\n<p style=\"text-align: justify\">Se impartir\u00e1 entre el cincuenta y el cien por cien del \u00e1rea no ling\u00fc\u00edstica haciendo uso de la L2 (ingl\u00e9s) como lengua vehicular, siendo deseable que se imparta el m\u00e1s alto porcentaje posible:<span style=\"color: #008000\"> utilizar el ingl\u00e9s siempre que sea posible y el espa\u00f1ol cuando sea necesario.<\/span><\/p>\n<p><a href=\"https:\/\/blogsaverroes.juntadeandalucia.es\/ceipborbolla\/files\/2019\/07\/franquicias.jpg\"><img loading=\"lazy\" decoding=\"async\" class=\"alignleft size-full wp-image-6329\" src=\"https:\/\/blogsaverroes.juntadeandalucia.es\/ceipborbolla\/files\/2019\/07\/franquicias.jpg\" alt=\"\" width=\"562\" height=\"260\" srcset=\"https:\/\/blogsaverroes.juntadeandalucia.es\/ceipborbolla\/files\/2019\/07\/franquicias.jpg 562w, https:\/\/blogsaverroes.juntadeandalucia.es\/ceipborbolla\/files\/2019\/07\/franquicias-300x139.jpg 300w, https:\/\/blogsaverroes.juntadeandalucia.es\/ceipborbolla\/files\/2019\/07\/franquicias-24x11.jpg 24w, https:\/\/blogsaverroes.juntadeandalucia.es\/ceipborbolla\/files\/2019\/07\/franquicias-36x17.jpg 36w, https:\/\/blogsaverroes.juntadeandalucia.es\/ceipborbolla\/files\/2019\/07\/franquicias-48x22.jpg 48w\" sizes=\"(max-width: 562px) 100vw, 562px\" \/><\/a><\/p>\n<p>&nbsp;<\/p>\n<p style=\"text-align: justify\">La ense\u00f1anza biling\u00fce es un <span style=\"color: #008000\">programa dirigido a todo el alumnado<\/span>, y por tanto debe contemplar la atenci\u00f3n a aquellos alumnos y alumnas que presentan necesidades espec\u00edficas de apoyo educativo, haciendo uso para ello, al igual que en la ense\u00f1anza ordinaria, de adaptaciones significativas o no significativas y proponiendo alternativas metodol\u00f3gicas y de evaluaci\u00f3n acordes con las necesidades de dicho alumnado.<\/p>\n<p style=\"text-align: justify\">Una de las tareas m\u00e1s importantes del profesorado ser\u00e1 adaptar el Proyecto Educativo, con el objetivo b\u00e1sico de armonizar la ense\u00f1anza de las lenguas y estableciendo el <span style=\"color: #008000\">modo en el que se va a trabajar la competencia ling\u00fc\u00edstica en el centro.&nbsp; &nbsp;<span style=\"font-family: Roboto\">&nbsp;<\/span><\/span><\/p>\n<p style=\"text-align: justify\">En el <span style=\"color: #339966\">curso 2019-2020&nbsp;<span style=\"color: #000000\">se han incorporado al centro dos <span style=\"color: #339966\">maestros biling\u00fces<\/span>, impartiendo sus asignaturas correspondientes en Ingl\u00e9s:<\/span><\/span><\/p>\n<ul>\n<li style=\"text-align: justify\">1 maestro\/a de Primaria biling\u00fce, que impartir\u00e1 las \u00e1reas de <span style=\"color: #008000\">Ciencias de la Naturaleza y Ciencias Sociales biling\u00fces en&nbsp; 1\u00baA y 1\u00baB<\/span><\/li>\n<li style=\"text-align: justify\">1 maestro\/a especialista de Educaci\u00f3n F\u00edsica, que impartir\u00e1 el \u00e1rea de <span style=\"color: #339966\">Educaci\u00f3n F\u00edsica biling\u00fce en &nbsp;1\u00baA y 1\u00baB<\/span><\/li>\n<\/ul>\n<p style=\"text-align: justify\">En el <span style=\"color: #339966\">curso 2020-2021 <span style=\"color: #000000\">los maestros biling\u00fces imparten sus asignaturas correspondientes en Ingl\u00e9s:<\/span><\/span><\/p>\n<ul>\n<li style=\"text-align: justify\">1 maestro\/a de Primaria biling\u00fce, que impartir\u00e1 las \u00e1reas de <span style=\"color: #008000\">Ciencias de la Naturaleza y Ciencias Sociales biling\u00fces en&nbsp; 1\u00ba y 2\u00ba<\/span><\/li>\n<li style=\"text-align: justify\">1 maestro\/a especialista de Educaci\u00f3n F\u00edsica, que impartir\u00e1 el \u00e1rea de <span style=\"color: #339966\">Educaci\u00f3n F\u00edsica biling\u00fce en &nbsp;1\u00ba y 2\u00ba<\/span><\/li>\n<\/ul>\n<p style=\"text-align: justify\">En el <span style=\"color: #339966\">curso 2021-2022 <span style=\"color: #000000\">se ha incorporado al centro un segundo maestro biling\u00fce, impartiendo sus asignaturas correspondientes en Ingl\u00e9s:<\/span><\/span><\/p>\n<ul>\n<li style=\"text-align: justify\">2 maestros\/as de Primaria biling\u00fce, que impartir\u00e1n las \u00e1reas de <span style=\"color: #008000\">Ciencias de la Naturaleza y Ciencias Sociales biling\u00fces en&nbsp; 1\u00ba y 2\u00ba y 3\u00ba<\/span><\/li>\n<li style=\"text-align: justify\">1 maestro\/a especialista de Educaci\u00f3n F\u00edsica, que impartir\u00e1 el \u00e1rea de <span style=\"color: #339966\">Educaci\u00f3n F\u00edsica biling\u00fce en &nbsp;1\u00ba y 2\u00ba<\/span><\/li>\n<li style=\"text-align: justify\">Adem\u00e1s se ha incorporado un auxiliar de conversaci\u00f3n (Edward):&nbsp; profesor nativo de ingl\u00e9s, que participa en las clases y motiva al alumnado con diferentes actividades que potencian en uso oral de la lengua inglesa.<\/li>\n<\/ul>\n<p style=\"text-align: justify\">En el <span style=\"color: #339966\">curso 2022-2023 <span style=\"color: #000000\">se ha incorporado al centro un tercer maestro biling\u00fce, impartiendo sus asignaturas correspondientes en Ingl\u00e9s:<\/span><\/span><\/p>\n<ul>\n<li style=\"text-align: justify\">3 maestros\/as de Primaria biling\u00fce, que impartir\u00e1n las \u00e1reas de <span style=\"color: #008000\">Ciencias de la Naturaleza y Ciencias Sociales biling\u00fces en&nbsp; 1\u00ba ,&nbsp; 2\u00ba&nbsp; ,&nbsp; 3\u00ba&nbsp; y&nbsp; 4\u00ba<\/span><\/li>\n<li style=\"text-align: justify\">1 maestro\/a especialista de Educaci\u00f3n F\u00edsica, que impartir\u00e1 el \u00e1rea de <span style=\"color: #339966\">Educaci\u00f3n F\u00edsica biling\u00fce en &nbsp;1\u00ba y 2\u00ba<\/span><\/li>\n<li style=\"text-align: justify\">A la espera de la incorporaci\u00f3n de un auxiliar de conversaci\u00f3n:&nbsp; profesor\/a nativo\/a de ingl\u00e9s, que participa en las clases y motiva al alumnado con diferentes actividades que potencian en uso oral de la lengua inglesa.<\/li>\n<\/ul>\n","protected":false},"excerpt":{"rendered":"<p>&nbsp; En Educaci\u00f3n Primaria es obligatorio impartir como ANL en la L2 las \u00e1reas de Ciencias de la Naturaleza y Ciencias Sociales. Se pueden impartir tambi\u00e9n las \u00e1reas de Educaci\u00f3n para la Ciudadan\u00eda y&#46;&#46;&#46;<\/p>\n","protected":false},"author":2371,"featured_media":0,"parent":0,"menu_order":0,"comment_status":"closed","ping_status":"closed","template":"","meta":{"ngg_post_thumbnail":0,"footnotes":"","_mc_calendar":[]},"aioseo_notices":[],"_links":{"self":[{"href":"https:\/\/blogsaverroes.juntadeandalucia.es\/ceipborbolla\/wp-json\/wp\/v2\/pages\/5903"}],"collection":[{"href":"https:\/\/blogsaverroes.juntadeandalucia.es\/ceipborbolla\/wp-json\/wp\/v2\/pages"}],"about":[{"href":"https:\/\/blogsaverroes.juntadeandalucia.es\/ceipborbolla\/wp-json\/wp\/v2\/types\/page"}],"author":[{"embeddable":true,"href":"https:\/\/blogsaverroes.juntadeandalucia.es\/ceipborbolla\/wp-json\/wp\/v2\/users\/2371"}],"replies":[{"embeddable":true,"href":"https:\/\/blogsaverroes.juntadeandalucia.es\/ceipborbolla\/wp-json\/wp\/v2\/comments?post=5903"}],"version-history":[{"count":18,"href":"https:\/\/blogsaverroes.juntadeandalucia.es\/ceipborbolla\/wp-json\/wp\/v2\/pages\/5903\/revisions"}],"predecessor-version":[{"id":8556,"href":"https:\/\/blogsaverroes.juntadeandalucia.es\/ceipborbolla\/wp-json\/wp\/v2\/pages\/5903\/revisions\/8556"}],"wp:attachment":[{"href":"https:\/\/blogsaverroes.juntadeandalucia.es\/ceipborbolla\/wp-json\/wp\/v2\/media?parent=5903"}],"curies":[{"name":"wp","href":"https:\/\/api.w.org\/{rel}","templated":true}]}}