{"id":6220,"date":"2021-06-26T07:07:43","date_gmt":"2021-06-26T06:07:43","guid":{"rendered":"https:\/\/blogsaverroes.juntadeandalucia.es\/ceipborbolla\/?page_id=6220"},"modified":"2023-06-22T18:30:36","modified_gmt":"2023-06-22T17:30:36","slug":"libros-de-texto-proximo-curso","status":"publish","type":"page","link":"https:\/\/blogsaverroes.juntadeandalucia.es\/ceipborbolla\/libros-de-texto-proximo-curso\/","title":{"rendered":"Libros de texto 23-24"},"content":{"rendered":"<p>Los libros que a continuaci\u00f3n se publican ser\u00e1n los que se usar\u00e1n el pr\u00f3ximo curso escolar 2023-2024.<\/p>\n<p><strong>1\u00ba,2\u00ba, 3\u00ba, 4\u00ba, 5\u00ba y 6\u00ba de Primaria<\/strong>&nbsp;tendr\u00e1n cheque-libro a disposici\u00f3n en el punto de recogida de Pasen acogidos al Programa de Gratuidad de Libros de Texto.<\/p>\n<p>Los libros de&nbsp;<strong>Educaci\u00f3n Infantil<\/strong> deber\u00e1n ser adquiridos por las familias, dado que no est\u00e1n sujetos a gratuidad.<\/p>\n<p style=\"text-align: center\">&nbsp;<\/p>\n<p style=\"text-align: center\"><a href=\"https:\/\/blogsaverroes.juntadeandalucia.es\/ceipborbolla\/files\/2023\/06\/LIBROS-Y-MATERIALES-INFANTIL-3-A\u00d1OS-23-24-1.pdf\">LIBROS Y MATERIALES INFANTIL 3 A\u00d1OS 23-24<\/a><\/p>\n<p>&nbsp;<\/p>\n<p style=\"text-align: center\"><a href=\"https:\/\/blogsaverroes.juntadeandalucia.es\/ceipborbolla\/files\/2023\/06\/LIBROS-Y-MATERIALES-INFANTIL-4-A\u00d1OS-23-24-1.pdf\">LIBROS Y MATERIALES INFANTIL 4 A\u00d1OS 23-24<\/a><\/p>\n<p>&nbsp;<\/p>\n<p style=\"text-align: center\"><a href=\"https:\/\/blogsaverroes.juntadeandalucia.es\/ceipborbolla\/files\/2023\/06\/LIBROS-Y-MATERIALES-5-A\u00d1OS-23-24-1.pdf\">LIBROS Y MATERIALES 5 A\u00d1OS 23-24<\/a><\/p>\n<p>&nbsp;<\/p>\n<p style=\"text-align: center\"><a href=\"https:\/\/blogsaverroes.juntadeandalucia.es\/ceipborbolla\/files\/2023\/06\/Libros-texto-primaria-23-24.pdf\">Libros de texto Primaria<\/a><\/p>\n<p style=\"text-align: center\">&nbsp;<\/p>\n<p style=\"text-align: center\">&nbsp;<\/p>\n<p>&nbsp;<\/p>\n","protected":false},"excerpt":{"rendered":"<p>Los libros que a continuaci\u00f3n se publican ser\u00e1n los que se usar\u00e1n el pr\u00f3ximo curso escolar 2023-2024. 1\u00ba,2\u00ba, 3\u00ba, 4\u00ba, 5\u00ba y 6\u00ba de Primaria&nbsp;tendr\u00e1n cheque-libro a disposici\u00f3n en el punto de recogida de&#46;&#46;&#46;<\/p>\n","protected":false},"author":2371,"featured_media":551,"parent":0,"menu_order":0,"comment_status":"closed","ping_status":"closed","template":"","meta":{"ngg_post_thumbnail":0,"footnotes":"","_mc_calendar":[]},"aioseo_notices":[],"_links":{"self":[{"href":"https:\/\/blogsaverroes.juntadeandalucia.es\/ceipborbolla\/wp-json\/wp\/v2\/pages\/6220"}],"collection":[{"href":"https:\/\/blogsaverroes.juntadeandalucia.es\/ceipborbolla\/wp-json\/wp\/v2\/pages"}],"about":[{"href":"https:\/\/blogsaverroes.juntadeandalucia.es\/ceipborbolla\/wp-json\/wp\/v2\/types\/page"}],"author":[{"embeddable":true,"href":"https:\/\/blogsaverroes.juntadeandalucia.es\/ceipborbolla\/wp-json\/wp\/v2\/users\/2371"}],"replies":[{"embeddable":true,"href":"https:\/\/blogsaverroes.juntadeandalucia.es\/ceipborbolla\/wp-json\/wp\/v2\/comments?post=6220"}],"version-history":[{"count":17,"href":"https:\/\/blogsaverroes.juntadeandalucia.es\/ceipborbolla\/wp-json\/wp\/v2\/pages\/6220\/revisions"}],"predecessor-version":[{"id":9077,"href":"https:\/\/blogsaverroes.juntadeandalucia.es\/ceipborbolla\/wp-json\/wp\/v2\/pages\/6220\/revisions\/9077"}],"wp:featuredmedia":[{"embeddable":true,"href":"https:\/\/blogsaverroes.juntadeandalucia.es\/ceipborbolla\/wp-json\/wp\/v2\/media\/551"}],"wp:attachment":[{"href":"https:\/\/blogsaverroes.juntadeandalucia.es\/ceipborbolla\/wp-json\/wp\/v2\/media?parent=6220"}],"curies":[{"name":"wp","href":"https:\/\/api.w.org\/{rel}","templated":true}]}}