{"id":6284,"date":"2019-06-30T09:43:38","date_gmt":"2019-06-30T08:43:38","guid":{"rendered":"https:\/\/blogsaverroes.juntadeandalucia.es\/ceipborbolla\/?page_id=6284"},"modified":"2022-07-17T16:46:47","modified_gmt":"2022-07-17T15:46:47","slug":"fin-de-curso","status":"publish","type":"page","link":"https:\/\/blogsaverroes.juntadeandalucia.es\/ceipborbolla\/fin-de-curso\/","title":{"rendered":"Fin de curso"},"content":{"rendered":"<p>&nbsp;<\/p>\n<p class=\"cajaBox\" style=\"text-align: justify\">Celebramos con los compa\u00f1eros que el curso ha terminado.<\/p>\n<p class=\"cajaBox\" style=\"text-align: justify\"><a href=\"https:\/\/blogsaverroes.juntadeandalucia.es\/ceipborbolla\/files\/2019\/07\/descarga.jpg\"><img loading=\"lazy\" decoding=\"async\" class=\"alignleft wp-image-6342\" src=\"https:\/\/blogsaverroes.juntadeandalucia.es\/ceipborbolla\/files\/2019\/07\/descarga.jpg\" alt=\"\" width=\"159\" height=\"155\" srcset=\"https:\/\/blogsaverroes.juntadeandalucia.es\/ceipborbolla\/files\/2019\/07\/descarga.jpg 227w, https:\/\/blogsaverroes.juntadeandalucia.es\/ceipborbolla\/files\/2019\/07\/descarga-24x24.jpg 24w, https:\/\/blogsaverroes.juntadeandalucia.es\/ceipborbolla\/files\/2019\/07\/descarga-36x36.jpg 36w, https:\/\/blogsaverroes.juntadeandalucia.es\/ceipborbolla\/files\/2019\/07\/descarga-48x48.jpg 48w\" sizes=\"(max-width: 159px) 100vw, 159px\" \/><\/a><\/p>\n<p>&nbsp;<\/p>\n<p class=\"cajaBox\" style=\"text-align: justify\">Pero es importante fomentar una diversi\u00f3n sana: &nbsp;en una fiesta se trabajan valores transversales de cooperaci\u00f3n para que los juegos salgan bien, respeto del turno de los dem\u00e1s y hacia el medio ambiente, compartir materiales y espacios de juego.&nbsp;<\/p>\n<p>&nbsp;<\/p>\n<p style=\"text-align: justify\">Organizada por la <strong>AMPA<\/strong>, con muchas horas de dedicaci\u00f3n, se trata de compartir un d\u00eda divertido&nbsp; para los ni\u00f1os\/as.<\/p>\n<p>&nbsp;<\/p>\n<table style=\"height: 136px;width: 68.7499%\" width=\"833\">\n<tbody>\n<tr>\n<td style=\"width: 419px;text-align: center\"><a href=\"https:\/\/photos.app.goo.gl\/c968uykK9HegEwmS9\" target=\"_blank\" rel=\"noopener noreferrer\">Barenboim 21-22<\/a><\/td>\n<\/tr>\n<tr>\n<td style=\"width: 419px;text-align: center\"><a href=\"https:\/\/photos.app.goo.gl\/wxGYrC7rwdfhGHB66\" target=\"_blank\" rel=\"noopener noreferrer\">Graduaci\u00f3n de 5 a\u00f1os &#8211; curso 21-22<\/a><\/td>\n<\/tr>\n<tr>\n<td style=\"width: 419px;text-align: center\"><a href=\"https:\/\/photos.app.goo.gl\/iVRdqrHcHQPpa6mh7\" target=\"_blank\" rel=\"noopener noreferrer\">Graduaci\u00f3n de 6\u00ba &#8211; curso 21-22<\/a><\/td>\n<\/tr>\n<\/tbody>\n<\/table>\n<p>&nbsp;<\/p>\n<p>&nbsp;<\/p>\n","protected":false},"excerpt":{"rendered":"<p>&nbsp; Celebramos con los compa\u00f1eros que el curso ha terminado. &nbsp; Pero es importante fomentar una diversi\u00f3n sana: &nbsp;en una fiesta se trabajan valores transversales de cooperaci\u00f3n para que los juegos salgan bien, respeto&#46;&#46;&#46;<\/p>\n","protected":false},"author":2371,"featured_media":0,"parent":0,"menu_order":0,"comment_status":"closed","ping_status":"closed","template":"","meta":{"ngg_post_thumbnail":0,"footnotes":"","_mc_calendar":[]},"aioseo_notices":[],"_links":{"self":[{"href":"https:\/\/blogsaverroes.juntadeandalucia.es\/ceipborbolla\/wp-json\/wp\/v2\/pages\/6284"}],"collection":[{"href":"https:\/\/blogsaverroes.juntadeandalucia.es\/ceipborbolla\/wp-json\/wp\/v2\/pages"}],"about":[{"href":"https:\/\/blogsaverroes.juntadeandalucia.es\/ceipborbolla\/wp-json\/wp\/v2\/types\/page"}],"author":[{"embeddable":true,"href":"https:\/\/blogsaverroes.juntadeandalucia.es\/ceipborbolla\/wp-json\/wp\/v2\/users\/2371"}],"replies":[{"embeddable":true,"href":"https:\/\/blogsaverroes.juntadeandalucia.es\/ceipborbolla\/wp-json\/wp\/v2\/comments?post=6284"}],"version-history":[{"count":6,"href":"https:\/\/blogsaverroes.juntadeandalucia.es\/ceipborbolla\/wp-json\/wp\/v2\/pages\/6284\/revisions"}],"predecessor-version":[{"id":8553,"href":"https:\/\/blogsaverroes.juntadeandalucia.es\/ceipborbolla\/wp-json\/wp\/v2\/pages\/6284\/revisions\/8553"}],"wp:attachment":[{"href":"https:\/\/blogsaverroes.juntadeandalucia.es\/ceipborbolla\/wp-json\/wp\/v2\/media?parent=6284"}],"curies":[{"name":"wp","href":"https:\/\/api.w.org\/{rel}","templated":true}]}}