{"id":6750,"date":"2020-02-15T10:21:02","date_gmt":"2020-02-15T09:21:02","guid":{"rendered":"https:\/\/blogsaverroes.juntadeandalucia.es\/ceipborbolla\/?page_id=6750"},"modified":"2020-02-26T22:13:48","modified_gmt":"2020-02-26T21:13:48","slug":"curso-2019-2020","status":"publish","type":"page","link":"https:\/\/blogsaverroes.juntadeandalucia.es\/ceipborbolla\/curso-2019-2020\/","title":{"rendered":"Curso 2019-2020"},"content":{"rendered":"<p>&nbsp;<\/p>\n<p style=\"text-align: justify\"><span style=\"font-size: 15px\">El&nbsp;<\/span><span style=\"color: #0000ff\">alumnado de sexto<\/span><span style=\"font-size: 15px\">&nbsp;ha estado trabajando durante el primer trimestre la t\u00e9cnica de la carrera continua en el \u00e1rea de Educaci\u00f3n F\u00edsica; por ello, como actividad complementaria,&nbsp; visitaron el pasado 21 de febrero&nbsp; la exposici\u00f3n&nbsp;&nbsp;<\/span><span style=\"color: #0000ff\">FERIA DEL CORREDOR-EXPO MARAT\u00d3N,<\/span><span style=\"font-size: 15px\">&nbsp;en el Palacio de Congresos, con motivo de&nbsp;&nbsp;la&nbsp;<\/span><span style=\"color: #0000ff\">ZURICH MARAT\u00d3N DE SEVILLA 2020<\/span><span style=\"font-size: 15px\">. En ella pudieron hacer un recorrido fotogr\u00e1fico de las distintas ediciones de la Marat\u00f3n en Sevilla; visitar distintos stand; realizar juegos interactivos de velocidad de reacci\u00f3n y simulaci\u00f3n de carrera y disfrutar de exhibiciones de break dance, hip hop y f\u00fatbol acrob\u00e1tico. <\/span><\/p>\n<p style=\"text-align: justify\"><span style=\"font-size: 15px\">Pero el colof\u00f3n fue la presencia del atleta Ferm\u00edn Cacho en el sal\u00f3n de actos del Pabell\u00f3n donde comparti\u00f3 sus experiencias como corredor de los 1500, lo que supone ganar unas olimpiadas.<\/span><\/p>\n<p style=\"text-align: justify\"><a href=\"https:\/\/photos.google.com\/share\/AF1QipMZRXmZ0x23t3PZMs4b-NcrvnYKh12bWj0tsEero9A9GJWoH-vm2YPuMhaUio3Vbw?key=WnAyQjRrTzJ3UEl5TTFUajYyLTBzWnhGWXRCWlZ3&amp;source=ctrlq.org\"><img loading=\"lazy\" decoding=\"async\" class=\"aligncenter\" src=\"https:\/\/lh3.googleusercontent.com\/gCznNxGuHBDm4hCm3lrfcbObZwmXKUX14wnnLio9XRNjukvJqVH2lSvIgXWXATJ-tcZ7lnQerLsDVcosWW3d9HTZ2B4J4eGGvQmLrU-WuiKFgVZEB7OQfvf1JA4XyKCjl0RM6rjgag=w2400\" width=\"516\" height=\"413\"><\/a><\/p>\n<p>&nbsp;<\/p>\n<p>&nbsp;<\/p>\n<p style=\"text-align: justify\">El <span style=\"color: #0000ff\">\u00e1rea de Educaci\u00f3n F\u00edsica<\/span> en este mes de febrero se est\u00e1 centrando en el conocimiento y en la pr\u00e1ctica de los <span style=\"color: #0000ff\">juegos populares y tradicionales<\/span> de nuestra tierra con motivo de la celebraci\u00f3n del <span style=\"color: #0000ff\">d\u00eda de Andaluc\u00eda<\/span>. Por ello el alumnado a partir de cuarto, han realizado diversos trabajos de investigaci\u00f3n basados en entrevistas a familiares y consultando en internet sobre los juegos que practicaban sus padres y madres , abuelos y abuelas. Para posteriormente exponerlos en clase junto con la pr\u00e1ctica de dichos juegos en el patio.<\/p>\n<p style=\"text-align: justify\">Adem\u00e1s el jueves y el viernes pasado invitamos a algunos familiares del alumnado de cuarto que compartieron durante una sesi\u00f3n de clase sus experiencias, vivencias e incluso materiales con los que jugaban de peque\u00f1os. La experiencia ha sido muy gratificante tanto para ellos\/as, para los ni\u00f1os\/as como para las&nbsp; profesoras de Educaci\u00f3n F\u00edsica, enriqueciendo de esta manera dichos aprendizajes.<\/p>\n<p style=\"text-align: justify\">De entre todos los juegos destacar que se ha jugado a: los cromos, las canicas, la Villarda, el bote bote, al cielo voy, piola&#8230; mostrando una visi\u00f3n y aprendizaje diferente al vivenciarse con los familiares juegos de anta\u00f1o.<\/p>\n<p><a href=\"https:\/\/photos.google.com\/share\/AF1QipNxY2Z72HMXaBqiYT9hxdkGoYPY6sv4U2Gxn3OGqSeApeB1NYZaBC7WD5_mUX0c3w?key=VTlBV1l4NVhxNVFvUnRfcnBRcXM0VmJMUzdTaVpn&amp;source=ctrlq.org\"><img loading=\"lazy\" decoding=\"async\" class=\"aligncenter\" src=\"https:\/\/lh3.googleusercontent.com\/quCTIMF5xcGkGP1UdUUBknCyq_XfT6d_cK89tL9zkjrIZD83GEovj3_UHJ8pDRUERPAhUL7KOJ-tkAq_TQFH3sMVuykM9Br9eFnI-VT6Ytji-dsz2rF-Zhmz1l9Wm0SipqYLthACRg=w2400\" width=\"542\" height=\"433\"><\/a><\/p>\n<p style=\"text-align: justify\">&nbsp;<\/p>\n<p>&nbsp;<\/p>\n<h2 style=\"text-align: center\"><a href=\"https:\/\/photos.app.goo.gl\/S51yFiJqCR5fwB3n7\" target=\"_blank\" rel=\"noopener noreferrer\">GALER\u00cdA FOTOGR\u00c1FICA<\/a><\/h2>\n<p>&nbsp;<\/p>\n<p>&nbsp;<\/p>\n","protected":false},"excerpt":{"rendered":"<p>&nbsp; El&nbsp;alumnado de sexto&nbsp;ha estado trabajando durante el primer trimestre la t\u00e9cnica de la carrera continua en el \u00e1rea de Educaci\u00f3n F\u00edsica; por ello, como actividad complementaria,&nbsp; visitaron el pasado 21 de febrero&nbsp; la&#46;&#46;&#46;<\/p>\n","protected":false},"author":2371,"featured_media":0,"parent":0,"menu_order":0,"comment_status":"closed","ping_status":"closed","template":"","meta":{"ngg_post_thumbnail":0,"footnotes":"","_mc_calendar":[]},"aioseo_notices":[],"_links":{"self":[{"href":"https:\/\/blogsaverroes.juntadeandalucia.es\/ceipborbolla\/wp-json\/wp\/v2\/pages\/6750"}],"collection":[{"href":"https:\/\/blogsaverroes.juntadeandalucia.es\/ceipborbolla\/wp-json\/wp\/v2\/pages"}],"about":[{"href":"https:\/\/blogsaverroes.juntadeandalucia.es\/ceipborbolla\/wp-json\/wp\/v2\/types\/page"}],"author":[{"embeddable":true,"href":"https:\/\/blogsaverroes.juntadeandalucia.es\/ceipborbolla\/wp-json\/wp\/v2\/users\/2371"}],"replies":[{"embeddable":true,"href":"https:\/\/blogsaverroes.juntadeandalucia.es\/ceipborbolla\/wp-json\/wp\/v2\/comments?post=6750"}],"version-history":[{"count":11,"href":"https:\/\/blogsaverroes.juntadeandalucia.es\/ceipborbolla\/wp-json\/wp\/v2\/pages\/6750\/revisions"}],"predecessor-version":[{"id":6783,"href":"https:\/\/blogsaverroes.juntadeandalucia.es\/ceipborbolla\/wp-json\/wp\/v2\/pages\/6750\/revisions\/6783"}],"wp:attachment":[{"href":"https:\/\/blogsaverroes.juntadeandalucia.es\/ceipborbolla\/wp-json\/wp\/v2\/media?parent=6750"}],"curies":[{"name":"wp","href":"https:\/\/api.w.org\/{rel}","templated":true}]}}