{"id":6846,"date":"2020-03-14T14:27:44","date_gmt":"2020-03-14T13:27:44","guid":{"rendered":"https:\/\/blogsaverroes.juntadeandalucia.es\/ceipborbolla\/?page_id=6846"},"modified":"2022-05-02T09:20:50","modified_gmt":"2022-05-02T08:20:50","slug":"dia-internacional-de-la-mujer","status":"publish","type":"page","link":"https:\/\/blogsaverroes.juntadeandalucia.es\/ceipborbolla\/dia-internacional-de-la-mujer\/","title":{"rendered":"D\u00eda Internacional de la Mujer"},"content":{"rendered":"<header class=\"entry-header\">\n<h1>&nbsp;<\/h1>\n<h1 class=\"entry-title\"><span style=\"color: #ff0000\">8 MARZO:<\/span> D\u00cdA INTERNACIONAL DE LA MUJER<\/h1>\n<p>&nbsp;<\/p>\n<\/header>\n<div class=\"entry-content\">\n<p style=\"text-align: justify\">El&nbsp;<b>D\u00eda Internacional de la Mujer Trabajadora<\/b>, tambi\u00e9n llamado&nbsp;<b>D\u00eda Internacional de la Mujer<\/b>&nbsp;o solamente&nbsp;<b>D\u00eda de la mujer<\/b>, tras ser institucionalizado por decisi\u00f3n de las&nbsp;Naciones Unidas&nbsp;en&nbsp;1975,&nbsp;conmemora la lucha de la&nbsp;mujer&nbsp;por su&nbsp;participaci\u00f3n, en pie de equidad de oportunidades muchas veces menores ante las del&nbsp;var\u00f3n, en la sociedad y en su desarrollo \u00edntegro como persona. Se conmemora el d\u00eda&nbsp;8 de marzo.<\/p>\n<p style=\"text-align: justify\"><img loading=\"lazy\" decoding=\"async\" class=\"alignleft\" src=\"https:\/\/img.imagenescool.com\/ic\/dia-de-la-mujer\/dia-de-la-mujer_047.jpg\" width=\"175\" height=\"170\">La primera celebraci\u00f3n del D\u00eda Internacional de la Mujer se realiz\u00f3 el 19 de marzo&nbsp;de&nbsp;1911 en&nbsp;Europa, espec\u00edficamente en los pa\u00edses de&nbsp;Alemania,&nbsp;Austria,&nbsp;Dinamarca&nbsp;y&nbsp;Suiza, y su conmemoraci\u00f3n se ha venido extendiendo, desde entonces, a otros pa\u00edses y continentes.<\/p>\n<p style=\"text-align: justify\">En 1972 la&nbsp;Asamblea General de las Naciones Unidas&nbsp;declar\u00f3 el&nbsp;<i>1975 A\u00f1o Internacional de la Mujer<\/i>&nbsp;y en 1977&nbsp;\u200binvit\u00f3 a todos los Estados a declarar, conforme a sus tradiciones hist\u00f3ricas y costumbres nacionales, un d\u00eda como <strong>D\u00eda Internacional por los&nbsp;Derechos de la Mujer&nbsp;y la Paz Internacional.<\/strong><\/p>\n<\/div>\n<p style=\"text-align: justify\">Con nuestras actividades recordamos a las mujeres, madres, artistas, cantantes, pensadoras, matem\u00e1ticas, deportistas, etc. de nuestra ciudad, de nuestra comunidad, de nuestro pa\u00eds y de otros pa\u00edses que han destacado y que han sido importantes y que a\u00fan lo siguen siendo. Conmemoramos este d\u00eda trabajando la necesidad de educar en el respeto hacia cualquier persona independientemente de su sexo, mejorando as\u00ed nuestra convivencia en la realidad donde vivimos.&nbsp;<\/p>\n<p>&nbsp;<\/p>\n<table style=\"width: 278.84px\">\n<tbody>\n<tr>\n<td style=\"width: 120px;text-align: center\"><a href=\"https:\/\/photos.app.goo.gl\/ai9JvEeK8Wgz8U676\" target=\"_blank\" rel=\"noopener noreferrer\">curso 2019-20<\/a><\/td>\n<td style=\"width: 117.84px;text-align: center\"><a href=\"https:\/\/blogsaverroes.juntadeandalucia.es\/ceipborbolla\/curso-2021-2022\/\" target=\"_blank\" rel=\"noopener noreferrer\">Curso 21-22<\/a><\/td>\n<\/tr>\n<\/tbody>\n<\/table>\n<p>&nbsp;<\/p>\n","protected":false},"excerpt":{"rendered":"<p>&nbsp; 8 MARZO: D\u00cdA INTERNACIONAL DE LA MUJER &nbsp; El&nbsp;D\u00eda Internacional de la Mujer Trabajadora, tambi\u00e9n llamado&nbsp;D\u00eda Internacional de la Mujer&nbsp;o solamente&nbsp;D\u00eda de la mujer, tras ser institucionalizado por decisi\u00f3n de las&nbsp;Naciones Unidas&nbsp;en&nbsp;1975,&nbsp;conmemora la&#46;&#46;&#46;<\/p>\n","protected":false},"author":2371,"featured_media":0,"parent":0,"menu_order":0,"comment_status":"closed","ping_status":"closed","template":"","meta":{"ngg_post_thumbnail":0,"footnotes":"","_mc_calendar":[]},"aioseo_notices":[],"_links":{"self":[{"href":"https:\/\/blogsaverroes.juntadeandalucia.es\/ceipborbolla\/wp-json\/wp\/v2\/pages\/6846"}],"collection":[{"href":"https:\/\/blogsaverroes.juntadeandalucia.es\/ceipborbolla\/wp-json\/wp\/v2\/pages"}],"about":[{"href":"https:\/\/blogsaverroes.juntadeandalucia.es\/ceipborbolla\/wp-json\/wp\/v2\/types\/page"}],"author":[{"embeddable":true,"href":"https:\/\/blogsaverroes.juntadeandalucia.es\/ceipborbolla\/wp-json\/wp\/v2\/users\/2371"}],"replies":[{"embeddable":true,"href":"https:\/\/blogsaverroes.juntadeandalucia.es\/ceipborbolla\/wp-json\/wp\/v2\/comments?post=6846"}],"version-history":[{"count":5,"href":"https:\/\/blogsaverroes.juntadeandalucia.es\/ceipborbolla\/wp-json\/wp\/v2\/pages\/6846\/revisions"}],"predecessor-version":[{"id":6852,"href":"https:\/\/blogsaverroes.juntadeandalucia.es\/ceipborbolla\/wp-json\/wp\/v2\/pages\/6846\/revisions\/6852"}],"wp:attachment":[{"href":"https:\/\/blogsaverroes.juntadeandalucia.es\/ceipborbolla\/wp-json\/wp\/v2\/media?parent=6846"}],"curies":[{"name":"wp","href":"https:\/\/api.w.org\/{rel}","templated":true}]}}