{"id":7336,"date":"2020-12-01T10:47:36","date_gmt":"2020-12-01T09:47:36","guid":{"rendered":"https:\/\/blogsaverroes.juntadeandalucia.es\/ceipborbolla\/?page_id=7336"},"modified":"2025-11-18T08:06:59","modified_gmt":"2025-11-18T07:06:59","slug":"presentacion-electronica-general-en-centros-educativos","status":"publish","type":"page","link":"https:\/\/blogsaverroes.juntadeandalucia.es\/ceipborbolla\/presentacion-electronica-general-en-centros-educativos\/","title":{"rendered":"Presentaci\u00f3n Electr\u00f3nica General en Centros Educativos"},"content":{"rendered":"<p style=\"text-align: center\"><a href=\"https:\/\/blogsaverroes.juntadeandalucia.es\/ceipborbolla\/files\/2025\/11\/secretaria-virtual-centros-educativos.png\"><img loading=\"lazy\" decoding=\"async\" class=\"alignnone size-full wp-image-9649\" src=\"https:\/\/blogsaverroes.juntadeandalucia.es\/ceipborbolla\/files\/2025\/11\/secretaria-virtual-centros-educativos.png\" alt=\"\" width=\"751\" height=\"194\" srcset=\"https:\/\/blogsaverroes.juntadeandalucia.es\/ceipborbolla\/files\/2025\/11\/secretaria-virtual-centros-educativos.png 751w, https:\/\/blogsaverroes.juntadeandalucia.es\/ceipborbolla\/files\/2025\/11\/secretaria-virtual-centros-educativos-300x77.png 300w\" sizes=\"(max-width: 751px) 100vw, 751px\" \/><\/a><\/p>\n<h2 style=\"text-align: center\"><a href=\"https:\/\/www.juntadeandalucia.es\/educacion\/secretariavirtual\/accesoTramite\/462\/\" target=\"_blank\" rel=\"noopener noreferrer\">\ud83c\udf10 ACCESO SECRETAR\u00cdA VIRTUAL<\/a><\/h2>\n<p>&nbsp;<\/p>\n<table style=\"border-collapse: collapse;width: 100%;height: 409px\">\n<tbody>\n<tr style=\"height: 86px\">\n<td style=\"width: 100%;text-align: center;height: 86px\">\n<h4>Como <strong>acceder<\/strong> a la secretar\u00eda virtual de los centros educativos andaluces con el nuevo Identificador Andaluz Educativo (iANDE), d\u00f3nde encontrarlo o c\u00f3mo solicitarlo.<\/h4>\n<\/td>\n<\/tr>\n<tr style=\"height: 323px\">\n<td style=\"width: 100%;height: 323px\"><iframe loading=\"lazy\" src=\"https:\/\/www.youtube.com\/embed\/p8bqMdBsLd4\" width=\"560\" height=\"315\" frameborder=\"0\"><\/iframe><\/td>\n<\/tr>\n<\/tbody>\n<\/table>\n<p>&nbsp;<\/p>\n<table style=\"border-collapse: collapse;width: 100%\">\n<tbody>\n<tr>\n<td style=\"width: 100%;text-align: center\">\n<h4>Descripci\u00f3n del procedimiento de <strong>presentaci\u00f3n de solicitud telem\u00e1tica<\/strong> de admisi\u00f3n en los centros educativos andaluces.<\/h4>\n<\/td>\n<\/tr>\n<tr>\n<td style=\"width: 100%\"><iframe loading=\"lazy\" src=\"https:\/\/www.youtube.com\/embed\/ksm-g4kbVnQ\" width=\"560\" height=\"315\" frameborder=\"0\"><\/iframe><\/td>\n<\/tr>\n<\/tbody>\n<\/table>\n<p>&nbsp;<\/p>\n<table style=\"border-collapse: collapse;width: 100%\">\n<tbody>\n<tr>\n<td style=\"width: 100%\">\n<h4 style=\"text-align: center\">Descripci\u00f3n del procedimiento de <strong>presentaci\u00f3n de solicitud telem\u00e1tica de admisi\u00f3n<\/strong> en los centros educativos andaluces (<strong>sin certificado digital<\/strong>)<\/h4>\n<\/td>\n<\/tr>\n<tr>\n<td style=\"width: 100%\"><iframe loading=\"lazy\" src=\"https:\/\/www.youtube.com\/embed\/0jzsoje-GyQ\" width=\"560\" height=\"315\" frameborder=\"0\"><\/iframe><\/td>\n<\/tr>\n<\/tbody>\n<\/table>\n<p>&nbsp;<\/p>\n<table style=\"border-collapse: collapse;width: 100%\">\n<tbody>\n<tr>\n<td style=\"width: 100%\">\n<h4 style=\"text-align: center\">Descripci\u00f3n del procedimiento de presentaci\u00f3n general de documentos en los centros educativos andaluces: ayudas, escritos&#8230;<\/h4>\n<p style=\"text-align: center\">(NO para Escolarizaci\u00f3n y Matriculaci\u00f3n, que tienen su tr\u00e1mite espec\u00edfico )<\/p>\n<\/td>\n<\/tr>\n<tr>\n<td style=\"width: 100%\"><iframe loading=\"lazy\" src=\"https:\/\/www.youtube.com\/embed\/6qnpRCkgJxQ\" width=\"560\" height=\"315\" frameborder=\"0\"><\/iframe><\/td>\n<\/tr>\n<tr>\n<td style=\"width: 100%\"><iframe loading=\"lazy\" src=\"https:\/\/blogsaverroes.juntadeandalucia.es\/ceipborbolla\/files\/2020\/12\/NUEVA_PRESENTACION_ELECTRONICA_GENERAL_PARA_LOS_CENTROS.pdf\" width=\"600\" height=\"780\"><span data-mce-type=\"bookmark\" style=\"width: 0px;overflow: hidden;line-height: 0\" class=\"mce_SELRES_start\">\ufeff<\/span><\/iframe><\/td>\n<\/tr>\n<\/tbody>\n<\/table>\n<p style=\"text-align: center\">&nbsp;<\/p>\n<p>&nbsp;<\/p>\n<p>&nbsp;<\/p>\n","protected":false},"excerpt":{"rendered":"<p>\ud83c\udf10 ACCESO SECRETAR\u00cdA VIRTUAL &nbsp; Como acceder a la secretar\u00eda virtual de los centros educativos andaluces con el nuevo Identificador Andaluz Educativo (iANDE), d\u00f3nde encontrarlo o c\u00f3mo solicitarlo. &nbsp; Descripci\u00f3n del procedimiento de presentaci\u00f3n&#46;&#46;&#46;<\/p>\n","protected":false},"author":2371,"featured_media":9649,"parent":0,"menu_order":0,"comment_status":"closed","ping_status":"closed","template":"","meta":{"ngg_post_thumbnail":0,"footnotes":"","_mc_calendar":[]},"aioseo_notices":[],"_links":{"self":[{"href":"https:\/\/blogsaverroes.juntadeandalucia.es\/ceipborbolla\/wp-json\/wp\/v2\/pages\/7336"}],"collection":[{"href":"https:\/\/blogsaverroes.juntadeandalucia.es\/ceipborbolla\/wp-json\/wp\/v2\/pages"}],"about":[{"href":"https:\/\/blogsaverroes.juntadeandalucia.es\/ceipborbolla\/wp-json\/wp\/v2\/types\/page"}],"author":[{"embeddable":true,"href":"https:\/\/blogsaverroes.juntadeandalucia.es\/ceipborbolla\/wp-json\/wp\/v2\/users\/2371"}],"replies":[{"embeddable":true,"href":"https:\/\/blogsaverroes.juntadeandalucia.es\/ceipborbolla\/wp-json\/wp\/v2\/comments?post=7336"}],"version-history":[{"count":7,"href":"https:\/\/blogsaverroes.juntadeandalucia.es\/ceipborbolla\/wp-json\/wp\/v2\/pages\/7336\/revisions"}],"predecessor-version":[{"id":9660,"href":"https:\/\/blogsaverroes.juntadeandalucia.es\/ceipborbolla\/wp-json\/wp\/v2\/pages\/7336\/revisions\/9660"}],"wp:featuredmedia":[{"embeddable":true,"href":"https:\/\/blogsaverroes.juntadeandalucia.es\/ceipborbolla\/wp-json\/wp\/v2\/media\/9649"}],"wp:attachment":[{"href":"https:\/\/blogsaverroes.juntadeandalucia.es\/ceipborbolla\/wp-json\/wp\/v2\/media?parent=7336"}],"curies":[{"name":"wp","href":"https:\/\/api.w.org\/{rel}","templated":true}]}}