{"id":7486,"date":"2021-02-19T20:18:20","date_gmt":"2021-02-19T19:18:20","guid":{"rendered":"https:\/\/blogsaverroes.juntadeandalucia.es\/ceipborbolla\/?page_id=7486"},"modified":"2021-02-19T20:30:35","modified_gmt":"2021-02-19T19:30:35","slug":"tde","status":"publish","type":"page","link":"https:\/\/blogsaverroes.juntadeandalucia.es\/ceipborbolla\/tde\/","title":{"rendered":"TDE"},"content":{"rendered":"<p style=\"text-align: center\"><a href=\"https:\/\/blogsaverroes.juntadeandalucia.es\/ceipborbolla\/files\/2021\/02\/logo_TDE.png\"><img loading=\"lazy\" decoding=\"async\" class=\"aligncenter  wp-image-7490\" src=\"https:\/\/blogsaverroes.juntadeandalucia.es\/ceipborbolla\/files\/2021\/02\/logo_TDE.png\" alt=\"\" width=\"175\" height=\"178\" srcset=\"https:\/\/blogsaverroes.juntadeandalucia.es\/ceipborbolla\/files\/2021\/02\/logo_TDE.png 492w, https:\/\/blogsaverroes.juntadeandalucia.es\/ceipborbolla\/files\/2021\/02\/logo_TDE-295x300.png 295w\" sizes=\"(max-width: 175px) 100vw, 175px\" \/><\/a><a href=\"https:\/\/blogsaverroes.juntadeandalucia.es\/ceipborbolla\/files\/2021\/02\/4.3.-Transformaci\u00f3n-digital-educativa-TDE.pdf\" target=\"_blank\" rel=\"noopener noreferrer\">Transformaci\u00f3n digital educativa &#8211; TDE<\/a><\/p>\n<p>&nbsp;<\/p>\n<p style=\"text-align: justify\">La transformaci\u00f3n digital educativa (TDE) engloba los logros alcanzados con el Plan Escuela TIC 2.0 y el Programa para la digitalizaci\u00f3n de centros, #PRODIG,&nbsp; para avanzar hacia modelos m\u00e1s pr\u00f3ximos al entorno comunitario.<\/p>\n<p style=\"text-align: justify\">Para ello se han puesto en marcha medidas que afectan a todos los centros que imparten ense\u00f1anzas no universitarias y de car\u00e1cter obligatorio, tales como el desarrollo de herramientas en S\u00e9neca para la autoevaluaci\u00f3n de los centros como organizaciones digitalmente competentes,&nbsp;del que a su vez se derivan el Plan de Formaci\u00f3n del Profesorado y el Plan de Contingencia.&nbsp;<\/p>\n<p style=\"text-align: justify\">&nbsp;<\/p>\n","protected":false},"excerpt":{"rendered":"<p>Transformaci\u00f3n digital educativa &#8211; TDE &nbsp; La transformaci\u00f3n digital educativa (TDE) engloba los logros alcanzados con el Plan Escuela TIC 2.0 y el Programa para la digitalizaci\u00f3n de centros, #PRODIG,&nbsp; para avanzar hacia modelos&#46;&#46;&#46;<\/p>\n","protected":false},"author":2371,"featured_media":0,"parent":0,"menu_order":0,"comment_status":"closed","ping_status":"closed","template":"","meta":{"ngg_post_thumbnail":0,"footnotes":"","_mc_calendar":[]},"aioseo_notices":[],"_links":{"self":[{"href":"https:\/\/blogsaverroes.juntadeandalucia.es\/ceipborbolla\/wp-json\/wp\/v2\/pages\/7486"}],"collection":[{"href":"https:\/\/blogsaverroes.juntadeandalucia.es\/ceipborbolla\/wp-json\/wp\/v2\/pages"}],"about":[{"href":"https:\/\/blogsaverroes.juntadeandalucia.es\/ceipborbolla\/wp-json\/wp\/v2\/types\/page"}],"author":[{"embeddable":true,"href":"https:\/\/blogsaverroes.juntadeandalucia.es\/ceipborbolla\/wp-json\/wp\/v2\/users\/2371"}],"replies":[{"embeddable":true,"href":"https:\/\/blogsaverroes.juntadeandalucia.es\/ceipborbolla\/wp-json\/wp\/v2\/comments?post=7486"}],"version-history":[{"count":3,"href":"https:\/\/blogsaverroes.juntadeandalucia.es\/ceipborbolla\/wp-json\/wp\/v2\/pages\/7486\/revisions"}],"predecessor-version":[{"id":7492,"href":"https:\/\/blogsaverroes.juntadeandalucia.es\/ceipborbolla\/wp-json\/wp\/v2\/pages\/7486\/revisions\/7492"}],"wp:attachment":[{"href":"https:\/\/blogsaverroes.juntadeandalucia.es\/ceipborbolla\/wp-json\/wp\/v2\/media?parent=7486"}],"curies":[{"name":"wp","href":"https:\/\/api.w.org\/{rel}","templated":true}]}}