{"id":77,"date":"2015-03-16T06:54:56","date_gmt":"2015-03-16T06:54:56","guid":{"rendered":"http:\/\/blogsaverroes.juntadeandalucia.es\/pre\/ceip\/?page_id=77"},"modified":"2019-05-26T08:23:27","modified_gmt":"2019-05-26T07:23:27","slug":"secretaria","status":"publish","type":"page","link":"https:\/\/blogsaverroes.juntadeandalucia.es\/ceipborbolla\/secretaria\/","title":{"rendered":"Secretar\u00eda"},"content":{"rendered":"<p style=\"text-align: justify\"><a href=\"http:\/\/blogsaverroes.juntadeandalucia.es\/ceipborbolla\/files\/2014\/12\/colegio.png\"><img loading=\"lazy\" decoding=\"async\" class=\"wp-image-537 aligncenter\" src=\"http:\/\/blogsaverroes.juntadeandalucia.es\/ceipborbolla\/files\/2014\/12\/colegio.png\" alt=\"colegio\" width=\"371\" height=\"190\" srcset=\"https:\/\/blogsaverroes.juntadeandalucia.es\/ceipborbolla\/files\/2014\/12\/colegio.png 1280w, https:\/\/blogsaverroes.juntadeandalucia.es\/ceipborbolla\/files\/2014\/12\/colegio-300x153.png 300w, https:\/\/blogsaverroes.juntadeandalucia.es\/ceipborbolla\/files\/2014\/12\/colegio-1024x524.png 1024w\" sizes=\"(max-width: 371px) 100vw, 371px\" \/><\/a><\/p>\n<p style=\"text-align: justify\">Desde esta secci\u00f3n podr\u00e1 descargar los diferentes documentos que precise para sus relaciones con el Centro.<\/p>\n<p style=\"text-align: justify\">Toda la documentaci\u00f3n (salvo excepciones) para su correcta tramitaci\u00f3n, deber\u00e1 ser entregada en la Secretar\u00eda del colegio para su correspondiente registro de entrada, en horario de 9,15 h. a 11 h.<\/p>\n<p style=\"text-align: justify\">Todos los documentos que aqu\u00ed puede descargar, los podr\u00e1&nbsp; encontrar en las diferentes secciones de la web.<\/p>\n<p>&nbsp;<\/p>\n<table>\n<tbody>\n<tr>\n<td>\n<table style=\"width: 175px\">\n<tbody>\n<tr>\n<td style=\"width: 155px\">\n<h2 style=\"text-align: center\"><a href=\"https:\/\/blogsaverroes.juntadeandalucia.es\/ceipborbolla\/aula-matinal\/\" target=\"_blank\" rel=\"noopener\">AULA MATINAL<\/a><\/h2>\n<\/td>\n<\/tr>\n<\/tbody>\n<\/table>\n<\/td>\n<td>\n<table style=\"width: 214px\">\n<tbody>\n<tr>\n<td style=\"text-align: center;width: 193px\">\n<h2><a href=\"https:\/\/blogsaverroes.juntadeandalucia.es\/ceipborbolla\/comedor-escolar\/\" target=\"_blank\" rel=\"noopener\">COMEDOR <\/a><\/h2>\n<h2><a href=\"https:\/\/blogsaverroes.juntadeandalucia.es\/ceipborbolla\/comedor-escolar\/\" target=\"_blank\" rel=\"noopener\">ESCOLAR<\/a><\/h2>\n<\/td>\n<\/tr>\n<\/tbody>\n<\/table>\n<\/td>\n<td>\n<table style=\"width: 313px\">\n<tbody>\n<tr>\n<td style=\"text-align: center;width: 292px\">\n<h2><a href=\"https:\/\/blogsaverroes.juntadeandalucia.es\/ceipborbolla\/actividades-extraescolares\/\" target=\"_blank\" rel=\"noopener\">ACTIVIDADES<\/a><\/h2>\n<h2><a href=\"https:\/\/blogsaverroes.juntadeandalucia.es\/ceipborbolla\/actividades-extraescolares\/\" target=\"_blank\" rel=\"noopener\"> EXTRAESCOLARES<\/a><\/h2>\n<\/td>\n<\/tr>\n<\/tbody>\n<\/table>\n<\/td>\n<\/tr>\n<\/tbody>\n<\/table>\n","protected":false},"excerpt":{"rendered":"<p>Desde esta secci\u00f3n podr\u00e1 descargar los diferentes documentos que precise para sus relaciones con el Centro. Toda la documentaci\u00f3n (salvo excepciones) para su correcta tramitaci\u00f3n, deber\u00e1 ser entregada en la Secretar\u00eda del colegio para&#46;&#46;&#46;<\/p>\n","protected":false},"author":1,"featured_media":0,"parent":0,"menu_order":0,"comment_status":"closed","ping_status":"open","template":"page-cs.php","meta":{"ngg_post_thumbnail":0,"footnotes":"","_mc_calendar":[]},"aioseo_notices":[],"_links":{"self":[{"href":"https:\/\/blogsaverroes.juntadeandalucia.es\/ceipborbolla\/wp-json\/wp\/v2\/pages\/77"}],"collection":[{"href":"https:\/\/blogsaverroes.juntadeandalucia.es\/ceipborbolla\/wp-json\/wp\/v2\/pages"}],"about":[{"href":"https:\/\/blogsaverroes.juntadeandalucia.es\/ceipborbolla\/wp-json\/wp\/v2\/types\/page"}],"author":[{"embeddable":true,"href":"https:\/\/blogsaverroes.juntadeandalucia.es\/ceipborbolla\/wp-json\/wp\/v2\/users\/1"}],"replies":[{"embeddable":true,"href":"https:\/\/blogsaverroes.juntadeandalucia.es\/ceipborbolla\/wp-json\/wp\/v2\/comments?post=77"}],"version-history":[{"count":33,"href":"https:\/\/blogsaverroes.juntadeandalucia.es\/ceipborbolla\/wp-json\/wp\/v2\/pages\/77\/revisions"}],"predecessor-version":[{"id":6097,"href":"https:\/\/blogsaverroes.juntadeandalucia.es\/ceipborbolla\/wp-json\/wp\/v2\/pages\/77\/revisions\/6097"}],"wp:attachment":[{"href":"https:\/\/blogsaverroes.juntadeandalucia.es\/ceipborbolla\/wp-json\/wp\/v2\/media?parent=77"}],"curies":[{"name":"wp","href":"https:\/\/api.w.org\/{rel}","templated":true}]}}