{"id":80,"date":"2015-03-16T06:57:36","date_gmt":"2015-03-16T06:57:36","guid":{"rendered":"http:\/\/blogsaverroes.juntadeandalucia.es\/pre\/ceip\/?page_id=80"},"modified":"2020-08-29T17:32:54","modified_gmt":"2020-08-29T16:32:54","slug":"curso-escolar","status":"publish","type":"page","link":"https:\/\/blogsaverroes.juntadeandalucia.es\/ceipborbolla\/curso-escolar\/","title":{"rendered":"Curso escolar"},"content":{"rendered":"<p>&nbsp;<\/p>\n<p style=\"text-align: justify\">Queremos informarles de algunos aspectos importantes para el buen funcionamiento del Centro durante el curso escolar, esperando contar con su colaboraci\u00f3n.<\/p>\n<p>&nbsp;<\/p>\n<p style=\"text-align: justify\"><strong>D\u00cdAS LECTIVOS<\/strong><br \/>\nSe consideran d\u00edas lectivos de lunes a viernes de cada semana.<\/p>\n<p>&nbsp;<\/p>\n<p style=\"text-align: justify\"><strong>D\u00cdAS NO LECTIVOS<\/strong><br \/>\nSon d\u00edas no lectivos adem\u00e1s de s\u00e1bados y domingos, los&nbsp;recogidos en la Resoluci\u00f3n de Calendario Escolar de Sevilla:<\/p>\n<p>&nbsp;<\/p>\n<p style=\"text-align: justify\"><strong>FALTAS DE ASISTENCIA Y\/O RETRASOS<\/strong><\/p>\n<p style=\"text-align: justify\">Los padres de alumnos\/as deber\u00e1n justificar por escrito a los tutores\/as las faltas de asistencia a clase de sus hijos\/as. SE RUEGA NO JUSTIFICAR LAS FALTAS POR TEL\u00c9FONO (no se considerar\u00e1n justificadas las realizadas por tel\u00e9fono; s\u00f3lo ser\u00e1 v\u00e1lido por escrito al tutor\/a cuando el alumno\/a se incorpore).<br \/>\nLas reiteradas faltas de asistencia y los retrasos sin justificar de un alumno, ser\u00e1n comunicadas por el centro a los Servicios Sociales correspondientes y al Servicio de Inspecci\u00f3n. Se ruega, pues, m\u00e1xima puntualidad en la entrada (9 h.) y recogida de alumnos en la salida (14 h.). La dispensa para la realizaci\u00f3n de la clase de Ed. F\u00edsica deber\u00e1 justificarse cuando sea posible mediante documentaci\u00f3n m\u00e9dica, que as\u00ed lo acredite por parte del padre-madre del alumno\/a ante el profesor especialista y, en todo caso, por \u00e9stos.<\/p>\n<p>&nbsp;<\/p>\n<p style=\"text-align: justify\"><strong>MATERIALES Y\/O DESAYUNOS DEL ALUMNADO<\/strong><br \/>\nSe comunica que los olvidos de material escolar de cualquier tipo (cuadernos, flauta, trabajos, ropa de E.F.,\u2026) no podr\u00e1n ser recogidos por personal alguno del centro, pues es responsabilidad del propio alumno y subsidiariamente de sus padres.<br \/>\nAsimismo, el olvido del desayuno s\u00f3lo podr\u00e1 ser entregado por los padres directamente a sus hijos y exclusivamente en horario de recreo (de 12 h. a 12,30 h.), pulsando el timbre de Conserjer\u00eda para ser atendidos.<br \/>\nSe recuerda que queda prohibido traer tartas u otros alimentos para celebrar cumplea\u00f1os por el peligro hacia el alumnado con alergias e intolerancias.<\/p>\n<p>&nbsp;<\/p>\n<p style=\"text-align: justify\"><strong>PERMANENCIA DE PADRES-MADRES DENTRO DEL RECINTO ESCOLAR.<\/strong><\/p>\n<p style=\"text-align: justify\">Se ruega a padres y madres de alumnos\/as se abstengan de permanecer en el recinto escolar durante el horario lectivo a fin de no interrumpir el normal funcionamiento de las clases. Tambi\u00e9n se abstendr\u00e1n de permanecer en el recinto escolar durante las actividades extraescolares.<br \/>\nEn caso de tener que recoger a alg\u00fan alumno\/a durante la jornada escolar deber\u00e1 comunicarlo en porter\u00eda por escrito el motivo de dicha retirada y esperar que el personal encargado vaya a buscar al alumno\/a a la clase correspondiente . En ning\u00fan caso, el padre-madre interrumpir\u00e1 ninguna clase con su acceso. Adem\u00e1s deben firmar en el libro de control la recogida del alumno y solamente las personas autorizadas para ello.<br \/>\nLos padres-madres de alumnos\/as de Ed. Infantil acompa\u00f1ar\u00e1n a sus hijos\/as a la cancela de entrada del patio de Ed. Infantil. Se ruega hacer caso de las indicaciones mostradas en los letreros respecto a la entrada de alumnos de Ed. Infantil, evitando en lo posible comentarios a las tutoras a la entrada, pues ya est\u00e1n al cuidado de sus hijos.<\/p>\n<p>&nbsp;<\/p>\n<p style=\"text-align: justify\"><strong>RECOGIDA Y ENTREGA DE DOCUMENTACI\u00d3N. INFORMACI\u00d3N.<\/strong><\/p>\n<p style=\"text-align: justify\">Toda la informaci\u00f3n referente a matriculaciones de alumnos (en el centro, en comedor, en aula matinal, en actividades extraescolares\u2026) ser\u00e1 publicada en el tabl\u00f3n de anuncios y en la web. La recogida y entrega de impresos y documentaci\u00f3n se har\u00e1 exclusivamente a trav\u00e9s de la ventanilla de Secretar\u00eda. Se ruega que con frecuencia comprueben mediante el tabl\u00f3n de anuncios y la web las convocatorias y noticias que puedan ser de su inter\u00e9s.<\/p>\n<p>&nbsp;<\/p>\n<p style=\"text-align: justify\"><strong>AULA MATINAL, COMEDOR ESCOLAR Y ACTIVIDADES EXTRAESCOLARES.<\/strong><\/p>\n<p style=\"text-align: justify\">\u2022 Los servicios de aula matinal y comedor comienzan en septiembre.<br \/>\n\u2022 Las actividades extraescolares comienzan en octubre. Las actividades de Escuelas Deportivas (dirigidas a alumnos de Primaria y gratuitas) y PALI (programa de adaptaci\u00f3n ling\u00fc\u00edstica para inmigrantes (gratuitas, para alumnado desde 8 a\u00f1os) suelen comenzar en noviembre (ya se os informar\u00e1).<br \/>\n\u2022 Los alumnos de aula matinal entrar\u00e1n por la segunda puerta de la calle Mu\u00f1oz Seca, desde las 7,30 h. hasta las 9 h.<br \/>\n\u2022 Los alumnos del comedor se recoger\u00e1n por la calle Mu\u00f1oz Seca (2\u00aa puerta). La hora l\u00edmite de recogida de este alumnado es a las 16 h. Los alumnos del primer turno de comedor saldr\u00e1n a partir de las 14,30 h.; los del segundo turno desde las 15,15 h; los del tercer turno desde las 15,45 h. Se ruega respeten estos horarios por tramos, los cuales son adjudicados seg\u00fan edad del alumnado (de menor a mayor tramo\/edad)<br \/>\n\u2022 Los alumnos de 3 a\u00f1os del comedor deber\u00e1n ser recogidos con la presentaci\u00f3n del carnet que se entrega por duplicado, y que deben plastificar con foto. Un carnet es para el colegio y el otro para Uds., los cuales se cotejan a la recogida (junto con DNI).<\/p>\n","protected":false},"excerpt":{"rendered":"<p>&nbsp; Queremos informarles de algunos aspectos importantes para el buen funcionamiento del Centro durante el curso escolar, esperando contar con su colaboraci\u00f3n. &nbsp; D\u00cdAS LECTIVOS Se consideran d\u00edas lectivos de lunes a viernes de&#46;&#46;&#46;<\/p>\n","protected":false},"author":1,"featured_media":0,"parent":0,"menu_order":0,"comment_status":"closed","ping_status":"open","template":"page-cs.php","meta":{"ngg_post_thumbnail":0,"footnotes":"","_mc_calendar":[]},"aioseo_notices":[],"_links":{"self":[{"href":"https:\/\/blogsaverroes.juntadeandalucia.es\/ceipborbolla\/wp-json\/wp\/v2\/pages\/80"}],"collection":[{"href":"https:\/\/blogsaverroes.juntadeandalucia.es\/ceipborbolla\/wp-json\/wp\/v2\/pages"}],"about":[{"href":"https:\/\/blogsaverroes.juntadeandalucia.es\/ceipborbolla\/wp-json\/wp\/v2\/types\/page"}],"author":[{"embeddable":true,"href":"https:\/\/blogsaverroes.juntadeandalucia.es\/ceipborbolla\/wp-json\/wp\/v2\/users\/1"}],"replies":[{"embeddable":true,"href":"https:\/\/blogsaverroes.juntadeandalucia.es\/ceipborbolla\/wp-json\/wp\/v2\/comments?post=80"}],"version-history":[{"count":7,"href":"https:\/\/blogsaverroes.juntadeandalucia.es\/ceipborbolla\/wp-json\/wp\/v2\/pages\/80\/revisions"}],"predecessor-version":[{"id":7190,"href":"https:\/\/blogsaverroes.juntadeandalucia.es\/ceipborbolla\/wp-json\/wp\/v2\/pages\/80\/revisions\/7190"}],"wp:attachment":[{"href":"https:\/\/blogsaverroes.juntadeandalucia.es\/ceipborbolla\/wp-json\/wp\/v2\/media?parent=80"}],"curies":[{"name":"wp","href":"https:\/\/api.w.org\/{rel}","templated":true}]}}