{"id":8075,"date":"2021-11-18T21:29:06","date_gmt":"2021-11-18T20:29:06","guid":{"rendered":"https:\/\/blogsaverroes.juntadeandalucia.es\/ceipborbolla\/?page_id=8075"},"modified":"2022-06-16T07:27:33","modified_gmt":"2022-06-16T06:27:33","slug":"podcast","status":"publish","type":"page","link":"https:\/\/blogsaverroes.juntadeandalucia.es\/ceipborbolla\/podcast\/","title":{"rendered":"Podcast"},"content":{"rendered":"<p>&nbsp;<\/p>\n<p style=\"text-align: justify\">El taller de podcast consiste en la creaci\u00f3n de un programa magazine de manera peri\u00f3dica, para ser transmitido en formato podcast.&nbsp;<\/p>\n<p style=\"text-align: justify\"><a href=\"https:\/\/blogsaverroes.juntadeandalucia.es\/ceipborbolla\/files\/2021\/11\/Nens-radio.jpg\"><img loading=\"lazy\" decoding=\"async\" class=\"aligncenter wp-image-8083\" src=\"https:\/\/blogsaverroes.juntadeandalucia.es\/ceipborbolla\/files\/2021\/11\/Nens-radio.jpg\" alt=\"\" width=\"260\" height=\"170\" srcset=\"https:\/\/blogsaverroes.juntadeandalucia.es\/ceipborbolla\/files\/2021\/11\/Nens-radio.jpg 1056w, https:\/\/blogsaverroes.juntadeandalucia.es\/ceipborbolla\/files\/2021\/11\/Nens-radio-300x196.jpg 300w, https:\/\/blogsaverroes.juntadeandalucia.es\/ceipborbolla\/files\/2021\/11\/Nens-radio-1024x670.jpg 1024w, https:\/\/blogsaverroes.juntadeandalucia.es\/ceipborbolla\/files\/2021\/11\/Nens-radio-768x503.jpg 768w\" sizes=\"(max-width: 260px) 100vw, 260px\" \/><\/a><br \/>\n<strong><span style=\"color: #0000ff\">Objetivos del taller<\/span><\/strong><\/p>\n<p style=\"text-align: justify\">1\u00ba Acercamiento de ni\u00f1@s a los medios de comunicaci\u00f3n, en concreto a la radio.<br \/>\n2\u00ba Fomento del trabajo en equipo.<br \/>\n3\u00ba Desarrollo de su creatividad, imaginaci\u00f3n, capacidad de exposici\u00f3n de ideas y expresi\u00f3n de estas en p\u00fablico.<br \/>\n4\u00ba Divulgaci\u00f3n cultural tratando temas de su inter\u00e9s y conociendo otros temas desconocidos para ell@s.<br \/>\n5\u00ba Diversi\u00f3n a trav\u00e9s de un medio tradicional e importante como es la radio.<\/p>\n<p style=\"text-align: justify\"><a href=\"https:\/\/blogsaverroes.juntadeandalucia.es\/ceipborbolla\/files\/2021\/11\/images.jpg\"><img loading=\"lazy\" decoding=\"async\" class=\"aligncenter wp-image-8084\" src=\"https:\/\/blogsaverroes.juntadeandalucia.es\/ceipborbolla\/files\/2021\/11\/images.jpg\" alt=\"\" width=\"189\" height=\"79\" srcset=\"https:\/\/blogsaverroes.juntadeandalucia.es\/ceipborbolla\/files\/2021\/11\/images.jpg 347w, https:\/\/blogsaverroes.juntadeandalucia.es\/ceipborbolla\/files\/2021\/11\/images-300x125.jpg 300w\" sizes=\"(max-width: 189px) 100vw, 189px\" \/><\/a><br \/>\n<strong><span style=\"color: #0000ff\">Estructura del taller<\/span><\/strong><\/p>\n<p style=\"text-align: justify\">1\u00aa Elaboraci\u00f3n de contenidos: l@s alumn@s&nbsp; realizar\u00e1n un trabajo en equipo en el que tendr\u00e1n que exponer sus ideas, escuchar las de l@s dem\u00e1s compa\u00f1er@s y decidir entre tod@s cu\u00e1les ser\u00e1n las que formen parte de cada programa.<\/p>\n<p style=\"text-align: justify\">2\u00aa Grabaci\u00f3n del programa magazine para posteriormente ser emitido por podcast.<\/p>\n<p>&nbsp;<\/p>\n<p><strong><span style=\"color: #0000ff\">Podcast publica<\/span><\/strong><strong><span style=\"color: #0000ff\">dos<\/span><\/strong><\/p>\n<p style=\"text-align: justify\"><a title=\"Onda Borbolla 1 (piloto)\" href=\"https:\/\/www.ivoox.com\/onda-borbolla-1-piloto-audios-mp3_rf_78462611_1.html\" target=\"_blank\" rel=\"noopener noreferrer\"><img loading=\"lazy\" decoding=\"async\" class=\"wp-image-8085 alignleft\" src=\"https:\/\/blogsaverroes.juntadeandalucia.es\/ceipborbolla\/files\/2021\/11\/descarga.png\" alt=\"\" width=\"87\" height=\"87\" srcset=\"https:\/\/blogsaverroes.juntadeandalucia.es\/ceipborbolla\/files\/2021\/11\/descarga.png 225w, https:\/\/blogsaverroes.juntadeandalucia.es\/ceipborbolla\/files\/2021\/11\/descarga-150x150.png 150w\" sizes=\"(max-width: 87px) 100vw, 87px\" \/><\/a><\/p>\n<h3>&nbsp;<br \/>\n&nbsp;<br \/>\n&nbsp;<a href=\"https:\/\/www.ivoox.com\/onda-borbolla-1-piloto-audios-mp3_rf_78462611_1.html\" target=\"_blank\" rel=\"noopener noreferrer\">Onda Borbolla 1 (piloto)<\/a><\/h3>\n<h3>&nbsp;<br \/>\n<a title=\"Onda Borbolla 1 (piloto)\" href=\"https:\/\/www.ivoox.com\/onda-borbolla-1-piloto-audios-mp3_rf_78462611_1.html\" target=\"_blank\" rel=\"noopener noreferrer\"><img loading=\"lazy\" decoding=\"async\" class=\"wp-image-8085 alignleft\" src=\"https:\/\/blogsaverroes.juntadeandalucia.es\/ceipborbolla\/files\/2021\/11\/descarga.png\" alt=\"\" width=\"87\" height=\"87\" srcset=\"https:\/\/blogsaverroes.juntadeandalucia.es\/ceipborbolla\/files\/2021\/11\/descarga.png 225w, https:\/\/blogsaverroes.juntadeandalucia.es\/ceipborbolla\/files\/2021\/11\/descarga-150x150.png 150w\" sizes=\"(max-width: 87px) 100vw, 87px\" \/><\/a>&nbsp;<\/h3>\n<h3><a href=\"https:\/\/drive.google.com\/file\/d\/1qLMHvc9TdrW6lmxlwRPJEhEAuqIvg_wW\/view?usp=sharing\" target=\"_blank\" rel=\"noopener noreferrer\">Onda Borbolla 2<\/a><\/h3>\n<p>&nbsp;<\/p>\n<h3><a title=\"Onda Borbolla 1 (piloto)\" href=\"https:\/\/www.ivoox.com\/onda-borbolla-1-piloto-audios-mp3_rf_78462611_1.html\" target=\"_blank\" rel=\"noopener noreferrer\"><img loading=\"lazy\" decoding=\"async\" class=\"wp-image-8085 alignleft\" src=\"https:\/\/blogsaverroes.juntadeandalucia.es\/ceipborbolla\/files\/2021\/11\/descarga.png\" alt=\"\" width=\"87\" height=\"87\" srcset=\"https:\/\/blogsaverroes.juntadeandalucia.es\/ceipborbolla\/files\/2021\/11\/descarga.png 225w, https:\/\/blogsaverroes.juntadeandalucia.es\/ceipborbolla\/files\/2021\/11\/descarga-150x150.png 150w\" sizes=\"(max-width: 87px) 100vw, 87px\" \/><\/a><\/h3>\n<h3>&nbsp;<\/h3>\n<h3><a href=\"https:\/\/drive.google.com\/file\/d\/1PxNPIyWOXmW7jCxUurrT5XYE9EnPu1wN\/view?usp=sharing\" target=\"_blank\" rel=\"noopener noreferrer\">Onda Borbolla 3<\/a><\/h3>\n<p>&nbsp;<\/p>\n<h3><a title=\"Onda Borbolla 1 (piloto)\" href=\"https:\/\/www.ivoox.com\/onda-borbolla-1-piloto-audios-mp3_rf_78462611_1.html\" target=\"_blank\" rel=\"noopener noreferrer\"><img loading=\"lazy\" decoding=\"async\" class=\"wp-image-8085 alignleft\" src=\"https:\/\/blogsaverroes.juntadeandalucia.es\/ceipborbolla\/files\/2021\/11\/descarga.png\" alt=\"\" width=\"87\" height=\"87\" srcset=\"https:\/\/blogsaverroes.juntadeandalucia.es\/ceipborbolla\/files\/2021\/11\/descarga.png 225w, https:\/\/blogsaverroes.juntadeandalucia.es\/ceipborbolla\/files\/2021\/11\/descarga-150x150.png 150w\" sizes=\"(max-width: 87px) 100vw, 87px\" \/><\/a><\/h3>\n<h3>&nbsp;<\/h3>\n<h3><a href=\"https:\/\/drive.google.com\/file\/d\/1vEIWNUSIR0FbLELZCuhZLDH7WYk9DNQY\/view?usp=sharing\" target=\"_blank\" rel=\"noopener noreferrer\">Onda Borbolla 4<\/a><\/h3>\n","protected":false},"excerpt":{"rendered":"<p>&nbsp; El taller de podcast consiste en la creaci\u00f3n de un programa magazine de manera peri\u00f3dica, para ser transmitido en formato podcast.&nbsp; Objetivos del taller 1\u00ba Acercamiento de ni\u00f1@s a los medios de comunicaci\u00f3n,&#46;&#46;&#46;<\/p>\n","protected":false},"author":2371,"featured_media":0,"parent":0,"menu_order":0,"comment_status":"closed","ping_status":"closed","template":"","meta":{"ngg_post_thumbnail":0,"footnotes":"","_mc_calendar":[]},"aioseo_notices":[],"_links":{"self":[{"href":"https:\/\/blogsaverroes.juntadeandalucia.es\/ceipborbolla\/wp-json\/wp\/v2\/pages\/8075"}],"collection":[{"href":"https:\/\/blogsaverroes.juntadeandalucia.es\/ceipborbolla\/wp-json\/wp\/v2\/pages"}],"about":[{"href":"https:\/\/blogsaverroes.juntadeandalucia.es\/ceipborbolla\/wp-json\/wp\/v2\/types\/page"}],"author":[{"embeddable":true,"href":"https:\/\/blogsaverroes.juntadeandalucia.es\/ceipborbolla\/wp-json\/wp\/v2\/users\/2371"}],"replies":[{"embeddable":true,"href":"https:\/\/blogsaverroes.juntadeandalucia.es\/ceipborbolla\/wp-json\/wp\/v2\/comments?post=8075"}],"version-history":[{"count":9,"href":"https:\/\/blogsaverroes.juntadeandalucia.es\/ceipborbolla\/wp-json\/wp\/v2\/pages\/8075\/revisions"}],"predecessor-version":[{"id":8505,"href":"https:\/\/blogsaverroes.juntadeandalucia.es\/ceipborbolla\/wp-json\/wp\/v2\/pages\/8075\/revisions\/8505"}],"wp:attachment":[{"href":"https:\/\/blogsaverroes.juntadeandalucia.es\/ceipborbolla\/wp-json\/wp\/v2\/media?parent=8075"}],"curies":[{"name":"wp","href":"https:\/\/api.w.org\/{rel}","templated":true}]}}