{"id":82,"date":"2015-03-16T06:59:55","date_gmt":"2015-03-16T06:59:55","guid":{"rendered":"http:\/\/blogsaverroes.juntadeandalucia.es\/pre\/ceip\/?page_id=82"},"modified":"2017-10-08T19:38:48","modified_gmt":"2017-10-08T18:38:48","slug":"horarios","status":"publish","type":"page","link":"https:\/\/blogsaverroes.juntadeandalucia.es\/ceipborbolla\/horarios\/","title":{"rendered":"Horarios"},"content":{"rendered":"<p>JORNADA LECTIVA: HORARIO DE ENTRADA Y SALIDA. NORMAS GENERALES DE FUNCIONAMIENTO<\/p>\n<p><img loading=\"lazy\" decoding=\"async\" class=\" size-medium wp-image-1675 aligncenter\" src=\"http:\/\/blogsaverroes.juntadeandalucia.es\/ceipborbolla\/files\/2015\/03\/horario2-300x211.jpg\" alt=\"horario2\" width=\"300\" height=\"211\" srcset=\"https:\/\/blogsaverroes.juntadeandalucia.es\/ceipborbolla\/files\/2015\/03\/horario2-300x211.jpg 300w, https:\/\/blogsaverroes.juntadeandalucia.es\/ceipborbolla\/files\/2015\/03\/horario2.jpg 640w\" sizes=\"(max-width: 300px) 100vw, 300px\" \/><\/p>\n<p>Horario general<\/p>\n<ul>\n<li style=\"text-align: justify\">La jornada continuada del centro es de 9 a 14 h. durante todo el curso (excepto el d\u00eda de recepci\u00f3n).<\/li>\n<\/ul>\n<p>Entrada<\/p>\n<ul>\n<li style=\"text-align: justify\">La puerta de acceso al Centro ser\u00e1 por la cancela central, que se abrir\u00e1 a las 8,55 horas. A continuaci\u00f3n se abrir\u00e1n las cancelas peque\u00f1as interiores situadas a izquierda y derecha del edificio central. Por la cancela derecha acceder\u00e1 Primaria y alumnos de Aula Espec\u00edfica, y por la cancela izquierda acceder\u00e1 Infantil (5, 4 y 3 a\u00f1os). La entrada y salida de \u00e9stos ser\u00e1 en ese orden. Los d\u00edas de lluvia podr\u00e1n recoger y\/o entregar al alumnado de Ed. Infantil en el aula. En la entrada de alumnado de Ed. Infantil deben respetar no acercarse a la valla, para as\u00ed facilitar la entrada de estos alumnos.<\/li>\n<li style=\"text-align: justify\">La cancela central permanecer\u00e1 abierta hasta las 9,05 minutos, no pudiendo acceder ning\u00fan alumno\/a salvo por una causa justificada documentalmente, seg\u00fan consta en el Plan de Centro.<\/li>\n<li style=\"text-align: justify\">El acceso a Secretar\u00eda se har\u00e1 desde la calle Mu\u00f1oz Seca (1\u00aa puerta) de 9,15 a 11 h.<\/li>\n<li style=\"text-align: justify\">El acceso de alumnado tras el cierre a la 9,05 h. por motivo justificado se realizar\u00e1 por la segunda puerta de la\u00a0 calle\u00a0Mu\u00f1oz Seca,\u00a0a continuaci\u00f3n de la puerta de Secretar\u00eda.<\/li>\n<\/ul>\n<p>Salidas<\/p>\n<ul>\n<li style=\"text-align: justify\">Los alumnos\/as de Ed. Infantil saldr\u00e1n por la cancela izquierda, esperando los padres en el patio central. Los de Ed. Primaria y Aula Espec\u00edfica saldr\u00e1n por la cancela derecha.<\/li>\n<li style=\"text-align: justify\">Se recuerda a los padres-madres la obligaci\u00f3n de recoger a sus hijos\/as en el momento de la salida. Se ruega m\u00e1xima puntualidad.<\/li>\n<li style=\"text-align: justify\">Los alumnos saldr\u00e1n a las 14 h.<\/li>\n<li style=\"text-align: justify\">A partir de las 14,10 horas se proceder\u00e1 a cerrar las puertas de entrada al centro.<\/li>\n<\/ul>\n<p>Otros<\/p>\n<ul>\n<li style=\"text-align: justify\">El horario de atenci\u00f3n del equipo directivo estar\u00e1 expuesto en el tabl\u00f3n de anuncios en d\u00edas sucesivos (seg\u00fan cita previa solicitada en Secretar\u00eda)<\/li>\n<li style=\"text-align: justify\">Los cursos de 1\u00ba, 3\u00ba y 5\u00ba de Ed. Primaria se reagrupan cada a\u00f1o seg\u00fan criterios que constan en el Plan de Centro, aprobado en Consejo Escolar.<\/li>\n<\/ul>\n<p>Tutor\u00edas:<\/p>\n<ul>\n<li style=\"text-align: justify\"><span style=\"color: #ac6664\"><span style=\"color: #680300\">El horario de tutor\u00eda ser\u00e1 los martes de 16 h. a 17 h. desde octubre previa cita (se comunicar\u00e1 m\u00e1s adelante los d\u00edas de las reuniones generales de tutor\u00eda). Rogamos se abstengan de venir con sus hijos a dichas tutor\u00edas (excepto a petici\u00f3n del profesor).<\/span><\/span><\/li>\n<\/ul>\n","protected":false},"excerpt":{"rendered":"<p>JORNADA LECTIVA: HORARIO DE ENTRADA Y SALIDA. NORMAS GENERALES DE FUNCIONAMIENTO Horario general La jornada continuada del centro es de 9 a 14 h. durante todo el curso (excepto el d\u00eda de recepci\u00f3n). Entrada&#46;&#46;&#46;<\/p>\n","protected":false},"author":1,"featured_media":0,"parent":0,"menu_order":0,"comment_status":"closed","ping_status":"open","template":"page-cs.php","meta":{"ngg_post_thumbnail":0,"footnotes":"","_mc_calendar":[]},"aioseo_notices":[],"_links":{"self":[{"href":"https:\/\/blogsaverroes.juntadeandalucia.es\/ceipborbolla\/wp-json\/wp\/v2\/pages\/82"}],"collection":[{"href":"https:\/\/blogsaverroes.juntadeandalucia.es\/ceipborbolla\/wp-json\/wp\/v2\/pages"}],"about":[{"href":"https:\/\/blogsaverroes.juntadeandalucia.es\/ceipborbolla\/wp-json\/wp\/v2\/types\/page"}],"author":[{"embeddable":true,"href":"https:\/\/blogsaverroes.juntadeandalucia.es\/ceipborbolla\/wp-json\/wp\/v2\/users\/1"}],"replies":[{"embeddable":true,"href":"https:\/\/blogsaverroes.juntadeandalucia.es\/ceipborbolla\/wp-json\/wp\/v2\/comments?post=82"}],"version-history":[{"count":8,"href":"https:\/\/blogsaverroes.juntadeandalucia.es\/ceipborbolla\/wp-json\/wp\/v2\/pages\/82\/revisions"}],"predecessor-version":[{"id":3450,"href":"https:\/\/blogsaverroes.juntadeandalucia.es\/ceipborbolla\/wp-json\/wp\/v2\/pages\/82\/revisions\/3450"}],"wp:attachment":[{"href":"https:\/\/blogsaverroes.juntadeandalucia.es\/ceipborbolla\/wp-json\/wp\/v2\/media?parent=82"}],"curies":[{"name":"wp","href":"https:\/\/api.w.org\/{rel}","templated":true}]}}