{"id":8279,"date":"2022-03-21T19:13:44","date_gmt":"2022-03-21T18:13:44","guid":{"rendered":"https:\/\/blogsaverroes.juntadeandalucia.es\/ceipborbolla\/?page_id=8279"},"modified":"2025-11-18T08:10:39","modified_gmt":"2025-11-18T07:10:39","slug":"auxiliar-de-conversacion","status":"publish","type":"page","link":"https:\/\/blogsaverroes.juntadeandalucia.es\/ceipborbolla\/auxiliar-de-conversacion\/","title":{"rendered":"Auxiliar de conversaci\u00f3n"},"content":{"rendered":"<p><a href=\"https:\/\/blogsaverroes.juntadeandalucia.es\/ceipborbolla\/files\/2025\/11\/AUXILIARES-DE-CONVERSACION.jpg\"><img loading=\"lazy\" decoding=\"async\" class=\"size-full wp-image-9657 aligncenter\" src=\"https:\/\/blogsaverroes.juntadeandalucia.es\/ceipborbolla\/files\/2025\/11\/AUXILIARES-DE-CONVERSACION.jpg\" alt=\"\" width=\"610\" height=\"316\" srcset=\"https:\/\/blogsaverroes.juntadeandalucia.es\/ceipborbolla\/files\/2025\/11\/AUXILIARES-DE-CONVERSACION.jpg 610w, https:\/\/blogsaverroes.juntadeandalucia.es\/ceipborbolla\/files\/2025\/11\/AUXILIARES-DE-CONVERSACION-300x155.jpg 300w\" sizes=\"(max-width: 610px) 100vw, 610px\" \/><\/a><\/p>\n<p style=\"text-align: center\"><iframe loading=\"lazy\" src=\"https:\/\/www.youtube.com\/embed\/IEuAiJcQKzI?si=00jjGwO4xoLHEd7y\" width=\"560\" height=\"315\" frameborder=\"0\"><\/iframe><\/p>\n<h1 style=\"text-align: center\"><span style=\"color: #0000ff\"><br \/>\n\ud83c\uddea\ud83c\uddf8<br \/>\nAuxiliares de conversaci\u00f3n \u00a1Bienvenidos!<\/span><\/h1>\n<h1 id=\"tw-target-text\" class=\"tw-data-text tw-text-large tw-ta\" style=\"text-align: center\" data-placeholder=\"Traducci\u00f3n\"><span class=\"Y2IQFc\" lang=\"en\" style=\"color: #008000\"> \ud83c\uddec\ud83c\udde7<br \/>\nConversation aids Welcome!<\/span><\/h1>\n<p>&nbsp;<\/p>\n<h5 style=\"text-align: center\"><span style=\"color: #0000ff\">\ud83c\uddea\ud83c\uddf8<br \/>\nDamos la bienvenida a los&nbsp;auxiliares de conversaci\u00f3n en ingl\u00e9s que nos acompa\u00f1ar\u00e1n durante este curso escolar. Ellos son los encargados de transmitir el idioma ingl\u00e9s en su contexto, acompa\u00f1ando a nuestros profesores y alumnos en la mejora del aprendizaje del ingl\u00e9s y de la comunicaci\u00f3n en esta lengua.<\/span><\/h5>\n<p>&nbsp;<\/p>\n<h5 id=\"tw-target-text\" class=\"tw-data-text tw-text-large tw-ta\" style=\"text-align: center\" data-placeholder=\"Traducci\u00f3n\"><span class=\"Y2IQFc\" lang=\"en\" style=\"color: #008000\">\ud83c\uddec\ud83c\udde7<br \/>\nWe welcome the English language assistants who will accompany us during this school year. They are in charge of transmitting the English language in its context, accompanying our teachers and students in improving English learning and communication in this language.<\/span><\/h5>\n<p>&nbsp;<\/p>\n<h3 id=\"tw-target-text\" class=\"tw-data-text tw-text-large tw-ta\" style=\"text-align: center\" data-placeholder=\"Traducci\u00f3n\"><span class=\"Y2IQFc\" lang=\"en\"><a href=\"https:\/\/blogsaverroes.juntadeandalucia.es\/auxiliaresconversacionsevilla\/\" target=\"_blank\" rel=\"noopener noreferrer\">\ud83c\uddec\ud83c\udde7<br \/>\nSeville language assistants<\/a><br \/>\n<\/span><\/h3>\n<h3 style=\"text-align: center\"><a title=\"Pulse para visualizar el documento:&nbsp;Gu\u00eda ENGLISH Auxiliar Conversaci\u00f3n 21\/22\" href=\"https:\/\/www.juntadeandalucia.es\/educacion\/portals\/delegate\/content\/e31f22d3-d5a8-4c3f-a3bb-82d4fb412ab5\/Gu%C3%ADa%20ENGLISH%20Auxiliar%20Conversaci%C3%B3n%2021\/22\" target=\"_blank\" rel=\"noopener noreferrer\">\ud83c\uddea\ud83c\uddf8<br \/>\nGu\u00eda ENGLISH Auxiliar Conversaci\u00f3n<\/a><\/h3>\n<p>&nbsp;<\/p>\n<p style=\"text-align: center\">&#8212;&#8212;&#8212;&#8212;&#8212;&#8212;&#8212;&#8212;&#8212;&#8212;&#8212;&#8212;&#8212;-<\/p>\n<p style=\"text-align: center\"><span style=\"color: #0000ff\">\ud83c\uddea\ud83c\uddf8<br \/>\n<\/span><\/p>\n<h2 class=\"\" data-start=\"249\" data-end=\"323\">\ud83c\udf1f \u00a1\u00danete a la experiencia educativa del CEIP Borbolla en Sevilla! \ud83c\uddea\ud83c\uddf8<\/h2>\n<p class=\"\" data-start=\"325\" data-end=\"547\">\u00bfEst\u00e1s buscando un centro acogedor, bien ubicado y con ganas de aprender en el que colaborar como <strong data-start=\"423\" data-end=\"451\">auxiliar de conversaci\u00f3n<\/strong>?<br data-start=\"452\" data-end=\"455\">\u00a1Entonces el <strong data-start=\"468\" data-end=\"485\">CEIP Borbolla<\/strong>, en el coraz\u00f3n de <strong data-start=\"504\" data-end=\"525\">Nervi\u00f3n (Sevilla)<\/strong>, es tu destino ideal!<\/p>\n<hr class=\"\" data-start=\"549\" data-end=\"552\">\n<h3 class=\"\" data-start=\"554\" data-end=\"576\">\ud83c\udfeb \u00bfQui\u00e9nes somos?<\/h3>\n<p class=\"\" data-start=\"578\" data-end=\"719\">El <strong data-start=\"581\" data-end=\"598\">CEIP Borbolla<\/strong> es un centro p\u00fablico situado en la calle Luis Montoto, una de las principales arterias de Sevilla. Acogemos alumnado de:<\/p>\n<ul data-start=\"721\" data-end=\"934\">\n<li class=\"\" data-start=\"721\" data-end=\"760\">\n<p class=\"\" data-start=\"723\" data-end=\"760\"><strong data-start=\"723\" data-end=\"745\">Educaci\u00f3n Infantil<\/strong> (3 a 5 a\u00f1os)<\/p>\n<\/li>\n<li class=\"\" data-start=\"761\" data-end=\"801\">\n<p class=\"\" data-start=\"763\" data-end=\"801\"><strong data-start=\"763\" data-end=\"785\">Educaci\u00f3n Primaria<\/strong> (6 a 12 a\u00f1os)<\/p>\n<\/li>\n<\/ul>\n<p class=\"\" data-start=\"936\" data-end=\"1135\">\ud83d\udc49 Colaborar\u00e1s especialmente en <strong data-start=\"968\" data-end=\"990\">Ciencias Naturales<\/strong> y <strong data-start=\"993\" data-end=\"1014\">Ciencias Sociales<\/strong>, desde 1\u00ba a 6\u00ba de Primaria, ayudando a fomentar el aprendizaje del ingl\u00e9s de forma pr\u00e1ctica, motivadora y participativa.<\/p>\n<hr class=\"\" data-start=\"1137\" data-end=\"1140\">\n<h3 class=\"\" data-start=\"1142\" data-end=\"1164\">\ud83d\udccd \u00bfD\u00f3nde estamos?<\/h3>\n<p class=\"\" data-start=\"1166\" data-end=\"1243\">\ud83d\udccc <a class=\"\" href=\"https:\/\/goo.gl\/maps\/nHAuurTtTMyHbTbg7\" target=\"_new\" rel=\"noopener\" data-start=\"1169\" data-end=\"1243\">Luis Montoto 101, 41007 &#8211; Sevilla<\/a><\/p>\n<p class=\"\" data-start=\"1245\" data-end=\"1478\">El centro est\u00e1 perfectamente comunicado con el resto de la ciudad gracias a la red de <strong data-start=\"1331\" data-end=\"1353\">transporte p\u00fablico<\/strong> de Sevilla. Consulta todas las opciones <a class=\"\" href=\"https:\/\/www.sevilla.org\/servicios\/movilidad\/transportes-publicos-de-sevilla\" target=\"_new\" rel=\"noopener\" data-start=\"1394\" data-end=\"1477\">aqu\u00ed<\/a>.<\/p>\n<hr class=\"\" data-start=\"1480\" data-end=\"1483\">\n<h3 class=\"\" data-start=\"1485\" data-end=\"1509\">\ud83c\udfd8\ufe0f Vivir en Nervi\u00f3n<\/h3>\n<p class=\"\" data-start=\"1511\" data-end=\"1596\">Nervi\u00f3n es uno de los barrios <strong data-start=\"1541\" data-end=\"1577\">m\u00e1s din\u00e1micos, seguros y c\u00f3modos<\/strong> de Sevilla. Tiene:<\/p>\n<ul data-start=\"1598\" data-end=\"2042\">\n<li class=\"\" data-start=\"1598\" data-end=\"1640\">\n<p class=\"\" data-start=\"1600\" data-end=\"1640\">Excelente conexi\u00f3n en metro, bus y tren.<\/p>\n<\/li>\n<li class=\"\" data-start=\"1641\" data-end=\"1708\">\n<p class=\"\" data-start=\"1643\" data-end=\"1708\">Centros comerciales, bares, parques y una vibrante vida cultural.<\/p>\n<\/li>\n<li class=\"\" data-start=\"1709\" data-end=\"2042\">\n<p class=\"\" data-start=\"1711\" data-end=\"1772\">Abundantes opciones de alojamiento. Consulta portales como:<\/p>\n<ul data-start=\"1775\" data-end=\"2042\">\n<li class=\"\" data-start=\"1775\" data-end=\"1868\">\n<p class=\"\" data-start=\"1777\" data-end=\"1868\"><a class=\"\" href=\"https:\/\/www.fotocasa.es\/es\/alquiler\/pisos\/sevilla-capital\/nervion\/l\" target=\"_new\" rel=\"noopener\" data-start=\"1777\" data-end=\"1866\">Fotocasa &#8211; Nervi\u00f3n<\/a><\/p>\n<\/li>\n<li class=\"\" data-start=\"1871\" data-end=\"1943\">\n<p class=\"\" data-start=\"1873\" data-end=\"1943\"><a class=\"\" href=\"https:\/\/www.pisos.com\/alquiler\/pisos-nervion\/\" target=\"_new\" rel=\"noopener\" data-start=\"1873\" data-end=\"1941\">Pisos.com &#8211; Nervi\u00f3n<\/a><\/p>\n<\/li>\n<li class=\"\" data-start=\"1946\" data-end=\"2042\">\n<p class=\"\" data-start=\"1948\" data-end=\"2042\"><a class=\"\" href=\"https:\/\/www.habitaclia.com\/alquiler-pisos-distrito_nervion-sevilla.htm\" target=\"_new\" rel=\"noopener\" data-start=\"1948\" data-end=\"2042\">Habitaclia &#8211; Nervi\u00f3n<\/a><\/p>\n<\/li>\n<\/ul>\n<\/li>\n<\/ul>\n<hr class=\"\" data-start=\"2044\" data-end=\"2047\">\n<h3 class=\"\" data-start=\"2049\" data-end=\"2088\">\ud83e\udd1d Experiencias de otros auxiliares<\/h3>\n<p class=\"\" data-start=\"2090\" data-end=\"2246\">No ser\u00e1s el primero ni el \u00faltimo en vivir esta experiencia inolvidable. Otros auxiliares que han colaborado con nuestro centro han compartido sus vivencias:<\/p>\n<p class=\"\" data-start=\"2248\" data-end=\"2452\">\ud83d\udcf9 <a class=\"\" href=\"https:\/\/www.youtube.com\/watch?v=IEuAiJcQKzI\" target=\"_new\" rel=\"noopener\" data-start=\"2251\" data-end=\"2327\">V\u00eddeo de experiencia auxiliar<\/a><br data-start=\"2327\" data-end=\"2330\">\ud83d\udcd8 <a class=\"\" href=\"http:\/\/alinguistico.blogspot.com\/2021\/05\/despedida-de-nuestro-auxiliar-alex.html\" target=\"_new\" rel=\"noopener\" data-start=\"2333\" data-end=\"2452\">Despedida de Alex, nuestro auxiliar<\/a><\/p>\n<hr class=\"\" data-start=\"2454\" data-end=\"2457\">\n<h3 class=\"\" data-start=\"2459\" data-end=\"2491\">\ud83d\udc8c \u00bfQuieres m\u00e1s informaci\u00f3n?<\/h3>\n<p class=\"\" data-start=\"2493\" data-end=\"2617\">No dudes en contactarnos:<br data-start=\"2518\" data-end=\"2521\">\ud83d\udce7 <a class=\"\" href=\"mailto:41004514.edu@juntadeandalucia.es\" rel=\"noopener\" data-start=\"2524\" data-end=\"2599\">41004514.edu@juntadeandalucia.es<\/a><br data-start=\"2599\" data-end=\"2602\">\ud83d\udcde 955 62 23 72<\/p>\n<hr class=\"\" data-start=\"2619\" data-end=\"2622\">\n<h3 class=\"\" data-start=\"2624\" data-end=\"2650\">\ud83c\udf0d M\u00e1s recursos \u00fatiles<\/h3>\n<ul data-start=\"2652\" data-end=\"3001\">\n<li class=\"\" data-start=\"2652\" data-end=\"2784\">\n<p class=\"\" data-start=\"2654\" data-end=\"2784\"><a class=\"\" href=\"https:\/\/blogsaverroes.juntadeandalucia.es\/auxiliaresconversacionsevilla\/\" target=\"_new\" rel=\"noopener\" data-start=\"2654\" data-end=\"2782\">Portal de auxiliares en Sevilla &#8211; Junta de Andaluc\u00eda<\/a><\/p>\n<\/li>\n<li class=\"\" data-start=\"2785\" data-end=\"2848\">\n<p class=\"\" data-start=\"2787\" data-end=\"2848\"><a class=\"\" href=\"https:\/\/www.andalucia.org\/es\/inicio\" target=\"_new\" rel=\"noopener\" data-start=\"2787\" data-end=\"2846\">Turismo en Andaluc\u00eda<\/a><\/p>\n<\/li>\n<li class=\"\" data-start=\"2849\" data-end=\"3001\">\n<p class=\"\" data-start=\"2851\" data-end=\"3001\"><a class=\"\" href=\"https:\/\/blogsaverroes.juntadeandalucia.es\/auxiliaresconversacionsevilla\/sitios-web-de-auxiliares-de-conversacion\/\" target=\"_new\" rel=\"noopener\" data-start=\"2851\" data-end=\"3001\">Red de auxiliares de conversaci\u00f3n<\/a><\/p>\n<\/li>\n<\/ul>\n<hr class=\"\" data-start=\"3003\" data-end=\"3006\">\n<p class=\"\" data-start=\"3008\" data-end=\"3153\">\ud83e\uddf3 \u00a1Te esperamos con los brazos abiertos en el CEIP Borbolla! Vive Sevilla, aprende con nosotros y haz de este curso una experiencia inolvidable.<\/p>\n<p data-start=\"3008\" data-end=\"3153\">&nbsp;<\/p>\n<p data-start=\"3008\" data-end=\"3153\">&nbsp;<\/p>\n<h3 id=\"tw-target-text\" class=\"tw-data-text tw-text-large tw-ta\" style=\"text-align: center\" data-placeholder=\"Traducci\u00f3n\"><span class=\"Y2IQFc\" lang=\"en\"><a href=\"https:\/\/blogsaverroes.juntadeandalucia.es\/auxiliaresconversacionsevilla\/\" target=\"_blank\" rel=\"noopener noreferrer\">\ud83c\uddec\ud83c\udde7<\/a><\/span><\/h3>\n<h3 class=\"\" data-start=\"270\" data-end=\"341\">\ud83c\udf1f Join the Educational Adventure at CEIP Borbolla in Seville! \ud83c\uddea\ud83c\uddf8<\/h3>\n<p class=\"\" data-start=\"343\" data-end=\"579\">Are you looking for a welcoming, well-located school with a passion for learning where you can contribute as a <strong data-start=\"454\" data-end=\"476\">language assistant<\/strong>?<br data-start=\"477\" data-end=\"480\"><strong data-start=\"480\" data-end=\"497\">CEIP Borbolla<\/strong>, located in the vibrant district of <strong data-start=\"534\" data-end=\"555\">Nervi\u00f3n (Seville)<\/strong>, is your perfect match!<\/p>\n<hr class=\"\" data-start=\"581\" data-end=\"584\">\n<h3 class=\"\" data-start=\"586\" data-end=\"604\">\ud83c\udfeb Who Are We?<\/h3>\n<p class=\"\" data-start=\"606\" data-end=\"733\"><strong data-start=\"606\" data-end=\"623\">CEIP Borbolla<\/strong> is a public school located on Luis Montoto Street, one of Seville\u2019s main avenues.<br data-start=\"705\" data-end=\"708\">We welcome students from:<\/p>\n<ul data-start=\"735\" data-end=\"868\">\n<li class=\"\" data-start=\"735\" data-end=\"775\">\n<p class=\"\" data-start=\"737\" data-end=\"775\">Early Childhood Education (ages 3\u20135)<\/p>\n<\/li>\n<li class=\"\" data-start=\"776\" data-end=\"809\">\n<p class=\"\" data-start=\"778\" data-end=\"809\">Primary Education (ages 6\u201312)<\/p>\n<\/li>\n<\/ul>\n<p class=\"\" data-start=\"870\" data-end=\"1057\">\ud83d\udc49 You will support learning mainly in <strong data-start=\"909\" data-end=\"928\">Natural Science<\/strong> and <strong data-start=\"933\" data-end=\"951\">Social Science<\/strong> from 1st to 6th grade, helping students improve their English through dynamic and meaningful interaction.<\/p>\n<hr class=\"\" data-start=\"1059\" data-end=\"1062\">\n<h3 class=\"\" data-start=\"1064\" data-end=\"1084\">\ud83d\udccd Where Are We?<\/h3>\n<p class=\"\" data-start=\"1086\" data-end=\"1200\">\ud83d\udccc <strong data-start=\"1089\" data-end=\"1126\">Luis Montoto 101, 41007 &#8211; Seville<\/strong><br data-start=\"1126\" data-end=\"1129\">\ud83d\udc49 <a class=\"\" href=\"https:\/\/goo.gl\/maps\/nHAuurTtTMyHbTbg7\" target=\"_new\" rel=\"noopener\" data-start=\"1132\" data-end=\"1200\">See location on Google Maps<\/a><\/p>\n<p class=\"\" data-start=\"1202\" data-end=\"1394\">The school is easily accessible via Seville\u2019s excellent public transport network.<br data-start=\"1283\" data-end=\"1286\">\ud83d\ude8d <a class=\"\" href=\"https:\/\/www.sevilla.org\/servicios\/movilidad\/transportes-publicos-de-sevilla\" target=\"_new\" rel=\"noopener\" data-start=\"1289\" data-end=\"1394\">Public transport info here<\/a><\/p>\n<hr class=\"\" data-start=\"1396\" data-end=\"1399\">\n<h3 class=\"\" data-start=\"1401\" data-end=\"1426\">\ud83c\udfd8\ufe0f Living in Nervi\u00f3n<\/h3>\n<p class=\"\" data-start=\"1428\" data-end=\"1514\">Nervi\u00f3n is one of the <strong data-start=\"1450\" data-end=\"1500\">most convenient and enjoyable areas in Seville<\/strong>.<br data-start=\"1501\" data-end=\"1504\">It offers:<\/p>\n<ul data-start=\"1516\" data-end=\"1667\">\n<li class=\"\" data-start=\"1516\" data-end=\"1565\">\n<p class=\"\" data-start=\"1518\" data-end=\"1565\">Great public transport (metro, buses, trains)<\/p>\n<\/li>\n<li class=\"\" data-start=\"1566\" data-end=\"1624\">\n<p class=\"\" data-start=\"1568\" data-end=\"1624\">A vibrant lifestyle with shops, caf\u00e9s, and green areas<\/p>\n<\/li>\n<li class=\"\" data-start=\"1625\" data-end=\"1667\">\n<p class=\"\" data-start=\"1627\" data-end=\"1667\">Easy access to housing for all budgets<\/p>\n<\/li>\n<\/ul>\n<p class=\"\" data-start=\"1669\" data-end=\"1697\">\ud83d\udd0e Check out rental options:<\/p>\n<ul data-start=\"1699\" data-end=\"1962\">\n<li class=\"\" data-start=\"1699\" data-end=\"1792\">\n<p class=\"\" data-start=\"1701\" data-end=\"1792\"><a class=\"\" href=\"https:\/\/www.fotocasa.es\/es\/alquiler\/pisos\/sevilla-capital\/nervion\/l\" target=\"_new\" rel=\"noopener\" data-start=\"1701\" data-end=\"1790\">Fotocasa \u2013 Nervi\u00f3n<\/a><\/p>\n<\/li>\n<li class=\"\" data-start=\"1793\" data-end=\"1865\">\n<p class=\"\" data-start=\"1795\" data-end=\"1865\"><a class=\"\" href=\"https:\/\/www.pisos.com\/alquiler\/pisos-nervion\/\" target=\"_new\" rel=\"noopener\" data-start=\"1795\" data-end=\"1863\">Pisos.com \u2013 Nervi\u00f3n<\/a><\/p>\n<\/li>\n<li class=\"\" data-start=\"1866\" data-end=\"1962\">\n<p class=\"\" data-start=\"1868\" data-end=\"1962\"><a class=\"\" href=\"https:\/\/www.habitaclia.com\/alquiler-pisos-distrito_nervion-sevilla.htm\" target=\"_new\" rel=\"noopener\" data-start=\"1868\" data-end=\"1962\">Habitaclia \u2013 Nervi\u00f3n<\/a><\/p>\n<\/li>\n<\/ul>\n<hr class=\"\" data-start=\"1964\" data-end=\"1967\">\n<h3 class=\"\" data-start=\"1969\" data-end=\"2010\">\ud83e\udd1d Hear From Past Language Assistants<\/h3>\n<p class=\"\" data-start=\"2012\" data-end=\"2250\">\ud83d\udcac Discover what others say about their experience:<br data-start=\"2063\" data-end=\"2066\">\ud83c\udfa5 <a class=\"\" href=\"https:\/\/www.youtube.com\/watch?v=IEuAiJcQKzI\" target=\"_new\" rel=\"noopener\" data-start=\"2069\" data-end=\"2132\">Watch this video<\/a><br data-start=\"2132\" data-end=\"2135\">\ud83d\udcd8 <a class=\"\" href=\"http:\/\/alinguistico.blogspot.com\/2021\/05\/despedida-de-nuestro-auxiliar-alex.html\" target=\"_new\" rel=\"noopener\" data-start=\"2138\" data-end=\"2250\">Read Alex&#8217;s farewell message<\/a><\/p>\n<hr class=\"\" data-start=\"2252\" data-end=\"2255\">\n<h3 class=\"\" data-start=\"2257\" data-end=\"2274\">\ud83d\udc8c Contact Us<\/h3>\n<p class=\"\" data-start=\"2276\" data-end=\"2303\">We\u2019d love to hear from you!<\/p>\n<p class=\"\" data-start=\"2305\" data-end=\"2405\">\ud83d\udce7 <a class=\"\" href=\"mailto:41004514.edu@juntadeandalucia.es\" rel=\"noopener\" data-start=\"2308\" data-end=\"2383\">41004514.edu@juntadeandalucia.es<\/a><br data-start=\"2383\" data-end=\"2386\">\ud83d\udcde +34 955 62 23 72<\/p>\n","protected":false},"excerpt":{"rendered":"<p>\ud83c\uddea\ud83c\uddf8 Auxiliares de conversaci\u00f3n \u00a1Bienvenidos! \ud83c\uddec\ud83c\udde7 Conversation aids Welcome! &nbsp; \ud83c\uddea\ud83c\uddf8 Damos la bienvenida a los&nbsp;auxiliares de conversaci\u00f3n en ingl\u00e9s que nos acompa\u00f1ar\u00e1n durante este curso escolar. Ellos son los encargados de transmitir el&#46;&#46;&#46;<\/p>\n","protected":false},"author":2371,"featured_media":0,"parent":0,"menu_order":0,"comment_status":"closed","ping_status":"closed","template":"","meta":{"ngg_post_thumbnail":0,"footnotes":"","_mc_calendar":[]},"aioseo_notices":[],"_links":{"self":[{"href":"https:\/\/blogsaverroes.juntadeandalucia.es\/ceipborbolla\/wp-json\/wp\/v2\/pages\/8279"}],"collection":[{"href":"https:\/\/blogsaverroes.juntadeandalucia.es\/ceipborbolla\/wp-json\/wp\/v2\/pages"}],"about":[{"href":"https:\/\/blogsaverroes.juntadeandalucia.es\/ceipborbolla\/wp-json\/wp\/v2\/types\/page"}],"author":[{"embeddable":true,"href":"https:\/\/blogsaverroes.juntadeandalucia.es\/ceipborbolla\/wp-json\/wp\/v2\/users\/2371"}],"replies":[{"embeddable":true,"href":"https:\/\/blogsaverroes.juntadeandalucia.es\/ceipborbolla\/wp-json\/wp\/v2\/comments?post=8279"}],"version-history":[{"count":9,"href":"https:\/\/blogsaverroes.juntadeandalucia.es\/ceipborbolla\/wp-json\/wp\/v2\/pages\/8279\/revisions"}],"predecessor-version":[{"id":9661,"href":"https:\/\/blogsaverroes.juntadeandalucia.es\/ceipborbolla\/wp-json\/wp\/v2\/pages\/8279\/revisions\/9661"}],"wp:attachment":[{"href":"https:\/\/blogsaverroes.juntadeandalucia.es\/ceipborbolla\/wp-json\/wp\/v2\/media?parent=8279"}],"curies":[{"name":"wp","href":"https:\/\/api.w.org\/{rel}","templated":true}]}}