{"id":8709,"date":"2022-10-24T19:08:03","date_gmt":"2022-10-24T18:08:03","guid":{"rendered":"https:\/\/blogsaverroes.juntadeandalucia.es\/ceipborbolla\/?page_id=8709"},"modified":"2023-02-17T20:06:30","modified_gmt":"2023-02-17T19:06:30","slug":"creciendo-en-salud","status":"publish","type":"page","link":"https:\/\/blogsaverroes.juntadeandalucia.es\/ceipborbolla\/creciendo-en-salud\/","title":{"rendered":"Creciendo en Salud"},"content":{"rendered":"<p>&nbsp;<\/p>\n<p align=\"justify\">Nuestro colegio lleva a\u00f1os apostando por el desarrollo e impulso de h\u00e1bitos de vida saludables en cuanto a alimentaci\u00f3n y ejercicio f\u00edsico. Este a\u00f1o hemos decidido participar en el Programa de Innovaci\u00f3n de la Consejer\u00eda de Educaci\u00f3n&nbsp;<span style=\"color: #0000ff\"><b>Creciendo en Salud<\/b><\/span>&nbsp;y nos encontramos<span style=\"font-family: NewsGotT;font-size: medium\">&nbsp;entre los<b>&nbsp;<\/b>3.279 centros educativos que han sido admitidos. Durante el mes de noviembre un Equipo Promotor de la Salud con representantes de todos los miembros de la Comunidad Educativa elaboraremos el Plan de Actuaci\u00f3n&nbsp;<\/span><span style=\"font-family: NewsGotT;font-size: medium\">que posteriormente daremos a conocer en el Consejo Escolar e iremos informando de su desarrollo en nuestra web.<br \/>\n<\/span><\/p>\n<p align=\"justify\"><span style=\"font-family: NewsGotT;font-size: medium\">No obstante, ya hemos comenzado a realizar algunas actividades motivantes para nuestras ni\u00f1as y ni\u00f1os como los <span style=\"color: #0000ff\">Frut\u00f3metros<\/span> de aula o el trabajo sobre las frutas y verduras estacionales a trav\u00e9s de las pinturas del pintor italiano <span style=\"color: #0000ff\">Giuseppe Arcimboldo<\/span>. Aqu\u00ed os dejamos algunas im\u00e1genes para que las conozc\u00e1is.<\/span><\/p>\n<p align=\"justify\">&nbsp;<\/p>\n<p style=\"text-align: center\" align=\"justify\"><a href=\"https:\/\/photos.app.goo.gl\/WLdyvnznfQvUA8948\" target=\"_blank\" rel=\"noopener noreferrer\"><img loading=\"lazy\" decoding=\"async\" class=\"size-medium wp-image-8729 aligncenter\" src=\"https:\/\/blogsaverroes.juntadeandalucia.es\/ceipborbolla\/files\/2022\/10\/Programasalud-300x77.jpg\" alt=\"\" width=\"300\" height=\"77\" srcset=\"https:\/\/blogsaverroes.juntadeandalucia.es\/ceipborbolla\/files\/2022\/10\/Programasalud-300x77.jpg 300w, https:\/\/blogsaverroes.juntadeandalucia.es\/ceipborbolla\/files\/2022\/10\/Programasalud.jpg 738w\" sizes=\"(max-width: 300px) 100vw, 300px\" \/><\/a>(haz clic en la imagen)<\/p>\n<p><span style=\"font-family: NewsGotT;font-size: medium\">.<\/span><\/p>\n<ul>\n<li>Las frutas y verduras estacionales a trav\u00e9s de las pinturas del pintor italiano Giuseppe Arcimboldo<\/li>\n<li>El frut\u00f3metro<\/li>\n<li>Desarrollo y funcionamiento del cerebro para 5\u00ba y 6\u00ba<\/li>\n<li>La polic\u00eda local en la clase de educaci\u00f3n vial<\/li>\n<li>Curs\u00f3 RCP y Maniobra de Heimlich para profesorado por parte de la sanitaria de referencia del centro<\/li>\n<\/ul>\n<div>\n<div>&nbsp;<\/div>\n<div style=\"text-align: justify\">Alumnas de quinto han preparado peque\u00f1as conferencias sobre frutas y verduras de temporada y&nbsp;las est\u00e1n desarrollando en distintos cursos desde Infantil y primer ciclo.<\/div>\n<div>&nbsp;<\/div>\n<div style=\"text-align: justify\">Sus compa\u00f1eros y compa\u00f1eras de estos cursos est\u00e1n muy contentos y contentas y han aprendido gran cantidad de cosas como su forma, color, pa\u00edses de procedencia, propiedades saludables y curiosidades.&nbsp;<\/div>\n<div>&nbsp;<\/div>\n<div style=\"text-align: justify\">Aprender entre iguales es una manera de hacer el aprendizaje m\u00e1s significativo.<\/div>\n<div>&nbsp;<\/div>\n<\/div>\n<div style=\"text-align: center\"><a href=\"https:\/\/photos.app.goo.gl\/WLdyvnznfQvUA8948\" target=\"_blank\" rel=\"noopener noreferrer\"><img loading=\"lazy\" decoding=\"async\" class=\"alignnone size-medium wp-image-8936\" src=\"https:\/\/blogsaverroes.juntadeandalucia.es\/ceipborbolla\/files\/2023\/02\/WhatsApp-Image-2023-02-08-at-12.27.39-300x184.jpeg\" alt=\"\" width=\"300\" height=\"184\" srcset=\"https:\/\/blogsaverroes.juntadeandalucia.es\/ceipborbolla\/files\/2023\/02\/WhatsApp-Image-2023-02-08-at-12.27.39-300x184.jpeg 300w, https:\/\/blogsaverroes.juntadeandalucia.es\/ceipborbolla\/files\/2023\/02\/WhatsApp-Image-2023-02-08-at-12.27.39.jpeg 508w\" sizes=\"(max-width: 300px) 100vw, 300px\" \/><\/a><\/div>\n<div style=\"text-align: center\">(haz clic en la imagen)<\/div>\n<div>&nbsp;<\/div>\n<div>&nbsp;<\/div>\n<div>&nbsp;<\/div>\n<div>&nbsp;<\/div>\n","protected":false},"excerpt":{"rendered":"<p>&nbsp; Nuestro colegio lleva a\u00f1os apostando por el desarrollo e impulso de h\u00e1bitos de vida saludables en cuanto a alimentaci\u00f3n y ejercicio f\u00edsico. Este a\u00f1o hemos decidido participar en el Programa de Innovaci\u00f3n de&#46;&#46;&#46;<\/p>\n","protected":false},"author":2371,"featured_media":0,"parent":0,"menu_order":0,"comment_status":"closed","ping_status":"closed","template":"","meta":{"ngg_post_thumbnail":0,"footnotes":"","_mc_calendar":[]},"aioseo_notices":[],"_links":{"self":[{"href":"https:\/\/blogsaverroes.juntadeandalucia.es\/ceipborbolla\/wp-json\/wp\/v2\/pages\/8709"}],"collection":[{"href":"https:\/\/blogsaverroes.juntadeandalucia.es\/ceipborbolla\/wp-json\/wp\/v2\/pages"}],"about":[{"href":"https:\/\/blogsaverroes.juntadeandalucia.es\/ceipborbolla\/wp-json\/wp\/v2\/types\/page"}],"author":[{"embeddable":true,"href":"https:\/\/blogsaverroes.juntadeandalucia.es\/ceipborbolla\/wp-json\/wp\/v2\/users\/2371"}],"replies":[{"embeddable":true,"href":"https:\/\/blogsaverroes.juntadeandalucia.es\/ceipborbolla\/wp-json\/wp\/v2\/comments?post=8709"}],"version-history":[{"count":10,"href":"https:\/\/blogsaverroes.juntadeandalucia.es\/ceipborbolla\/wp-json\/wp\/v2\/pages\/8709\/revisions"}],"predecessor-version":[{"id":8937,"href":"https:\/\/blogsaverroes.juntadeandalucia.es\/ceipborbolla\/wp-json\/wp\/v2\/pages\/8709\/revisions\/8937"}],"wp:attachment":[{"href":"https:\/\/blogsaverroes.juntadeandalucia.es\/ceipborbolla\/wp-json\/wp\/v2\/media?parent=8709"}],"curies":[{"name":"wp","href":"https:\/\/api.w.org\/{rel}","templated":true}]}}