{"id":872,"date":"2015-03-16T12:50:42","date_gmt":"2015-03-16T12:50:42","guid":{"rendered":"http:\/\/blogsaverroes.juntadeandalucia.es\/pre\/ceip\/?page_id=120"},"modified":"2025-11-19T08:26:22","modified_gmt":"2025-11-19T07:26:22","slug":"contactar","status":"publish","type":"page","link":"https:\/\/blogsaverroes.juntadeandalucia.es\/ceipborbolla\/contactar\/","title":{"rendered":"Contactar"},"content":{"rendered":"<p>Si desea contactar con nosotros:<\/p>\n<h2><strong>C.E.I.P. Borbolla<\/strong><\/h2>\n<p><strong>Direcci\u00f3n:<\/strong>&nbsp;&nbsp;Calle Lu\u00eds Montoto 101, 41007 Sevilla<\/p>\n<p><iframe loading=\"lazy\" src=\"https:\/\/www.google.com\/maps\/embed?pb=!1m18!1m12!1m3!1d1147.505248056638!2d-5.972438569519007!3d37.387787990636696!2m3!1f0!2f0!3f0!3m2!1i1024!2i768!4f13.1!3m3!1m2!1s0xd126ebbf3305a5f%3A0x2a908bc84ef677dd!2sCEIP%20Borbolla!5e1!3m2!1ses!2ses!4v1763537049196!5m2!1ses!2ses\" width=\"600\" height=\"450\"><\/iframe><\/p>\n<p>&nbsp;<\/p>\n<p><strong>Tel\u00e9fono: 955 622 372<\/strong><\/p>\n<p><strong>Email: <\/strong><a href=\"mailto:41004514.edu@juntadeandalucia.es\">41004514.edu@juntadeandalucia.es<\/a><\/p>\n<p>&nbsp;<\/p>\n<p>&nbsp;<\/p>\n","protected":false},"excerpt":{"rendered":"<p>Si desea contactar con nosotros: C.E.I.P. Borbolla Direcci\u00f3n:&nbsp;&nbsp;Calle Lu\u00eds Montoto 101, 41007 Sevilla &nbsp; Tel\u00e9fono: 955 622 372 Email: 41004514.edu@juntadeandalucia.es &nbsp; &nbsp;<\/p>\n","protected":false},"author":1,"featured_media":0,"parent":0,"menu_order":0,"comment_status":"closed","ping_status":"open","template":"","meta":{"ngg_post_thumbnail":0,"footnotes":"","_mc_calendar":[]},"aioseo_notices":[],"_links":{"self":[{"href":"https:\/\/blogsaverroes.juntadeandalucia.es\/ceipborbolla\/wp-json\/wp\/v2\/pages\/872"}],"collection":[{"href":"https:\/\/blogsaverroes.juntadeandalucia.es\/ceipborbolla\/wp-json\/wp\/v2\/pages"}],"about":[{"href":"https:\/\/blogsaverroes.juntadeandalucia.es\/ceipborbolla\/wp-json\/wp\/v2\/types\/page"}],"author":[{"embeddable":true,"href":"https:\/\/blogsaverroes.juntadeandalucia.es\/ceipborbolla\/wp-json\/wp\/v2\/users\/1"}],"replies":[{"embeddable":true,"href":"https:\/\/blogsaverroes.juntadeandalucia.es\/ceipborbolla\/wp-json\/wp\/v2\/comments?post=872"}],"version-history":[{"count":11,"href":"https:\/\/blogsaverroes.juntadeandalucia.es\/ceipborbolla\/wp-json\/wp\/v2\/pages\/872\/revisions"}],"predecessor-version":[{"id":9677,"href":"https:\/\/blogsaverroes.juntadeandalucia.es\/ceipborbolla\/wp-json\/wp\/v2\/pages\/872\/revisions\/9677"}],"wp:attachment":[{"href":"https:\/\/blogsaverroes.juntadeandalucia.es\/ceipborbolla\/wp-json\/wp\/v2\/media?parent=872"}],"curies":[{"name":"wp","href":"https:\/\/api.w.org\/{rel}","templated":true}]}}