{"id":99,"date":"2015-03-16T07:22:54","date_gmt":"2015-03-16T07:22:54","guid":{"rendered":"http:\/\/blogsaverroes.juntadeandalucia.es\/pre\/ceip\/?page_id=99"},"modified":"2026-03-19T17:32:51","modified_gmt":"2026-03-19T16:32:51","slug":"comedor-escolar","status":"publish","type":"page","link":"https:\/\/blogsaverroes.juntadeandalucia.es\/ceipborbolla\/comedor-escolar\/","title":{"rendered":"Comedor escolar"},"content":{"rendered":"<p><a href=\"https:\/\/blogsaverroes.juntadeandalucia.es\/ceipborbolla\/files\/2026\/03\/comedor-actualizado.png\"><img loading=\"lazy\" decoding=\"async\" class=\"alignnone size-full wp-image-9717\" src=\"https:\/\/blogsaverroes.juntadeandalucia.es\/ceipborbolla\/files\/2026\/03\/comedor-actualizado.png\" alt=\"\" width=\"1484\" height=\"876\" srcset=\"https:\/\/blogsaverroes.juntadeandalucia.es\/ceipborbolla\/files\/2026\/03\/comedor-actualizado.png 1484w, https:\/\/blogsaverroes.juntadeandalucia.es\/ceipborbolla\/files\/2026\/03\/comedor-actualizado-300x177.png 300w, https:\/\/blogsaverroes.juntadeandalucia.es\/ceipborbolla\/files\/2026\/03\/comedor-actualizado-1024x604.png 1024w, https:\/\/blogsaverroes.juntadeandalucia.es\/ceipborbolla\/files\/2026\/03\/comedor-actualizado-768x453.png 768w\" sizes=\"(max-width: 1484px) 100vw, 1484px\" \/><\/a><\/p>\n<p>El servicio de comedor escolar ofrece comida diaria (incluye servicio de monitora, primer plato, segundo plato con guarnici\u00f3n, pan y postre),&nbsp; servida &nbsp;por el catering Hermanos Gonzalez, contratado por la Junta de Andaluc\u00eda.<\/p>\n<p><!--more--><\/p>\n<hr>\n<h2 style=\"text-align: center\"><span style=\"color: #0000ff\"><strong>MEN\u00daS<\/strong><\/span><\/h2>\n<p><img loading=\"lazy\" decoding=\"async\" class=\"size-full wp-image-2203\" src=\"http:\/\/blogsaverroes.juntadeandalucia.es\/ceipborbolla\/files\/2015\/12\/pdf-icono.gif\" alt=\"pdf-icono\" width=\"18\" height=\"18\" srcset=\"https:\/\/blogsaverroes.juntadeandalucia.es\/ceipborbolla\/files\/2015\/12\/pdf-icono.gif 18w, https:\/\/blogsaverroes.juntadeandalucia.es\/ceipborbolla\/files\/2015\/12\/pdf-icono-100x100.gif 100w, https:\/\/blogsaverroes.juntadeandalucia.es\/ceipborbolla\/files\/2015\/12\/pdf-icono-480x480.gif 480w\" sizes=\"(max-width: 18px) 100vw, 18px\" \/> &nbsp; &nbsp;<a href=\"https:\/\/blogsaverroes.juntadeandalucia.es\/ceipborbolla\/files\/2026\/02\/Menu-ENERO-FEBRERO-2026-Borbolla.pdf\">Men\u00fa ENERO FEBRERO 2026 Borbolla<\/a><\/p>\n<p><img loading=\"lazy\" decoding=\"async\" class=\" size-full wp-image-2203 alignleft\" src=\"http:\/\/blogsaverroes.juntadeandalucia.es\/ceipborbolla\/files\/2015\/12\/pdf-icono.gif\" alt=\"pdf-icono\" width=\"18\" height=\"18\" srcset=\"https:\/\/blogsaverroes.juntadeandalucia.es\/ceipborbolla\/files\/2015\/12\/pdf-icono.gif 18w, https:\/\/blogsaverroes.juntadeandalucia.es\/ceipborbolla\/files\/2015\/12\/pdf-icono-100x100.gif 100w, https:\/\/blogsaverroes.juntadeandalucia.es\/ceipborbolla\/files\/2015\/12\/pdf-icono-480x480.gif 480w\" sizes=\"(max-width: 18px) 100vw, 18px\" \/><a href=\"https:\/\/blogsaverroes.juntadeandalucia.es\/ceipborbolla\/files\/2026\/03\/Menu-MARZO-ABRIL-2026-Borbolla.pdf\">Men\u00fa MARZO ABRIL 2026 Borbolla<\/a><\/p>\n<hr>\n<p>&nbsp;<\/p>\n<p><em>En el siguiente enlace, encontrar\u00e1n tanto el men\u00fa basal como los al\u00e9rgicos en formato PDF. Se actualizar\u00e1n todos los meses y podr\u00e1n descargarlos desde ah\u00ed.<\/em><\/p>\n<p><em><a href=\"http:\/\/www.cateringhgonzalez.com\/consultatumenu\">http:\/\/www.cateringhgonzalez.com\/consultatumenu<\/a><\/em><\/p>\n<p><em>Deben escribir las siguientes claves de acceso: <\/em><br \/>\n<em>Usuario: hgonzalez399<\/em><br \/>\n<em>Contrase\u00f1a: colegio<\/em><\/p>\n<p>&nbsp;<\/p>\n<p style=\"text-align: center\"><a href=\"https:\/\/colectividadeshgonzalez.com\/\" target=\"_blank\" rel=\"noopener noreferrer\">Web de HnosGonzales<\/a><\/p>\n<p style=\"text-align: justify\">El servicio se ofrece de lunes a viernes de 14 a 16 h., y en \u00e9l se pretende que sea continuaci\u00f3n de la tarea educativa.<\/p>\n<p>El comedor escolar debe entenderse como un servicio educativo que completa la labor del centro docente, por lo que en \u00e9l debe desarrollarse las siguientes funciones:<\/p>\n<ul>\n<li style=\"text-align: justify\">Educar en h\u00e1bitos alimentarios saludables utilizando un plan de alimentaci\u00f3n equilibrado.<\/li>\n<li style=\"text-align: justify\">Promover la adaptaci\u00f3n del alumnado a una diversidad de men\u00fas y a una disciplina que incluya la cortes\u00eda, la tolerancia, la solidaridad y la educaci\u00f3n para la convivencia (educaci\u00f3n en la mesa, postura correcta\u2026).<\/li>\n<li style=\"text-align: justify\">Ofrecer una planificaci\u00f3n alimentaria que aporte las sustancias nutritivas que los alumnos y alumnas necesitan para su normal desarrollo.<\/li>\n<li style=\"text-align: justify\">Contribuir a la integraci\u00f3n de la familia en la medida que facilite a los padres y madres el ejercicio de sus funciones laborales y sociales.<\/li>\n<li style=\"text-align: justify\">Facilitar que mujeres y hombres andaluces puedan optar libremente a su proyecto de desarrollo personal y profesional.<\/li>\n<li style=\"text-align: justify\">Interesar a las familias en los beneficios que puedan obtenerse de una colaboraci\u00f3n conjunta con los responsables del comedor escolar, tanto en lo referido a la salud como en su educaci\u00f3n nutricional.<\/li>\n<li style=\"text-align: justify\">Concienciar a las familias en los patrones de conducta adquiridos en el comedor del centro escolar.<\/li>\n<li style=\"text-align: justify\">Informar y concienciar a los alumnos de programas y pr\u00e1cticas de higiene personal: aseo general, lavado de manos, cepillado de dientes, manipulaci\u00f3n en el consumo de alimentos\u2026<\/li>\n<li style=\"text-align: justify\">Educar a los alumnos y alumnas en la relaci\u00f3n social: fomento de la comunicaci\u00f3n, la buena convivencia y y las relaciones con los compa\u00f1eros y compa\u00f1eras de mesa.<\/li>\n<\/ul>\n<p>&nbsp;<\/p>\n<h2 style=\"text-align: center\">DOCUMENTACI\u00d3N DE INTER\u00c9S<\/h2>\n<p>&nbsp;<\/p>\n<ul>\n<li><a href=\"https:\/\/blogsaverroes.juntadeandalucia.es\/ceipborbolla\/files\/2024\/09\/Infografias-frutas-temporada.pdf\">Infograf\u00edas + frutas temporada<\/a><\/li>\n<li><a href=\"https:\/\/blogsaverroes.juntadeandalucia.es\/ceipborbolla\/files\/2020\/01\/Solicitud-Baja-PAF.pdf\" target=\"_blank\" rel=\"noopener noreferrer\">Solicitud de baja servicios complementarios<\/a>.<\/li>\n<\/ul>\n<p>&nbsp;<\/p>\n<p>&nbsp;<\/p>\n<p>&nbsp;<\/p>\n<p style=\"text-align: center\">&nbsp;<\/p>\n<p>&nbsp;<\/p>\n<p style=\"text-align: center\">&nbsp;<\/p>\n","protected":false},"excerpt":{"rendered":"<p>El servicio de comedor escolar ofrece comida diaria (incluye servicio de monitora, primer plato, segundo plato con guarnici\u00f3n, pan y postre),&nbsp; servida &nbsp;por el catering Hermanos Gonzalez, contratado por la Junta de Andaluc\u00eda.<\/p>\n","protected":false},"author":1,"featured_media":9717,"parent":0,"menu_order":0,"comment_status":"closed","ping_status":"open","template":"","meta":{"ngg_post_thumbnail":0,"footnotes":"","_mc_calendar":[]},"aioseo_notices":[],"_links":{"self":[{"href":"https:\/\/blogsaverroes.juntadeandalucia.es\/ceipborbolla\/wp-json\/wp\/v2\/pages\/99"}],"collection":[{"href":"https:\/\/blogsaverroes.juntadeandalucia.es\/ceipborbolla\/wp-json\/wp\/v2\/pages"}],"about":[{"href":"https:\/\/blogsaverroes.juntadeandalucia.es\/ceipborbolla\/wp-json\/wp\/v2\/types\/page"}],"author":[{"embeddable":true,"href":"https:\/\/blogsaverroes.juntadeandalucia.es\/ceipborbolla\/wp-json\/wp\/v2\/users\/1"}],"replies":[{"embeddable":true,"href":"https:\/\/blogsaverroes.juntadeandalucia.es\/ceipborbolla\/wp-json\/wp\/v2\/comments?post=99"}],"version-history":[{"count":144,"href":"https:\/\/blogsaverroes.juntadeandalucia.es\/ceipborbolla\/wp-json\/wp\/v2\/pages\/99\/revisions"}],"predecessor-version":[{"id":9719,"href":"https:\/\/blogsaverroes.juntadeandalucia.es\/ceipborbolla\/wp-json\/wp\/v2\/pages\/99\/revisions\/9719"}],"wp:featuredmedia":[{"embeddable":true,"href":"https:\/\/blogsaverroes.juntadeandalucia.es\/ceipborbolla\/wp-json\/wp\/v2\/media\/9717"}],"wp:attachment":[{"href":"https:\/\/blogsaverroes.juntadeandalucia.es\/ceipborbolla\/wp-json\/wp\/v2\/media?parent=99"}],"curies":[{"name":"wp","href":"https:\/\/api.w.org\/{rel}","templated":true}]}}