{"id":113,"date":"2015-03-16T08:06:00","date_gmt":"2015-03-16T06:06:00","guid":{"rendered":"http:\/\/blogsaverroes.juntadeandalucia.es\/pre\/ceip\/?page_id=113"},"modified":"2026-02-04T21:06:38","modified_gmt":"2026-02-04T19:06:38","slug":"biblioteca","status":"publish","type":"page","link":"https:\/\/blogsaverroes.juntadeandalucia.es\/ceipbuenosaires\/biblioteca\/","title":{"rendered":"Biblioteca"},"content":{"rendered":"<p>La biblioteca escolar tiene el siguiente horario:<\/p>\n<p>De <strong>lunes a viernes de 11:30 a 12:00<\/strong>. En ese horario el alumnado podr\u00e1 solicitar el pr\u00e9stamo y realizar la devoluci\u00f3n de libros.<\/p>\n<p>Desde el siguiente enlace pod\u00e9is acceder al cat\u00e1logo de libros:<\/p>\n<p><a href=\"https:\/\/seneca.juntadeandalucia.es\/seneca\/biblioweb\/portal\/11603579\">https:\/\/seneca.juntadeandalucia.es\/seneca\/biblioweb\/portal\/11603579<\/a><\/p>\n<p><a title=\"Bibliotecas escolares\" href=\"http:\/\/www.juntadeandalucia.es\/educacion\/webportal\/web\/lecturas-y-bibliotecas-escolares\/bibliotecas-escolares\" target=\"_blank\" rel=\"noopener\">Enlace al portal sobre las Bibliotecas Escolares.<\/a><\/p>\n","protected":false},"excerpt":{"rendered":"<p>La biblioteca escolar tiene el siguiente horario: De lunes a viernes de 11:30 a 12:00. En ese horario el alumnado podr\u00e1 solicitar el pr\u00e9stamo y realizar la devoluci\u00f3n de libros. Desde el siguiente enlace pod\u00e9is acceder al cat\u00e1logo de libros: https:\/\/seneca.juntadeandalucia.es\/seneca\/biblioweb\/portal\/11603579 Enlace al portal sobre las Bibliotecas Escolares.<\/p>\n","protected":false},"author":1,"featured_media":0,"parent":0,"menu_order":0,"comment_status":"closed","ping_status":"closed","template":"","meta":{"ngg_post_thumbnail":0,"footnotes":"","_mc_calendar":[]},"aioseo_notices":[],"_links":{"self":[{"href":"https:\/\/blogsaverroes.juntadeandalucia.es\/ceipbuenosaires\/wp-json\/wp\/v2\/pages\/113"}],"collection":[{"href":"https:\/\/blogsaverroes.juntadeandalucia.es\/ceipbuenosaires\/wp-json\/wp\/v2\/pages"}],"about":[{"href":"https:\/\/blogsaverroes.juntadeandalucia.es\/ceipbuenosaires\/wp-json\/wp\/v2\/types\/page"}],"author":[{"embeddable":true,"href":"https:\/\/blogsaverroes.juntadeandalucia.es\/ceipbuenosaires\/wp-json\/wp\/v2\/users\/1"}],"replies":[{"embeddable":true,"href":"https:\/\/blogsaverroes.juntadeandalucia.es\/ceipbuenosaires\/wp-json\/wp\/v2\/comments?post=113"}],"version-history":[{"count":3,"href":"https:\/\/blogsaverroes.juntadeandalucia.es\/ceipbuenosaires\/wp-json\/wp\/v2\/pages\/113\/revisions"}],"predecessor-version":[{"id":3407,"href":"https:\/\/blogsaverroes.juntadeandalucia.es\/ceipbuenosaires\/wp-json\/wp\/v2\/pages\/113\/revisions\/3407"}],"wp:attachment":[{"href":"https:\/\/blogsaverroes.juntadeandalucia.es\/ceipbuenosaires\/wp-json\/wp\/v2\/media?parent=113"}],"curies":[{"name":"wp","href":"https:\/\/api.w.org\/{rel}","templated":true}]}}