{"id":2533,"date":"2020-02-25T18:11:35","date_gmt":"2020-02-25T16:11:35","guid":{"rendered":"http:\/\/blogsaverroes.juntadeandalucia.es\/ceipbuenosaires\/?page_id=2533"},"modified":"2023-03-06T19:53:38","modified_gmt":"2023-03-06T17:53:38","slug":"escolarizacion-2","status":"publish","type":"page","link":"https:\/\/blogsaverroes.juntadeandalucia.es\/ceipbuenosaires\/escolarizacion-2\/","title":{"rendered":"Escolarizaci\u00f3n 2023-24"},"content":{"rendered":"<p style=\"text-align: center\"><a href=\"http:\/\/blogsaverroes.juntadeandalucia.es\/ceipbuenosaires\/escolarizacion-2\/copia-de-ceip-buenos-aires\/\" rel=\"attachment wp-att-3200\"><img loading=\"lazy\" decoding=\"async\" class=\"alignnone size-full wp-image-3200\" src=\"https:\/\/blogsaverroes.juntadeandalucia.es\/ceipbuenosaires\/files\/2023\/03\/Copia-de-CEIP.-Buenos-Aires.jpg\" alt=\"\" width=\"1131\" height=\"1600\" srcset=\"https:\/\/blogsaverroes.juntadeandalucia.es\/ceipbuenosaires\/files\/2023\/03\/Copia-de-CEIP.-Buenos-Aires.jpg 1131w, https:\/\/blogsaverroes.juntadeandalucia.es\/ceipbuenosaires\/files\/2023\/03\/Copia-de-CEIP.-Buenos-Aires-212x300.jpg 212w, https:\/\/blogsaverroes.juntadeandalucia.es\/ceipbuenosaires\/files\/2023\/03\/Copia-de-CEIP.-Buenos-Aires-724x1024.jpg 724w, https:\/\/blogsaverroes.juntadeandalucia.es\/ceipbuenosaires\/files\/2023\/03\/Copia-de-CEIP.-Buenos-Aires-768x1086.jpg 768w, https:\/\/blogsaverroes.juntadeandalucia.es\/ceipbuenosaires\/files\/2023\/03\/Copia-de-CEIP.-Buenos-Aires-1086x1536.jpg 1086w, https:\/\/blogsaverroes.juntadeandalucia.es\/ceipbuenosaires\/files\/2023\/03\/Copia-de-CEIP.-Buenos-Aires-1448x2048.jpg 1448w, https:\/\/blogsaverroes.juntadeandalucia.es\/ceipbuenosaires\/files\/2023\/03\/Copia-de-CEIP.-Buenos-Aires-700x990.jpg 700w, https:\/\/blogsaverroes.juntadeandalucia.es\/ceipbuenosaires\/files\/2023\/03\/Copia-de-CEIP.-Buenos-Aires-17x24.jpg 17w, https:\/\/blogsaverroes.juntadeandalucia.es\/ceipbuenosaires\/files\/2023\/03\/Copia-de-CEIP.-Buenos-Aires-25x36.jpg 25w, https:\/\/blogsaverroes.juntadeandalucia.es\/ceipbuenosaires\/files\/2023\/03\/Copia-de-CEIP.-Buenos-Aires-34x48.jpg 34w\" sizes=\"(max-width: 1131px) 100vw, 1131px\" \/><\/a><\/p>\n<p style=\"text-align: center\">&nbsp;<\/p>\n<p>Cualquier duda pod\u00e9is llamar a los siguientes<strong> tel\u00e9fonos<\/strong>: <strong>956 670 785\/ 650 478 356, en el siguiente horario:<\/strong><\/p>\n<p style=\"text-align: center\">Lunes y mi\u00e9rcoles: 9:15 &#8211; 10:45<\/p>\n<p style=\"text-align: center\">Martes y viernes: 10:00 &#8211; 11:45<\/p>\n<p style=\"text-align: center\">Jueves: 12:45 &#8211; 13:45<\/p>\n<p>Se adjuntar\u00e1 la siguiente documentaci\u00f3n a la solicitud:<\/p>\n<ul>\n<li>Certificado de empadronamiento (podr\u00e1n retirarlo a<br \/>\nnivel municipal en el departamento de Estad\u00edstica (Simac), mediante la<br \/>\nentrega del documento nacional de identidad, en horario de lunes a<br \/>\nviernes, de 09.00 a 14.00 horas, sin necesidad de cita previa.)<\/li>\n<li>Fotocopia del libro de familia de todas las p\u00e1ginas escritas.<\/li>\n<li>Fotocopia de los DNI o pasaportes de todos los miembros de la unidad familiar.<\/li>\n<li>Documentaci\u00f3n para verificar: familia numerosa, monoparental, dicapacidad&#8230; en el caso que sea necesario.<\/li>\n<li>Declaraci\u00f3n jurada (Si no ha presentado la declaraci\u00f3n de hacienda del a\u00f1o 2021).<\/li>\n<\/ul>\n<p>TRAER ORIGINALES DE LA DOCUMENTACI\u00d3N PARA SU VERIFICACI\u00d3N<\/p>\n<p>Las familias que no la pueda realizar de forma tel\u00e9m\u00e1tica, llamar\u00e1 a los tel\u00e9fonos:&nbsp;<strong>956 670 785\/ 650 478 356<\/strong> para solicitar <strong>cita previa<\/strong>.<\/p>\n<p><strong>Solicitud telem\u00e1tica<\/strong> pinchando en el siguiente enlace. Recordad, si pinch\u00e1is en la opci\u00f3n cumplimentaci\u00f3n, deber\u00e9is imprimirlo y presentarlo en el Centro o en la Delegaci\u00f3n Provincial.<\/p>\n<p style=\"text-align: center\"><a href=\"https:\/\/www.juntadeandalucia.es\/educacion\/secretariavirtual\/accesoTramite\/543\/\" target=\"_blank\" rel=\"noopener noreferrer\"><img loading=\"lazy\" decoding=\"async\" class=\"alignnone size-full\" src=\"https:\/\/www.juntadeandalucia.es\/educacion\/secretariavirtual\/images\/logo_secretaria_virtual.svg\" width=\"833\" height=\"189\"><\/a><\/p>\n<p>&nbsp;<\/p>\n<p>Aqu\u00ed os pod\u00e9is <strong>descargar el impreso de solicitud<\/strong>:<\/p>\n<p style=\"text-align: center\"><a href=\"https:\/\/www.juntadeandalucia.es\/educacion\/portals\/delegate\/content\/7e1d7b27-eaa4-42e7-bfa3-ac436db80ed6\/ANEXO%20III\" target=\"_blank\" rel=\"noopener noreferrer\">Impreso de solicitud de admisi\u00f3n<\/a><\/p>\n<p><strong>DOCUMENTACI\u00d3N ESCOLARIZACI\u00d3N<\/strong><\/p>\n<p>&nbsp;<br \/>\n<iframe loading=\"lazy\" src=\"https:\/\/www.symbaloo.com\/embed\/escolarizacion\" width=\"660px\" height=\"620px\" frameborder=\"0\"><\/iframe><br \/>\n&nbsp;<\/p>\n<p>Acceso al <strong>Portal de Escolarizaci\u00f3n<\/strong> (pincha en la imagen):<\/p>\n<p style=\"text-align: center\"><a href=\"https:\/\/www.juntadeandalucia.es\/educacion\/portals\/web\/escolarizacion\"><img loading=\"lazy\" decoding=\"async\" class=\"alignnone size-full wp-image-3026\" src=\"https:\/\/blogsaverroes.juntadeandalucia.es\/ceipbuenosaires\/files\/2022\/02\/Captura-de-pantalla-de-2022-02-24-13-41-57.png\" alt=\"\" width=\"393\" height=\"392\" srcset=\"https:\/\/blogsaverroes.juntadeandalucia.es\/ceipbuenosaires\/files\/2022\/02\/Captura-de-pantalla-de-2022-02-24-13-41-57.png 393w, https:\/\/blogsaverroes.juntadeandalucia.es\/ceipbuenosaires\/files\/2022\/02\/Captura-de-pantalla-de-2022-02-24-13-41-57-300x300.png 300w, https:\/\/blogsaverroes.juntadeandalucia.es\/ceipbuenosaires\/files\/2022\/02\/Captura-de-pantalla-de-2022-02-24-13-41-57-150x150.png 150w, https:\/\/blogsaverroes.juntadeandalucia.es\/ceipbuenosaires\/files\/2022\/02\/Captura-de-pantalla-de-2022-02-24-13-41-57-268x268.png 268w, https:\/\/blogsaverroes.juntadeandalucia.es\/ceipbuenosaires\/files\/2022\/02\/Captura-de-pantalla-de-2022-02-24-13-41-57-24x24.png 24w, https:\/\/blogsaverroes.juntadeandalucia.es\/ceipbuenosaires\/files\/2022\/02\/Captura-de-pantalla-de-2022-02-24-13-41-57-36x36.png 36w, https:\/\/blogsaverroes.juntadeandalucia.es\/ceipbuenosaires\/files\/2022\/02\/Captura-de-pantalla-de-2022-02-24-13-41-57-48x48.png 48w\" sizes=\"(max-width: 393px) 100vw, 393px\" \/><\/a><\/p>\n<p>&nbsp;&nbsp;&nbsp;&nbsp;&nbsp;&nbsp;<\/p>\n","protected":false},"excerpt":{"rendered":"<p>&nbsp; Cualquier duda pod\u00e9is llamar a los siguientes tel\u00e9fonos: 956 670 785\/ 650 478 356, en el siguiente horario: Lunes y mi\u00e9rcoles: 9:15 &#8211; 10:45 Martes y viernes: 10:00 &#8211; 11:45 Jueves: 12:45 &#8211; 13:45 Se adjuntar\u00e1 la siguiente documentaci\u00f3n a la solicitud: Certificado de empadronamiento (podr\u00e1n retirarlo a nivel municipal en el departamento de &hellip; <\/p>\n<p><a class=\"more-link btn\" href=\"https:\/\/blogsaverroes.juntadeandalucia.es\/ceipbuenosaires\/escolarizacion-2\/\">Seguir leyendo<\/a><\/p>\n","protected":false},"author":1860,"featured_media":3200,"parent":0,"menu_order":0,"comment_status":"closed","ping_status":"closed","template":"","meta":{"ngg_post_thumbnail":0,"footnotes":"","_mc_calendar":[]},"aioseo_notices":[],"_links":{"self":[{"href":"https:\/\/blogsaverroes.juntadeandalucia.es\/ceipbuenosaires\/wp-json\/wp\/v2\/pages\/2533"}],"collection":[{"href":"https:\/\/blogsaverroes.juntadeandalucia.es\/ceipbuenosaires\/wp-json\/wp\/v2\/pages"}],"about":[{"href":"https:\/\/blogsaverroes.juntadeandalucia.es\/ceipbuenosaires\/wp-json\/wp\/v2\/types\/page"}],"author":[{"embeddable":true,"href":"https:\/\/blogsaverroes.juntadeandalucia.es\/ceipbuenosaires\/wp-json\/wp\/v2\/users\/1860"}],"replies":[{"embeddable":true,"href":"https:\/\/blogsaverroes.juntadeandalucia.es\/ceipbuenosaires\/wp-json\/wp\/v2\/comments?post=2533"}],"version-history":[{"count":37,"href":"https:\/\/blogsaverroes.juntadeandalucia.es\/ceipbuenosaires\/wp-json\/wp\/v2\/pages\/2533\/revisions"}],"predecessor-version":[{"id":3203,"href":"https:\/\/blogsaverroes.juntadeandalucia.es\/ceipbuenosaires\/wp-json\/wp\/v2\/pages\/2533\/revisions\/3203"}],"wp:featuredmedia":[{"embeddable":true,"href":"https:\/\/blogsaverroes.juntadeandalucia.es\/ceipbuenosaires\/wp-json\/wp\/v2\/media\/3200"}],"wp:attachment":[{"href":"https:\/\/blogsaverroes.juntadeandalucia.es\/ceipbuenosaires\/wp-json\/wp\/v2\/media?parent=2533"}],"curies":[{"name":"wp","href":"https:\/\/api.w.org\/{rel}","templated":true}]}}