{"id":2755,"date":"2020-10-08T17:06:42","date_gmt":"2020-10-08T15:06:42","guid":{"rendered":"http:\/\/blogsaverroes.juntadeandalucia.es\/ceipbuenosaires\/?page_id=2755"},"modified":"2025-09-23T11:08:35","modified_gmt":"2025-09-23T09:08:35","slug":"moodle-centros","status":"publish","type":"page","link":"https:\/\/blogsaverroes.juntadeandalucia.es\/ceipbuenosaires\/moodle-centros\/","title":{"rendered":"Moodle Centros"},"content":{"rendered":"<p style=\"text-align: center\"><a href=\"https:\/\/educacionadistancia.juntadeandalucia.es\/centros\/cadiz\/\" rel=\"attachment wp-att-2984\"><img loading=\"lazy\" decoding=\"async\" class=\"alignnone size-full wp-image-2984\" src=\"https:\/\/blogsaverroes.juntadeandalucia.es\/ceipbuenosaires\/files\/2021\/09\/Captura-de-pantalla-de-2021-09-28-09-23-16.png\" alt=\"\" width=\"1600\" height=\"611\" srcset=\"https:\/\/blogsaverroes.juntadeandalucia.es\/ceipbuenosaires\/files\/2021\/09\/Captura-de-pantalla-de-2021-09-28-09-23-16.png 1600w, https:\/\/blogsaverroes.juntadeandalucia.es\/ceipbuenosaires\/files\/2021\/09\/Captura-de-pantalla-de-2021-09-28-09-23-16-300x115.png 300w, https:\/\/blogsaverroes.juntadeandalucia.es\/ceipbuenosaires\/files\/2021\/09\/Captura-de-pantalla-de-2021-09-28-09-23-16-1024x391.png 1024w, https:\/\/blogsaverroes.juntadeandalucia.es\/ceipbuenosaires\/files\/2021\/09\/Captura-de-pantalla-de-2021-09-28-09-23-16-768x293.png 768w, https:\/\/blogsaverroes.juntadeandalucia.es\/ceipbuenosaires\/files\/2021\/09\/Captura-de-pantalla-de-2021-09-28-09-23-16-1536x587.png 1536w, https:\/\/blogsaverroes.juntadeandalucia.es\/ceipbuenosaires\/files\/2021\/09\/Captura-de-pantalla-de-2021-09-28-09-23-16-700x267.png 700w, https:\/\/blogsaverroes.juntadeandalucia.es\/ceipbuenosaires\/files\/2021\/09\/Captura-de-pantalla-de-2021-09-28-09-23-16-24x9.png 24w, https:\/\/blogsaverroes.juntadeandalucia.es\/ceipbuenosaires\/files\/2021\/09\/Captura-de-pantalla-de-2021-09-28-09-23-16-36x14.png 36w, https:\/\/blogsaverroes.juntadeandalucia.es\/ceipbuenosaires\/files\/2021\/09\/Captura-de-pantalla-de-2021-09-28-09-23-16-48x18.png 48w\" sizes=\"(max-width: 1600px) 100vw, 1600px\" \/><\/a><\/p>\n<p>&nbsp;<\/p>\n<p>La <strong>URL de Moodle Centros<\/strong> es:<\/p>\n<p><a href=\"https:\/\/educacionadistancia.juntadeandalucia.es\/centros\/cadiz\" target=\"_blank\" rel=\"noopener noreferrer\">https:\/\/educacionadistancia.juntadeandalucia.es\/centros\/cadiz<\/a><\/p>\n<p>Si acced\u00e9is desde la Web pinchar en Acceso \u00danico Educaci\u00f3n.<\/p>\n<h2>\u00bfRecuerdas tu usuario?<\/h2>\n<p>Si es as\u00ed, solo tienes que introducirlo y acceder a las aulas de las asignaturas que se vayan creando.<\/p>\n<p>Si no lo tienes<strong>&nbsp;<\/strong> para obtenerlo:<\/p>\n<p>El&nbsp; padre\/madre\/tutor legal accede con su usuario y contrase\u00f1a a iPasen, y en <em><strong>comunicaciones<\/strong><\/em> ha recibido un mensaje anclado: <strong>Usuarios y contrase\u00f1as del alumnado<\/strong>.<\/p>\n<p style=\"text-align: center\"><a href=\"https:\/\/drive.google.com\/file\/d\/1Gp1BZvPbkyH5m58Rnb6SgmBd6ypBleTM\/view?usp=sharing\" target=\"_blank\" rel=\"noopener noreferrer\">Activar usuario de Moodle con iPasen<\/a><\/p>\n<p>&nbsp;<\/p>\n<p>&nbsp;<\/p>\n<p><strong>APP Moodle Centros<\/strong>:<\/p>\n<p>Recuerda la direcci\u00f3n del sitio: https:\/\/educacionadistancia.juntadeandalucia.es\/centros\/cadiz<\/p>\n<p><iframe loading=\"lazy\" src=\"https:\/\/www.youtube.com\/embed\/Z6jvtJyAdow\" width=\"560\" height=\"315\" frameborder=\"0\"><\/iframe><br \/>\n&nbsp;<\/p>\n<p><strong>Moodle Centros WEB<\/strong><\/p>\n<p><iframe loading=\"lazy\" src=\"https:\/\/www.youtube.com\/embed\/4d4JoyDf6Wo\" width=\"560\" height=\"315\" frameborder=\"0\"><\/iframe><\/p>\n<p><iframe loading=\"lazy\" src=\"https:\/\/www.youtube.com\/embed\/Cglc7wnOk_o\" width=\"560\" height=\"315\" frameborder=\"0\"><\/iframe><br \/>\n&nbsp;<\/p>\n<p><a href=\"https:\/\/www.juntadeandalucia.es\/educacion\/portals\/delegate\/content\/ebc7e059-ed3e-4372-add8-5a6bfcc10787\/Manual%20de%20uso%20Moodle%20Centros.%20Perfil%20Alumnado\" target=\"_blank\" rel=\"noopener noreferrer\">Manual para el uso de Moodle Centros para el alumnado<\/a><\/p>\n","protected":false},"excerpt":{"rendered":"<p>&nbsp; La URL de Moodle Centros es: https:\/\/educacionadistancia.juntadeandalucia.es\/centros\/cadiz Si acced\u00e9is desde la Web pinchar en Acceso \u00danico Educaci\u00f3n. \u00bfRecuerdas tu usuario? Si es as\u00ed, solo tienes que introducirlo y acceder a las aulas de las asignaturas que se vayan creando. Si no lo tienes&nbsp; para obtenerlo: El&nbsp; padre\/madre\/tutor legal accede con su usuario y contrase\u00f1a &hellip; <\/p>\n<p><a class=\"more-link btn\" href=\"https:\/\/blogsaverroes.juntadeandalucia.es\/ceipbuenosaires\/moodle-centros\/\">Seguir leyendo<\/a><\/p>\n","protected":false},"author":1860,"featured_media":0,"parent":0,"menu_order":0,"comment_status":"closed","ping_status":"closed","template":"","meta":{"ngg_post_thumbnail":0,"footnotes":"","_mc_calendar":[]},"aioseo_notices":[],"_links":{"self":[{"href":"https:\/\/blogsaverroes.juntadeandalucia.es\/ceipbuenosaires\/wp-json\/wp\/v2\/pages\/2755"}],"collection":[{"href":"https:\/\/blogsaverroes.juntadeandalucia.es\/ceipbuenosaires\/wp-json\/wp\/v2\/pages"}],"about":[{"href":"https:\/\/blogsaverroes.juntadeandalucia.es\/ceipbuenosaires\/wp-json\/wp\/v2\/types\/page"}],"author":[{"embeddable":true,"href":"https:\/\/blogsaverroes.juntadeandalucia.es\/ceipbuenosaires\/wp-json\/wp\/v2\/users\/1860"}],"replies":[{"embeddable":true,"href":"https:\/\/blogsaverroes.juntadeandalucia.es\/ceipbuenosaires\/wp-json\/wp\/v2\/comments?post=2755"}],"version-history":[{"count":14,"href":"https:\/\/blogsaverroes.juntadeandalucia.es\/ceipbuenosaires\/wp-json\/wp\/v2\/pages\/2755\/revisions"}],"predecessor-version":[{"id":3343,"href":"https:\/\/blogsaverroes.juntadeandalucia.es\/ceipbuenosaires\/wp-json\/wp\/v2\/pages\/2755\/revisions\/3343"}],"wp:attachment":[{"href":"https:\/\/blogsaverroes.juntadeandalucia.es\/ceipbuenosaires\/wp-json\/wp\/v2\/media?parent=2755"}],"curies":[{"name":"wp","href":"https:\/\/api.w.org\/{rel}","templated":true}]}}