{"id":2776,"date":"2020-12-15T19:20:18","date_gmt":"2020-12-15T17:20:18","guid":{"rendered":"http:\/\/blogsaverroes.juntadeandalucia.es\/ceipbuenosaires\/?page_id=2776"},"modified":"2020-12-15T19:20:18","modified_gmt":"2020-12-15T17:20:18","slug":"ipasen","status":"publish","type":"page","link":"https:\/\/blogsaverroes.juntadeandalucia.es\/ceipbuenosaires\/ipasen\/","title":{"rendered":"iPasen"},"content":{"rendered":"<p>En esta p\u00e1ginas encontrar\u00e9is videos que os pueden ser \u00fatilies para el uso de <strong>iPasen<\/strong>.<\/p>\n<p><strong>Punto de Recogida y Firmas<\/strong><\/p>\n<p><iframe loading=\"lazy\" src=\"https:\/\/www.youtube.com\/embed\/MhsOG3JunCY\" width=\"560\" height=\"315\" frameborder=\"0\"><\/iframe><\/p>\n<p>&nbsp;<\/p>\n<p><strong>Obtener usuario y contrase\u00f1a para nuestros hijos\/as para MOODLE CENTROS<\/strong><\/p>\n<p><iframe loading=\"lazy\" src=\"https:\/\/www.youtube.com\/embed\/qQEREiZSSZA\" width=\"560\" height=\"315\" frameborder=\"0\"><\/iframe><\/p>\n<p><strong>Autorizaci\u00f3n recogida alumnado<\/strong><br \/>\n<iframe loading=\"lazy\" src=\"https:\/\/www.youtube.com\/embed\/5-tEgSYh6K0\" width=\"560\" height=\"315\" frameborder=\"0\"><\/iframe><\/p>\n<p>&nbsp;<\/p>\n<p><strong>Mensaje al Profesorado y Direcci\u00f3n del Centro<\/strong><\/p>\n<p><iframe loading=\"lazy\" src=\"https:\/\/www.youtube.com\/embed\/d45kJ-Bb4YQ\" width=\"560\" height=\"315\" frameborder=\"0\"><\/iframe><\/p>\n<p>&nbsp;<\/p>\n<p><strong>Autologin iPasen<\/strong><\/p>\n<p><iframe loading=\"lazy\" src=\"https:\/\/www.youtube.com\/embed\/n0P0y0eWsCg\" width=\"560\" height=\"315\" frameborder=\"0\"><\/iframe><br \/>\n&nbsp;<\/p>\n","protected":false},"excerpt":{"rendered":"<p>En esta p\u00e1ginas encontrar\u00e9is videos que os pueden ser \u00fatilies para el uso de iPasen. Punto de Recogida y Firmas &nbsp; Obtener usuario y contrase\u00f1a para nuestros hijos\/as para MOODLE CENTROS Autorizaci\u00f3n recogida alumnado &nbsp; Mensaje al Profesorado y Direcci\u00f3n del Centro &nbsp; Autologin iPasen &nbsp;<\/p>\n","protected":false},"author":1860,"featured_media":0,"parent":0,"menu_order":0,"comment_status":"closed","ping_status":"closed","template":"","meta":{"ngg_post_thumbnail":0,"footnotes":"","_mc_calendar":[]},"aioseo_notices":[],"_links":{"self":[{"href":"https:\/\/blogsaverroes.juntadeandalucia.es\/ceipbuenosaires\/wp-json\/wp\/v2\/pages\/2776"}],"collection":[{"href":"https:\/\/blogsaverroes.juntadeandalucia.es\/ceipbuenosaires\/wp-json\/wp\/v2\/pages"}],"about":[{"href":"https:\/\/blogsaverroes.juntadeandalucia.es\/ceipbuenosaires\/wp-json\/wp\/v2\/types\/page"}],"author":[{"embeddable":true,"href":"https:\/\/blogsaverroes.juntadeandalucia.es\/ceipbuenosaires\/wp-json\/wp\/v2\/users\/1860"}],"replies":[{"embeddable":true,"href":"https:\/\/blogsaverroes.juntadeandalucia.es\/ceipbuenosaires\/wp-json\/wp\/v2\/comments?post=2776"}],"version-history":[{"count":1,"href":"https:\/\/blogsaverroes.juntadeandalucia.es\/ceipbuenosaires\/wp-json\/wp\/v2\/pages\/2776\/revisions"}],"predecessor-version":[{"id":2777,"href":"https:\/\/blogsaverroes.juntadeandalucia.es\/ceipbuenosaires\/wp-json\/wp\/v2\/pages\/2776\/revisions\/2777"}],"wp:attachment":[{"href":"https:\/\/blogsaverroes.juntadeandalucia.es\/ceipbuenosaires\/wp-json\/wp\/v2\/media?parent=2776"}],"curies":[{"name":"wp","href":"https:\/\/api.w.org\/{rel}","templated":true}]}}