{"id":383,"date":"2021-12-15T11:28:57","date_gmt":"2021-12-15T11:28:57","guid":{"rendered":"https:\/\/blogsaverroes.juntadeandalucia.es\/ceipcaetaria\/?page_id=383"},"modified":"2022-10-21T10:57:15","modified_gmt":"2022-10-21T10:57:15","slug":"bienvenidos","status":"publish","type":"page","link":"https:\/\/blogsaverroes.juntadeandalucia.es\/ceipcaetaria\/","title":{"rendered":"BIENVENIDOS"},"content":{"rendered":"<p>Estimados visitantes de la p\u00e1gina.<br \/>\nOs damos las gracias por echarnos un vistazo. Estamos trabajando para conseguir una p\u00e1gina del cole en la que se publique todo lo que sea de inter\u00e9s general.<br \/>\nSALUDOS&nbsp; &nbsp; &nbsp; &nbsp; &nbsp; &nbsp; &nbsp; &nbsp; &nbsp; &nbsp; &nbsp; &nbsp; &nbsp; &nbsp; &nbsp; &nbsp; &nbsp; &nbsp; &nbsp; &nbsp; &nbsp; &nbsp; &nbsp; &nbsp; &nbsp; &nbsp; &nbsp; &nbsp; &nbsp; &nbsp; &nbsp; &nbsp; &nbsp; &nbsp; &nbsp; &nbsp; &nbsp; &nbsp;<\/p>\n<p><img loading=\"lazy\" decoding=\"async\" class=\"\" src=\"https:\/\/m.media-amazon.com\/images\/I\/51pf92oAg+L._AC_.jpg\" alt=\"Enkolor vinilos Decorativos la educaci\u00f3n es el Arma m\u00e1s poderosa para Cambiar el Mundo. 60x40cm. Color Negro. : Amazon.es: Bricolaje y herramientas\" width=\"242\" height=\"418\">&nbsp; &nbsp; &nbsp; &nbsp; &nbsp; &nbsp;&nbsp;<\/p>\n","protected":false},"excerpt":{"rendered":"<p>Estimados visitantes de la p\u00e1gina. Os damos las gracias por echarnos un vistazo. Estamos trabajando para conseguir una p\u00e1gina del cole en la que se publique todo lo que sea de inter\u00e9s general. SALUDOS&nbsp;&#46;&#46;&#46;<\/p>\n","protected":false},"author":6135,"featured_media":0,"parent":0,"menu_order":0,"comment_status":"closed","ping_status":"closed","template":"","meta":{"ngg_post_thumbnail":0,"footnotes":""},"aioseo_notices":[],"_links":{"self":[{"href":"https:\/\/blogsaverroes.juntadeandalucia.es\/ceipcaetaria\/wp-json\/wp\/v2\/pages\/383"}],"collection":[{"href":"https:\/\/blogsaverroes.juntadeandalucia.es\/ceipcaetaria\/wp-json\/wp\/v2\/pages"}],"about":[{"href":"https:\/\/blogsaverroes.juntadeandalucia.es\/ceipcaetaria\/wp-json\/wp\/v2\/types\/page"}],"author":[{"embeddable":true,"href":"https:\/\/blogsaverroes.juntadeandalucia.es\/ceipcaetaria\/wp-json\/wp\/v2\/users\/6135"}],"replies":[{"embeddable":true,"href":"https:\/\/blogsaverroes.juntadeandalucia.es\/ceipcaetaria\/wp-json\/wp\/v2\/comments?post=383"}],"version-history":[{"count":7,"href":"https:\/\/blogsaverroes.juntadeandalucia.es\/ceipcaetaria\/wp-json\/wp\/v2\/pages\/383\/revisions"}],"predecessor-version":[{"id":433,"href":"https:\/\/blogsaverroes.juntadeandalucia.es\/ceipcaetaria\/wp-json\/wp\/v2\/pages\/383\/revisions\/433"}],"wp:attachment":[{"href":"https:\/\/blogsaverroes.juntadeandalucia.es\/ceipcaetaria\/wp-json\/wp\/v2\/media?parent=383"}],"curies":[{"name":"wp","href":"https:\/\/api.w.org\/{rel}","templated":true}]}}