{"id":1116,"date":"2025-10-08T17:36:51","date_gmt":"2025-10-08T15:36:51","guid":{"rendered":"https:\/\/blogsaverroes.juntadeandalucia.es\/ceipcaminodelatorre\/?page_id=1116"},"modified":"2025-10-08T17:53:46","modified_gmt":"2025-10-08T15:53:46","slug":"documentos-de-centro","status":"publish","type":"page","link":"https:\/\/blogsaverroes.juntadeandalucia.es\/ceipcaminodelatorre\/documentos-de-centro\/","title":{"rendered":"Documentos de Centro"},"content":{"rendered":"<p><a href=\"https:\/\/www.calameo.com\/read\/0080580248064489cbd3e\">Reglamento de Organizaci\u00f3n y Funcionamiento<\/a><\/p>\n<p><a href=\"https:\/\/www.calameo.com\/read\/008058024136a84c5eb1f\">Proyecto de Gesti\u00f3n<\/a><\/p>\n<p><a href=\"https:\/\/www.calameo.com\/read\/008058024eb1ddb8da933\">Plan de Centro<\/a><\/p>\n<p><a href=\"https:\/\/www.calameo.com\/read\/008058024dda3a5903cab\">Plan de Lectura y Biblioteca<\/a><\/p>\n<p><a href=\"https:\/\/www.calameo.com\/read\/008058024faf7672491c9\">Plan de impulso al Razonamiento Matem\u00e1tico<\/a><\/p>\n<p><a href=\"https:\/\/www.calameo.com\/read\/008058024516b45ec611e\">Plan de Acogida<\/a><\/p>\n<p><a href=\"https:\/\/www.calameo.com\/read\/008058024086b84007c0e\">Plan de Orientaci\u00f3n y Acci\u00f3n Tutorial<\/a><\/p>\n<p><a href=\"https:\/\/www.calameo.com\/read\/008058024296046de9cd5\">Programas de Tr\u00e1nsito Internos y Externos<\/a><\/p>\n<p><a href=\"https:\/\/www.calameo.com\/read\/0080580249f3731eda836\">Evaluaci\u00f3n Interna<\/a><\/p>\n<p><a href=\"https:\/\/www.calameo.com\/read\/00805802447b57c3dd737\">Criterios de Elaboraci\u00f3n de las programaciones did\u00e1cticas<\/a><\/p>\n","protected":false},"excerpt":{"rendered":"<p>Reglamento de Organizaci\u00f3n y Funcionamiento Proyecto de Gesti\u00f3n Plan de Centro Plan de Lectura y Biblioteca Plan de impulso al Razonamiento Matem\u00e1tico Plan de Acogida Plan de Orientaci\u00f3n y Acci\u00f3n Tutorial Programas de Tr\u00e1nsito Internos y Externos Evaluaci\u00f3n&#46;&#46;&#46;<\/p>\n","protected":false},"author":18997,"featured_media":0,"parent":0,"menu_order":0,"comment_status":"closed","ping_status":"closed","template":"","meta":{"ngg_post_thumbnail":0,"footnotes":""},"aioseo_notices":[],"_links":{"self":[{"href":"https:\/\/blogsaverroes.juntadeandalucia.es\/ceipcaminodelatorre\/wp-json\/wp\/v2\/pages\/1116"}],"collection":[{"href":"https:\/\/blogsaverroes.juntadeandalucia.es\/ceipcaminodelatorre\/wp-json\/wp\/v2\/pages"}],"about":[{"href":"https:\/\/blogsaverroes.juntadeandalucia.es\/ceipcaminodelatorre\/wp-json\/wp\/v2\/types\/page"}],"author":[{"embeddable":true,"href":"https:\/\/blogsaverroes.juntadeandalucia.es\/ceipcaminodelatorre\/wp-json\/wp\/v2\/users\/18997"}],"replies":[{"embeddable":true,"href":"https:\/\/blogsaverroes.juntadeandalucia.es\/ceipcaminodelatorre\/wp-json\/wp\/v2\/comments?post=1116"}],"version-history":[{"count":4,"href":"https:\/\/blogsaverroes.juntadeandalucia.es\/ceipcaminodelatorre\/wp-json\/wp\/v2\/pages\/1116\/revisions"}],"predecessor-version":[{"id":1125,"href":"https:\/\/blogsaverroes.juntadeandalucia.es\/ceipcaminodelatorre\/wp-json\/wp\/v2\/pages\/1116\/revisions\/1125"}],"wp:attachment":[{"href":"https:\/\/blogsaverroes.juntadeandalucia.es\/ceipcaminodelatorre\/wp-json\/wp\/v2\/media?parent=1116"}],"curies":[{"name":"wp","href":"https:\/\/api.w.org\/{rel}","templated":true}]}}