{"id":840,"date":"2020-12-18T08:38:52","date_gmt":"2020-12-18T07:38:52","guid":{"rendered":"https:\/\/blogsaverroes.juntadeandalucia.es\/pre\/plantilla-pencil\/?page_id=840"},"modified":"2025-10-08T19:25:54","modified_gmt":"2025-10-08T17:25:54","slug":"ampa","status":"publish","type":"page","link":"https:\/\/blogsaverroes.juntadeandalucia.es\/ceipcaminodelatorre\/ampa\/","title":{"rendered":"AMPA"},"content":{"rendered":"<p>Asociaci\u00f3n de Madres y Padres de Alumnos Nubes de Colores de nuestro centro.<\/p>\n<p>Pod\u00e9is conocer m\u00e1s sobre ellos y ellas y las actividades que llevan a cabo en sus perfiles de <a href=\"https:\/\/www.facebook.com\/ampanubesdecolores?locale=es_LA\">Facebook<\/a> e <a href=\"https:\/\/share.google\/i7jngz2a8JlwGNBCt\">Instagram<\/a>.<\/p>\n<p>&nbsp;<\/p>\n<p>&nbsp;<\/p>\n","protected":false},"excerpt":{"rendered":"<p>Asociaci\u00f3n de Madres y Padres de Alumnos Nubes de Colores de nuestro centro. Pod\u00e9is conocer m\u00e1s sobre ellos y ellas y las actividades que llevan a cabo en sus perfiles de Facebook e Instagram. &nbsp; &nbsp;<\/p>\n","protected":false},"author":18997,"featured_media":0,"parent":0,"menu_order":0,"comment_status":"closed","ping_status":"closed","template":"","meta":{"ngg_post_thumbnail":0,"footnotes":""},"aioseo_notices":[],"_links":{"self":[{"href":"https:\/\/blogsaverroes.juntadeandalucia.es\/ceipcaminodelatorre\/wp-json\/wp\/v2\/pages\/840"}],"collection":[{"href":"https:\/\/blogsaverroes.juntadeandalucia.es\/ceipcaminodelatorre\/wp-json\/wp\/v2\/pages"}],"about":[{"href":"https:\/\/blogsaverroes.juntadeandalucia.es\/ceipcaminodelatorre\/wp-json\/wp\/v2\/types\/page"}],"author":[{"embeddable":true,"href":"https:\/\/blogsaverroes.juntadeandalucia.es\/ceipcaminodelatorre\/wp-json\/wp\/v2\/users\/18997"}],"replies":[{"embeddable":true,"href":"https:\/\/blogsaverroes.juntadeandalucia.es\/ceipcaminodelatorre\/wp-json\/wp\/v2\/comments?post=840"}],"version-history":[{"count":4,"href":"https:\/\/blogsaverroes.juntadeandalucia.es\/ceipcaminodelatorre\/wp-json\/wp\/v2\/pages\/840\/revisions"}],"predecessor-version":[{"id":1135,"href":"https:\/\/blogsaverroes.juntadeandalucia.es\/ceipcaminodelatorre\/wp-json\/wp\/v2\/pages\/840\/revisions\/1135"}],"wp:attachment":[{"href":"https:\/\/blogsaverroes.juntadeandalucia.es\/ceipcaminodelatorre\/wp-json\/wp\/v2\/media?parent=840"}],"curies":[{"name":"wp","href":"https:\/\/api.w.org\/{rel}","templated":true}]}}