{"id":141,"date":"2015-03-17T07:13:24","date_gmt":"2015-03-17T07:13:24","guid":{"rendered":"http:\/\/blogsaverroes.juntadeandalucia.es\/pre\/ceip\/?page_id=141"},"modified":"2023-05-26T10:15:28","modified_gmt":"2023-05-26T10:15:28","slug":"escolarizacion","status":"publish","type":"page","link":"https:\/\/blogsaverroes.juntadeandalucia.es\/ceipcampodegibraltar\/escolarizacion\/","title":{"rendered":"Escolarizaci\u00f3n"},"content":{"rendered":"<p>&nbsp;<\/p>\n<p><b><i>PLAZO DE MATRICULACI\u00d3N&nbsp;<\/i><\/b><\/p>\n<p><b><i>DEL 1 AL 8 DE JUNIO<\/i><\/b><\/p>\n<p><b><i>Matriculaci\u00f3n del :<\/i><\/b><\/p>\n<ul>\n<li><b><i>Alumnado de segundo ciclo de Educaci\u00f3n Infantil y Educaci\u00f3n Primaria.<\/i><\/b><\/li>\n<li><b><i>Alumnado de Educaci\u00f3n Especial.<\/i><\/b><\/li>\n<\/ul>\n<p><a title=\"Portal escolarizaci\u00f3n\" href=\"http:\/\/www.juntadeandalucia.es\/educacion\/webportal\/web\/portal-escolarizacion\/infantil-primaria-eso-bachillerato\" target=\"_blank\" rel=\"noopener noreferrer\">Enlace al portal de escolarizaci\u00f3n.<\/a><\/p>\n<p><a href=\"https:\/\/blogsaverroes.juntadeandalucia.es\/ceipcampodegibraltar\/files\/2023\/05\/MATRICULACI\u00d3N.jpg\"><img loading=\"lazy\" decoding=\"async\" class=\"wp-image-2357 aligncenter\" src=\"https:\/\/blogsaverroes.juntadeandalucia.es\/ceipcampodegibraltar\/files\/2023\/05\/MATRICULACI\u00d3N-208x300.jpg\" alt=\"\" width=\"285\" height=\"411\" srcset=\"https:\/\/blogsaverroes.juntadeandalucia.es\/ceipcampodegibraltar\/files\/2023\/05\/MATRICULACI\u00d3N-208x300.jpg 208w, https:\/\/blogsaverroes.juntadeandalucia.es\/ceipcampodegibraltar\/files\/2023\/05\/MATRICULACI\u00d3N.jpg 552w\" sizes=\"(max-width: 285px) 100vw, 285px\" \/><\/a><\/p>\n<p>&nbsp;<\/p>\n<p><a title=\"Procedimiento\" href=\"http:\/\/portal.ced.junta-andalucia.es\/educacion\/webportal\/abaco-portlet\/content\/f2f9bdb4-4717-409f-8dbc-da5b8ed61e38\" target=\"_blank\" rel=\"noopener noreferrer\">Normativa<\/a>&nbsp;sobre el proceso de escolarizaci\u00f3n.<\/p>\n","protected":false},"excerpt":{"rendered":"<p>&nbsp; PLAZO DE MATRICULACI\u00d3N&nbsp; DEL 1 AL 8 DE JUNIO Matriculaci\u00f3n del : Alumnado de segundo ciclo de Educaci\u00f3n Infantil y Educaci\u00f3n Primaria. Alumnado de Educaci\u00f3n Especial. Enlace al portal de escolarizaci\u00f3n. &nbsp; Normativa&nbsp;sobre el proceso de escolarizaci\u00f3n.<\/p>\n","protected":false},"author":1,"featured_media":0,"parent":0,"menu_order":0,"comment_status":"closed","ping_status":"open","template":"page-cs.php","meta":{"ngg_post_thumbnail":0,"footnotes":"","_mc_calendar":[]},"aioseo_notices":[],"_links":{"self":[{"href":"https:\/\/blogsaverroes.juntadeandalucia.es\/ceipcampodegibraltar\/wp-json\/wp\/v2\/pages\/141"}],"collection":[{"href":"https:\/\/blogsaverroes.juntadeandalucia.es\/ceipcampodegibraltar\/wp-json\/wp\/v2\/pages"}],"about":[{"href":"https:\/\/blogsaverroes.juntadeandalucia.es\/ceipcampodegibraltar\/wp-json\/wp\/v2\/types\/page"}],"author":[{"embeddable":true,"href":"https:\/\/blogsaverroes.juntadeandalucia.es\/ceipcampodegibraltar\/wp-json\/wp\/v2\/users\/1"}],"replies":[{"embeddable":true,"href":"https:\/\/blogsaverroes.juntadeandalucia.es\/ceipcampodegibraltar\/wp-json\/wp\/v2\/comments?post=141"}],"version-history":[{"count":6,"href":"https:\/\/blogsaverroes.juntadeandalucia.es\/ceipcampodegibraltar\/wp-json\/wp\/v2\/pages\/141\/revisions"}],"predecessor-version":[{"id":2358,"href":"https:\/\/blogsaverroes.juntadeandalucia.es\/ceipcampodegibraltar\/wp-json\/wp\/v2\/pages\/141\/revisions\/2358"}],"wp:attachment":[{"href":"https:\/\/blogsaverroes.juntadeandalucia.es\/ceipcampodegibraltar\/wp-json\/wp\/v2\/media?parent=141"}],"curies":[{"name":"wp","href":"https:\/\/api.w.org\/{rel}","templated":true}]}}