{"id":2375,"date":"2024-06-20T13:17:26","date_gmt":"2024-06-20T13:17:26","guid":{"rendered":"https:\/\/blogsaverroes.juntadeandalucia.es\/ceipcampodegibraltar\/?page_id=2375"},"modified":"2025-03-27T10:59:01","modified_gmt":"2025-03-27T10:59:01","slug":"bilinguismo","status":"publish","type":"page","link":"https:\/\/blogsaverroes.juntadeandalucia.es\/ceipcampodegibraltar\/bilinguismo\/","title":{"rendered":"Biling\u00fcismo"},"content":{"rendered":"<div><strong>INFORMATION FOR NEW LANGUAGE ASSISTANTS.<\/strong><\/div>\n<div class=\"CjVfdc\">\n<table>\n<tbody>\n<tr>\n<td width=\"283\"><strong>DATOS DEL CENTRO<\/strong><\/td>\n<td width=\"283\"><strong>Denominaci\u00f3n del centro: <\/strong>CEIP CAMPO DE GIBRALTAR<\/p>\n<p><strong>Direcci\u00f3n completa: <\/strong><a href=\"https:\/\/www.bing.com\/ck\/a?!&amp;&amp;p=788dcf88cc59ad99d4161ca05285f93cfe11498116dba9f4d74276269050366dJmltdHM9MTc0MTIxOTIwMA&amp;ptn=3&amp;ver=2&amp;hsh=4&amp;fclid=21359f98-3807-6b65-3854-8bc039af6a49&amp;u=a1L21hcHM_Jm1lcGk9MTI3fn5Vbmtub3dufkFkZHJlc3NfTGluayZ0eT0xOCZxPUNlaXAlMjBDYW1wbyUyMERlJTIwR2licmFsdGFyJnNzPXlwaWQuWU42MzA2eDU5NDE4MTg0NTEwOTI0NjU3MDQmcHBvaXM9MzYuMTMzNDE1MjIyMTY3OTdfLTUuNDU2MTA3MTM5NTg3NDAyX0NlaXAlMjBDYW1wbyUyMERlJTIwR2licmFsdGFyX1lONjMwNng1OTQxODE4NDUxMDkyNDY1NzA0fiZjcD0zNi4xMzM0MTV-LTUuNDU2MTA3JnY9MiZzVj0xJkZPUk09TVBTUlBM&amp;ntb=1\">Avenida la Ca\u00f1a, 24. 11203, Algeciras (C\u00e1diz)<\/a><strong>&nbsp;<\/strong><\/p>\n<p><strong>N\u00famero de tel\u00e9fono: <\/strong>956 67 08 33<\/p>\n<p><strong>Correo electr\u00f3nico: <\/strong><a href=\"mailto:11603099.edu@juntadeandalucia.es\"><strong>11603099.edu@juntadeandalucia.es<\/strong><\/a><\/p>\n<p><strong>Enlace de la localizaci\u00f3n en Google Maps: <\/strong><a href=\"https:\/\/www.bing.com\/maps?q=CEIP+CAMPO+DE+GIBRALTAR&amp;cvid=3bef6e32167d4a25b7cb6234cd022da6&amp;gs_lcrp=EgRlZGdlKgYIABBFGDkyBggAEEUYOTIGCAEQRRg7MgYIAhAAGEAyBggDEAAYQDIGCAQQABhAMgYIBRAAGEAyBggGEAAYQDIGCAcQABhAMgYICBAAGEDSAQg1MjI2ajBqN6gCALACAA&amp;FORM=ANNTA0&amp;PC=U531\"><strong>Localizaci\u00f3n<\/strong><\/a><\/td>\n<\/tr>\n<tr>\n<td width=\"283\"><strong>Contacto de la\/las personas de referencia<\/strong><\/td>\n<td width=\"283\"><strong>Correo director del centro<\/strong>: <a href=\"mailto:11603099@g.educaand.es\">11603099@g.educaand.es<\/a><\/p>\n<p><strong>Correo coordinado del programa biling\u00fce:<\/strong> <a href=\"mailto:agarmar211@g.educaand.es\">agarmar211@g.educaand.es<\/a><\/td>\n<\/tr>\n<tr>\n<td width=\"283\"><strong>Nivel educativo<\/strong><\/td>\n<td width=\"283\"><strong>Educaci\u00f3n infantil (3-5 a\u00f1os)<\/strong><\/p>\n<p><strong>Educaci\u00f3n Primaria (6-11 a\u00f1os)<\/strong><\/td>\n<\/tr>\n<tr>\n<td width=\"283\"><strong>Accesibilidad<\/strong><\/td>\n<td width=\"283\">Los edificios que conforman el centro disponen de dos plantas sin ascensor.<\/td>\n<\/tr>\n<tr>\n<td width=\"283\"><strong>Materias de colaboraci\u00f3n del Auxiliar de Conversaci\u00f3n<\/strong><\/td>\n<td width=\"283\"><strong>ANL (\u00c1reas no ling\u00fc\u00edsticas): <\/strong>Ciencias, Educaci\u00f3n Art\u00edstica, Educaci\u00f3n F\u00edsica y M\u00fasica.<\/td>\n<\/tr>\n<tr>\n<td width=\"283\"><strong>Normativa, recursos y materiales para la colaboraci\u00f3n del auxiliar<\/strong><\/td>\n<td width=\"283\"><strong>Materiales para la colaboraci\u00f3n del auxiliar: <\/strong><a href=\"https:\/\/drive.google.com\/drive\/folders\/1tn7bz-Z93SPm7T37iFxmzZ5-2lgQWYaQ?usp=sharing\"><strong>Materiales<\/strong><\/a><\/p>\n<p><strong>&nbsp;<\/strong><\/td>\n<\/tr>\n<tr>\n<td width=\"283\"><strong>Informaci\u00f3n sobre la localidad y\/o barrio (v\u00eddeo)<\/strong><\/td>\n<td width=\"283\"><strong>Algeciras<\/strong>&nbsp;es una ciudad de la&nbsp;provincia de C\u00e1diz, en la comunidad aut\u00f3noma de&nbsp;Andaluc\u00eda. Es la mayor ciudad del&nbsp;Campo de Gibraltar.&nbsp;<\/p>\n<p>Se encuentra enclavada en un enclave geogr\u00e1fico privilegiado, siendo puerta entre dos continentes y mirando hacia la bah\u00eda a la que da nombre, pero hay m\u00e1s. La localidad es una de las pocas de Espa\u00f1a que comparte su t\u00e9rmino municipal con dos parques naturales: el de&nbsp;<strong>Los Alcornocales<\/strong>, la mayor reserva europea de esta especie, y el del Estrecho, declarado por la Unesco&nbsp;<strong>Reserva de la Biosfera Transcontinental del Mediterr\u00e1neo<\/strong>.<\/p>\n<p>Esa riqueza natural sin igual se complementa con las dos principales playas de la ciudad, la urbana del Rinconcillo, tradicional y cercana a los distintos n\u00facleos de poblaci\u00f3n del sector norte, y la de Getares, que cada a\u00f1o recibe la&nbsp;<strong>Bandera Azul<\/strong>&nbsp;de los Mares Limpios de Europa en atenci\u00f3n a la calidad de los servicios y prestaciones que re\u00fane.<\/p>\n<p>Gastronom\u00eda<\/p>\n<p>La cocina de Algeciras est\u00e1 presidida por el pescado. \u00c9ste, junto al marisco, tambi\u00e9n de su litoral, se cocina de diversas formas: cocido, en sopas y guisos, a la plancha, a la parrilla, a la brasa, rebozado y frito.<\/p>\n<p>En reposter\u00eda destaca la pasta real de bizcocho blando. Adem\u00e1s de ricos y tradicionales pasteles de nuestras pasteler\u00edas confiter\u00edas de siempre y dulces estacionales, encontramos una buena reposter\u00eda marroqu\u00ed.&nbsp;No podemos olvidar nuestro pan y miel de Pelayo.<\/p>\n<p>Puedes consultar los siguientes enlaces para obtener m\u00e1s informaci\u00f3n sobre nuestra ciudad.<\/p>\n<p>\u00b7&nbsp;&nbsp;&nbsp;&nbsp;&nbsp;&nbsp;&nbsp;&nbsp; <a href=\"https:\/\/www.youtube.com\/watch?v=ZvblDxOdtTY\"><strong>LA COMARCA \u00abCAMPO DE GIBRALTAR\u00bb<\/strong><\/a><\/p>\n<p>\u00b7&nbsp;&nbsp;&nbsp;&nbsp;&nbsp;&nbsp;&nbsp;&nbsp; <a href=\"https:\/\/www.youtube.com\/watch?v=UUq3OJhvHjM\"><strong>Algeciras<\/strong><\/a><\/p>\n<p>\u00b7&nbsp;&nbsp;&nbsp;&nbsp;&nbsp;&nbsp;&nbsp;&nbsp; <a href=\"https:\/\/www.youtube.com\/watch?v=O1jNvS92Co0&amp;t=2s\"><strong>Qu\u00e9 ver en Algeciras<\/strong><\/a><\/p>\n<p>\u00b7&nbsp;&nbsp;&nbsp;&nbsp;&nbsp;&nbsp;&nbsp;&nbsp; <a href=\"https:\/\/youtu.be\/Qn3khMW1lvA?si=oj-FAaVJJ6oH4KHU\"><strong>\u00bfQu\u00e9 ver en Algeciras?<\/strong><\/a><\/p>\n<p>\u00b7&nbsp;&nbsp;&nbsp;&nbsp;&nbsp;&nbsp;&nbsp;&nbsp; <a href=\"https:\/\/elviajerofeliz.com\/que-ver-en-algeciras\/\"><strong>Lugares de Algeciras<\/strong><\/a><\/td>\n<\/tr>\n<tr>\n<td width=\"283\"><strong>Desplazarse al centro educativo\/localidad<\/strong><\/td>\n<td width=\"283\"><strong>Horarios de transporte p\u00fablico: <\/strong><a href=\"https:\/\/www.algeciras.es\/bus\"><strong>Bus Urbano Algeciras<\/strong><\/a><\/p>\n<p><strong>Consorcio de Transporte Metropolitano del Campo de Gibraltar: <\/strong><a href=\"https:\/\/siu.ctmcg.es\/es\/horarios_lineas_tabla.php?linea=4\"><strong>Horarios autobuses Campo de Gibraltar<\/strong><\/a><\/td>\n<\/tr>\n<tr>\n<td width=\"283\"><strong>Alojamiento<\/strong><\/td>\n<td width=\"283\"><strong>Enlaces a webs para buscar alojamiento: <\/strong><\/p>\n<p><a href=\"https:\/\/www.milanuncios.com\/alquiler-de-pisos-en-algeciras-cadiz\/\"><strong>Web de alquiler 1<\/strong><\/a><\/p>\n<p><a href=\"https:\/\/www.fotocasa.es\/es\/alquiler\/viviendas\/algeciras\/todas-las-zonas\/l\"><strong>Web de alquiler 2<\/strong><\/a><\/p>\n<p><a href=\"https:\/\/www.facebook.com\/groups\/spainauxies\/?ref=share&amp;mibextid=wwXIfr&amp;rdid=HGZDuqY2F2g1Cdbl&amp;share_url=https%3A%2F%2Fwww.facebook.com%2Fshare%2Fg%2F1BAQrRHUJa%2F%3Fmibextid%3DwwXIfr\"><strong>Enlace Facebook para alquiler de vivienda<\/strong><\/a><\/td>\n<\/tr>\n<tr>\n<td width=\"283\"><strong>Contacto con otros auxiliares y auxiliar tutor\/mentor<\/strong><\/td>\n<td width=\"283\"><strong>Correo electr\u00f3nico de la anterior AACC: <\/strong><a href=\"mailto:celiavcharles@gmail.com\"><strong>celiavcharles@gmail.com<\/strong><\/a><\/p>\n<p><strong>Nombre: C.V.C.<\/strong><\/p>\n<p><strong>Procedencia: <\/strong>americana<\/p>\n<p><strong>Curso escolar en el que particip\u00f3:<\/strong> 2024\/25<\/td>\n<\/tr>\n<tr>\n<td width=\"283\"><strong>Experiencias previas con auxiliares de conversaci\u00f3n y experiencia personal del auxiliar<\/strong><\/td>\n<td width=\"283\"><a href=\"https:\/\/blogsaverroes.juntadeandalucia.es\/ceipcampodegibraltar\/\"><strong>Web CEIP CAMPO DE GIBRALTAR<\/strong><\/a><\/p>\n<p><a href=\"https:\/\/www.facebook.com\/profile.php?id=100009076321401\"><strong>Facebook CEIP CAMPO DE GIBRALTAR<\/strong><\/a><\/p>\n<p><a href=\"https:\/\/www.instagram.com\/colecampodegibraltar\/\"><strong>Instagram CEIP CAMPO DE GIBRALTAR<\/strong><\/a><\/td>\n<\/tr>\n<\/tbody>\n<\/table>\n<\/div>\n<p>&nbsp;<\/p>\n<p><a href=\"https:\/\/blogsaverroes.juntadeandalucia.es\/ceipcampodegibraltar\/files\/2025\/03\/Ficha-informativa-AACC-traducida-a-ingles.pdf\">Ficha informativa AACC traducida a ingl\u00e9s<\/a><\/p>\n<p>Este curso escolar contamos con&nbsp;<span class=\"html-span xexx8yu x4uap5 x18d9i69 xkhd6sd x1hl2dhg x16tdsg8 x1vvkbs x3nfvp2 x1j61x8r x1fcty0u xdj266r xat24cr xgzva0m xhhsvwb xxymvpz xlup9mm x1kky2od\"><img loading=\"lazy\" decoding=\"async\" class=\"xz74otr x168nmei x13lgxp2 x5pf9jr xo71vjh\" src=\"https:\/\/static.xx.fbcdn.net\/images\/emoji.php\/v9\/t93\/1\/16\/1f1fa_1f1f8.png\" alt=\"\ud83c\uddfa\ud83c\uddf8\" width=\"16\" height=\"16\"><\/span> La auxiliar de conversaci\u00f3n <span class=\"html-span xexx8yu x4uap5 x18d9i69 xkhd6sd x1hl2dhg x16tdsg8 x1vvkbs x3nfvp2 x1j61x8r x1fcty0u xdj266r xat24cr xgzva0m xhhsvwb xxymvpz xlup9mm x1kky2od\"><img loading=\"lazy\" decoding=\"async\" class=\"xz74otr x168nmei x13lgxp2 x5pf9jr xo71vjh\" src=\"https:\/\/static.xx.fbcdn.net\/images\/emoji.php\/v9\/t93\/1\/16\/1f1fa_1f1f8.png\" alt=\"\ud83c\uddfa\ud83c\uddf8\" width=\"16\" height=\"16\"><\/span> Celia Charles que colabora semanalmente impartiendo sesiones<span class=\"html-span xexx8yu x4uap5 x18d9i69 xkhd6sd x1hl2dhg x16tdsg8 x1vvkbs x3nfvp2 x1j61x8r x1fcty0u xdj266r xat24cr xgzva0m xhhsvwb xxymvpz xlup9mm x1kky2od\"><img loading=\"lazy\" decoding=\"async\" class=\"xz74otr x168nmei x13lgxp2 x5pf9jr xo71vjh\" src=\"https:\/\/static.xx.fbcdn.net\/images\/emoji.php\/v9\/t3f\/1\/16\/1f30d.png\" alt=\"\ud83c\udf0d\" width=\"16\" height=\"16\"><\/span> en ingl\u00e9s dentro del programa Biling\u00fce de nuestro <span class=\"html-span xdj266r x11i5rnm xat24cr x1mh8g0r xexx8yu x4uap5 x18d9i69 xkhd6sd x1hl2dhg x16tdsg8 x1vvkbs\"><a class=\"x1i10hfl xjbqb8w x1ejq31n xd10rxx x1sy0etr x17r0tee x972fbf xcfux6l x1qhh985 xm0m39n x9f619 x1ypdohk xt0psk2 xe8uvvx xdj266r x11i5rnm xat24cr x1mh8g0r xexx8yu x4uap5 x18d9i69 xkhd6sd x16tdsg8 x1hl2dhg xggy1nq x1a2a7pz xkrqix3 x1sur9pj x1fey0fg x1s688f\" role=\"link\" href=\"https:\/\/www.facebook.com\/profile.php?id=100009076321401&amp;__cft__[0]=AZWUtKkIJ1lcTKJogIxu0tvGPKrdi9TpVq6uGr1zVi0iqy42y1JYsUyYjyIaBBVpJQVJKSJO5nYdFqFocebQCCDsTxiDWSSSjCbVCYDjh1kpqPaku816ACrskuwI7I51rkKzLoeW2-Q7s824ecM7tK1t3_5vJRBHhHr_wrv9qjhj7g&amp;__tn__=-]K-R\"><span class=\"xt0psk2\"><span class=\"xjp7ctv\">Ceip Campo Gibraltar Algeciras<\/span><\/span><\/a><\/span> <span class=\"html-span xexx8yu x4uap5 x18d9i69 xkhd6sd x1hl2dhg x16tdsg8 x1vvkbs x3nfvp2 x1j61x8r x1fcty0u xdj266r xat24cr xgzva0m xhhsvwb xxymvpz xlup9mm x1kky2od\"><img loading=\"lazy\" decoding=\"async\" class=\"xz74otr x168nmei x13lgxp2 x5pf9jr xo71vjh\" src=\"https:\/\/static.xx.fbcdn.net\/images\/emoji.php\/v9\/t28\/1\/16\/1f3eb.png\" alt=\"\ud83c\udfeb\" width=\"16\" height=\"16\"><\/span>.<\/p>\n<div dir=\"auto\">Con ella nuestros alumnos <span class=\"html-span xexx8yu x4uap5 x18d9i69 xkhd6sd x1hl2dhg x16tdsg8 x1vvkbs x3nfvp2 x1j61x8r x1fcty0u xdj266r xat24cr xgzva0m xhhsvwb xxymvpz xlup9mm x1kky2od\"><img loading=\"lazy\" decoding=\"async\" class=\"xz74otr x168nmei x13lgxp2 x5pf9jr xo71vjh\" src=\"https:\/\/static.xx.fbcdn.net\/images\/emoji.php\/v9\/t7f\/1\/16\/1f60a.png\" alt=\"\ud83d\ude0a\" width=\"16\" height=\"16\"><\/span>mejoran la destreza oral<span class=\"html-span xexx8yu x4uap5 x18d9i69 xkhd6sd x1hl2dhg x16tdsg8 x1vvkbs x3nfvp2 x1j61x8r x1fcty0u xdj266r xat24cr xgzva0m xhhsvwb xxymvpz xlup9mm x1kky2od\"><img loading=\"lazy\" decoding=\"async\" class=\"xz74otr x168nmei x13lgxp2 x5pf9jr xo71vjh\" src=\"https:\/\/static.xx.fbcdn.net\/images\/emoji.php\/v9\/tfb\/1\/16\/1f5e3.png\" alt=\"\ud83d\udde3\ufe0f\" width=\"16\" height=\"16\"><\/span>a trav\u00e9s de actividades l\u00fadicas y participativas en ingl\u00e9s <span class=\"html-span xexx8yu x4uap5 x18d9i69 xkhd6sd x1hl2dhg x16tdsg8 x1vvkbs x3nfvp2 x1j61x8r x1fcty0u xdj266r xat24cr xgzva0m xhhsvwb xxymvpz xlup9mm x1kky2od\"><img loading=\"lazy\" decoding=\"async\" class=\"xz74otr x168nmei x13lgxp2 x5pf9jr xo71vjh\" src=\"https:\/\/static.xx.fbcdn.net\/images\/emoji.php\/v9\/t3f\/1\/16\/1f30d.png\" alt=\"\ud83c\udf0d\" width=\"16\" height=\"16\"><\/span><\/div>\n<div dir=\"auto\"><a href=\"https:\/\/blogsaverroes.juntadeandalucia.es\/ceipcampodegibraltar\/files\/2025\/03\/465183050_3779556949023479_8929511324944751861_n.jpg\"><img loading=\"lazy\" decoding=\"async\" class=\" wp-image-2702 aligncenter\" src=\"https:\/\/blogsaverroes.juntadeandalucia.es\/ceipcampodegibraltar\/files\/2025\/03\/465183050_3779556949023479_8929511324944751861_n-300x168.jpg\" alt=\"\" width=\"438\" height=\"245\" srcset=\"https:\/\/blogsaverroes.juntadeandalucia.es\/ceipcampodegibraltar\/files\/2025\/03\/465183050_3779556949023479_8929511324944751861_n-300x168.jpg 300w, https:\/\/blogsaverroes.juntadeandalucia.es\/ceipcampodegibraltar\/files\/2025\/03\/465183050_3779556949023479_8929511324944751861_n-1024x573.jpg 1024w, https:\/\/blogsaverroes.juntadeandalucia.es\/ceipcampodegibraltar\/files\/2025\/03\/465183050_3779556949023479_8929511324944751861_n-768x429.jpg 768w, https:\/\/blogsaverroes.juntadeandalucia.es\/ceipcampodegibraltar\/files\/2025\/03\/465183050_3779556949023479_8929511324944751861_n.jpg 1073w\" sizes=\"(max-width: 438px) 100vw, 438px\" \/><\/a><\/div>\n<p>&nbsp;<\/p>\n<p><strong>FSE<\/strong><\/p>\n<p>Cartel del <b>FONDO SOCIAL EUROPEO. Mostramos el cartel que se puede ver en la puerta de nuestro CEIP Campo de Gibraltar.<\/b><\/p>\n<p><a href=\"https:\/\/blogsaverroes.juntadeandalucia.es\/ceipcampodegibraltar\/files\/2024\/06\/FSE-1.png\"><img loading=\"lazy\" decoding=\"async\" class=\"alignleft size-medium wp-image-2540\" src=\"https:\/\/blogsaverroes.juntadeandalucia.es\/ceipcampodegibraltar\/files\/2024\/06\/FSE-1-300x226.png\" alt=\"\" width=\"300\" height=\"226\" srcset=\"https:\/\/blogsaverroes.juntadeandalucia.es\/ceipcampodegibraltar\/files\/2024\/06\/FSE-1-300x226.png 300w, https:\/\/blogsaverroes.juntadeandalucia.es\/ceipcampodegibraltar\/files\/2024\/06\/FSE-1-768x578.png 768w, https:\/\/blogsaverroes.juntadeandalucia.es\/ceipcampodegibraltar\/files\/2024\/06\/FSE-1.png 916w\" sizes=\"(max-width: 300px) 100vw, 300px\" \/><\/a> <a href=\"https:\/\/blogsaverroes.juntadeandalucia.es\/ceipcampodegibraltar\/files\/2024\/06\/FSE-2.png\"><img loading=\"lazy\" decoding=\"async\" class=\"alignleft size-medium wp-image-2541\" src=\"https:\/\/blogsaverroes.juntadeandalucia.es\/ceipcampodegibraltar\/files\/2024\/06\/FSE-2-217x300.png\" alt=\"\" width=\"217\" height=\"300\" srcset=\"https:\/\/blogsaverroes.juntadeandalucia.es\/ceipcampodegibraltar\/files\/2024\/06\/FSE-2-217x300.png 217w, https:\/\/blogsaverroes.juntadeandalucia.es\/ceipcampodegibraltar\/files\/2024\/06\/FSE-2.png 492w\" sizes=\"(max-width: 217px) 100vw, 217px\" \/><\/a><\/p>\n<p>&nbsp;<\/p>\n<p>&nbsp;<\/p>\n<p>&nbsp;<\/p>\n<p>&nbsp;<\/p>\n<p>&nbsp;<\/p>\n<p>&nbsp;<\/p>\n<p>&nbsp;<\/p>\n<p>&nbsp;<\/p>\n<p>&nbsp;<\/p>\n<p>&nbsp;<\/p>\n<p>&nbsp;<\/p>\n<p>&nbsp;<\/p>\n<p>&nbsp;<\/p>\n<p>&nbsp;<\/p>\n<p>&nbsp;<\/p>\n<p>&nbsp;<\/p>\n<p><strong>Despedida Wissal Ettawri<\/strong> (Auxiliar de conversaci\u00f3n 2023\/2024)<\/p>\n<p>El pasado 30 de mayo fue el \u00faltimo d\u00eda de la compa\u00f1era auxiliar de conversaci\u00f3n\u2728\ud83d\udd1a<\/p>\n<p>Durante estos meses\ud83d\uddd3\ufe0f los alumnos se han enriquecido de sus conocimientos y de sus aspectos culturales en ingl\u00e9s\ud83c\udf0d<\/p>\n<p>Desde nuestro CEIP Campo de Gibraltar queremos darte las gracias\ud83d\ude0apor tu gran colaboraci\u00f3n durante el curso escolar\ud83e\udec2\ud83d\udde3\ufe0f<\/p>\n<p>Much\u00edsima suerte Wissal\ud83d\udc9b<\/p>\n<div style=\"width: 474px;\" class=\"wp-video\"><!--[if lt IE 9]><script>document.createElement('video');<\/script><![endif]-->\n<video class=\"wp-video-shortcode\" id=\"video-2375-1\" width=\"474\" height=\"844\" preload=\"metadata\" controls=\"controls\"><source type=\"video\/mp4\" src=\"https:\/\/blogsaverroes.juntadeandalucia.es\/ceipcampodegibraltar\/files\/2024\/06\/Despedida-Wissal.mp4?_=1\" \/><a href=\"https:\/\/blogsaverroes.juntadeandalucia.es\/ceipcampodegibraltar\/files\/2024\/06\/Despedida-Wissal.mp4\">https:\/\/blogsaverroes.juntadeandalucia.es\/ceipcampodegibraltar\/files\/2024\/06\/Despedida-Wissal.mp4<\/a><\/video><\/div>\n<div dir=\"auto\">&nbsp;<\/div>\n<div dir=\"auto\"><strong>Halloween<\/strong><\/div>\n<div dir=\"auto\">Ma\u00f1ana de personajes terror\u00edficos, cuentos y juegos en ingl\u00e9s con nuestra auxiliar de conversaci\u00f3n.<\/div>\n<div dir=\"auto\">Los alumn@s han disfrutado much\u00edsimo con la experiencia. Continuaremos el lunes con m\u00e1s actividades en nuestro centro.<\/div>\n<div dir=\"auto\">\n<div dir=\"auto\">Ma\u00f1ana de personajes terror\u00edficos, cuentos y juegos en ingl\u00e9s con nuestra auxiliar de conversaci\u00f3n.<\/div>\n<div dir=\"auto\">Los alumn@s han disfrutado much\u00edsimo con la experiencia. Continuaremos el lunes con m\u00e1s actividades en nuestro centro.<\/div>\n<\/div>\n<div dir=\"auto\">&nbsp;<\/div>\n<div dir=\"auto\">\n<p><a href=\"https:\/\/blogsaverroes.juntadeandalucia.es\/ceipcampodegibraltar\/files\/2024\/06\/HW.png\"><img loading=\"lazy\" decoding=\"async\" class=\" wp-image-2500\" src=\"https:\/\/blogsaverroes.juntadeandalucia.es\/ceipcampodegibraltar\/files\/2024\/06\/HW-300x218.png\" alt=\"\" width=\"491\" height=\"357\" srcset=\"https:\/\/blogsaverroes.juntadeandalucia.es\/ceipcampodegibraltar\/files\/2024\/06\/HW-300x218.png 300w, https:\/\/blogsaverroes.juntadeandalucia.es\/ceipcampodegibraltar\/files\/2024\/06\/HW-1024x745.png 1024w, https:\/\/blogsaverroes.juntadeandalucia.es\/ceipcampodegibraltar\/files\/2024\/06\/HW-768x558.png 768w, https:\/\/blogsaverroes.juntadeandalucia.es\/ceipcampodegibraltar\/files\/2024\/06\/HW.png 1037w\" sizes=\"(max-width: 491px) 100vw, 491px\" \/><\/a><\/p>\n<\/div>\n<div dir=\"auto\"><strong>Auxiliar de conversaci\u00f3n 2024\/25<\/strong><\/div>\n<div dir=\"auto\">Os presentamos a Wissal Ettawri, nuestra nueva auxiliar de conversaci\u00f3n para el curso 2023\/24. Durante el curso nos enriqueceremos de sus conocimientos y lengua nativa, el ingl\u00e9s. Welcome Wissal <span class=\"html-span xexx8yu x4uap5 x18d9i69 xkhd6sd x1hl2dhg x16tdsg8 x1vvkbs x3nfvp2 x1j61x8r x1fcty0u xdj266r xat24cr xgzva0m xhhsvwb xxymvpz xlup9mm x1kky2od\"><img loading=\"lazy\" decoding=\"async\" class=\"xz74otr\" src=\"https:\/\/static.xx.fbcdn.net\/images\/emoji.php\/v9\/t96\/1\/16\/1f1ec_1f1e7.png\" alt=\"\ud83c\uddec\ud83c\udde7\" width=\"16\" height=\"16\"><\/span><span class=\"html-span xexx8yu x4uap5 x18d9i69 xkhd6sd x1hl2dhg x16tdsg8 x1vvkbs x3nfvp2 x1j61x8r x1fcty0u xdj266r xat24cr xgzva0m xhhsvwb xxymvpz xlup9mm x1kky2od\"><img loading=\"lazy\" decoding=\"async\" class=\"xz74otr\" src=\"https:\/\/static.xx.fbcdn.net\/images\/emoji.php\/v9\/t38\/1\/16\/1f3f4_e0067_e0062_e0065_e006e_e0067_e007f.png\" alt=\"\ud83c\udff4\udb40\udc67\udb40\udc62\udb40\udc65\udb40\udc6e\udb40\udc67\udb40\udc7f\" width=\"16\" height=\"16\"><\/span><\/div>\n<div dir=\"auto\"><a href=\"https:\/\/blogsaverroes.juntadeandalucia.es\/ceipcampodegibraltar\/files\/2024\/06\/1.png\"><img loading=\"lazy\" decoding=\"async\" class=\"alignleft wp-image-2498\" src=\"https:\/\/blogsaverroes.juntadeandalucia.es\/ceipcampodegibraltar\/files\/2024\/06\/1-300x220.png\" alt=\"\" width=\"511\" height=\"375\" srcset=\"https:\/\/blogsaverroes.juntadeandalucia.es\/ceipcampodegibraltar\/files\/2024\/06\/1-300x220.png 300w, https:\/\/blogsaverroes.juntadeandalucia.es\/ceipcampodegibraltar\/files\/2024\/06\/1-1024x751.png 1024w, https:\/\/blogsaverroes.juntadeandalucia.es\/ceipcampodegibraltar\/files\/2024\/06\/1-768x563.png 768w, https:\/\/blogsaverroes.juntadeandalucia.es\/ceipcampodegibraltar\/files\/2024\/06\/1.png 1236w\" sizes=\"(max-width: 511px) 100vw, 511px\" \/><\/a><\/div>\n<div dir=\"auto\">&nbsp;<\/div>\n<div dir=\"auto\">&nbsp;<\/div>\n<div dir=\"auto\">&nbsp;<\/div>\n<div dir=\"auto\">&nbsp;<\/div>\n<div dir=\"auto\">&nbsp;<\/div>\n<div dir=\"auto\">&nbsp;<\/div>\n<div dir=\"auto\">&nbsp;<\/div>\n<div dir=\"auto\">&nbsp;<\/div>\n<div dir=\"auto\">&nbsp;<\/div>\n<div dir=\"auto\">&nbsp;<\/div>\n<div dir=\"auto\">&nbsp;<\/div>\n<div dir=\"auto\">&nbsp;<\/div>\n<div dir=\"auto\">&nbsp;<\/div>\n<div dir=\"auto\">&nbsp;<\/div>\n<div dir=\"auto\">&nbsp;<\/div>\n<div dir=\"auto\">&nbsp;<\/div>\n<div dir=\"auto\">\n<div dir=\"auto\">&nbsp;<\/div>\n<\/div>\n","protected":false},"excerpt":{"rendered":"<p>INFORMATION FOR NEW LANGUAGE ASSISTANTS. DATOS DEL CENTRO Denominaci\u00f3n del centro: CEIP CAMPO DE GIBRALTAR Direcci\u00f3n completa: Avenida la Ca\u00f1a, 24. 11203, Algeciras (C\u00e1diz)&nbsp; N\u00famero de tel\u00e9fono: 956 67 08 33 Correo electr\u00f3nico: 11603099.edu@juntadeandalucia.es Enlace de la localizaci\u00f3n en Google Maps: Localizaci\u00f3n Contacto de la\/las personas de referencia Correo director del centro: 11603099@g.educaand.es Correo coordinado &hellip; <a href=\"https:\/\/blogsaverroes.juntadeandalucia.es\/ceipcampodegibraltar\/bilinguismo\/\" class=\"more-link\">Seguir leyendo <span class=\"screen-reader-text\">Biling\u00fcismo<\/span> <span class=\"meta-nav\">&rarr;<\/span><\/a><\/p>\n","protected":false},"author":10932,"featured_media":2498,"parent":0,"menu_order":0,"comment_status":"closed","ping_status":"closed","template":"","meta":{"ngg_post_thumbnail":0,"footnotes":"","_mc_calendar":[]},"aioseo_notices":[],"_links":{"self":[{"href":"https:\/\/blogsaverroes.juntadeandalucia.es\/ceipcampodegibraltar\/wp-json\/wp\/v2\/pages\/2375"}],"collection":[{"href":"https:\/\/blogsaverroes.juntadeandalucia.es\/ceipcampodegibraltar\/wp-json\/wp\/v2\/pages"}],"about":[{"href":"https:\/\/blogsaverroes.juntadeandalucia.es\/ceipcampodegibraltar\/wp-json\/wp\/v2\/types\/page"}],"author":[{"embeddable":true,"href":"https:\/\/blogsaverroes.juntadeandalucia.es\/ceipcampodegibraltar\/wp-json\/wp\/v2\/users\/10932"}],"replies":[{"embeddable":true,"href":"https:\/\/blogsaverroes.juntadeandalucia.es\/ceipcampodegibraltar\/wp-json\/wp\/v2\/comments?post=2375"}],"version-history":[{"count":14,"href":"https:\/\/blogsaverroes.juntadeandalucia.es\/ceipcampodegibraltar\/wp-json\/wp\/v2\/pages\/2375\/revisions"}],"predecessor-version":[{"id":2703,"href":"https:\/\/blogsaverroes.juntadeandalucia.es\/ceipcampodegibraltar\/wp-json\/wp\/v2\/pages\/2375\/revisions\/2703"}],"wp:featuredmedia":[{"embeddable":true,"href":"https:\/\/blogsaverroes.juntadeandalucia.es\/ceipcampodegibraltar\/wp-json\/wp\/v2\/media\/2498"}],"wp:attachment":[{"href":"https:\/\/blogsaverroes.juntadeandalucia.es\/ceipcampodegibraltar\/wp-json\/wp\/v2\/media?parent=2375"}],"curies":[{"name":"wp","href":"https:\/\/api.w.org\/{rel}","templated":true}]}}