{"id":2670,"date":"2025-03-17T12:33:40","date_gmt":"2025-03-17T12:33:40","guid":{"rendered":"https:\/\/blogsaverroes.juntadeandalucia.es\/ceipcampodegibraltar\/?page_id=2670"},"modified":"2025-03-27T11:11:06","modified_gmt":"2025-03-27T11:11:06","slug":"p-habitos-de-vida-saludable","status":"publish","type":"page","link":"https:\/\/blogsaverroes.juntadeandalucia.es\/ceipcampodegibraltar\/p-habitos-de-vida-saludable\/","title":{"rendered":"H\u00e1bitos de vida Saludable"},"content":{"rendered":"<div class=\"xdj266r x11i5rnm xat24cr x1mh8g0r x1vvkbs x126k92a\">\n<div dir=\"auto\" style=\"text-align: center\"><span class=\"html-span xexx8yu x4uap5 x18d9i69 xkhd6sd x1hl2dhg x16tdsg8 x1vvkbs x3nfvp2 x1j61x8r x1fcty0u xdj266r xat24cr xgzva0m xhhsvwb xxymvpz xlup9mm x1kky2od\"><img loading=\"lazy\" decoding=\"async\" class=\"xz74otr x168nmei x13lgxp2 x5pf9jr xo71vjh\" src=\"https:\/\/static.xx.fbcdn.net\/images\/emoji.php\/v9\/t1f\/1\/16\/1f9f4.png\" alt=\"\ud83e\uddf4\" width=\"16\" height=\"16\"><em><strong>TALLER DE HIGIENE BUCO-DENTAL<\/strong><\/em><\/span>&nbsp;<span class=\"html-span xexx8yu x4uap5 x18d9i69 xkhd6sd x1hl2dhg x16tdsg8 x1vvkbs x3nfvp2 x1j61x8r x1fcty0u xdj266r xat24cr xgzva0m xhhsvwb xxymvpz xlup9mm x1kky2od\"><img loading=\"lazy\" decoding=\"async\" class=\"xz74otr x168nmei x13lgxp2 x5pf9jr xo71vjh\" src=\"https:\/\/static.xx.fbcdn.net\/images\/emoji.php\/v9\/tad\/1\/16\/1faa5.png\" alt=\"\ud83e\udea5\" width=\"16\" height=\"16\"><\/span><\/div>\n<\/div>\n<div class=\"x11i5rnm xat24cr x1mh8g0r x1vvkbs xtlvy1s x126k92a\">\n<div dir=\"auto\">Los alumnos<span class=\"html-span xexx8yu x4uap5 x18d9i69 xkhd6sd x1hl2dhg x16tdsg8 x1vvkbs x3nfvp2 x1j61x8r x1fcty0u xdj266r xat24cr xgzva0m xhhsvwb xxymvpz xlup9mm x1kky2od\"><img loading=\"lazy\" decoding=\"async\" class=\"xz74otr x168nmei x13lgxp2 x5pf9jr xo71vjh\" src=\"https:\/\/static.xx.fbcdn.net\/images\/emoji.php\/v9\/t38\/1\/16\/1f46b.png\" alt=\"\ud83d\udc6b\" width=\"16\" height=\"16\"><\/span> de tercer ciclo han asistido a un taller sobre la higiene personal <span class=\"html-span xexx8yu x4uap5 x18d9i69 xkhd6sd x1hl2dhg x16tdsg8 x1vvkbs x3nfvp2 x1j61x8r x1fcty0u xdj266r xat24cr xgzva0m xhhsvwb xxymvpz xlup9mm x1kky2od\"><img loading=\"lazy\" decoding=\"async\" class=\"xz74otr x168nmei x13lgxp2 x5pf9jr xo71vjh\" src=\"https:\/\/static.xx.fbcdn.net\/images\/emoji.php\/v9\/t1f\/1\/16\/1f9f4.png\" alt=\"\ud83e\uddf4\" width=\"16\" height=\"16\"><\/span>y bucodental <span class=\"html-span xexx8yu x4uap5 x18d9i69 xkhd6sd x1hl2dhg x16tdsg8 x1vvkbs x3nfvp2 x1j61x8r x1fcty0u xdj266r xat24cr xgzva0m xhhsvwb xxymvpz xlup9mm x1kky2od\"><img loading=\"lazy\" decoding=\"async\" class=\"xz74otr x168nmei x13lgxp2 x5pf9jr xo71vjh\" src=\"https:\/\/static.xx.fbcdn.net\/images\/emoji.php\/v9\/t26\/1\/16\/1f9b7.png\" alt=\"\ud83e\uddb7\" width=\"16\" height=\"16\"><\/span> por parte de la enfermera <span class=\"html-span xexx8yu x4uap5 x18d9i69 xkhd6sd x1hl2dhg x16tdsg8 x1vvkbs x3nfvp2 x1j61x8r x1fcty0u xdj266r xat24cr xgzva0m xhhsvwb xxymvpz xlup9mm x1kky2od\"><img loading=\"lazy\" decoding=\"async\" class=\"xz74otr x168nmei x13lgxp2 x5pf9jr xo71vjh\" src=\"https:\/\/static.xx.fbcdn.net\/images\/emoji.php\/v9\/t7b\/1\/16\/1f3e5.png\" alt=\"\ud83c\udfe5\" width=\"16\" height=\"16\"><\/span> referencia de nuestro <span class=\"html-span xexx8yu x4uap5 x18d9i69 xkhd6sd x1hl2dhg x16tdsg8 x1vvkbs x3nfvp2 x1j61x8r x1fcty0u xdj266r xat24cr xgzva0m xhhsvwb xxymvpz xlup9mm x1kky2od\"><img loading=\"lazy\" decoding=\"async\" class=\"xz74otr x168nmei x13lgxp2 x5pf9jr xo71vjh\" src=\"https:\/\/static.xx.fbcdn.net\/images\/emoji.php\/v9\/ta4\/1\/16\/1f392.png\" alt=\"\ud83c\udf92\" width=\"16\" height=\"16\"><\/span> <span class=\"html-span xdj266r x11i5rnm xat24cr x1mh8g0r xexx8yu x4uap5 x18d9i69 xkhd6sd x1hl2dhg x16tdsg8 x1vvkbs\"><a class=\"x1i10hfl xjbqb8w x1ejq31n xd10rxx x1sy0etr x17r0tee x972fbf xcfux6l x1qhh985 xm0m39n x9f619 x1ypdohk xt0psk2 xe8uvvx xdj266r x11i5rnm xat24cr x1mh8g0r xexx8yu x4uap5 x18d9i69 xkhd6sd x16tdsg8 x1hl2dhg xggy1nq x1a2a7pz xkrqix3 x1sur9pj x1fey0fg x1s688f\" role=\"link\" href=\"https:\/\/www.facebook.com\/profile.php?id=100009076321401&amp;__cft__[0]=AZWq3DuqzR-GI_mxFyZeylLHrld2P1xuf5Ml3FruRyB4TjpdbR6ej1iE3-pyqgPcXxTp5fR5iGGBadqamEUPrOOiCzIZxVEiTbQ9rS6aVw4ONiT9m_eGr-zRgoDuUXYLNLLna3mmQjv-MCLyScNb0qNQcagmWejEkKZ0l9FNyHCU3A&amp;__tn__=-]K-R\"><span class=\"xt0psk2\"><span class=\"xjp7ctv\">Ceip Campo Gibraltar Algeciras<\/span><\/span><\/a><\/span> <span class=\"html-span xexx8yu x4uap5 x18d9i69 xkhd6sd x1hl2dhg x16tdsg8 x1vvkbs x3nfvp2 x1j61x8r x1fcty0u xdj266r xat24cr xgzva0m xhhsvwb xxymvpz xlup9mm x1kky2od\"><img loading=\"lazy\" decoding=\"async\" class=\"xz74otr x168nmei x13lgxp2 x5pf9jr xo71vjh\" src=\"https:\/\/static.xx.fbcdn.net\/images\/emoji.php\/v9\/t28\/1\/16\/1f3eb.png\" alt=\"\ud83c\udfeb\" width=\"16\" height=\"16\"><\/span>.<\/div>\n<div dir=\"auto\">\u00a1Much\u00edsimas<a href=\"https:\/\/blogsaverroes.juntadeandalucia.es\/ceipcampodegibraltar\/files\/2025\/03\/Captura-de-pantalla-2025-03-27-120926.png\"><img loading=\"lazy\" decoding=\"async\" class=\" wp-image-2706 alignright\" src=\"https:\/\/blogsaverroes.juntadeandalucia.es\/ceipcampodegibraltar\/files\/2025\/03\/Captura-de-pantalla-2025-03-27-120926-300x168.png\" alt=\"\" width=\"325\" height=\"182\" srcset=\"https:\/\/blogsaverroes.juntadeandalucia.es\/ceipcampodegibraltar\/files\/2025\/03\/Captura-de-pantalla-2025-03-27-120926-300x168.png 300w, https:\/\/blogsaverroes.juntadeandalucia.es\/ceipcampodegibraltar\/files\/2025\/03\/Captura-de-pantalla-2025-03-27-120926.png 680w\" sizes=\"(max-width: 325px) 100vw, 325px\" \/><\/a> gracias por la visita! <span class=\"html-span xexx8yu x4uap5 x18d9i69 xkhd6sd x1hl2dhg x16tdsg8 x1vvkbs x3nfvp2 x1j61x8r x1fcty0u xdj266r xat24cr xgzva0m xhhsvwb xxymvpz xlup9mm x1kky2od\"><img loading=\"lazy\" decoding=\"async\" class=\"xz74otr x168nmei x13lgxp2 x5pf9jr xo71vjh\" src=\"https:\/\/static.xx.fbcdn.net\/images\/emoji.php\/v9\/t75\/1\/16\/1f618.png\" alt=\"\ud83d\ude18\" width=\"16\" height=\"16\"><\/span> <span class=\"html-span xexx8yu x4uap5 x18d9i69 xkhd6sd x1hl2dhg x16tdsg8 x1vvkbs x3nfvp2 x1j61x8r x1fcty0u xdj266r xat24cr xgzva0m xhhsvwb xxymvpz xlup9mm x1kky2od\"><img loading=\"lazy\" decoding=\"async\" class=\"xz74otr x168nmei x13lgxp2 x5pf9jr xo71vjh\" src=\"https:\/\/static.xx.fbcdn.net\/images\/emoji.php\/v9\/t68\/1\/16\/1fac2.png\" alt=\"\ud83e\udec2\" width=\"16\" height=\"16\"><\/span><\/div>\n<div dir=\"auto\">&nbsp;<\/div>\n<\/div>\n<p>&nbsp;<\/p>\n<p>&nbsp;<\/p>\n<p>&nbsp;<\/p>\n<p>&nbsp;<\/p>\n<p>&nbsp;<\/p>\n<p style=\"text-align: center\"><strong>VISITA DE NUESTRA ENFERMERA DE REFERENCIA<\/strong><\/p>\n<div class=\"xdj266r x11i5rnm xat24cr x1mh8g0r x1vvkbs x126k92a\">\n<div dir=\"auto\">Charla por parte de nuestra enfermera de enlace sobre la importancia de seguir una dieta y unos h\u00e1bitos de vida saludables.<\/div>\n<\/div>\n<div class=\"x11i5rnm xat24cr x1mh8g0r x1vvkbs xtlvy1s x126k92a\">\n<div dir=\"auto\">Adem\u00e1s, nuestros alumnos pudieron ver, en primera persona, los peligros de consumir en exceso el az\u00facar y la boller\u00eda industrial.<\/div>\n<\/div>\n<div class=\"x11i5rnm xat24cr x1mh8g0r x1vvkbs xtlvy1s x126k92a\">\n<div dir=\"auto\">Dicho taller se enmarca dentro de nuestro programa \u201ccreciendo en salud\u201d d\u00f3nde trabajamos y potenciamos de forma diaria los objetivos de desarrollo sostenible n\u00famero 4 (educaci\u00f3n de calidad) y n\u00famero 3 (salud y bienestar).<\/div>\n<\/div>\n<div class=\"x11i5rnm xat24cr x1mh8g0r x1vvkbs xtlvy1s x126k92a\">\n<div dir=\"auto\">\u00bfOs sum\u00e1is a nuestro estilo de vida saludable? <span class=\"html-span xexx8yu x4uap5 x18d9i69 xkhd6sd x1hl2dhg x16tdsg8 x1vvkbs x3nfvp2 x1j61x8r x1fcty0u xdj266r xat24cr xgzva0m xhhsvwb xxymvpz xlup9mm x1kky2od\"><img loading=\"lazy\" decoding=\"async\" class=\"xz74otr x168nmei x13lgxp2 x5pf9jr xo71vjh\" src=\"https:\/\/static.xx.fbcdn.net\/images\/emoji.php\/v9\/t33\/1\/16\/1f957.png\" alt=\"\ud83e\udd57\" width=\"16\" height=\"16\"><\/span><span class=\"html-span xexx8yu x4uap5 x18d9i69 xkhd6sd x1hl2dhg x16tdsg8 x1vvkbs x3nfvp2 x1j61x8r x1fcty0u xdj266r xat24cr xgzva0m xhhsvwb xxymvpz xlup9mm x1kky2od\"><img loading=\"lazy\" decoding=\"async\" class=\"xz74otr x168nmei x13lgxp2 x5pf9jr xo71vjh\" src=\"https:\/\/static.xx.fbcdn.net\/images\/emoji.php\/v9\/t98\/1\/16\/1f3cb_200d_2640.png\" alt=\"\ud83c\udfcb\ufe0f\u200d\u2640\ufe0f\" width=\"16\" height=\"16\"><\/span><\/div>\n<\/div>\n<p>&nbsp;<\/p>\n<p><a href=\"https:\/\/blogsaverroes.juntadeandalucia.es\/ceipcampodegibraltar\/files\/2025\/03\/468051904_3786929448286229_1056043904181412486_n.jpg\"><img loading=\"lazy\" decoding=\"async\" class=\"size-medium wp-image-2704 aligncenter\" src=\"https:\/\/blogsaverroes.juntadeandalucia.es\/ceipcampodegibraltar\/files\/2025\/03\/468051904_3786929448286229_1056043904181412486_n-240x300.jpg\" alt=\"\" width=\"240\" height=\"300\" srcset=\"https:\/\/blogsaverroes.juntadeandalucia.es\/ceipcampodegibraltar\/files\/2025\/03\/468051904_3786929448286229_1056043904181412486_n-240x300.jpg 240w, https:\/\/blogsaverroes.juntadeandalucia.es\/ceipcampodegibraltar\/files\/2025\/03\/468051904_3786929448286229_1056043904181412486_n-819x1024.jpg 819w, https:\/\/blogsaverroes.juntadeandalucia.es\/ceipcampodegibraltar\/files\/2025\/03\/468051904_3786929448286229_1056043904181412486_n-768x960.jpg 768w, https:\/\/blogsaverroes.juntadeandalucia.es\/ceipcampodegibraltar\/files\/2025\/03\/468051904_3786929448286229_1056043904181412486_n.jpg 1080w\" sizes=\"(max-width: 240px) 100vw, 240px\" \/><\/a><\/p>\n<p>&nbsp;<\/p>\n<p style=\"text-align: center\"><span style=\"color: #000000\"><strong>L\u00cdNEAS DE INTERVENCI\u00d3N Y ACTUACI\u00d3N.<\/strong><\/span><\/p>\n<p>&nbsp;Las l\u00edneas de actuaci\u00f3n del Programa que se van a implantar en nuestro centro educativo son:<\/p>\n<p><a href=\"https:\/\/blogsaverroes.juntadeandalucia.es\/ceipcampodegibraltar\/files\/2025\/03\/Captura-de-pantalla-2025-03-17-161653.png\"><img loading=\"lazy\" decoding=\"async\" class=\" wp-image-2678 aligncenter\" src=\"https:\/\/blogsaverroes.juntadeandalucia.es\/ceipcampodegibraltar\/files\/2025\/03\/Captura-de-pantalla-2025-03-17-161653-300x177.png\" alt=\"\" width=\"494\" height=\"292\" srcset=\"https:\/\/blogsaverroes.juntadeandalucia.es\/ceipcampodegibraltar\/files\/2025\/03\/Captura-de-pantalla-2025-03-17-161653-300x177.png 300w, https:\/\/blogsaverroes.juntadeandalucia.es\/ceipcampodegibraltar\/files\/2025\/03\/Captura-de-pantalla-2025-03-17-161653.png 574w\" sizes=\"(max-width: 494px) 100vw, 494px\" \/><\/a><\/p>\n<p style=\"text-align: center\"><strong>OBJETIVOS GENERALES.<\/strong><\/p>\n<p>Objetivo final: \u201cCapacitar al alumnado para la elecci\u00f3n de conductas, a lo largo de su vida, que favorezcan su salud y bienestar mental y personal mediante de la adquisici\u00f3n de conocimientos y habilidades en cuestiones relacionadas con las competencias socio-emocionales, la alimentaci\u00f3n y la actividad f\u00edsica\u201d.<\/p>\n<p>Los objetivos generales que proponemos para este Plan de Actuaci\u00f3n han sido seleccionados del Dossier \u201cCreciendo en Salud\u201d editado por la Consejer\u00eda de Educaci\u00f3n<\/p>\n<p><strong><em>Educaci\u00f3n Socio-Emocional:<\/em><\/strong><\/p>\n<ul>\n<li>Contribuir al desarrollo de competencias y capacidades que permitan al alumnado afrontar los riesgos para la salud m\u00e1s frecuentes en estas edades, favoreciendo la elecci\u00f3n de conductas saludables.<\/li>\n<li>Promover aptitudes que permitan tomar conciencia de las emociones propias y de los dem\u00e1s, as\u00ed como aprender a regularlas, mediante estrategias que favorezcan el desarrollo personal y social.<\/li>\n<li>Desarrollar habilidades que potencien la autonom\u00eda emocional, una actitud positiva hacia uno mismo y hacia los dem\u00e1s, as\u00ed como estrategias que permitan afrontar los retos de la vida de forma sana y equilibrada.<\/li>\n<\/ul>\n<p><strong><em>Estilos de Vida Saludable:<\/em><\/strong><\/p>\n<ul>\n<li>Sensibilizar sobre la importancia de realizar actividad f\u00edsica y llevar una alimentaci\u00f3n variada y equilibrada basada en la Dieta Mediterr\u00e1nea, haciendo especial \u00e9nfasis en el aumento del consumo de frutas y hortalizas y en la disminuci\u00f3n del consumo de bebidas azucaradas.<\/li>\n<li>Promover la adquisici\u00f3n de h\u00e1bitos relacionados con la higiene y el autocuidado, as\u00ed como el sentido vial (la observaci\u00f3n visual o auditiva, la noci\u00f3n espacial, la prudencia o la pronta decisi\u00f3n).<\/li>\n<li>Hacer part\u00edcipes a las familias, fomentando su colaboraci\u00f3n en la promoci\u00f3n de la salud y la prevenci\u00f3n de adicciones.<\/li>\n<\/ul>\n<p><strong><em>Uso positivo de las TIC:<\/em><\/strong><\/p>\n<ul>\n<li>Promover el desarrollo de h\u00e1bitos saludables desde la construcci\u00f3n de un conocimiento significativo y ajustado a la realidad que permitan hacer un uso cr\u00edtico, racional y reflexivo de las herramientas y la informaci\u00f3n que las TIC proporcionan.<\/li>\n<li>Utilizar de forma responsable las TIC en el tiempo de ocio: videojuegos, redes sociales, etc., as\u00ed como ofrecer alternativas de ocio y tiempo libre saludable.<\/li>\n<li>Utilizar con seguridad aplicaciones y entornos virtuales, como medio de expresi\u00f3n personal, social y cultural.<\/li>\n<\/ul>\n<p>&nbsp;<\/p>\n<p style=\"text-align: center\"><strong><span style=\"color: #339966\">Cronograma de Actividades Curso 2024\/2025<\/span><\/strong><\/p>\n<p>Presentamos un cronograma de las actuaciones y actividades previstas para el curso escolar 2024\/2025.<\/p>\n<p><img loading=\"lazy\" decoding=\"async\" class=\" wp-image-2675 aligncenter\" style=\"color: #0000ee\" src=\"https:\/\/blogsaverroes.juntadeandalucia.es\/ceipcampodegibraltar\/files\/2025\/03\/Captura-de-pantalla-2025-03-17-133642-270x300.png\" alt=\"\" width=\"474\" height=\"527\" srcset=\"https:\/\/blogsaverroes.juntadeandalucia.es\/ceipcampodegibraltar\/files\/2025\/03\/Captura-de-pantalla-2025-03-17-133642-270x300.png 270w, https:\/\/blogsaverroes.juntadeandalucia.es\/ceipcampodegibraltar\/files\/2025\/03\/Captura-de-pantalla-2025-03-17-133642.png 594w\" sizes=\"(max-width: 474px) 100vw, 474px\" \/><\/p>\n<p><a href=\"https:\/\/blogsaverroes.juntadeandalucia.es\/ceipcampodegibraltar\/files\/2025\/03\/Captura-de-pantalla-2025-03-17-133744.png\"><img loading=\"lazy\" decoding=\"async\" class=\" wp-image-2676 aligncenter\" src=\"https:\/\/blogsaverroes.juntadeandalucia.es\/ceipcampodegibraltar\/files\/2025\/03\/Captura-de-pantalla-2025-03-17-133744-300x177.png\" alt=\"\" width=\"456\" height=\"269\" srcset=\"https:\/\/blogsaverroes.juntadeandalucia.es\/ceipcampodegibraltar\/files\/2025\/03\/Captura-de-pantalla-2025-03-17-133744-300x177.png 300w, https:\/\/blogsaverroes.juntadeandalucia.es\/ceipcampodegibraltar\/files\/2025\/03\/Captura-de-pantalla-2025-03-17-133744.png 582w\" sizes=\"(max-width: 456px) 100vw, 456px\" \/><\/a><\/p>\n<p>&nbsp;<\/p>\n<p>&nbsp;<\/p>\n<p>&nbsp;<\/p>\n<p>&nbsp;<\/p>\n<p>&nbsp;<\/p>\n<p>&nbsp;<\/p>\n","protected":false},"excerpt":{"rendered":"<p>TALLER DE HIGIENE BUCO-DENTAL&nbsp; Los alumnos de tercer ciclo han asistido a un taller sobre la higiene personal y bucodental por parte de la enfermera referencia de nuestro Ceip Campo Gibraltar Algeciras . \u00a1Much\u00edsimas gracias por la visita! &nbsp; &nbsp; &nbsp; &nbsp; &nbsp; &nbsp; VISITA DE NUESTRA ENFERMERA DE REFERENCIA Charla por parte de nuestra &hellip; <a href=\"https:\/\/blogsaverroes.juntadeandalucia.es\/ceipcampodegibraltar\/p-habitos-de-vida-saludable\/\" class=\"more-link\">Seguir leyendo <span class=\"screen-reader-text\">H\u00e1bitos de vida Saludable<\/span> <span class=\"meta-nav\">&rarr;<\/span><\/a><\/p>\n","protected":false},"author":10932,"featured_media":0,"parent":0,"menu_order":0,"comment_status":"closed","ping_status":"closed","template":"","meta":{"ngg_post_thumbnail":0,"footnotes":"","_mc_calendar":[]},"aioseo_notices":[],"_links":{"self":[{"href":"https:\/\/blogsaverroes.juntadeandalucia.es\/ceipcampodegibraltar\/wp-json\/wp\/v2\/pages\/2670"}],"collection":[{"href":"https:\/\/blogsaverroes.juntadeandalucia.es\/ceipcampodegibraltar\/wp-json\/wp\/v2\/pages"}],"about":[{"href":"https:\/\/blogsaverroes.juntadeandalucia.es\/ceipcampodegibraltar\/wp-json\/wp\/v2\/types\/page"}],"author":[{"embeddable":true,"href":"https:\/\/blogsaverroes.juntadeandalucia.es\/ceipcampodegibraltar\/wp-json\/wp\/v2\/users\/10932"}],"replies":[{"embeddable":true,"href":"https:\/\/blogsaverroes.juntadeandalucia.es\/ceipcampodegibraltar\/wp-json\/wp\/v2\/comments?post=2670"}],"version-history":[{"count":6,"href":"https:\/\/blogsaverroes.juntadeandalucia.es\/ceipcampodegibraltar\/wp-json\/wp\/v2\/pages\/2670\/revisions"}],"predecessor-version":[{"id":2707,"href":"https:\/\/blogsaverroes.juntadeandalucia.es\/ceipcampodegibraltar\/wp-json\/wp\/v2\/pages\/2670\/revisions\/2707"}],"wp:attachment":[{"href":"https:\/\/blogsaverroes.juntadeandalucia.es\/ceipcampodegibraltar\/wp-json\/wp\/v2\/media?parent=2670"}],"curies":[{"name":"wp","href":"https:\/\/api.w.org\/{rel}","templated":true}]}}