{"id":35,"date":"2015-03-13T08:21:43","date_gmt":"2015-03-13T08:21:43","guid":{"rendered":"http:\/\/blogsaverroes.juntadeandalucia.es\/pre\/ceip\/?page_id=35"},"modified":"2020-11-05T12:48:15","modified_gmt":"2020-11-05T12:48:15","slug":"el-centro-2","status":"publish","type":"page","link":"https:\/\/blogsaverroes.juntadeandalucia.es\/ceipcampodegibraltar\/el-centro-2\/","title":{"rendered":"Datos del centro"},"content":{"rendered":"<p><iframe loading=\"lazy\" src=\"https:\/\/www.google.com\/maps\/embed?pb=!1m18!1m12!1m3!1d3222.366840962493!2d-5.4582054844401995!3d36.133280312654!2m3!1f0!2f0!3f0!3m2!1i1024!2i768!4f13.1!3m3!1m2!1s0xd0c9336aaaaaaab%3A0x9da5eb52b3218c32!2sCEIP%20Campo%20de%20Gibraltar!5e0!3m2!1ses!2ses!4v1603366698648!5m2!1ses!2ses\" width=\"675\" height=\"450\" frameborder=\"0\"><\/iframe><\/p>\n<h4>Datos de contacto<\/h4>\n<p><em><strong>CEIP. CAMPO DE GIBRALTAR.<\/strong><\/em><\/p>\n<p><strong>Direcci\u00f3n:<\/strong>&nbsp; Avenida la Ca\u00f1\u00e1 24\/26&nbsp; &nbsp;Algeciras&nbsp; &nbsp;11203&nbsp; &nbsp;C\u00e1diz<\/p>\n<p><strong>Tel\u00e9fono \/ FAX: <\/strong>956 67 08 33 \/ 956 67 08 35<br \/>\n<strong>Email:<\/strong> 11603099.edu@juntadeandalucia.es<\/p>\n<h4><strong>Horarios<\/strong><\/h4>\n<p><strong>Horario lectivo:<\/strong><\/p>\n<p>De&nbsp; lunes a viernes en horario de 09:00 a 14:00<\/p>\n<p><strong>Aula Matinal:<\/strong><\/p>\n<p>Todos los d\u00edas de lunes a viernes en horario de 07:30 a 09:00<\/p>\n<p><strong>Taller de Lengua \u00e1rabe y cultura marroqu\u00ed<\/strong><\/p>\n<p>De lunes a jueves en horario de 16:00 a 18:30.<\/p>\n<h4><strong>Oferta educativa<\/strong><\/h4>\n<p>Somos Centro Biling\u00fce nuestra oferta educativa:<\/p>\n<ul>\n<li>2\u00ba Ciclo de Educaci\u00f3n Infantil (3, 4, y 5 a\u00f1os)<\/li>\n<li>Educaci\u00f3n Primaria<\/li>\n<li>Oferta idiom\u00e1tica:\n<ul>\n<li>Ingl\u00e9s a partir de Infantil de 3 a\u00f1os<\/li>\n<li>Franc\u00e9s desde tercero de Primaria<\/li>\n<\/ul>\n<\/li>\n<li>Pedagog\u00eda Terap\u00e9utica<\/li>\n<li>Audici\u00f3n y Lenguaje<\/li>\n<li>Servicios educativos complementarios:\n<ul>\n<li><a href=\"https:\/\/blogsaverroes.juntadeandalucia.es\/ceipcampodegibraltar\/aula-matinal\/\">Aula Matinal<\/a><\/li>\n<li>Comedor Escolar<\/li>\n<li>Aula temporal de adaptaci\u00f3n ling\u00fc\u00edstica (ATAL)<\/li>\n<li>Transporte escolar<\/li>\n<li>Lengua \u00e1rabe y cultura marroqu\u00ed<\/li>\n<\/ul>\n<\/li>\n<\/ul>\n<h4>Instalaciones<\/h4>\nngg_shortcode_0_placeholder\n","protected":false},"excerpt":{"rendered":"<p>Datos de contacto CEIP. CAMPO DE GIBRALTAR. Direcci\u00f3n:&nbsp; Avenida la Ca\u00f1\u00e1 24\/26&nbsp; &nbsp;Algeciras&nbsp; &nbsp;11203&nbsp; &nbsp;C\u00e1diz Tel\u00e9fono \/ FAX: 956 67 08 33 \/ 956 67 08 35 Email: 11603099.edu@juntadeandalucia.es Horarios Horario lectivo: De&nbsp; lunes a viernes en horario de 09:00 a 14:00 Aula Matinal: Todos los d\u00edas de lunes a viernes en horario de 07:30 &hellip; <a href=\"https:\/\/blogsaverroes.juntadeandalucia.es\/ceipcampodegibraltar\/el-centro-2\/\" class=\"more-link\">Seguir leyendo <span class=\"screen-reader-text\">Datos del centro<\/span> <span class=\"meta-nav\">&rarr;<\/span><\/a><\/p>\n","protected":false},"author":1,"featured_media":0,"parent":0,"menu_order":0,"comment_status":"closed","ping_status":"open","template":"page-cs.php","meta":{"ngg_post_thumbnail":0,"footnotes":"","_mc_calendar":[]},"aioseo_notices":[],"_links":{"self":[{"href":"https:\/\/blogsaverroes.juntadeandalucia.es\/ceipcampodegibraltar\/wp-json\/wp\/v2\/pages\/35"}],"collection":[{"href":"https:\/\/blogsaverroes.juntadeandalucia.es\/ceipcampodegibraltar\/wp-json\/wp\/v2\/pages"}],"about":[{"href":"https:\/\/blogsaverroes.juntadeandalucia.es\/ceipcampodegibraltar\/wp-json\/wp\/v2\/types\/page"}],"author":[{"embeddable":true,"href":"https:\/\/blogsaverroes.juntadeandalucia.es\/ceipcampodegibraltar\/wp-json\/wp\/v2\/users\/1"}],"replies":[{"embeddable":true,"href":"https:\/\/blogsaverroes.juntadeandalucia.es\/ceipcampodegibraltar\/wp-json\/wp\/v2\/comments?post=35"}],"version-history":[{"count":28,"href":"https:\/\/blogsaverroes.juntadeandalucia.es\/ceipcampodegibraltar\/wp-json\/wp\/v2\/pages\/35\/revisions"}],"predecessor-version":[{"id":2257,"href":"https:\/\/blogsaverroes.juntadeandalucia.es\/ceipcampodegibraltar\/wp-json\/wp\/v2\/pages\/35\/revisions\/2257"}],"wp:attachment":[{"href":"https:\/\/blogsaverroes.juntadeandalucia.es\/ceipcampodegibraltar\/wp-json\/wp\/v2\/media?parent=35"}],"curies":[{"name":"wp","href":"https:\/\/api.w.org\/{rel}","templated":true}]}}