{"id":42,"date":"2015-03-13T08:40:47","date_gmt":"2015-03-13T08:40:47","guid":{"rendered":"http:\/\/blogsaverroes.juntadeandalucia.es\/pre\/ceip\/?page_id=42"},"modified":"2024-06-20T09:31:09","modified_gmt":"2024-06-20T09:31:09","slug":"equipo-directivo","status":"publish","type":"page","link":"https:\/\/blogsaverroes.juntadeandalucia.es\/ceipcampodegibraltar\/equipo-directivo\/","title":{"rendered":"Equipo directivo"},"content":{"rendered":"<p><strong>Direcci\u00f3n:&nbsp;<\/strong><strong>Antonio Medina Mu\u00f1oz<\/strong><\/p>\n<p><strong>Jefatura de estudios: M\u00aa del Carmen Nogueras Segura<\/strong><\/p>\n<p><strong>Secretar\u00eda: Isabel M\u00aa Gonz\u00e1lez Carrasco<\/strong><\/p>\n<p>Nuestro Proyecto Educativo, tiene como punto de partida una educaci\u00f3n centrada en la persona para ayudarle en su proceso de apertura a la realidad desde un desarrollo integral y arm\u00f3nico. Todo ello desde una metodolog\u00eda activa, atendiendo a la dimensi\u00f3n individual y social de la persona.<\/p>\n<p><strong><em>RESPETO A LA DIVERSIDAD Y AL RITMO PROPIO:<\/em><\/strong><\/p>\n<ul>\n<li>Cada alumno\/a es \u00fanico, por lo tanto, su desarrollo madurativo deber\u00e1 seguir su ritmo propio.<\/li>\n<li>A trav\u00e9s de la flexibilidad en el trabajo y el est\u00edmulo pretendemos que cada uno llegue a dar de s\u00ed todo lo bueno que pueda ofrecer.<\/li>\n<li>La valoraci\u00f3n del esfuerzo propio y ajeno supera la competitividad y fomenta la colaboraci\u00f3n y la ayuda mutua.<\/li>\n<\/ul>\n<p><strong><em>DESARROLLO DEL PENSAMIENTO CR\u00cdTICO: <\/em><\/strong><\/p>\n<ul>\n<li>El an\u00e1lisis de la realidad personal y social desde una interiorizaci\u00f3n cr\u00edtica es un medio importante para desarrollar un juicio propio con el que poder auto superarse y colaborar positivamente en la mejora de la sociedad.<\/li>\n<\/ul>\n<p><strong><em>RESPONSABILIDAD: <\/em><\/strong><\/p>\n<ul>\n<li>Desde un clima educativo de libertad y expansi\u00f3n, el alumno\/a asume personalmente las consecuencias de sus acciones y sabe responder de ellas ante s\u00ed mismo y ante los dem\u00e1s.<\/li>\n<\/ul>\n<p><strong><em>APERTURA AL ENTORNO: <\/em><\/strong><\/p>\n<ul>\n<li>Se pretende que los alumnos\/as vivan las realidades humanas f\u00edsicas y culturales que les rodean siendo sensibles a ellas y que se comprometan activamente, seg\u00fan sus posibilidades, en la mejora del medio ambiente y de la vida humana.<\/li>\n<\/ul>\n<p><strong><em>EDUCACI\u00d3N DE LAS ACTITUDES: <\/em><\/strong><\/p>\n<ul>\n<li>Mediante una educaci\u00f3n de las actitudes, se potencian valores tales como el sentido de la fraternidad, la solidaridad, la capacidad de admiraci\u00f3n y asombro, la atenci\u00f3n y la confianza, para descubrir, con mirada siempre nueva, lo bueno en todo lo que les rodea.<\/li>\n<\/ul>\n<p><strong><em>TRABAJO EN EQUIPO: <\/em><\/strong><\/p>\n<ul>\n<li>La aportaci\u00f3n de cada uno en un trabajo colectivo y coordinado fomenta los valores de la solidaridad, el servicio, la cooperaci\u00f3n y el respeto mutuo, y ayuda a un mayor enriquecimiento del trabajo personal.<\/li>\n<\/ul>\n<p><strong><em>COEDUCACI\u00d3N<\/em><\/strong>:<\/p>\n<ul>\n<li>A trav\u00e9s de la valoraci\u00f3n real de cada sexo, en un sistema coeducativo, se orienta al alumno\/a hacia un conocimiento de s\u00ed mismo y del otro, junto a una aceptaci\u00f3n del propio sexo, promoviendo la apertura a modos de relaci\u00f3n que despierten actitudes de respeto, autoestima y complementariedad.<\/li>\n<\/ul>\n<p><strong><em>CREATIVIDAD:<\/em><\/strong><\/p>\n<ul>\n<li>En un ambiente de libertad, los alumnos\/as captan progresivamente el universo de una manera personal y lo traducen en una expresi\u00f3n propia y creativa que les ayude a su autorrealizaci\u00f3n.<\/li>\n<\/ul>\n","protected":false},"excerpt":{"rendered":"<p>Direcci\u00f3n:&nbsp;Antonio Medina Mu\u00f1oz Jefatura de estudios: M\u00aa del Carmen Nogueras Segura Secretar\u00eda: Isabel M\u00aa Gonz\u00e1lez Carrasco Nuestro Proyecto Educativo, tiene como punto de partida una educaci\u00f3n centrada en la persona para ayudarle en su proceso de apertura a la realidad desde un desarrollo integral y arm\u00f3nico. Todo ello desde una metodolog\u00eda activa, atendiendo a la &hellip; <a href=\"https:\/\/blogsaverroes.juntadeandalucia.es\/ceipcampodegibraltar\/equipo-directivo\/\" class=\"more-link\">Seguir leyendo <span class=\"screen-reader-text\">Equipo directivo<\/span> <span class=\"meta-nav\">&rarr;<\/span><\/a><\/p>\n","protected":false},"author":1,"featured_media":0,"parent":0,"menu_order":0,"comment_status":"closed","ping_status":"open","template":"","meta":{"ngg_post_thumbnail":0,"footnotes":"","_mc_calendar":[]},"aioseo_notices":[],"_links":{"self":[{"href":"https:\/\/blogsaverroes.juntadeandalucia.es\/ceipcampodegibraltar\/wp-json\/wp\/v2\/pages\/42"}],"collection":[{"href":"https:\/\/blogsaverroes.juntadeandalucia.es\/ceipcampodegibraltar\/wp-json\/wp\/v2\/pages"}],"about":[{"href":"https:\/\/blogsaverroes.juntadeandalucia.es\/ceipcampodegibraltar\/wp-json\/wp\/v2\/types\/page"}],"author":[{"embeddable":true,"href":"https:\/\/blogsaverroes.juntadeandalucia.es\/ceipcampodegibraltar\/wp-json\/wp\/v2\/users\/1"}],"replies":[{"embeddable":true,"href":"https:\/\/blogsaverroes.juntadeandalucia.es\/ceipcampodegibraltar\/wp-json\/wp\/v2\/comments?post=42"}],"version-history":[{"count":9,"href":"https:\/\/blogsaverroes.juntadeandalucia.es\/ceipcampodegibraltar\/wp-json\/wp\/v2\/pages\/42\/revisions"}],"predecessor-version":[{"id":2400,"href":"https:\/\/blogsaverroes.juntadeandalucia.es\/ceipcampodegibraltar\/wp-json\/wp\/v2\/pages\/42\/revisions\/2400"}],"wp:attachment":[{"href":"https:\/\/blogsaverroes.juntadeandalucia.es\/ceipcampodegibraltar\/wp-json\/wp\/v2\/media?parent=42"}],"curies":[{"name":"wp","href":"https:\/\/api.w.org\/{rel}","templated":true}]}}