{"id":424,"date":"2015-03-20T07:05:20","date_gmt":"2015-03-20T07:05:20","guid":{"rendered":"http:\/\/blogsaverroes.juntadeandalucia.es\/pre\/ceip\/?page_id=424"},"modified":"2024-06-27T10:11:43","modified_gmt":"2024-06-27T10:11:43","slug":"educacion-infantil","status":"publish","type":"page","link":"https:\/\/blogsaverroes.juntadeandalucia.es\/ceipcampodegibraltar\/educacion-infantil\/","title":{"rendered":"Educaci\u00f3n infantil"},"content":{"rendered":"<p><strong>Lista de materiales 2024\/25<\/strong><\/p>\n<p><a href=\"https:\/\/blogsaverroes.juntadeandalucia.es\/ceipcampodegibraltar\/files\/2024\/06\/materiales-2.png\"><img loading=\"lazy\" decoding=\"async\" class=\"alignleft size-full wp-image-2468\" src=\"https:\/\/blogsaverroes.juntadeandalucia.es\/ceipcampodegibraltar\/files\/2024\/06\/materiales-2.png\" alt=\"\" width=\"300\" height=\"257\"><\/a><\/p>\n<p>Lista de materiales Infantil 3 a\u00f1os<\/p>\n<p><a href=\"https:\/\/blogsaverroes.juntadeandalucia.es\/ceipcampodegibraltar\/files\/2024\/06\/Materiales-Infantil-3-anos-Curso-2024-2025.pdf\">Materiales Infantil 3 a\u00f1os Curso 2024-2025<\/a><\/p>\n<p>Lista de materiales Infantil 4 a\u00f1os<\/p>\n<p><a href=\"https:\/\/blogsaverroes.juntadeandalucia.es\/ceipcampodegibraltar\/files\/2024\/06\/Materiales-Infantil-4-anos-Curso-2024-2025.pdf\">Materiales Infantil 4 a\u00f1os Curso 2024-2025<\/a><\/p>\n<p>Lista de materiales Infantil 5 a\u00f1os<\/p>\n<p><a href=\"https:\/\/blogsaverroes.juntadeandalucia.es\/ceipcampodegibraltar\/files\/2024\/06\/Materiales-Infantil-5-anos-Curso-2024-2025.pdf\">Materiales Infantil 5 a\u00f1os Curso 2024-2025<\/a><\/p>\n<p>&nbsp;<\/p>\n","protected":false},"excerpt":{"rendered":"<p>Lista de materiales 2024\/25 Lista de materiales Infantil 3 a\u00f1os Materiales Infantil 3 a\u00f1os Curso 2024-2025 Lista de materiales Infantil 4 a\u00f1os Materiales Infantil 4 a\u00f1os Curso 2024-2025 Lista de materiales Infantil 5 a\u00f1os Materiales Infantil 5 a\u00f1os Curso 2024-2025 &nbsp;<\/p>\n","protected":false},"author":1,"featured_media":0,"parent":0,"menu_order":0,"comment_status":"closed","ping_status":"open","template":"page-sc.php","meta":{"ngg_post_thumbnail":0,"footnotes":"","_mc_calendar":[]},"aioseo_notices":[],"_links":{"self":[{"href":"https:\/\/blogsaverroes.juntadeandalucia.es\/ceipcampodegibraltar\/wp-json\/wp\/v2\/pages\/424"}],"collection":[{"href":"https:\/\/blogsaverroes.juntadeandalucia.es\/ceipcampodegibraltar\/wp-json\/wp\/v2\/pages"}],"about":[{"href":"https:\/\/blogsaverroes.juntadeandalucia.es\/ceipcampodegibraltar\/wp-json\/wp\/v2\/types\/page"}],"author":[{"embeddable":true,"href":"https:\/\/blogsaverroes.juntadeandalucia.es\/ceipcampodegibraltar\/wp-json\/wp\/v2\/users\/1"}],"replies":[{"embeddable":true,"href":"https:\/\/blogsaverroes.juntadeandalucia.es\/ceipcampodegibraltar\/wp-json\/wp\/v2\/comments?post=424"}],"version-history":[{"count":5,"href":"https:\/\/blogsaverroes.juntadeandalucia.es\/ceipcampodegibraltar\/wp-json\/wp\/v2\/pages\/424\/revisions"}],"predecessor-version":[{"id":2582,"href":"https:\/\/blogsaverroes.juntadeandalucia.es\/ceipcampodegibraltar\/wp-json\/wp\/v2\/pages\/424\/revisions\/2582"}],"wp:attachment":[{"href":"https:\/\/blogsaverroes.juntadeandalucia.es\/ceipcampodegibraltar\/wp-json\/wp\/v2\/media?parent=424"}],"curies":[{"name":"wp","href":"https:\/\/api.w.org\/{rel}","templated":true}]}}