{"id":49,"date":"2015-03-13T08:47:05","date_gmt":"2015-03-13T08:47:05","guid":{"rendered":"http:\/\/blogsaverroes.juntadeandalucia.es\/pre\/ceip\/?page_id=49"},"modified":"2024-12-13T09:18:49","modified_gmt":"2024-12-13T09:18:49","slug":"proyecto-educativo","status":"publish","type":"page","link":"https:\/\/blogsaverroes.juntadeandalucia.es\/ceipcampodegibraltar\/proyecto-educativo\/","title":{"rendered":"Proyecto Educativo"},"content":{"rendered":"<p><img loading=\"lazy\" decoding=\"async\" class=\"alignnone size-medium wp-image-1662\" src=\"https:\/\/blogsaverroes.juntadeandalucia.es\/ceipcampodegibraltar\/files\/2015\/03\/proyecto-300x266.png\" alt=\"proyecto\" width=\"300\" height=\"266\" srcset=\"https:\/\/blogsaverroes.juntadeandalucia.es\/ceipcampodegibraltar\/files\/2015\/03\/proyecto-300x266.png 300w, https:\/\/blogsaverroes.juntadeandalucia.es\/ceipcampodegibraltar\/files\/2015\/03\/proyecto.png 640w\" sizes=\"(max-width: 300px) 100vw, 300px\" \/><\/p>\n<p>El Plan de Centro es el documento que expresa nuestras se\u00f1as de identidad. Es el aut\u00e9ntico referente, con car\u00e1cter sist\u00e9mico e integrador, del principio de autonom\u00eda pedag\u00f3gica, de organizaci\u00f3n y de gesti\u00f3n .<\/p>\n<p>La Ley 17\/2007, de 10 de diciembre, de Educaci\u00f3n de Andaluc\u00eda, establece, en su Art.126, los documentos que integran el Plan de Centro. Son los siguientes:<\/p>\n<p>\u2013 El Proyecto Educativo .<\/p>\n<p>\u2013 El Reglamento de Organizaci\u00f3n y Funcionamiento.<\/p>\n<p>\u2013 El Proyecto de Gesti\u00f3n del Centro .<\/p>\n<p>El Plan de Centro se revisa de forma anual, es decir se elabora cada a\u00f1o adapt\u00e1ndose a las circunstancias, dificultades, avances, deliberaciones y acuerdos del Claustro y del Consejo Escolar. A mitad de curso se realiza una revisi\u00f3n y es al final del curso cuando se eval\u00faa el grado de cumplimiento del Plan de Centro. Las conclusiones m\u00e1s relevantes son recogidas en una Memoria que es supervisada por la Delegaci\u00f3n de Educaci\u00f3n.<\/p>\n<p>El ROF es el documento que regula la organizaci\u00f3n y funcionamiento del centro, lo debemos considerar como una gu\u00eda que anima y orienta la actividad educativa en sus m\u00faltiples facetas.<\/p>\n<p>EL PROYECTO DE GESTI\u00d3N:&nbsp;es el documento que establece los criterios a seguir en las decisiones relativas a la&nbsp;<b>gesti\u00f3n<\/b>&nbsp;de los recursos humanos, materiales y econ\u00f3micos del&nbsp;<b>Centro<\/b>, favoreciendo y velando por el uso responsable de los mismos.<\/p>\n<p>Aqu\u00ed pod\u00e9is encontrar los documentos que conforman el Plan&nbsp;de Centro de Nuestro Cole:<\/p>\n<p><a href=\"https:\/\/drive.google.com\/file\/d\/1R07RoAL947-6uqMK_ORqRcFWVzhDPKNk\/view?usp=sharing\">https:\/\/drive.google.com\/file\/d\/1R07RoAL947-6uqMK_ORqRcFWVzhDPKNk\/view?usp=sharing<\/a><\/p>\n<p><a href=\"https:\/\/drive.google.com\/file\/d\/1I-gIe-P7cr-0D8Azb6oR_hjiLFb3Txoa\/view?usp=sharing\">https:\/\/drive.google.com\/file\/d\/1I-gIe-P7cr-0D8Azb6oR_hjiLFb3Txoa\/view?usp=sharing<\/a><\/p>\n<p><a href=\"https:\/\/drive.google.com\/file\/d\/1RsWkOliRqfWOQMS1RLqLNwC-iAgY4MmN\/view?usp=sharing\">https:\/\/drive.google.com\/file\/d\/1RsWkOliRqfWOQMS1RLqLNwC-iAgY4MmN\/view?usp=sharing<\/a><\/p>\n","protected":false},"excerpt":{"rendered":"<p>El Plan de Centro es el documento que expresa nuestras se\u00f1as de identidad. Es el aut\u00e9ntico referente, con car\u00e1cter sist\u00e9mico e integrador, del principio de autonom\u00eda pedag\u00f3gica, de organizaci\u00f3n y de gesti\u00f3n . La Ley 17\/2007, de 10 de diciembre, de Educaci\u00f3n de Andaluc\u00eda, establece, en su Art.126, los documentos que integran el Plan de &hellip; <a href=\"https:\/\/blogsaverroes.juntadeandalucia.es\/ceipcampodegibraltar\/proyecto-educativo\/\" class=\"more-link\">Seguir leyendo <span class=\"screen-reader-text\">Proyecto Educativo<\/span> <span class=\"meta-nav\">&rarr;<\/span><\/a><\/p>\n","protected":false},"author":1,"featured_media":0,"parent":0,"menu_order":0,"comment_status":"closed","ping_status":"open","template":"page-cs.php","meta":{"ngg_post_thumbnail":0,"footnotes":"","_mc_calendar":[]},"aioseo_notices":[],"_links":{"self":[{"href":"https:\/\/blogsaverroes.juntadeandalucia.es\/ceipcampodegibraltar\/wp-json\/wp\/v2\/pages\/49"}],"collection":[{"href":"https:\/\/blogsaverroes.juntadeandalucia.es\/ceipcampodegibraltar\/wp-json\/wp\/v2\/pages"}],"about":[{"href":"https:\/\/blogsaverroes.juntadeandalucia.es\/ceipcampodegibraltar\/wp-json\/wp\/v2\/types\/page"}],"author":[{"embeddable":true,"href":"https:\/\/blogsaverroes.juntadeandalucia.es\/ceipcampodegibraltar\/wp-json\/wp\/v2\/users\/1"}],"replies":[{"embeddable":true,"href":"https:\/\/blogsaverroes.juntadeandalucia.es\/ceipcampodegibraltar\/wp-json\/wp\/v2\/comments?post=49"}],"version-history":[{"count":10,"href":"https:\/\/blogsaverroes.juntadeandalucia.es\/ceipcampodegibraltar\/wp-json\/wp\/v2\/pages\/49\/revisions"}],"predecessor-version":[{"id":2597,"href":"https:\/\/blogsaverroes.juntadeandalucia.es\/ceipcampodegibraltar\/wp-json\/wp\/v2\/pages\/49\/revisions\/2597"}],"wp:attachment":[{"href":"https:\/\/blogsaverroes.juntadeandalucia.es\/ceipcampodegibraltar\/wp-json\/wp\/v2\/media?parent=49"}],"curies":[{"name":"wp","href":"https:\/\/api.w.org\/{rel}","templated":true}]}}