{"id":99,"date":"2015-03-16T07:22:54","date_gmt":"2015-03-16T07:22:54","guid":{"rendered":"http:\/\/blogsaverroes.juntadeandalucia.es\/pre\/ceip\/?page_id=99"},"modified":"2025-03-17T10:20:12","modified_gmt":"2025-03-17T10:20:12","slug":"comedor-escolar","status":"publish","type":"page","link":"https:\/\/blogsaverroes.juntadeandalucia.es\/ceipcampodegibraltar\/comedor-escolar\/","title":{"rendered":"Comedor escolar"},"content":{"rendered":"<p><a href=\"https:\/\/blogsaverroes.juntadeandalucia.es\/ceipcampodegibraltar\/files\/2025\/03\/logo-mediterranea.jpg\"><img loading=\"lazy\" decoding=\"async\" class=\"alignleft size-medium wp-image-2653\" src=\"https:\/\/blogsaverroes.juntadeandalucia.es\/ceipcampodegibraltar\/files\/2025\/03\/logo-mediterranea-300x96.jpg\" alt=\"\" width=\"300\" height=\"96\" srcset=\"https:\/\/blogsaverroes.juntadeandalucia.es\/ceipcampodegibraltar\/files\/2025\/03\/logo-mediterranea-300x96.jpg 300w, https:\/\/blogsaverroes.juntadeandalucia.es\/ceipcampodegibraltar\/files\/2025\/03\/logo-mediterranea.jpg 536w\" sizes=\"(max-width: 300px) 100vw, 300px\" \/><\/a><\/p>\n<p>&nbsp;<\/p>\n<p>&nbsp;<\/p>\n<p style=\"text-align: left\">&nbsp;<\/p>\n<p><span style=\"color: #ff0000\"><em><strong>NORMAS SIMPLIFICADAS DEL COMEDOR<\/strong><\/em><\/span><\/p>\n<p><strong>\u00bfC\u00f3mo contacto con la empresa?<\/strong><\/p>\n<ul>\n<li><span style=\"color: #0000ff\">administraci\u00f3n.cadiz@mediterranea-group.com&nbsp;<\/span><\/li>\n<\/ul>\n<p><strong>\u00bfD\u00f3nde notifico las ausencias o las bajas del servicio?<\/strong><\/p>\n<ul>\n<li><span style=\"color: #0000ff\">administraci\u00f3n.cadiz@mediterranea-group.com&nbsp;<\/span><\/li>\n<\/ul>\n<p>Con 3 d\u00edas de antelaci\u00f3n ausencias y una semana antes, en caso de baja del servicio.<\/p>\n<p><strong>Si mi hijo est\u00e1 enfermo, \u00bfC\u00f3mo notifico la falta?<\/strong><\/p>\n<ul>\n<li><span style=\"color: #0000ff\">administraci\u00f3n.cadiz@mediterranea-group.com&nbsp;<\/span><\/li>\n<\/ul>\n<p>Aportando en un plazo m\u00e1ximo de 5 d\u00edas justificaci\u00f3n m\u00e9dica para descontar el d\u00eda.<\/p>\n<p><strong>Si mi hijo necesita una dieta especial o blanda \u00bfD\u00f3nde la solicito?<\/strong><\/p>\n<ul>\n<li><span style=\"color: #0000ff\">dietetica.andalucia@alimentart.com<\/span><\/li>\n<\/ul>\n<p>Aportando informe m\u00e9dico o del alerg\u00f3logo, la diete especial se recibir\u00e1 en unos 10 d\u00edas.<\/p>\n<p>&nbsp;<\/p>\n<p><span style=\"color: #ff0000\"><strong>COMUNICADO ADMINISTRACI\u00d3N COMEDOR<\/strong><\/span><\/p>\n<p>Para garantizar una correcta gesti\u00f3n de la incidencias producidas en la facturacion de los recibos del comedor, rogamos que las incidencias tramiten solo y exclusivamente a trav\u00e9s del departamento de administracion:<br \/>\nadministracion.cadiz@mediterranea-group.com&nbsp;<br \/>\nLe rogamos paciencia ya que recibimos cientos de mails diariamente y vamos atendiendo a las incidencias por orden de llegada.<br \/>\nAprovecho para recordarles que los mails deben de recibir una respuesta autom\u00e1tica de la recepci\u00f3n del mensaje, sino lo recibe compruebe la direcci\u00f3n donde lo est\u00e1 enviando, ya que no puede llevar ning\u00fan tipo de tilde ( el corrector del tel\u00e9fono lo pone autom\u00e1ticamente) o que est\u00e9 escrita la direcci\u00f3n de correo completa y correcta.<br \/>\nLos correos de notificaci\u00f3n de ausencias no se contestan, solo se contestan el resto de incidencias pero recuerde identificar el nombre completo del usuario , el centro al que pertenece y localidad.<\/p>\n<p><a href=\"https:\/\/blogsaverroes.juntadeandalucia.es\/ceipcampodegibraltar\/files\/2025\/03\/Comunicado-Administracion-Comedor.pdf\">Comunicado Administracion Comedor<\/a><\/p>\n","protected":false},"excerpt":{"rendered":"<p>&nbsp; &nbsp; &nbsp; NORMAS SIMPLIFICADAS DEL COMEDOR \u00bfC\u00f3mo contacto con la empresa? administraci\u00f3n.cadiz@mediterranea-group.com&nbsp; \u00bfD\u00f3nde notifico las ausencias o las bajas del servicio? administraci\u00f3n.cadiz@mediterranea-group.com&nbsp; Con 3 d\u00edas de antelaci\u00f3n ausencias y una semana antes, en caso de baja del servicio. Si mi hijo est\u00e1 enfermo, \u00bfC\u00f3mo notifico la falta? administraci\u00f3n.cadiz@mediterranea-group.com&nbsp; Aportando en un plazo m\u00e1ximo de &hellip; <a href=\"https:\/\/blogsaverroes.juntadeandalucia.es\/ceipcampodegibraltar\/comedor-escolar\/\" class=\"more-link\">Seguir leyendo <span class=\"screen-reader-text\">Comedor escolar<\/span> <span class=\"meta-nav\">&rarr;<\/span><\/a><\/p>\n","protected":false},"author":1,"featured_media":0,"parent":0,"menu_order":0,"comment_status":"closed","ping_status":"open","template":"page-cs.php","meta":{"ngg_post_thumbnail":0,"footnotes":"","_mc_calendar":[]},"aioseo_notices":[],"_links":{"self":[{"href":"https:\/\/blogsaverroes.juntadeandalucia.es\/ceipcampodegibraltar\/wp-json\/wp\/v2\/pages\/99"}],"collection":[{"href":"https:\/\/blogsaverroes.juntadeandalucia.es\/ceipcampodegibraltar\/wp-json\/wp\/v2\/pages"}],"about":[{"href":"https:\/\/blogsaverroes.juntadeandalucia.es\/ceipcampodegibraltar\/wp-json\/wp\/v2\/types\/page"}],"author":[{"embeddable":true,"href":"https:\/\/blogsaverroes.juntadeandalucia.es\/ceipcampodegibraltar\/wp-json\/wp\/v2\/users\/1"}],"replies":[{"embeddable":true,"href":"https:\/\/blogsaverroes.juntadeandalucia.es\/ceipcampodegibraltar\/wp-json\/wp\/v2\/comments?post=99"}],"version-history":[{"count":12,"href":"https:\/\/blogsaverroes.juntadeandalucia.es\/ceipcampodegibraltar\/wp-json\/wp\/v2\/pages\/99\/revisions"}],"predecessor-version":[{"id":2654,"href":"https:\/\/blogsaverroes.juntadeandalucia.es\/ceipcampodegibraltar\/wp-json\/wp\/v2\/pages\/99\/revisions\/2654"}],"wp:attachment":[{"href":"https:\/\/blogsaverroes.juntadeandalucia.es\/ceipcampodegibraltar\/wp-json\/wp\/v2\/media?parent=99"}],"curies":[{"name":"wp","href":"https:\/\/api.w.org\/{rel}","templated":true}]}}