{"id":141,"date":"2022-02-01T07:13:24","date_gmt":"2022-02-01T06:13:24","guid":{"rendered":"http:\/\/blogsaverroes.juntadeandalucia.es\/pre\/ceip\/?page_id=141"},"modified":"2024-03-01T11:22:53","modified_gmt":"2024-03-01T10:22:53","slug":"escolarizacion","status":"publish","type":"page","link":"https:\/\/blogsaverroes.juntadeandalucia.es\/ceipcampodelsur\/escolarizacion\/","title":{"rendered":"ESCOLARIZACI\u00d3N CURSO 2024 &#8211; 2025"},"content":{"rendered":"<table style=\"border-collapse: collapse;width: 100%\">\n<tbody>\n<tr>\n<td style=\"width: 100%;border-color: #4710de;background-color: #f5f5f7;border-style: double\">\n<h2 style=\"text-align: center\"><strong>SOLICITUDES DEL 1 DE MARZO AL 1 DE ABRIL<\/strong><\/h2>\n<p>&nbsp;<\/p>\n<h2 style=\"text-align: center\"><strong><a title=\"Portal escolarizaci\u00f3n\" href=\"https:\/\/portales.ced.junta-andalucia.es\/educacion\/portales\/web\/escolarizacion\" target=\"_blank\" rel=\"noopener noreferrer\">Enlace al portal de escolarizaci\u00f3n de la Junta de Andaluc\u00eda.<\/a><\/strong><\/h2>\n<p>&nbsp;<\/p>\n<h2 style=\"text-align: center\"><a href=\"https:\/\/www.juntadeandalucia.es\/educacion\/secretariavirtual\/accesoTramite\/543\/\" target=\"_blank\" rel=\"noopener noreferrer\"><strong>PRESENTACI\u00d3N TELEM\u00c1TICA. SECRETAR\u00cdA VIRTUAL.<\/strong><\/a><\/h2>\n<h3 style=\"text-align: center\"><strong>(A partir del d\u00eda 1 de marzo).<\/strong><\/h3>\n<p>&nbsp;<\/p>\n<h2 style=\"text-align: center\"><a href=\"https:\/\/www.juntadeandalucia.es\/educacion\/portals\/delegate\/content\/7e1d7b27-eaa4-42e7-bfa3-ac436db80ed6\/ANEXO%20III\" target=\"_blank\" rel=\"noopener noreferrer\"><strong>IMPRESOS DE SOLICITUD.<\/strong><\/a><\/h2>\n<p style=\"text-align: center\">&nbsp;<\/p>\n<h2 style=\"text-align: center\"><strong><a href=\"https:\/\/blogsaverroes.juntadeandalucia.es\/ceipcampodelsur\/files\/2023\/02\/Tr\u00ecptico-Escolarizaci\u00f3n.pdf\">VER TR\u00cdPTICO DE NUESTRO COLEGIO.<\/a><\/strong><\/h2>\n<\/td>\n<\/tr>\n<\/tbody>\n<\/table>\n","protected":false},"excerpt":{"rendered":"<p>SOLICITUDES DEL 1 DE MARZO AL 1 DE ABRIL &nbsp; Enlace al portal de escolarizaci\u00f3n de la Junta de Andaluc\u00eda. &nbsp; PRESENTACI\u00d3N TELEM\u00c1TICA. SECRETAR\u00cdA VIRTUAL. (A partir del d\u00eda 1 de marzo). &nbsp; IMPRESOS&#46;&#46;&#46;<\/p>\n","protected":false},"author":1,"featured_media":0,"parent":0,"menu_order":0,"comment_status":"closed","ping_status":"open","template":"","meta":{"ngg_post_thumbnail":0,"footnotes":""},"aioseo_notices":[],"_links":{"self":[{"href":"https:\/\/blogsaverroes.juntadeandalucia.es\/ceipcampodelsur\/wp-json\/wp\/v2\/pages\/141"}],"collection":[{"href":"https:\/\/blogsaverroes.juntadeandalucia.es\/ceipcampodelsur\/wp-json\/wp\/v2\/pages"}],"about":[{"href":"https:\/\/blogsaverroes.juntadeandalucia.es\/ceipcampodelsur\/wp-json\/wp\/v2\/types\/page"}],"author":[{"embeddable":true,"href":"https:\/\/blogsaverroes.juntadeandalucia.es\/ceipcampodelsur\/wp-json\/wp\/v2\/users\/1"}],"replies":[{"embeddable":true,"href":"https:\/\/blogsaverroes.juntadeandalucia.es\/ceipcampodelsur\/wp-json\/wp\/v2\/comments?post=141"}],"version-history":[{"count":32,"href":"https:\/\/blogsaverroes.juntadeandalucia.es\/ceipcampodelsur\/wp-json\/wp\/v2\/pages\/141\/revisions"}],"predecessor-version":[{"id":4758,"href":"https:\/\/blogsaverroes.juntadeandalucia.es\/ceipcampodelsur\/wp-json\/wp\/v2\/pages\/141\/revisions\/4758"}],"wp:attachment":[{"href":"https:\/\/blogsaverroes.juntadeandalucia.es\/ceipcampodelsur\/wp-json\/wp\/v2\/media?parent=141"}],"curies":[{"name":"wp","href":"https:\/\/api.w.org\/{rel}","templated":true}]}}