{"id":2887,"date":"2015-03-16T07:22:54","date_gmt":"2015-03-16T07:22:54","guid":{"rendered":"http:\/\/blogsaverroes.juntadeandalucia.es\/pre\/ceip\/?page_id=99"},"modified":"2019-09-11T09:35:33","modified_gmt":"2019-09-11T09:35:33","slug":"comedor-escolar","status":"publish","type":"page","link":"https:\/\/blogsaverroes.juntadeandalucia.es\/ceipcampodelsur\/comedor-escolar\/","title":{"rendered":"Comedor escolar"},"content":{"rendered":"<p style=\"text-align: center\">&nbsp;<\/p>\n<p>Este curso empresa adjudicataria del comedor escolar es ARAMARK.<\/p>\n<p>Circular a Padres Curso 18 &#8211; 19 Aramark<\/p>\n<p><a href=\"https:\/\/www.elgustodecrecer.es\/\" target=\"_blank\" rel=\"noopener noreferrer\">WEB de la Empresa del Comedor Escolar con informaci\u00f3n sobre men\u00fas y otros deatos de inter\u00e9s<\/a><\/p>\n<p>El comedor escolar es un servicio complementario que resulta de gran utilidad a padres y madres para ayudarles a&nbsp;conciliar la vida laboral y familiar. Tienen una duraci\u00f3n de hasta dos horas desde que acaba la jornada escolar de la ma\u00f1ana (de 14.00 a 16.00 horas).<\/p>\n<p>Los comedores son adem\u00e1s una pieza importante&nbsp;en todas las medidas dirigidas a mejorar los h\u00e1bitos alimenticios de los ni\u00f1os y ni\u00f1as y prevenir problemas de salud como la obesidad.<\/p>\n<p>Los comedores escolares de los centros p\u00fablicos andaluces promueven una alimentaci\u00f3n saludable que est\u00e1 supervisada por nutricionistas y que, entre otros aspectos, se caracteriza por:<\/p>\n<p>Una mayor proporci\u00f3n de verdura en los men\u00fas<\/p>\n<p>Fruta fresca como postre al menos cuatro d\u00edas a la semana<\/p>\n<p>Uso de aceite de oliva virgen extra<\/p>\n<p>M\u00e1s pescado que carne, que debe ser magra<\/p>\n<p>Prohibici\u00f3n de los alimentos precocinados y limitaci\u00f3n de los fritos<\/p>\n<p>Apuesta por la dieta mediterr\u00e1nea y los productos ecol\u00f3gicos<\/p>\n<p>&nbsp;<\/p>\n","protected":false},"excerpt":{"rendered":"<p>&nbsp; Este curso empresa adjudicataria del comedor escolar es ARAMARK. Circular a Padres Curso 18 &#8211; 19 Aramark WEB de la Empresa del Comedor Escolar con informaci\u00f3n sobre men\u00fas y otros deatos de inter\u00e9s&#46;&#46;&#46;<\/p>\n","protected":false},"author":1,"featured_media":0,"parent":0,"menu_order":0,"comment_status":"closed","ping_status":"open","template":"","meta":{"ngg_post_thumbnail":0,"footnotes":""},"aioseo_notices":[],"_links":{"self":[{"href":"https:\/\/blogsaverroes.juntadeandalucia.es\/ceipcampodelsur\/wp-json\/wp\/v2\/pages\/2887"}],"collection":[{"href":"https:\/\/blogsaverroes.juntadeandalucia.es\/ceipcampodelsur\/wp-json\/wp\/v2\/pages"}],"about":[{"href":"https:\/\/blogsaverroes.juntadeandalucia.es\/ceipcampodelsur\/wp-json\/wp\/v2\/types\/page"}],"author":[{"embeddable":true,"href":"https:\/\/blogsaverroes.juntadeandalucia.es\/ceipcampodelsur\/wp-json\/wp\/v2\/users\/1"}],"replies":[{"embeddable":true,"href":"https:\/\/blogsaverroes.juntadeandalucia.es\/ceipcampodelsur\/wp-json\/wp\/v2\/comments?post=2887"}],"version-history":[{"count":21,"href":"https:\/\/blogsaverroes.juntadeandalucia.es\/ceipcampodelsur\/wp-json\/wp\/v2\/pages\/2887\/revisions"}],"predecessor-version":[{"id":3725,"href":"https:\/\/blogsaverroes.juntadeandalucia.es\/ceipcampodelsur\/wp-json\/wp\/v2\/pages\/2887\/revisions\/3725"}],"wp:attachment":[{"href":"https:\/\/blogsaverroes.juntadeandalucia.es\/ceipcampodelsur\/wp-json\/wp\/v2\/media?parent=2887"}],"curies":[{"name":"wp","href":"https:\/\/api.w.org\/{rel}","templated":true}]}}