{"id":35,"date":"2017-07-10T08:21:43","date_gmt":"2017-07-10T08:21:43","guid":{"rendered":"http:\/\/blogsaverroes.juntadeandalucia.es\/pre\/ceip\/?page_id=35"},"modified":"2020-05-23T10:44:37","modified_gmt":"2020-05-23T08:44:37","slug":"aqui-estamos","status":"publish","type":"page","link":"https:\/\/blogsaverroes.juntadeandalucia.es\/ceipcampodelsur\/aqui-estamos\/","title":{"rendered":"Aqu\u00ed est\u00e1 nuestro colegio"},"content":{"rendered":"<p>[googlemaps https:\/\/www.google.com\/maps\/embed?pb=!1m18!1m12!1m3!1d3206.1179665426816!2d-6.29440158475148!3d36.52714829072182!2m3!1f0!2f0!3f0!3m2!1i1024!2i768!4f13.1!3m3!1m2!1s0xd0dd3d9cb18ab97%3A0xf74b0bcc1f5185c4!2sC.E.I.P.+Campo+del+Sur!5e0!3m2!1ses!2ses!4v1472662796987&amp;w=600&amp;h=450]<\/p>\n<h4><span style=\"text-decoration: underline\"><strong>Datos de contacto<\/strong><\/span><\/h4>\n<p>CEIP CAMPO DEL SUR<\/p>\n<p><strong>Direcci\u00f3n:<\/strong> &nbsp;Calle&nbsp;Concepci\u00f3n Arenal, 1-A. 11006 C\u00e1diz<\/p>\n<ul style=\"list-style-type: circle\">\n<li><strong>Tel\u00e9fono \/ FAX:<\/strong> 956243285 \/ 956243286<\/li>\n<li><strong>Email:<\/strong>&nbsp;11001178.edu@juntadeandalucia.es<\/li>\n<li><strong>Sitio WEB:<\/strong> https:\/\/blogsaverroes.juntadeandalucia.es\/ceipcampodelsur\/<\/li>\n<\/ul>\n<h4>&nbsp;<\/h4>\n<h4><span style=\"text-decoration: underline\"><strong>Horarios<\/strong><\/span><\/h4>\n<p><strong>Aula Matinal: 7:30 h a 9:00h.<\/strong><\/p>\n<p><strong>Comedor: 14:00 h a 16:00 h.<\/strong><\/p>\n<p><strong>Actividades Extraescolares: 16:00 a 17:00 h.<br \/>\n<\/strong><\/p>\n<p>&nbsp;<\/p>\n<h4><span style=\"text-decoration: underline\"><strong>Oferta educativa<\/strong><\/span><\/h4>\n<p>Educaci\u00f3n Infantil y E. Primaria.<\/p>\n<p>Instituto de Educaci\u00f3n Secundaria de referencia: <a href=\"https:\/\/iescolumela.es\/\">IES COLUMELA<\/a><\/p>\n<h4>&nbsp;<\/h4>\n","protected":false},"excerpt":{"rendered":"<p>[googlemaps https:\/\/www.google.com\/maps\/embed?pb=!1m18!1m12!1m3!1d3206.1179665426816!2d-6.29440158475148!3d36.52714829072182!2m3!1f0!2f0!3f0!3m2!1i1024!2i768!4f13.1!3m3!1m2!1s0xd0dd3d9cb18ab97%3A0xf74b0bcc1f5185c4!2sC.E.I.P.+Campo+del+Sur!5e0!3m2!1ses!2ses!4v1472662796987&amp;w=600&amp;h=450] Datos de contacto CEIP CAMPO DEL SUR Direcci\u00f3n: &nbsp;Calle&nbsp;Concepci\u00f3n Arenal, 1-A. 11006 C\u00e1diz Tel\u00e9fono \/ FAX: 956243285 \/ 956243286 Email:&nbsp;11001178.edu@juntadeandalucia.es Sitio WEB: https:\/\/blogsaverroes.juntadeandalucia.es\/ceipcampodelsur\/ &nbsp; Horarios Aula Matinal: 7:30 h a 9:00h. Comedor:&#46;&#46;&#46;<\/p>\n","protected":false},"author":1843,"featured_media":0,"parent":0,"menu_order":0,"comment_status":"closed","ping_status":"closed","template":"","meta":{"ngg_post_thumbnail":0,"footnotes":""},"aioseo_notices":[],"_links":{"self":[{"href":"https:\/\/blogsaverroes.juntadeandalucia.es\/ceipcampodelsur\/wp-json\/wp\/v2\/pages\/35"}],"collection":[{"href":"https:\/\/blogsaverroes.juntadeandalucia.es\/ceipcampodelsur\/wp-json\/wp\/v2\/pages"}],"about":[{"href":"https:\/\/blogsaverroes.juntadeandalucia.es\/ceipcampodelsur\/wp-json\/wp\/v2\/types\/page"}],"author":[{"embeddable":true,"href":"https:\/\/blogsaverroes.juntadeandalucia.es\/ceipcampodelsur\/wp-json\/wp\/v2\/users\/1843"}],"replies":[{"embeddable":true,"href":"https:\/\/blogsaverroes.juntadeandalucia.es\/ceipcampodelsur\/wp-json\/wp\/v2\/comments?post=35"}],"version-history":[{"count":20,"href":"https:\/\/blogsaverroes.juntadeandalucia.es\/ceipcampodelsur\/wp-json\/wp\/v2\/pages\/35\/revisions"}],"predecessor-version":[{"id":4230,"href":"https:\/\/blogsaverroes.juntadeandalucia.es\/ceipcampodelsur\/wp-json\/wp\/v2\/pages\/35\/revisions\/4230"}],"wp:attachment":[{"href":"https:\/\/blogsaverroes.juntadeandalucia.es\/ceipcampodelsur\/wp-json\/wp\/v2\/media?parent=35"}],"curies":[{"name":"wp","href":"https:\/\/api.w.org\/{rel}","templated":true}]}}